{"id":4534,"date":"2025-12-11T16:13:22","date_gmt":"2025-12-11T16:13:22","guid":{"rendered":"https:\/\/mueller-wrh.de\/produkt\/hanwha-xd10-y2_bj-08_2022_intnr231438\/"},"modified":"2025-12-12T10:23:30","modified_gmt":"2025-12-12T10:23:30","slug":"hanwha-xd10-y2_bj-08_2022_intnr231438","status":"publish","type":"product","link":"https:\/\/mueller-wrh.de\/cs\/produkt\/hanwha-xd10-y2_bj-08_2022_intnr231438\/","title":{"rendered":"Hanwha XD10 Y2_Year 08_2022_IntNo231438"},"content":{"rendered":"<p><b>Um\u00edst\u011bn\u00ed:<\/b> N\u011bmecko, B\u00e1densko-W\u00fcrttembersko Jihoz\u00e1padn\u00ed N\u011bmecko<\/p>\n<p><b>Stav:<\/b> Jako nov\u00fd<\/p>\n<p><b>V\u00fdrobce:<\/b> HANWHA<\/p>\n<p><b>Model:<\/b> XD-10 Y2<\/p>\n<p><b>Rok v\u00fdstavby:<\/b> 2022<\/p>\n<p>Hanwha CNC soustruh s posuvnou hlavou XD10 Y2 Top stav<\/p>\n<p>Hodiny v\u0159etena<br \/>\nProvozn\u00ed doba<br \/>\nRok v\u00fdstavby 08_2022<br \/>\n\u0158\u00edzen\u00ed Fanuc \u0159ady 0i<\/p>\n<p>CNC soustruh s posuvn\u00fdm v\u0159eten\u00edkem Hanwha XD10 Y2 s \u0159\u00edzen\u00edm Fanuc \u0159ady 0i<br \/>\nCNC soustruh s posuvn\u00fdm v\u0159eten\u00edkem Hanwha XD10 Y2 je vysoce p\u0159esn\u00fd soustruh s posuvn\u00fdm v\u0159eten\u00edkem s integrovan\u00fdm \u0159\u00edzen\u00edm Fanuc \u0159ady 0i, ur\u010den\u00fd pro obr\u00e1b\u011bn\u00ed mal\u00fdch pr\u016fm\u011br\u016f v s\u00e9riov\u00e9 v\u00fdrob\u011b. M\u00e1 hlavn\u00ed v\u0159eteno, protiv\u0159eteno, rozs\u00e1hl\u00e9 n\u00e1strojov\u00e9 vybaven\u00ed a p\u0159\u00edslu\u0161enstv\u00ed pro efektivn\u00ed v\u00fdrobn\u00ed procesy.<br \/>\nHlavn\u00ed v\u0159eteno<\/p>\n<p>Maxim\u00e1ln\u00ed pr\u016fm\u011br soustru\u017een\u00ed: 10 mm<br \/>\nMaxim\u00e1ln\u00ed pr\u016fm\u011br otvoru v\u0159etena: 15 mm<br \/>\nMaxim\u00e1ln\u00ed ot\u00e1\u010dky: 15 000 ot\/min<br \/>\nMaxim\u00e1ln\u00ed v\u00fdkon: 3,7 kW (vestav\u011bn\u00fd motor)<br \/>\nZdvih Z1: 155 mm<br \/>\nSynchronizovan\u00e1 jednotka vodic\u00edho pouzdra: Typ F853<br \/>\nUp\u00ednac\u00ed skl\u00ed\u010didlo: Typ 120E<\/p>\n<p>Protiv\u0159eteno<\/p>\n<p>Maxim\u00e1ln\u00ed ot\u00e1\u010dky: 10 000 ot\/min<br \/>\nMaxim\u00e1ln\u00ed v\u00fdkon: 1,1 kW<br \/>\nOsa C: Rozli\u0161en\u00ed 0,001\u00b0<br \/>\nMaxim\u00e1ln\u00ed pr\u016fm\u011br z\u00e1vitn\u00edku: 10 mm<br \/>\nZdvih Z2: 180 mm<br \/>\nUp\u00ednac\u00ed skl\u00ed\u010didlo: Typ 120E<\/p>\n<p>Posuvn\u00edk n\u00e1stroje X1, Y1:<br \/>\nDr\u017e\u00e1k n\u00e1stroj\u016f pro 5 vn\u011bj\u0161\u00edch soustru\u017enick\u00fdch n\u00e1stroj\u016f (8 x 8 mm)<\/p>\n<p>P\u0159\u00ed\u010dn\u00e9 vrtac\u00ed\/fr\u00e9zovac\u00ed za\u0159\u00edzen\u00ed:<br \/>\nPo\u010det: 4 poh\u00e1n\u011bn\u00e1 vrtac\u00ed\/fr\u00e9zovac\u00ed v\u0159etena (ER11)<br \/>\nV\u00fdkon: 0,55 kW p\u0159i 10 000 ot\u00e1\u010dk\u00e1ch za minutu<br \/>\nP\u0159edn\u00ed vrtac\u00ed jednotka pro 4 vrtac\u00ed v\u0159etena (ER11)<\/p>\n<p>Zpracov\u00e1n\u00ed zadn\u00ed strany:<br \/>\nNosi\u010d n\u00e1stroj\u016f pro 8 n\u00e1stroj\u016f s osou Y2<br \/>\n4 poh\u00e1n\u011bn\u00e1 vrtac\u00ed\/fr\u00e9zovac\u00ed v\u0159etena (ER11 modul\u00e1rn\u00ed)<br \/>\n4 pevn\u00e1 vrtac\u00ed\/fr\u00e9zovac\u00ed v\u0159etena (ER11 modul\u00e1rn\u00ed)<br \/>\nV\u00fdkon: 0,55 kW p\u0159i 9 000 ot\u00e1\u010dk\u00e1ch za minutu<\/p>\n<p>Rychl\u00fd posun: 32 m\/min (Z1, Z2, Y, X2); 24 m\/min (X1)<br \/>\nP\u0159ipojen\u00e1 z\u00e1t\u011b\u017e: 12 kVA<\/p>\n<p>\u0158\u00eddic\u00ed syst\u00e9m<br \/>\nTyp: Hanwha Fanuc 0iTF series<br \/>\nPo\u010det os: 6 (X1, Z1, Y1, Y2, X2, Z2)<br \/>\nSou\u010dasn\u00e9 \u010dty\u0159os\u00e9 \u0159\u00edzen\u00ed<br \/>\nExtern\u00ed ovl\u00e1dac\u00ed panel s ru\u010dn\u00edm kole\u010dkem<br \/>\n9,5\u2033 barevn\u00fd monitor (LCD\/MDI)<br \/>\nFunkce automatick\u00e9ho vypnut\u00ed (PowerOff)<br \/>\nFunkce kontroly programu (mo\u017enost zku\u0161ebn\u00edho spu\u0161t\u011bn\u00ed pomoc\u00ed ru\u010dn\u00edho kole\u010dka)<br \/>\nP\u00e1sov\u00fd dopravn\u00edk d\u00edl\u016f se sb\u011brn\u00fdm z\u00e1sobn\u00edkem<br \/>\nSada n\u00e1\u0159ad\u00ed a servisn\u00edho n\u00e1\u0159ad\u00ed<br \/>\nN\u00e1dr\u017e na chladic\u00ed kapalinu: 140 litr\u016f<br \/>\nPneumatick\u00e9 vyfukovac\u00ed za\u0159\u00edzen\u00ed pro chapadlo sb\u011brac\u00edho v\u0159etena<br \/>\nP\u0159\u00edru\u010dka a dokumentace v n\u011bm\u010din\u011b a angli\u010dtin\u011b (\u00fadr\u017eba a dopravn\u00edk t\u0159\u00edsek)<br \/>\nPodava\u010d ty\u010d\u00ed FMB Turbo 2-20 \/ 3200 mm \u201eC\u201c (pr\u016fm\u011br ty\u010de: 2-23 mm 1 p\u0159estavbov\u00e1 sada a teleskopick\u00e1 trubka)<\/p>\n<p>Stroj je elektricky a mechanicky pln\u011b funk\u010dn\u00ed<br \/>\nK dispozici je kompletn\u00ed technick\u00e1 dokumentace<\/p>\n<p>Stroj si m\u016f\u017eete prohl\u00e9dnout po p\u0159edchoz\u00ed domluv\u011b.<br \/>\nZm\u011bny a chyby v technick\u00fdch \u00fadaj\u00edch a informac\u00edch, jako\u017e i p\u0159edchoz\u00ed prodej vyhrazeny!<\/p>\n<p>Hanwha CNC soustruh \u0161v\u00fdcarsk\u00e9ho typu XD10 Y2 ve \u0161pi\u010dkov\u00e9m stavu<br \/>\nHodiny v\u0159etena<br \/>\nProvozn\u00ed doba<br \/>\nRok v\u00fdroby: 08_2022<br \/>\n\u0158\u00edzen\u00ed Fanuc \u0159ady 0i<br \/>\nHanwha CNC soustruh \u0161v\u00fdcarsk\u00e9ho typu XD10 Y2 s \u0159\u00edzen\u00edm Fanuc \u0159ady 0i<br \/>\nSoustruh Hanwha CNC \u0161v\u00fdcarsk\u00e9ho typu XD10 Y2 je vysoce p\u0159esn\u00fd automatick\u00fd soustruh \u0161v\u00fdcarsk\u00e9ho typu s integrovan\u00fdm \u0159\u00edzen\u00edm Fanuc \u0159ady 0i, ur\u010den\u00fd pro obr\u00e1b\u011bn\u00ed mal\u00fdch pr\u016fm\u011br\u016f v s\u00e9riov\u00e9 v\u00fdrob\u011b. Je vybaven hlavn\u00edm v\u0159etenem, vedlej\u0161\u00edm v\u0159etenem, rozs\u00e1hl\u00fdm n\u00e1strojov\u00fdm vybaven\u00edm a p\u0159\u00edslu\u0161enstv\u00edm pro efektivn\u00ed v\u00fdrobn\u00ed procesy.<\/p>\n<p>Hlavn\u00ed v\u0159eteno<br \/>\nMaxim\u00e1ln\u00ed pr\u016fm\u011br soustru\u017een\u00ed: 10 mm<br \/>\nMaxim\u00e1ln\u00ed pr\u016fm\u011br otvoru v\u0159etena: 15 mm<br \/>\nMaxim\u00e1ln\u00ed ot\u00e1\u010dky: 15 000 ot\/min<br \/>\nMaxim\u00e1ln\u00ed v\u00fdkon: 3,7 kW (vestav\u011bn\u00fd motor)<br \/>\nZdvih Z1: 155 mm<br \/>\nSynchronn\u00ed jednotka rota\u010dn\u00edho vodic\u00edho pouzdra: Typ F853<br \/>\nN\u00e1bojnice: typ 120E<br \/>\nPodv\u0159eteno<br \/>\nMaxim\u00e1ln\u00ed ot\u00e1\u010dky: 10 000 ot\/min<br \/>\nMaxim\u00e1ln\u00ed v\u00fdkon: 1,1 kW<br \/>\nOsa C: Rozli\u0161en\u00ed 0,001\u00b0<br \/>\nMaxim\u00e1ln\u00ed pr\u016fm\u011br sb\u011bra\u010de: 10 mm<br \/>\nZdvih Z2: 180 mm<br \/>\nN\u00e1bojnice: typ 120E<br \/>\nN\u00e1stroj Slide X1, Y1:<br \/>\nDr\u017e\u00e1k n\u00e1stroj\u016f pro 5 vn\u011bj\u0161\u00edch soustru\u017enick\u00fdch n\u00e1stroj\u016f (8 x 8 mm)<br \/>\nP\u0159\u00ed\u010dn\u00e9 vrtac\u00ed\/fr\u00e9zovac\u00ed za\u0159\u00edzen\u00ed:<br \/>\nPo\u010det: 4 poh\u00e1n\u011bn\u00e1 vrtac\u00ed\/fr\u00e9zovac\u00ed v\u0159etena (ER11)<br \/>\nV\u00fdkon: 0,55 kW p\u0159i 10 000 ot\u00e1\u010dk\u00e1ch za minutu<br \/>\nP\u0159edn\u00ed vrtac\u00ed za\u0159\u00edzen\u00ed pro 4 vrtac\u00ed v\u0159etena (ER11)<br \/>\nZp\u011btn\u00e9 zpracov\u00e1n\u00ed:<br \/>\nNosi\u010d n\u00e1stroj\u016f pro 8 n\u00e1stroj\u016f s osou Y2<br \/>\n4 poh\u00e1n\u011bn\u00e1 vrtac\u00ed\/fr\u00e9zovac\u00ed v\u0159etena (ER11 modul\u00e1rn\u00ed)<br \/>\n4 pevn\u00e1 vrtac\u00ed\/fr\u00e9zovac\u00ed v\u0159etena (modul ER11)<br \/>\nV\u00fdkon: 0,55 kW p\u0159i 9 000 ot\u00e1\u010dk\u00e1ch za minutu<br \/>\nRychl\u00e9 pojezdy: 32 m\/min (Z1, Z2, Y, X2); 24 m\/min (X1)<br \/>\nP\u0159ipojen\u00e9 zat\u00ed\u017een\u00ed: 12 kVA<br \/>\nKontrola<br \/>\nTyp: Hanwha Fanuc 0iTF Series<br \/>\nPo\u010det os: 6 (X1, Z1, Y1, Y2, X2, Z2)<br \/>\nSou\u010dasn\u00e9 \u010dty\u0159os\u00e9 \u0159\u00edzen\u00ed<br \/>\nVn\u011bj\u0161\u00ed ovl\u00e1dac\u00ed panel s ru\u010dn\u00edm kole\u010dkem<br \/>\n9,5\u2033 barevn\u00fd monitor (LCD\/MDI)<br \/>\nFunkce automatick\u00e9ho vypnut\u00ed (PowerOff)<br \/>\nFunkce kontroly programu (mo\u017enost zku\u0161ebn\u00edho spu\u0161t\u011bn\u00ed pomoc\u00ed ru\u010dn\u00edho kole\u010dka)<br \/>\nP\u00e1sov\u00fd dopravn\u00edk d\u00edl\u016f se sb\u011brn\u00fdm z\u00e1sobn\u00edkem<br \/>\nSada n\u00e1\u0159ad\u00ed a servisn\u00edho n\u00e1\u0159ad\u00ed<br \/>\nN\u00e1dr\u017e na chladic\u00ed kapalinu: 140 litr\u016f<br \/>\nPneumatick\u00e9 vyfukovac\u00ed za\u0159\u00edzen\u00ed pro kle\u0161tinu sb\u011brac\u00edho v\u0159etena<br \/>\nP\u0159\u00edru\u010dka a dokumentace v n\u011bm\u010din\u011b a angli\u010dtin\u011b (n\u00e1vod k \u00fadr\u017eb\u011b a obsluze v\u010detn\u011b seznamu parametr\u016f a zku\u0161ebn\u00edho protokolu)<br \/>\nDopravn\u00edk t\u0159\u00edsek<br \/>\nZ\u00e1sobn\u00edk ty\u010dov\u00e9ho naklada\u010de FMB Turbo 2-20 \/ 3200 mm \u201eC\u201c (pr\u016fm\u011br ty\u010de: 2-23 mm, 1 p\u0159estavbov\u00e1 sada a teleskopick\u00e1 trubka)<br \/>\nStroj je elektricky a mechanicky pln\u011b funk\u010dn\u00ed<br \/>\nKompletn\u00ed technick\u00e1 dokumentace<br \/>\nStroj lze po domluv\u011b prohl\u00e9dnout pod proudem.<br \/>\nZm\u011bny a chyby v technick\u00fdch \u00fadaj\u00edch a specifikac\u00edch, jako\u017e i p\u0159edchoz\u00ed prodej vyhrazeny!<\/p>","protected":false},"excerpt":{"rendered":"<p>Standort: Deutschland, Baden-W\u00fcrttemberg S\u00fcdwest Zustand: Neuwertig Hersteller: HANWHA Modell: XD-10 Y2 Baujahr: 2022 Hanwha CNC-Langdrehmaschine XD10 Y2 Top Zustand Spindelstunden Betriebsstunden Baujahr 08_2022 Fanuc-Steuerung der 0i-Serie Hanwha CNC-Langdrehmaschine XD10 Y2 mit Fanuc-Steuerung der 0i-Serie Die Hanwha CNC-Langdrehmaschine XD10 Y2 ist eine hochpr\u00e4zise Langdrehautomat mit integrierter Fanuc-Steuerung der 0i-Serie, konzipiert f\u00fcr die Bearbeitung kleiner Durchmesser in [&hellip;]<\/p>\n","protected":false},"featured_media":4535,"comment_status":"open","ping_status":"closed","template":"","meta":{"_uf_show_specific_survey":0,"_uf_disable_surveys":false},"product_brand":[],"product_cat":[23],"product_tag":[],"class_list":{"0":"post-4534","1":"product","2":"type-product","3":"status-publish","4":"has-post-thumbnail","6":"product_cat-cnc-langdrehmaschinen","8":"first","9":"instock","10":"taxable","11":"shipping-taxable","12":"product-type-simple"},"aioseo_notices":[],"_links":{"self":[{"href":"https:\/\/mueller-wrh.de\/cs\/wp-json\/wp\/v2\/product\/4534","targetHints":{"allow":["GET"]}}],"collection":[{"href":"https:\/\/mueller-wrh.de\/cs\/wp-json\/wp\/v2\/product"}],"about":[{"href":"https:\/\/mueller-wrh.de\/cs\/wp-json\/wp\/v2\/types\/product"}],"replies":[{"embeddable":true,"href":"https:\/\/mueller-wrh.de\/cs\/wp-json\/wp\/v2\/comments?post=4534"}],"wp:featuredmedia":[{"embeddable":true,"href":"https:\/\/mueller-wrh.de\/cs\/wp-json\/wp\/v2\/media\/4535"}],"wp:attachment":[{"href":"https:\/\/mueller-wrh.de\/cs\/wp-json\/wp\/v2\/media?parent=4534"}],"wp:term":[{"taxonomy":"product_brand","embeddable":true,"href":"https:\/\/mueller-wrh.de\/cs\/wp-json\/wp\/v2\/product_brand?post=4534"},{"taxonomy":"product_cat","embeddable":true,"href":"https:\/\/mueller-wrh.de\/cs\/wp-json\/wp\/v2\/product_cat?post=4534"},{"taxonomy":"product_tag","embeddable":true,"href":"https:\/\/mueller-wrh.de\/cs\/wp-json\/wp\/v2\/product_tag?post=4534"}],"curies":[{"name":"wp","href":"https:\/\/api.w.org\/{rel}","templated":true}]}}