{"id":4521,"date":"2025-12-11T11:06:10","date_gmt":"2025-12-11T11:06:10","guid":{"rendered":"https:\/\/mueller-wrh.de\/produkt\/biglia-b-465y2_bj-2009_-intnr231413-2\/"},"modified":"2025-12-11T11:06:10","modified_gmt":"2025-12-11T11:06:10","slug":"biglia-b-465y2_bj-2009_-intnr231413-2","status":"publish","type":"product","link":"https:\/\/mueller-wrh.de\/cs\/produkt\/biglia-b-465y2_bj-2009_-intnr231413-2\/","title":{"rendered":"Biglia B 465Y2_Rok 2009_ IntNo231413"},"content":{"rendered":"<p><b>Um\u00edst\u011bn\u00ed:<\/b> N\u011bmecko, B\u00e1densko-W\u00fcrttembersko Jihoz\u00e1padn\u00ed N\u011bmecko<\/p>\n<p><b>Stav:<\/b> Pou\u017eit\u00e9<\/p>\n<p><b>V\u00fdrobce:<\/b> Biglia<\/p>\n<p><b>Model:<\/b> B465Y2<\/p>\n<p><b>Rok v\u00fdstavby:<\/b> 2009<\/p>\n<p><b>Provozn\u00ed doba:<\/b> 20627<\/p>\n<p>CNC soustruh Biglia B465 Y2<br \/>\nRok v\u00fdstavby: 2009<br \/>\nDoba zpracov\u00e1n\u00ed: p\u0159ibli\u017en\u011b 21 000 h<br \/>\nS\u00e9riov\u00e9 \u010d\u00edslo: 10625<br \/>\nV\u00fdkonn\u00fd univerz\u00e1ln\u00ed CNC soustruh s protiv\u0159etenem a osou Y.<br \/>\n\u0158\u00eddic\u00ed syst\u00e9m: Fanuc 31i-B<br \/>\nMax. Pr\u016fm\u011br soustru\u017een\u00ed pro obr\u00e1b\u011bn\u00ed ty\u010d\u00ed: 65 mm<br \/>\nMax. Pr\u016fm\u011br soustru\u017een\u00ed pro obr\u00e1b\u011bn\u00ed ve skl\u00ed\u010didle: 230 mm<br \/>\nD\u00e9lka soustru\u017een\u00ed: cca 250 (320) mm<br \/>\nMax. Obvodov\u00fd pr\u016fm\u011br: cca 520 mm<\/p>\n<p>Hlavn\u00ed v\u0159eteno (HSP):<br \/>\nNos v\u0159etena: 6\u2033<br \/>\nOtvor v\u0159etena: 80 mm<br \/>\nRychlost: 4 000-5 000 min-\u00b9<\/p>\n<p>Protiv\u0159eteno (GSP):<br \/>\nNos v\u0159etena: 5\u2033<br \/>\nOtvor v\u0159etena: 55 mm<br \/>\nRychlost: 5 000 min-\u00b9<br \/>\nN\u00e1strojov\u00e1 v\u011b\u017e: 2 \u00d7 12 stanic, poh\u00e1n\u011bn\u00e1<br \/>\nPosuv osy Y: \u00b150 mm<\/p>\n<p>Vybaven\u00ed:<br \/>\n2 revolvery, ka\u017ed\u00fd s 12 pozicemi pro n\u00e1stroje a 24 poh\u00e1n\u011bn\u00fdmi n\u00e1stroji<br \/>\n2 osy C a 2 osy Y<\/p>\n<p>Ty\u010dov\u00fd naklada\u010d CNCDB70 od Giovanniho Cucchiho<br \/>\nSyst\u00e9m vykl\u00e1dky obrobk\u016f s p\u00e1sov\u00fdm dopravn\u00edkem<br \/>\nDopravn\u00edk t\u0159\u00edsek se 2 \u010derpadly na 7 bar\u016f v\u010detn\u011b filtru<br \/>\nSt\u0159\u00edkac\u00ed pistole (4 bar)<br \/>\nVysokotlak\u00e9 \u010derpadlo 25 bar v\u010detn\u011b filtru<br \/>\nProdlou\u017een\u00fd vyhazova\u010d 200 mm<br \/>\nV\u0161echny dr\u017e\u00e1ky n\u00e1stroj\u016f zobrazen\u00e9 na obr\u00e1zc\u00edch<\/p>\n<p>K dispozici je kompletn\u00ed technick\u00e1 dokumentace<\/p>\n<p>Stroj je elektricky i mechanicky pln\u011b funk\u010dn\u00ed a po domluv\u011b je mo\u017en\u00e9 si jej prohl\u00e9dnout pod proudem.<br \/>\nZm\u011bny a chyby v technick\u00fdch \u00fadaj\u00edch a informac\u00edch, jako\u017e i p\u0159edchoz\u00ed prodej vyhrazeny!<\/p>\n<p>CNC soustruh Biglia B465 Y2<br \/>\nRok v\u00fdroby: 2009<br \/>\nDoba obr\u00e1b\u011bn\u00ed: 20 627 h<\/p>\n<p>V\u00fdkonn\u00fd univerz\u00e1ln\u00ed CNC soustruh s protiv\u0159etenem a osou Y.<br \/>\n\u0158\u00edzen\u00ed: Fanuc 31i-B<br \/>\nMaxim\u00e1ln\u00ed pr\u016fm\u011br soustru\u017een\u00ed pro obr\u00e1b\u011bn\u00ed ty\u010d\u00ed: 65 mm<br \/>\nMaxim\u00e1ln\u00ed pr\u016fm\u011br soustru\u017een\u00ed pro obr\u00e1b\u011bn\u00ed ve skl\u00ed\u010didle: 230 mm<br \/>\nD\u00e9lka soustru\u017een\u00ed: cca 250 (320) mm<br \/>\nMax. pr\u016fm\u011br kyvn\u00e9 plochy: cca 520 mm<\/p>\n<p>Hlavn\u00ed v\u0159eteno (HSP):<br \/>\nNos v\u0159etena: 6\u2033<br \/>\nOtvor v\u0159etena: 80 mm<br \/>\nRychlost: 4 000-5 000 ot\u00e1\u010dek za minutu<\/p>\n<p>Protiv\u0159eteno (GSP):<br \/>\nNos v\u0159etena: 5\u2033<br \/>\nOtvor v\u0159etena: 55 mm<br \/>\nRychlost: 5 000 ot\u00e1\u010dek za minutu<br \/>\nN\u00e1strojov\u00e1 v\u011b\u017e: 2 \u00d7 12 stanic, poh\u00e1n\u011bn\u00e1<br \/>\nPosuv osy Y: \u00b150 mm<\/p>\n<p>Vybaven\u00ed:<br \/>\n2 revolvery, ka\u017ed\u00fd s 12 pozicemi pro n\u00e1stroje a 24 poh\u00e1n\u011bn\u00fdmi n\u00e1stroji<br \/>\n2 osy C a 2 osy Y<\/p>\n<p>Podava\u010d ty\u010d\u00ed CNCDB70 od Giovanniho Cucchiho<br \/>\nSyst\u00e9m vykl\u00e1dky obrobk\u016f s p\u00e1sov\u00fdm dopravn\u00edkem<br \/>\nDopravn\u00edk t\u0159\u00edsek se 2 \u010derpadly, ka\u017ed\u00e9 7 bar\u016f, v\u010detn\u011b filtru<br \/>\nSt\u0159\u00edkac\u00ed pistole (4 bar)<br \/>\nVysokotlak\u00e9 \u010derpadlo 25 bar v\u010detn\u011b filtru<br \/>\nProdlou\u017een\u00fd vyhazova\u010d 200 mm<br \/>\nV\u0161echny dr\u017e\u00e1ky n\u00e1stroj\u016f zobrazen\u00e9 na obr\u00e1zc\u00edch<\/p>\n<p>K dispozici je kompletn\u00ed technick\u00e1 dokumentace<\/p>\n<p>Stroj je pln\u011b funk\u010dn\u00ed po elektrick\u00e9 i mechanick\u00e9 str\u00e1nce a po domluv\u011b je mo\u017en\u00e9 si jej prohl\u00e9dnout pod proudem.<br \/>\nZm\u011bny a chyby v technick\u00fdch \u00fadaj\u00edch a specifikac\u00edch vyhrazeny, stejn\u011b jako p\u0159edchoz\u00ed prodej!<\/p>","protected":false},"excerpt":{"rendered":"<p>Standort: Deutschland, Baden-W\u00fcrttemberg S\u00fcdwest Zustand: Gebraucht Hersteller: Biglia Modell: B465Y2 Baujahr: 2009 Betriebsstunden: 20627 CNC-Drehmaschine Biglia B465 Y2 Baujahr: 2009 Bearbeitungszeit: ca. 21.000 h Seriennr: 10625 Leistungsstarke CNC-Universal-Drehmaschine mit Gegenspindel und Y-Achse. Steuerung: Fanuc 31i-B Max. Drehdurchmesser bei Stangenbearbeitung: 65 mm Max. Drehdurchmesser bei Futterbearbeitung: 230 mm Drehl\u00e4nge: ca. 250 (320) mm Max. Umlaufdurchmesser: ca. [&hellip;]<\/p>\n","protected":false},"featured_media":4511,"comment_status":"open","ping_status":"closed","template":"","meta":{"_uf_show_specific_survey":0,"_uf_disable_surveys":false},"product_brand":[],"product_cat":[89],"product_tag":[],"class_list":{"0":"post-4521","1":"product","2":"type-product","3":"status-publish","4":"has-post-thumbnail","6":"product_cat-cnc-kurzdrehmaschinen","8":"first","9":"instock","10":"taxable","11":"shipping-taxable","12":"product-type-simple"},"aioseo_notices":[],"_links":{"self":[{"href":"https:\/\/mueller-wrh.de\/cs\/wp-json\/wp\/v2\/product\/4521","targetHints":{"allow":["GET"]}}],"collection":[{"href":"https:\/\/mueller-wrh.de\/cs\/wp-json\/wp\/v2\/product"}],"about":[{"href":"https:\/\/mueller-wrh.de\/cs\/wp-json\/wp\/v2\/types\/product"}],"replies":[{"embeddable":true,"href":"https:\/\/mueller-wrh.de\/cs\/wp-json\/wp\/v2\/comments?post=4521"}],"wp:featuredmedia":[{"embeddable":true,"href":"https:\/\/mueller-wrh.de\/cs\/wp-json\/wp\/v2\/media\/4511"}],"wp:attachment":[{"href":"https:\/\/mueller-wrh.de\/cs\/wp-json\/wp\/v2\/media?parent=4521"}],"wp:term":[{"taxonomy":"product_brand","embeddable":true,"href":"https:\/\/mueller-wrh.de\/cs\/wp-json\/wp\/v2\/product_brand?post=4521"},{"taxonomy":"product_cat","embeddable":true,"href":"https:\/\/mueller-wrh.de\/cs\/wp-json\/wp\/v2\/product_cat?post=4521"},{"taxonomy":"product_tag","embeddable":true,"href":"https:\/\/mueller-wrh.de\/cs\/wp-json\/wp\/v2\/product_tag?post=4521"}],"curies":[{"name":"wp","href":"https:\/\/api.w.org\/{rel}","templated":true}]}}