{"id":4461,"date":"2025-11-06T15:57:25","date_gmt":"2025-11-06T15:57:25","guid":{"rendered":"https:\/\/mueller-wrh.de\/produkt\/neu_lta-lufttechnik-e120-bsc-2-h-intnr23426\/"},"modified":"2025-11-09T07:35:53","modified_gmt":"2025-11-09T07:35:53","slug":"neu_lta-lufttechnik-e120-bsc-2-h-intnr23426","status":"publish","type":"product","link":"https:\/\/mueller-wrh.de\/cs\/produkt\/neu_lta-lufttechnik-e120-bsc-2-h-intnr23426\/","title":{"rendered":"NEW_LTA Lufttechnik E120 BSC-2-H, IntNo231426"},"content":{"rendered":"<p><b>Um\u00edst\u011bn\u00ed:<\/b> N\u011bmecko, B\u00e1densko-W\u00fcrttembersko Jihoz\u00e1padn\u00ed N\u011bmecko<\/p>\n<p><b>Stav:<\/b> Pou\u017eit\u00e9<\/p>\n<p><b>V\u00fdrobce:<\/b> LTA<\/p>\n<p><b>Model:<\/b> E120 BSC-2H<\/p>\n<p><b>Rok v\u00fdstavby:<\/b> 2025<\/p>\n<p><b>Provozn\u00ed doba:<\/b> 0<\/p>\n<p>Filtra\u010dn\u00ed syst\u00e9m E 120-BSC-2-H<br \/>\nSyst\u00e9my extrakce olejov\u00e9\/emulzn\u00ed mlhy<\/p>\n<p>VLASTNOSTI \/ FUNKCE:<br \/>\nSm\u011br otev\u00edr\u00e1n\u00ed servisn\u00edch dve\u0159\u00ed: ve sm\u011bru proud\u011bn\u00ed nahoru<br \/>\nV\u00fdstup vzduchu : RADIAL<br \/>\ns p\u0159edfiltrem a neutraliza\u010dn\u00edm filtrem mechanick\u00fdm a:<br \/>\nsest\u00e1vaj\u00edc\u00ed ze dvou elektrostatick\u00fdch filtra\u010dn\u00edch stup\u0148\u016f pro aerosoly.<br \/>\nz<br \/>\nIoniz\u00e1tory a sb\u011bra\u010de<br \/>\n- Nastaviteln\u00fd ventil\u00e1tor (ErP-Ready)<br \/>\n- Displej p\u0159ipraven\u00fd k provozu<br \/>\n- Elektrika podle EN 60204<br \/>\n- Proveden\u00ed cel\u00e9ho syst\u00e9mu v souladu s<br \/>\n  Sm\u011brnice o strojn\u00edch za\u0159\u00edzen\u00edch <\/p>\n<p>TECHNICK\u00c9 \u00daDAJE:<br \/>\nV\u00fdkon ventil\u00e1toru: 2400 m\u00b3\/h (voln\u011b foukaj\u00edc\u00ed)<br \/>\nOds\u00e1vac\u00ed v\u00fdkon: a\u017e 1200 m\u00b3\/h<br \/>\nProvozn\u00ed nap\u011bt\u00ed: 230 V +\/-10 % (207-253 V)<br \/>\nFrekvence: 50-60 Hz<br \/>\nP\u0159ipojen\u00e1 z\u00e1t\u011b\u017e: 0,93 kVA<br \/>\nDiferen\u010dn\u00ed tlak: 840 Pa<br \/>\nHladina akustick\u00e9ho tlaku: p\u0159ibli\u017en\u011b 70 dB<br \/>\nTeplota: max. 40 \u00b0C<br \/>\nT\u0159\u00edda ochrany: IP 54 <\/p>\n<p>P\u0159echodov\u00fd kus E\/M 120\/240, 200-S-B-90<\/p>\n<p>E-120-BSC-2 : 84213925 Zem\u011b p\u016fvodu CZ<br \/>\nZ\u00e1str\u010dka pro p\u0159ipojen\u00ed k s\u00edti: 85444290 Zem\u011b p\u016fvodu DE<br \/>\n\u010c\u00edslo sazebn\u00edku zbo\u017e\u00ed\/\u010d\u00edslo celn\u00edho sazebn\u00edku: 84213925 <\/p>\n<p>Rozm\u011bry (d x \u0161 x v): 1130 x 660 x 610 mm <\/p>\n<p>Hmotnost: p\u0159ibli\u017en\u011b 110 kg <\/p>\n<p>Z\u00e1ruka: po dohod\u011b<br \/>\nBarva: RAL 7035 (sv\u011btle \u0161ed\u00e1) nebo (po dohod\u011b)<br \/>\nDoba dod\u00e1n\u00ed: po dohod\u011b<\/p>\n<p>Zm\u011bny a chyby v technick\u00fdch \u00fadaj\u00edch a informac\u00edch, jako\u017e i p\u0159edchoz\u00ed prodej vyhrazeny!<\/p>\n<p>Filtra\u010dn\u00ed syst\u00e9m E 120-BSC-2-H<br \/>\nJednotky pro extrakci olejov\u00e9 \/ emulzn\u00ed mlhy<\/p>\n<p>VLASTNOSTI \/ CHARAKTERISTIKY:<\/p>\n<p>Sm\u011br otev\u00edr\u00e1n\u00ed servisn\u00edch dv\u00ed\u0159ek: nahoru, ve sm\u011bru proud\u011bn\u00ed.<\/p>\n<p>V\u00fdstup vzduchu: radi\u00e1ln\u00ed<\/p>\n<p>S p\u0159edfiltrem a mechanick\u00fdm neutraliza\u010dn\u00edm filtrem a tak\u00e9:<br \/>\ndva elektrostatick\u00e9 filtra\u010dn\u00ed stupn\u011b pro aerosoly sest\u00e1vaj\u00edc\u00ed z<br \/>\nioniz\u00e1tory a sb\u011bra\u010de<\/p>\n<p>Nastaviteln\u00fd ventil\u00e1tor (p\u0159ipraven pro ErP)<\/p>\n<p>Indik\u00e1tor \"P\u0159ipraveno k provozu\"<\/p>\n<p>Elektrick\u00fd syst\u00e9m podle EN 60204<\/p>\n<p>Cel\u00fd syst\u00e9m je navr\u017een v souladu s platnou sm\u011brnic\u00ed o strojn\u00edch za\u0159\u00edzen\u00edch.<\/p>\n<p>TECHNICK\u00c9 \u00daDAJE:<\/p>\n<p>V\u00fdkon ventil\u00e1toru: 2400 m\u00b3\/h (voln\u00e9 fouk\u00e1n\u00ed)<\/p>\n<p>Ods\u00e1vac\u00ed v\u00fdkon: a\u017e 1200 m\u00b3\/h<\/p>\n<p>Provozn\u00ed nap\u011bt\u00ed: 230 V +\/-10 % (207-253 V)<\/p>\n<p>Frekvence: 50-60 Hz<\/p>\n<p>P\u0159ipojen\u00e9 zat\u00ed\u017een\u00ed: 0,93 kVA<\/p>\n<p>Diferen\u010dn\u00ed tlak: 840 Pa<\/p>\n<p>Hladina akustick\u00e9ho tlaku: p\u0159ibli\u017en\u011b 70 dB<\/p>\n<p>Teplota: max. 40 \u00b0C<\/p>\n<p>T\u0159\u00edda ochrany: IP 54<\/p>\n<p>P\u0159echodov\u00fd d\u00edl E\/M 120\/240, 200-S-B-90<\/p>\n<p>E-120-BSC-2: 84213925, zem\u011b p\u016fvodu CZ<\/p>\n<p>Nap\u00e1jec\u00ed z\u00e1str\u010dka: 85444290, zem\u011b p\u016fvodu DE<\/p>\n<p>\u010c\u00edslo celn\u00edho sazebn\u00edku: 84213925<\/p>\n<p>Rozm\u011bry (d x \u0161 x v): 1130 x 660 x 610 mm<br \/>\nHmotnost: p\u0159ibli\u017en\u011b 110 kg<br \/>\nZ\u00e1ruka: dle dohody<br \/>\nBarva: RAL 7035 (sv\u011btle \u0161ed\u00e1) nebo (podle dohody)<br \/>\nDodac\u00ed lh\u016fta: dle dohody<\/p>\n<p>Technick\u00e9 \u00fadaje a informace se mohou zm\u011bnit a mohou b\u00fdt chybn\u00e9. Meziprodej vyhrazen.<\/p>","protected":false},"excerpt":{"rendered":"<p>Standort: Deutschland, Baden-W\u00fcrttemberg S\u00fcdwest Zustand: Gebraucht Hersteller: LTA Modell: E120 BSC-2H Baujahr: 2025 Betriebsstunden: 0 Filtrationssystem E 120-BSC-2-H \u00d6l-\/Emulsionsnebel-Abzugsanlagen EIGENSCHAFTEN \/ MERKMALE: \u00d6ffnungsrichtung Servicet\u00fcr: in Str\u00f6mungsrichtung OBEN Luftauslass : RADIAL mit Vorfilter und Neutralisationsfilter mechanisch sowie: zwei elektrostatischen Filtrationsstufen f\u00fcr Aerosole bestehend aus Ionisatoren und Kollektoren &#8211; Regelbares Gebl\u00e4se (ErP-Ready) &#8211; Anzeige Betriebsbereit &#8211; Elektrik [&hellip;]<\/p>\n","protected":false},"featured_media":4462,"comment_status":"open","ping_status":"closed","template":"","meta":{"_uf_show_specific_survey":0,"_uf_disable_surveys":false},"product_brand":[],"product_cat":[19],"product_tag":[],"class_list":{"0":"post-4461","1":"product","2":"type-product","3":"status-publish","4":"has-post-thumbnail","6":"product_cat-oel-emulsionsnebel-abzugsanlagen","8":"first","9":"instock","10":"taxable","11":"shipping-taxable","12":"product-type-simple"},"aioseo_notices":[],"_links":{"self":[{"href":"https:\/\/mueller-wrh.de\/cs\/wp-json\/wp\/v2\/product\/4461","targetHints":{"allow":["GET"]}}],"collection":[{"href":"https:\/\/mueller-wrh.de\/cs\/wp-json\/wp\/v2\/product"}],"about":[{"href":"https:\/\/mueller-wrh.de\/cs\/wp-json\/wp\/v2\/types\/product"}],"replies":[{"embeddable":true,"href":"https:\/\/mueller-wrh.de\/cs\/wp-json\/wp\/v2\/comments?post=4461"}],"wp:featuredmedia":[{"embeddable":true,"href":"https:\/\/mueller-wrh.de\/cs\/wp-json\/wp\/v2\/media\/4462"}],"wp:attachment":[{"href":"https:\/\/mueller-wrh.de\/cs\/wp-json\/wp\/v2\/media?parent=4461"}],"wp:term":[{"taxonomy":"product_brand","embeddable":true,"href":"https:\/\/mueller-wrh.de\/cs\/wp-json\/wp\/v2\/product_brand?post=4461"},{"taxonomy":"product_cat","embeddable":true,"href":"https:\/\/mueller-wrh.de\/cs\/wp-json\/wp\/v2\/product_cat?post=4461"},{"taxonomy":"product_tag","embeddable":true,"href":"https:\/\/mueller-wrh.de\/cs\/wp-json\/wp\/v2\/product_tag?post=4461"}],"curies":[{"name":"wp","href":"https:\/\/api.w.org\/{rel}","templated":true}]}}