{"id":4433,"date":"2025-10-31T17:15:18","date_gmt":"2025-10-31T17:15:18","guid":{"rendered":"https:\/\/mueller-wrh.de\/produkt\/teilereinigungsanlage-pero-ro_bj-2019-intnr231388\/"},"modified":"2025-10-31T17:15:18","modified_gmt":"2025-10-31T17:15:18","slug":"teilereinigungsanlage-pero-ro_bj-2019-intnr231388","status":"publish","type":"product","link":"https:\/\/mueller-wrh.de\/cs\/produkt\/teilereinigungsanlage-pero-ro_bj-2019-intnr231388\/","title":{"rendered":"Syst\u00e9m \u010di\u0161t\u011bn\u00ed d\u00edl\u016f PERO RO_Rok 2019 IntNo231388"},"content":{"rendered":"<p><b>Um\u00edst\u011bn\u00ed:<\/b> N\u011bmecko, B\u00e1densko-W\u00fcrttembersko Jihoz\u00e1padn\u00ed N\u011bmecko<\/p>\n<p><b>Stav:<\/b> Pou\u017eit\u00e9<\/p>\n<p><b>V\u00fdrobce:<\/b> Pero<\/p>\n<p><b>Model:<\/b> R0\/057 EX8240<\/p>\n<p><b>Rok v\u00fdstavby:<\/b> 2019<\/p>\n<p>Technick\u00fd popis - PERO RO<br \/>\nSyst\u00e9m pr\u016fmyslov\u00e9ho \u010di\u0161t\u011bn\u00ed d\u00edl\u016f na b\u00e1zi rozpou\u0161t\u011bdel<br \/>\nPERO RO je vysoce v\u00fdkonn\u00fd syst\u00e9m pr\u016fmyslov\u00e9ho \u010di\u0161t\u011bn\u00ed d\u00edl\u016f pro efektivn\u00ed a ekologick\u00e9 \u010di\u0161t\u011bn\u00ed obrobk\u016f a sou\u010d\u00e1st\u00ed pomoc\u00ed rozpou\u0161t\u011bdel. Je vhodn\u00fd pro \u0161irokou \u0161k\u00e1lu aplikac\u00ed v kovozpracuj\u00edc\u00edm pr\u016fmyslu a zaru\u010duje vysok\u00fd standard \u010distoty p\u0159i ekonomick\u00e9m provozu.<br \/>\nVlastnosti:<br \/>\n- \u010ci\u0161t\u011bn\u00ed organick\u00fdmi rozpou\u0161t\u011bdly (nap\u0159. uhlovod\u00edky nebo modifikovan\u00fdmi alkoholy).<br \/>\n- Uzav\u0159en\u00fd pracovn\u00ed proces s integrovan\u00fdm rozpou\u0161t\u011bdlov\u00fdm obvodem<br \/>\n- Vhodn\u00e9 pro mal\u00e9 a\u017e st\u0159edn\u00ed d\u00e1vky a r\u016fzn\u00e9 geometrie sou\u010d\u00e1st\u00ed.<br \/>\n- Automatizovan\u00e1 kontrola procesu pro reprodukovateln\u00e9 v\u00fdsledky \u010di\u0161t\u011bn\u00ed<br \/>\n- Robustn\u00ed konstrukce pro nep\u0159etr\u017eit\u00e9 pr\u016fmyslov\u00e9 pou\u017eit\u00ed<br \/>\nTypick\u00e9 oblasti pou\u017eit\u00ed:<br \/>\n- Odma\u0161\u0165ov\u00e1n\u00ed soustru\u017een\u00fdch a fr\u00e9zovan\u00fdch d\u00edl\u016f<br \/>\n- \u010ci\u0161t\u011bn\u00ed p\u0159ed instalac\u00ed nebo n\u00e1t\u011brem<br \/>\n- Odstran\u011bn\u00ed chladic\u00edch maziv, olej\u016f a \u010d\u00e1stic<\/p>\n<p>Stroj si m\u016f\u017eete prohl\u00e9dnout po p\u0159edchoz\u00ed domluv\u011b.<br \/>\nZm\u011bny a chyby v technick\u00fdch \u00fadaj\u00edch a informac\u00edch, jako\u017e i p\u0159edchoz\u00ed prodej vyhrazeny!<\/p>\n<p>Technick\u00fd popis - PERO RO<br \/>\nSyst\u00e9m pr\u016fmyslov\u00e9ho \u010di\u0161t\u011bn\u00ed d\u00edl\u016f na b\u00e1zi rozpou\u0161t\u011bdel<br \/>\nPERO RO je v\u00fdkonn\u00fd pr\u016fmyslov\u00fd syst\u00e9m pro efektivn\u00ed a ekologick\u00e9 \u010di\u0161t\u011bn\u00ed obrobk\u016f a sou\u010d\u00e1st\u00ed pomoc\u00ed rozpou\u0161t\u011bdel. Je vhodn\u00fd pro \u0161irokou \u0161k\u00e1lu aplikac\u00ed v kovozpracuj\u00edc\u00edm pr\u016fmyslu a zaru\u010duje vysok\u00fd standard \u010distoty p\u0159i ekonomick\u00e9m provozu.<br \/>\nVlastnosti:<br \/>\n- \u010ci\u0161t\u011bn\u00ed organick\u00fdmi rozpou\u0161t\u011bdly (nap\u0159. uhlovod\u00edky nebo modifikovan\u00fdmi alkoholy).<br \/>\n- Uzav\u0159en\u00fd pracovn\u00ed proces s integrovanou cirkulac\u00ed rozpou\u0161t\u011bdel<br \/>\n- Vhodn\u00e9 pro mal\u00e9 a\u017e st\u0159edn\u00ed d\u00e1vky a r\u016fzn\u00e9 geometrie sou\u010d\u00e1st\u00ed.<br \/>\n- Automatizovan\u00e1 kontrola procesu pro reprodukovateln\u00e9 v\u00fdsledky \u010di\u0161t\u011bn\u00ed<br \/>\n- Robustn\u00ed konstrukce pro nep\u0159etr\u017eit\u00e9 pr\u016fmyslov\u00e9 pou\u017eit\u00ed<br \/>\nTypick\u00e9 oblasti pou\u017eit\u00ed:<br \/>\n- Odma\u0161\u0165ov\u00e1n\u00ed soustru\u017een\u00fdch a fr\u00e9zovan\u00fdch d\u00edl\u016f<br \/>\n- \u010ci\u0161t\u011bn\u00ed p\u0159ed mont\u00e1\u017e\u00ed nebo lakov\u00e1n\u00edm<br \/>\n- Odstran\u011bn\u00ed chladic\u00edch maziv, olej\u016f a \u010d\u00e1stic.<\/p>\n<p>Stroj si lze prohl\u00e9dnout po p\u0159edchoz\u00ed domluv\u011b.<br \/>\nZm\u011bny a chyby v technick\u00fdch \u00fadaj\u00edch a specifikac\u00edch vyhrazeny, stejn\u011b jako p\u0159edchoz\u00ed prodej!<\/p>","protected":false},"excerpt":{"rendered":"<p>Standort: Deutschland, Baden-W\u00fcrttemberg S\u00fcdwest Zustand: Gebraucht Hersteller: Pero Modell: R0\/057 EX8240 Baujahr: 2019 Technische Beschreibung \u2013 PERO RO Industrielle Teilereinigungsanlage auf L\u00f6semittelbasis Die PERO RO ist eine leistungsstarke industrielle Teilereinigungsanlage zur effektiven und umweltgerechten Reinigung von Werkst\u00fccken und Bauteilen mit L\u00f6semitteln. Sie eignet sich f\u00fcr unterschiedlichste Anwendungen in der metallverarbeitenden Industrie und garantiert hohe Sauberkeitsstandards [&hellip;]<\/p>\n","protected":false},"featured_media":4425,"comment_status":"open","ping_status":"closed","template":"","meta":{"_uf_show_specific_survey":0,"_uf_disable_surveys":false},"product_brand":[],"product_cat":[109],"product_tag":[],"class_list":{"0":"post-4433","1":"product","2":"type-product","3":"status-publish","4":"has-post-thumbnail","6":"product_cat-industrielle-reinigungsanlagen","8":"first","9":"instock","10":"taxable","11":"shipping-taxable","12":"product-type-simple"},"aioseo_notices":[],"_links":{"self":[{"href":"https:\/\/mueller-wrh.de\/cs\/wp-json\/wp\/v2\/product\/4433","targetHints":{"allow":["GET"]}}],"collection":[{"href":"https:\/\/mueller-wrh.de\/cs\/wp-json\/wp\/v2\/product"}],"about":[{"href":"https:\/\/mueller-wrh.de\/cs\/wp-json\/wp\/v2\/types\/product"}],"replies":[{"embeddable":true,"href":"https:\/\/mueller-wrh.de\/cs\/wp-json\/wp\/v2\/comments?post=4433"}],"wp:featuredmedia":[{"embeddable":true,"href":"https:\/\/mueller-wrh.de\/cs\/wp-json\/wp\/v2\/media\/4425"}],"wp:attachment":[{"href":"https:\/\/mueller-wrh.de\/cs\/wp-json\/wp\/v2\/media?parent=4433"}],"wp:term":[{"taxonomy":"product_brand","embeddable":true,"href":"https:\/\/mueller-wrh.de\/cs\/wp-json\/wp\/v2\/product_brand?post=4433"},{"taxonomy":"product_cat","embeddable":true,"href":"https:\/\/mueller-wrh.de\/cs\/wp-json\/wp\/v2\/product_cat?post=4433"},{"taxonomy":"product_tag","embeddable":true,"href":"https:\/\/mueller-wrh.de\/cs\/wp-json\/wp\/v2\/product_tag?post=4433"}],"curies":[{"name":"wp","href":"https:\/\/api.w.org\/{rel}","templated":true}]}}