{"id":4333,"date":"2025-10-24T12:43:12","date_gmt":"2025-10-24T12:43:12","guid":{"rendered":"https:\/\/mueller-wrh.de\/produkt\/dmg-gildemeister-sprint-ms36-2_multisprint-36_bj-2018_-intnr231416\/"},"modified":"2025-10-27T12:51:34","modified_gmt":"2025-10-27T12:51:34","slug":"dmg-gildemeister-sprint-ms36-2_multisprint-36_bj-2018_-intnr231416","status":"publish","type":"product","link":"https:\/\/mueller-wrh.de\/cs\/produkt\/dmg-gildemeister-sprint-ms36-2_multisprint-36_bj-2018_-intnr231416\/","title":{"rendered":"DMG Gildemeister SPRINT MS36-2_MULTISPRINT 36_Rok 2018_ IntNo231416"},"content":{"rendered":"<p><b>Um\u00edst\u011bn\u00ed:<\/b> N\u011bmecko, B\u00e1densko-W\u00fcrttembersko Jihoz\u00e1padn\u00ed N\u011bmecko<\/p>\n<p><b>Stav:<\/b> Jako nov\u00fd<\/p>\n<p><b>V\u00fdrobce:<\/b> DMG<\/p>\n<p><b>Model:<\/b> MULTISPRINT MS36-2<\/p>\n<p><b>Rok v\u00fdstavby:<\/b> 2018<\/p>\n<p><b>Provozn\u00ed doba:<\/b> 31241<\/p>\n<p>CNC-DMG Gildemeister MULTISPRINT 36 \/ SWISSTYPE obr\u00e1b\u011bn\u00ed a\u017e do d\u00e9lky soustru\u017een\u00ed 170 mm<br \/>\nRok v\u00fdstavby: 2018<br \/>\nProvozn\u00ed doba: 47548<br \/>\nDoba zpracov\u00e1n\u00ed: 31241<br \/>\nStav: \u0159\u00edjen 2025<br \/>\n\u0158\u00eddic\u00ed syst\u00e9m: Fanuc 30i B<\/p>\n<p>Maxim\u00e1ln\u00ed flexibilita stroje MULTISPRINT d\u00edky jeho modularit\u011b a os\u00e1m Y v ka\u017ed\u00e9 poloze<br \/>\nPou\u017eit\u00ed poh\u00e1n\u011bn\u00fdch n\u00e1stroj\u016f ve v\u0161ech poloh\u00e1ch v\u0159etena<br \/>\nStandardn\u011b osa Y na v\u0161ech pozic\u00edch v\u0159etena<br \/>\nSWISSTYPEkit pro kr\u00e1tk\u00e9 a dlouh\u00e9 soustru\u017een\u00ed do d\u00e9lky 170 mm<br \/>\nObr\u00e1b\u011bn\u00ed skl\u00ed\u010didlem nebo ty\u010d\u00ed: ty\u010de od 4 do \u00f8 36 mm, sou\u010d\u00e1sti skl\u00ed\u010didla do \u00f8 50 mm Oboustrann\u00e9 a mimost\u0159edov\u00e9 obr\u00e1b\u011bn\u00ed<\/p>\n<p>Typ stroje: V\u00edcev\u0159etenov\u00fd soustru\u017enick\u00fd automat<br \/>\nObr\u00e1b\u011bn\u00ed SWISSTYPE: d\u00e9lka soustru\u017een\u00ed a\u017e 170 mm<br \/>\n\u0158\u00edzen\u00ed: FANUC Series 30i<br \/>\nMaxim\u00e1ln\u00ed flexibilita d\u00edky modularit\u011b a os\u00e1m Y na v\u0161ech pozic\u00edch v\u0159etena<br \/>\nPou\u017eit\u00ed poh\u00e1n\u011bn\u00fdch n\u00e1stroj\u016f ve v\u0161ech poloh\u00e1ch v\u0159etena<br \/>\nObr\u00e1b\u011bn\u00ed: ty\u010de od \u00d8 4 - 36 mm, up\u00ednac\u00ed d\u00edly do \u00d8 50 mm.<br \/>\nMo\u017enost oboustrann\u00e9ho a mimo\u00farov\u0148ov\u00e9ho zpracov\u00e1n\u00ed<\/p>\n<p>\u00dadaje o v\u00fdkonu<br \/>\nHodnota funkce<br \/>\nMax. Pr\u016fm\u011br obrobku 36 mm<br \/>\nMax. D\u00e9lka obrobku 170 mm<br \/>\nMax. Pr\u016fchod ty\u010d\u00ed 36 mm<br \/>\nDr\u00e1hy posunu (X \/ Y \/ Z) 50 \/ 100 \/ 170 mm<\/p>\n<p>Hlavn\u00ed v\u0159etena<br \/>\nMno\u017estv\u00ed: 6<br \/>\nOsa C (\u00fahlov\u00e9 rozli\u0161en\u00ed): 0,002\u00b0<br \/>\nP\u0159\u00ed\u010dn\u00e9 skl\u00ed\u010dko: 6 \u00d7 (osa X\/Y)<br \/>\nPojezdov\u00e1 vzd\u00e1lenost Z1-Z6: 170 mm (se sadou SWISSTYPE)<br \/>\nMax. Pr\u016fchod ty\u010de: \u00d8 40 mm<br \/>\nRychlost: a\u017e 7 500 min-\u00b9<br \/>\nV\u00fdkon pohonu (100 % ED): 13,3 kW<br \/>\nTo\u010div\u00fd moment (100 % ED): 32 Nm<br \/>\nDoba indexov\u00e1n\u00ed bubnu: 0,65 s<\/p>\n<p>Protiv\u0159eteno Sb\u011brac\u00ed v\u0159etena<br \/>\nPo\u010det: 2 (osa C s osou X\/Y\/Z)<br \/>\nPr\u016fchoz\u00ed otvor: \u00d8 40 mm<br \/>\nRychlost: 7 500 min-\u00b9<br \/>\nV\u00fdkon pohonu: 13,3 kW<br \/>\nTo\u010div\u00fd moment: 32 Nm<br \/>\nPojezdov\u00e1 vzd\u00e1lenost (Z7-Z8): 410 mm<br \/>\nDr\u00e1hy pojezdu (X7-X8 \/ Y7-Y8): 277 \/ 312 mm<br \/>\nRychlost posunu: 40 m\/min<\/p>\n<p>Dr\u017e\u00e1k n\u00e1stroj\u016f na k\u0159\u00ed\u017eov\u00e9m suportu<br \/>\nMax. Po\u010det n\u00e1stroj\u016f: 3<br \/>\nRychlost: 3 900 \/ 8 000 \/ 13 800 min-\u00b9<br \/>\nV\u00fdkon pohonu (100 % ED): 0,9 kW<br \/>\nTo\u010div\u00fd moment (100 % ED): 5,8 \/ 2,9 \/ 1,7 Nm<br \/>\nDr\u00e1hy posunu (X1-X6 \/ Y1-Y6): 50 \/ 100 mm<br \/>\nRychlost posunu: 20 m\/min<br \/>\nVoz\u00edk pro zadn\u00ed obr\u00e1b\u011bn\u00ed<br \/>\nRychlost (U7-U8): 3 900 \/ 8 000 \/ 13 800 min-\u00b9<br \/>\nV\u00fdkon pohonu: 0,9 kW<br \/>\nTo\u010div\u00fd moment: 5,8 \/ 2,9 \/ 1,7 Nm<br \/>\nOvl\u00e1dac\u00ed displej: 15\u2033 barevn\u00fd displej (\u00d7 2)<br \/>\nUp\u00ednac\u00ed syst\u00e9m: up\u00ednac\u00ed skl\u00ed\u010didlo Hainbuch TOPlus 40 Achsfix<\/p>\n<p>Z\u00e1v\u011bsn\u00fd p\u00e1sov\u00fd dopravn\u00edk t\u0159\u00edsek se zvedac\u00edm \u010derpadlem<br \/>\nVysokotlak\u00fd syst\u00e9m pro olej (filtr 50 \/ 25 \u00b5m, \u010derpadla 5 \/ 12 MPa)<br \/>\nR\u016fzn\u00e9 dr\u017e\u00e1ky n\u00e1stroj\u016f<br \/>\nHasic\u00ed syst\u00e9m<br \/>\nPodava\u010d ty\u010d\u00ed (verze s ploch\u00fdm naklada\u010dem)<br \/>\nSyst\u00e9m nakl\u00e1d\u00e1n\u00ed obrobk\u016f<\/p>\n<p>Stroj je elektricky i mechanicky pln\u011b funk\u010dn\u00ed a po domluv\u011b je mo\u017en\u00e9 si jej prohl\u00e9dnout pod proudem.<br \/>\nZm\u011bny a chyby v technick\u00fdch \u00fadaj\u00edch a informac\u00edch, jako\u017e i p\u0159edchoz\u00ed prodej vyhrazeny!<\/p>\n<p>CNC-DMG Gildemeister MULTISPRINT 36 \/ SWISSTYPE obr\u00e1b\u011bn\u00ed a\u017e do d\u00e9lky soustru\u017een\u00ed 170 mm<br \/>\nRok v\u00fdroby: 2018<br \/>\nProvozn\u00ed doba: 47548<br \/>\nDoba obr\u00e1b\u011bn\u00ed: 31241<br \/>\nStav: \u0159\u00edjen 2025<br \/>\n\u0158\u00edzen\u00ed: Fanuc 30i B<\/p>\n<p>Maxim\u00e1ln\u00ed flexibilita stroje MULTISPRINT d\u00edky jeho modularit\u011b a os\u00e1m Y v ka\u017ed\u00e9 poloze.<br \/>\nPou\u017eit\u00ed poh\u00e1n\u011bn\u00fdch n\u00e1stroj\u016f ve v\u0161ech poloh\u00e1ch v\u0159etena<br \/>\nStandardn\u011b osa Y na v\u0161ech pozic\u00edch v\u0159etena<br \/>\nSWISSTYPEkit pro kr\u00e1tk\u00e9 a dlouh\u00e9 soustru\u017een\u00ed a\u017e do d\u00e9lky 170 mm<br \/>\nObr\u00e1b\u011bn\u00ed skl\u00ed\u010didla nebo ty\u010d\u00ed: ty\u010de od 4 do \u00f8 36 mm, sou\u010d\u00e1sti skl\u00ed\u010didla do \u00f8 50 mm Dvojit\u00e9 obr\u00e1b\u011bn\u00ed vzadu a mimo st\u0159ed.<\/p>\n<p>Typ stroje: V\u00edcev\u0159etenov\u00fd soustru\u017enick\u00fd automat<br \/>\nObr\u00e1b\u011bn\u00ed SWISSTYPE: d\u00e9lka soustru\u017een\u00ed a\u017e 170 mm<br \/>\n\u0158\u00edzen\u00ed: FANUC Series 30i<br \/>\nMaxim\u00e1ln\u00ed flexibilita d\u00edky modularit\u011b a os\u00e1m Y na v\u0161ech pozic\u00edch v\u0159etena<br \/>\nPou\u017eit\u00ed poh\u00e1n\u011bn\u00fdch n\u00e1stroj\u016f ve v\u0161ech poloh\u00e1ch v\u0159etena<br \/>\nObr\u00e1b\u011bn\u00ed: ty\u010de od \u00d8 4 - 36 mm, up\u00ednac\u00ed d\u00edly do \u00d8 50 mm.<br \/>\nMo\u017enost dvojit\u00e9ho zadn\u00edho a mimost\u0159edov\u00e9ho obr\u00e1b\u011bn\u00ed<\/p>\n<p>\u00dadaje o v\u00fdkonu<br \/>\nHodnota funkce<br \/>\nMax. pr\u016fm\u011br obrobku 36 mm<br \/>\nMax. d\u00e9lka obrobku 170 mm<br \/>\nMaxim\u00e1ln\u00ed kapacita ty\u010de 36 mm<br \/>\nPosuv (X \/ Y \/ Z) 50 \/ 100 \/ 170 mm<\/p>\n<p>Hlavn\u00ed v\u0159etena<br \/>\n\u010c\u00edslo: 6<br \/>\nOsy C (\u00fahlov\u00e9 rozli\u0161en\u00ed): 0,002\u00b0<br \/>\nP\u0159\u00ed\u010dn\u00e1 skl\u00ed\u010dka: 6 \u00d7 (osa X\/Y)<br \/>\nZdvih Z1-Z6: 170 mm (se sadou SWISSTYPE)<br \/>\nMaxim\u00e1ln\u00ed kapacita ty\u010de: \u00d8 40 mm<br \/>\nOt\u00e1\u010dky: a\u017e 7 500 ot\/min<br \/>\nV\u00fdkon pohonu (pracovn\u00ed cyklus 100%): 13,3 kW<br \/>\nTo\u010div\u00fd moment (pracovn\u00ed cyklus 100%): 32 Nm<br \/>\nDoba indexov\u00e1n\u00ed bubnu: 0,65 s<\/p>\n<p>Protiv\u0159eteno Sb\u011brac\u00ed v\u0159etena<br \/>\nPo\u010det: 2 (osy C s osami X\/Y\/Z)<br \/>\nPr\u016fchoz\u00ed otvor: \u00d8 40 mm<br \/>\nOt\u00e1\u010dky: 7 500 ot\/min<br \/>\nV\u00fdkon pohonu: 13,3 kW<br \/>\nTo\u010div\u00fd moment: 32 Nm<br \/>\nVzd\u00e1lenost pojezdu (Z7-Z8): 410 mm<br \/>\nZdvih (X7-X8 \/ Y7-Y8): 277 \/ 312 mm<br \/>\nRychlost posunu: 40 m\/min<\/p>\n<p>Dr\u017e\u00e1k n\u00e1stroj\u016f na k\u0159\u00ed\u017eov\u00e9m suportu<br \/>\nMaxim\u00e1ln\u00ed po\u010det n\u00e1stroj\u016f: 3<br \/>\nOt\u00e1\u010dky: 3 900 \/ 8 000 \/ 13 800 ot\/min.<br \/>\nV\u00fdkon pohonu (pracovn\u00ed cyklus 100%): 0,9 kW<br \/>\nTo\u010div\u00fd moment (pracovn\u00ed cyklus 100%): 5,8 \/ 2,9 \/ 1,7 Nm<br \/>\nVzd\u00e1lenosti pohybu (X1-X6 \/ Y1-Y6): 50 \/ 100 mm<br \/>\nRychlost posunu: 20 m\/min<br \/>\nS\u00e1n\u011b pro zadn\u00ed obr\u00e1b\u011bn\u00ed<br \/>\nRychlost (U7-U8): 3 900 \/ 8 000 \/ 13 800 min-\u00b9<br \/>\nV\u00fdkon pohonu: 0,9 kW<br \/>\nTo\u010div\u00fd moment: 5,8 \/ 2,9 \/ 1,7 Nm<br \/>\nOvl\u00e1dac\u00ed displej: 15\u2033 barevn\u00fd displej (\u00d7 2)<br \/>\nUp\u00ednac\u00ed syst\u00e9m: Hainbuch TOPlus 40 Up\u00ednac\u00ed skl\u00ed\u010didlo s osovou fixac\u00ed<\/p>\n<p>Z\u00e1v\u011bsn\u00fd p\u00e1sov\u00fd dopravn\u00edk t\u0159\u00edsek se zvedac\u00edm \u010derpadlem<br \/>\nVysokotlak\u00fd syst\u00e9m pro olej (filtr 50 \/ 25 \u00b5m, \u010derpadla 5 \/ 12 MPa)<br \/>\nR\u016fzn\u00e9 dr\u017e\u00e1ky n\u00e1stroj\u016f<br \/>\nHasic\u00ed syst\u00e9m<br \/>\nZ\u00e1sobn\u00edk s ty\u010dov\u00fdm pln\u011bn\u00edm (ploch\u00e9 proveden\u00ed z\u00e1sobn\u00edku)<br \/>\nSyst\u00e9m nakl\u00e1d\u00e1n\u00ed obrobk\u016f<\/p>\n<p>Stroj je pln\u011b funk\u010dn\u00ed po elektrick\u00e9 i mechanick\u00e9 str\u00e1nce a po domluv\u011b je mo\u017en\u00e9 si jej prohl\u00e9dnout pod proudem.<br \/>\nZm\u011bny a chyby v technick\u00fdch \u00fadaj\u00edch a specifikac\u00edch vyhrazeny, stejn\u011b jako p\u0159edchoz\u00ed prodej!<\/p>","protected":false},"excerpt":{"rendered":"<p>Standort: Deutschland, Baden-W\u00fcrttemberg S\u00fcdwest Zustand: Neuwertig Hersteller: DMG Modell: MULTISPRINT MS36-2 Baujahr: 2018 Betriebsstunden: 31241 CNC-DMG Gildemeister MULTISPRINT 36 \/ SWISSTYPE-Bearbeitung bis 170 mm Drehl\u00e4nge Baujahr: 2018 Betriebsstunden: 47548 Bearbeitungszeit: 31241 Stand: Oktober 2025 Steuerung: Fanuc 30i B H\u00f6chste Flexibilit\u00e4t der MULTISPRINT dank ihrer Modularit\u00e4t und ihrer Y-Achsen in jeder Postion Einsatz angetriebener Werkzeuge auf [&hellip;]<\/p>\n","protected":false},"featured_media":4346,"comment_status":"open","ping_status":"closed","template":"","meta":{"_uf_show_specific_survey":0,"_uf_disable_surveys":false},"product_brand":[],"product_cat":[108],"product_tag":[],"class_list":{"0":"post-4333","1":"product","2":"type-product","3":"status-publish","4":"has-post-thumbnail","6":"product_cat-mehrspindler","8":"first","9":"instock","10":"taxable","11":"shipping-taxable","12":"product-type-simple"},"aioseo_notices":[],"_links":{"self":[{"href":"https:\/\/mueller-wrh.de\/cs\/wp-json\/wp\/v2\/product\/4333","targetHints":{"allow":["GET"]}}],"collection":[{"href":"https:\/\/mueller-wrh.de\/cs\/wp-json\/wp\/v2\/product"}],"about":[{"href":"https:\/\/mueller-wrh.de\/cs\/wp-json\/wp\/v2\/types\/product"}],"replies":[{"embeddable":true,"href":"https:\/\/mueller-wrh.de\/cs\/wp-json\/wp\/v2\/comments?post=4333"}],"wp:featuredmedia":[{"embeddable":true,"href":"https:\/\/mueller-wrh.de\/cs\/wp-json\/wp\/v2\/media\/4346"}],"wp:attachment":[{"href":"https:\/\/mueller-wrh.de\/cs\/wp-json\/wp\/v2\/media?parent=4333"}],"wp:term":[{"taxonomy":"product_brand","embeddable":true,"href":"https:\/\/mueller-wrh.de\/cs\/wp-json\/wp\/v2\/product_brand?post=4333"},{"taxonomy":"product_cat","embeddable":true,"href":"https:\/\/mueller-wrh.de\/cs\/wp-json\/wp\/v2\/product_cat?post=4333"},{"taxonomy":"product_tag","embeddable":true,"href":"https:\/\/mueller-wrh.de\/cs\/wp-json\/wp\/v2\/product_tag?post=4333"}],"curies":[{"name":"wp","href":"https:\/\/api.w.org\/{rel}","templated":true}]}}