{"id":4286,"date":"2025-10-18T09:40:01","date_gmt":"2025-10-18T09:40:01","guid":{"rendered":"https:\/\/mueller-wrh.de\/produkt\/star-sv-32jii_bj-2002_-typ-440_intnr231159\/"},"modified":"2025-10-18T09:40:01","modified_gmt":"2025-10-18T09:40:01","slug":"star-sv-32jii_bj-2002_-typ-440_intnr231159","status":"publish","type":"product","link":"https:\/\/mueller-wrh.de\/cs\/produkt\/star-sv-32jii_bj-2002_-typ-440_intnr231159\/","title":{"rendered":"Star SV-32JII_Rok 2002_Typ 440_IntNo231159"},"content":{"rendered":"<p><b>Um\u00edst\u011bn\u00ed:<\/b> N\u011bmecko, B\u00e1densko-W\u00fcrttembersko Jihoz\u00e1padn\u00ed N\u011bmecko<\/p>\n<p><b>Stav:<\/b> Pou\u017eit\u00e9<\/p>\n<p><b>V\u00fdrobce:<\/b> STAR Micronics<\/p>\n<p><b>Model:<\/b> SV-32<\/p>\n<p><b>Rok v\u00fdstavby:<\/b> 2002<\/p>\n<p><b>Provozn\u00ed doba:<\/b> 18000<\/p>\n<p>IntNo231159<br \/>\nTyp stroje CNC soustru\u017enick\u00fd automat s posuvnou hlavou<br \/>\nV\u00fdrobce STAR Micronics<br \/>\nModel SV32 JII<br \/>\nRok v\u00fdstavby 2002<br \/>\nStav velmi dobr\u00fd (pou\u017eit\u00fd)<br \/>\nVelmi dob\u0159e udr\u017eovan\u00fd stroj p\u0159\u00edmo od u\u017eivatele<br \/>\nStroj b\u011b\u017eel pouze s olejem<br \/>\nProvozn\u00ed doba p\u0159ibli\u017en\u011b 18 000 hodin.<br \/>\nStandardn\u00ed p\u0159\u00edslu\u0161enstv\u00ed stroje<br \/>\n. Synchronn\u011b poh\u00e1n\u011bn\u00e9 vodic\u00ed pouzdro<br \/>\n. Osa C na hlavn\u00edm v\u0159etenu a v\u0159etenu sb\u011bra\u010de<br \/>\n. Dopravn\u00ed p\u00e1s na obrobky<br \/>\n. Obj\u00edmka hlavn\u00edho v\u0159etena F37 (673-53)<br \/>\n. V\u0159eteno sb\u011bra\u010de kle\u0161tinov\u00e9ho pouzdra F37 (673-73)<br \/>\n. T\u0159\u00edv\u0159etenov\u00e1 k\u0159\u00ed\u017eov\u00e1 vrtac\u00ed jednotka<br \/>\n. 4stani\u010dn\u00ed dr\u017e\u00e1k n\u00e1stroj\u016f 16x16mm<br \/>\n. V\u0159eteno sb\u011bra\u010de s kapacitou sb\u011bra\u010de 32 mm<br \/>\n. \u010c\u00e1ste\u010dn\u00e9 vyfukovac\u00ed za\u0159\u00edzen\u00ed na p\u0159edn\u00ed stran\u011b<br \/>\n. Vyhazova\u010d d\u00edl\u016f, ochrana proti vyhazov\u00e1n\u00ed d\u00edl\u016f,<br \/>\n. Ochrana proti lom\u016fm \u0159ezn\u00e9 oceli<br \/>\n. Samostatn\u00e1 n\u00e1dr\u017e na chladic\u00ed olej s kontrolou hladiny a pr\u016ftoku.<br \/>\n. Automatick\u00e1 centr\u00e1ln\u00ed mazac\u00ed jednotka s kontrolou hladiny oleje<br \/>\n. Nivela\u010dn\u00ed \u0161rouby a desky, sk\u0159\u00ed\u0148ka na n\u00e1\u0159ad\u00ed<br \/>\n. Rozhran\u00ed pro podava\u010d ty\u010d\u00ed<br \/>\n. Rozhran\u00ed RS232C<\/p>\n<p>Z\u00e1sobn\u00edk FMB Turbo 3-26 vyroben\u00fd v roce 2004<br \/>\nHasic\u00ed syst\u00e9m Kraft &amp; Bauer \/ GUT Feuerschutz<br \/>\nDopravn\u00edk t\u0159\u00edsek Mayfran<\/p>\n<p>Stroj si m\u016f\u017eete prohl\u00e9dnout po p\u0159edchoz\u00ed domluv\u011b.<br \/>\nZm\u011bny a chyby v technick\u00fdch \u00fadaj\u00edch a informac\u00edch, jako\u017e i p\u0159edchoz\u00ed prodej vyhrazeny!<\/p>\n<p>IntNo231159<br \/>\nTyp stroje CNC soustru\u017enick\u00fd automat s posuvnou hlavou<br \/>\nV\u00fdrobce STAR Micronics<br \/>\nModel SV32 JII<br \/>\nrok v\u00fdstavby 2002<br \/>\nStav velmi dobr\u00fd (pou\u017eit\u00fd)<br \/>\nVelmi dob\u0159e udr\u017eovan\u00fd stroj p\u0159\u00edmo od u\u017eivatele<br \/>\nStroj b\u011b\u017eel pouze s olejem<br \/>\nProvozn\u00ed doba p\u0159ibli\u017en\u011b 18 000 hodin<br \/>\nStroj se standardn\u00edm p\u0159\u00edslu\u0161enstv\u00edm<br \/>\n. Synchronn\u011b poh\u00e1n\u011bn\u00e9 vodic\u00ed pouzdro<br \/>\n. Osa C na hlavn\u00edm v\u0159etenu a v\u0159etenu sb\u011bra\u010de<br \/>\n. Dopravn\u00ed p\u00e1s na obrobky<br \/>\n. Obj\u00edmka hlavn\u00edho v\u0159etena F37 (673-53)<br \/>\n. V\u0159eteno sb\u011bra\u010de kle\u0161tinov\u00e9ho pouzdra F37 (673-73)<br \/>\n. T\u0159\u00edv\u0159etenov\u00e1 k\u0159\u00ed\u017eov\u00e1 vrtac\u00ed jednotka<br \/>\n. 4stani\u010dn\u00ed dr\u017e\u00e1k n\u00e1stroj\u016f 16x16mm<br \/>\n. V\u0159eteno sb\u011bra\u010de s kapacitou sb\u011bra\u010de 32 mm<br \/>\n. \u010c\u00e1ste\u010dn\u00e9 vyfukovac\u00ed za\u0159\u00edzen\u00ed na p\u0159edn\u00ed stran\u011b<br \/>\n. Vyhazova\u010d d\u00edl\u016f, ochrana proti vyhazov\u00e1n\u00ed d\u00edl\u016f ,<br \/>\n. Ochrana proti zlomen\u00ed \u0159ezn\u00e9 oceli<br \/>\n. Samostatn\u00e1 n\u00e1dr\u017e na chladic\u00ed olej s kontrolou hladiny a pr\u016ftoku.<br \/>\n. Automatick\u00e1 centr\u00e1ln\u00ed mazac\u00ed jednotka s kontrolou hladiny oleje<br \/>\n. Vyrovn\u00e1vac\u00ed \u0161rouby a desky, sk\u0159\u00ed\u0148ka na n\u00e1\u0159ad\u00ed<br \/>\n. Rozhran\u00ed pro podava\u010d ty\u010d\u00ed<br \/>\n. Rozhran\u00ed RS232C<\/p>\n<p>Nakl\u00e1dac\u00ed \u010dasopis FMB Turbo 3-26 rok 2004<br \/>\nHasic\u00ed syst\u00e9m Kraft &amp; Bauer \/ GUT Feuerschutz<br \/>\nDopravn\u00edk t\u0159\u00edsek Mayfran<\/p>\n<p>Stroj si m\u016f\u017eete prohl\u00e9dnout po p\u0159edchoz\u00ed domluv\u011b.<br \/>\nZm\u011bny a chyby v technick\u00fdch \u00fadaj\u00edch a informac\u00edch, jako\u017e i p\u0159edchoz\u00ed prodej vyhrazeny!<\/p>","protected":false},"excerpt":{"rendered":"<p>Standort: Deutschland, Baden-W\u00fcrttemberg S\u00fcdwest Zustand: Gebraucht Hersteller: STAR Micronics Modell: SV-32 Baujahr: 2002 Betriebsstunden: 18000 IntNr231159 Maschinentyp CNC-Langdrehautomat Hersteller STAR Micronics Modell SV32 JII Baujahr 2002 Zustand sehr gut (gebraucht) Sehr gepflegte Maschine direkt vom Anwender Maschine ist nur mit \u00d6l gelaufen Betriebsstunden um die 18.000std. Standardzubeh\u00f6r Maschine . Synchron angetriebene F\u00fchrungsb\u00fcchse . C-Achse auf [&hellip;]<\/p>\n","protected":false},"featured_media":4280,"comment_status":"open","ping_status":"closed","template":"","meta":{"_uf_show_specific_survey":0,"_uf_disable_surveys":false},"product_brand":[],"product_cat":[23],"product_tag":[],"class_list":{"0":"post-4286","1":"product","2":"type-product","3":"status-publish","4":"has-post-thumbnail","6":"product_cat-cnc-langdrehmaschinen","8":"first","9":"instock","10":"taxable","11":"shipping-taxable","12":"product-type-simple"},"aioseo_notices":[],"_links":{"self":[{"href":"https:\/\/mueller-wrh.de\/cs\/wp-json\/wp\/v2\/product\/4286","targetHints":{"allow":["GET"]}}],"collection":[{"href":"https:\/\/mueller-wrh.de\/cs\/wp-json\/wp\/v2\/product"}],"about":[{"href":"https:\/\/mueller-wrh.de\/cs\/wp-json\/wp\/v2\/types\/product"}],"replies":[{"embeddable":true,"href":"https:\/\/mueller-wrh.de\/cs\/wp-json\/wp\/v2\/comments?post=4286"}],"wp:featuredmedia":[{"embeddable":true,"href":"https:\/\/mueller-wrh.de\/cs\/wp-json\/wp\/v2\/media\/4280"}],"wp:attachment":[{"href":"https:\/\/mueller-wrh.de\/cs\/wp-json\/wp\/v2\/media?parent=4286"}],"wp:term":[{"taxonomy":"product_brand","embeddable":true,"href":"https:\/\/mueller-wrh.de\/cs\/wp-json\/wp\/v2\/product_brand?post=4286"},{"taxonomy":"product_cat","embeddable":true,"href":"https:\/\/mueller-wrh.de\/cs\/wp-json\/wp\/v2\/product_cat?post=4286"},{"taxonomy":"product_tag","embeddable":true,"href":"https:\/\/mueller-wrh.de\/cs\/wp-json\/wp\/v2\/product_tag?post=4286"}],"curies":[{"name":"wp","href":"https:\/\/api.w.org\/{rel}","templated":true}]}}