{"id":4279,"date":"2025-10-14T06:57:20","date_gmt":"2025-10-14T06:57:20","guid":{"rendered":"https:\/\/mueller-wrh.de\/produkt\/star-sv-20_bj-1999-typ-420_intnr231160\/"},"modified":"2025-12-16T10:47:51","modified_gmt":"2025-12-16T10:47:51","slug":"star-sv-20_bj-1999-typ-420_intnr231160","status":"publish","type":"product","link":"https:\/\/mueller-wrh.de\/cs\/produkt\/star-sv-20_bj-1999-typ-420_intnr231160\/","title":{"rendered":"Star SV-20_Rok 1999 Typ 420_IntNo231160"},"content":{"rendered":"<p><b>Um\u00edst\u011bn\u00ed:<\/b> N\u011bmecko, B\u00e1densko-W\u00fcrttembersko Jihoz\u00e1padn\u00ed N\u011bmecko<\/p>\n<p><b>Stav:<\/b> Pou\u017eit\u00e9<\/p>\n<p><b>V\u00fdrobce:<\/b> STAR Micronics<\/p>\n<p><b>Model:<\/b> SV-20<\/p>\n<p><b>Rok v\u00fdstavby:<\/b> 1999<\/p>\n<p><b>Provozn\u00ed doba:<\/b> 78000<\/p>\n<p>IntNo231160<br \/>\nTyp stroje CNC soustru\u017enick\u00fd automat s posuvnou hlavou<br \/>\nV\u00fdrobce STAR<br \/>\nModel SV-20<br \/>\nRok v\u00fdstavby 1999<br \/>\nStav velmi dobr\u00fd (pou\u017eit\u00fd)<br \/>\nVelmi dob\u0159e udr\u017eovan\u00fd stroj p\u0159\u00edmo od u\u017eivatele<br \/>\nStroj b\u011b\u017eel pouze s olejem<br \/>\nProvozn\u00ed hodiny p\u0159ibli\u017en\u011b 78 000 hodin.<br \/>\n\u0158\u00eddic\u00ed syst\u00e9m FANUC 16i-T s 9 osami,<br \/>\n9 os (X \/ C1 \/ Y \/ E \/ B \/ A \/ X \/ C2),<br \/>\n\u00d8 ty\u010de max. 20 mm<br \/>\nD\u00e9lka soustru\u017een\u00ed max. 205 mm \/ 195 mm,<br \/>\nHlavn\u00ed v\u0159eteno, max. ot\u00e1\u010dky 10 000 ot\/min, osa C,<br \/>\nProtiv\u0159eteno s kle\u0161tinov\u00fdm skl\u00ed\u010didlem, max. ot\u00e1\u010dky 10 000 ot\/min, osa C,<br \/>\n4n\u00e1sobn\u00fd dr\u017e\u00e1k n\u00e1stroj\u016f<br \/>\n3 k\u0159\u00ed\u017eov\u00e9 vrtac\u00ed jednotky<br \/>\nRevolver s 8 stanicemi<br \/>\nR\u016fzn\u00e9 p\u0159\u00eddavn\u00e9 dr\u017e\u00e1ky n\u00e1stroj\u016f, pera,<br \/>\nDopravn\u00ed p\u00e1s na d\u00edly<br \/>\nObjem n\u00e1dr\u017ee 170 litr\u016f<\/p>\n<p>Chladic\u00ed kapalina pou\u017e\u00edvan\u00e1 strojem: Olej <\/p>\n<p>Z\u00e1sobn\u00edk FMB Turbo 3-26 \/3200\/A \/ od \u00d83- \u00d826 mm Rok v\u00fdroby 1999<br \/>\nHasic\u00ed syst\u00e9m Kraft &amp; Bauer \/ GUT Feuerschutz<br \/>\nDopravn\u00edk t\u0159\u00edsek Mayfran<\/p>\n<p>Stroj si m\u016f\u017eete prohl\u00e9dnout po p\u0159edchoz\u00ed domluv\u011b.<br \/>\nZm\u011bny a chyby v technick\u00fdch \u00fadaj\u00edch a informac\u00edch, jako\u017e i p\u0159edchoz\u00ed prodej vyhrazeny!<\/p>\n<p>IntNo231160<br \/>\nTyp stroje CNC soustru\u017enick\u00fd automat s posuvnou hlavou<br \/>\nV\u00fdrobce STAR<br \/>\nModel SV-20<br \/>\nrok v\u00fdstavby 1999<br \/>\nStav velmi dobr\u00fd (pou\u017eit\u00fd)<br \/>\nVelmi dob\u0159e udr\u017eovan\u00fd stroj p\u0159\u00edmo od u\u017eivatele<br \/>\nStroj b\u011b\u017eel pouze s olejem<br \/>\nProvozn\u00ed doba p\u0159ibli\u017en\u011b 78 000 hodin<br \/>\n\u0158\u00edzen\u00ed FANUC 16i-T s 9 osami,<br \/>\n9 os (X \/ C1 \/ Y \/ E \/ B \/ A \/ X \/ C2),<br \/>\n\u00d8 ty\u010de max. 20 mm<br \/>\nD\u00e9lka soustru\u017een\u00ed max. 205 mm \/ 195 mm,<br \/>\nHlavn\u00ed v\u0159eteno, max. ot\u00e1\u010dky 10 000 ot\/min, osa C,<br \/>\nProtiv\u0159eteno s kle\u0161tinov\u00fdm skl\u00ed\u010didlem, max. ot\u00e1\u010dky 10 000 ot\/min, osa C,<br \/>\n4n\u00e1sobn\u00fd dr\u017e\u00e1k n\u00e1stroj\u016f<br \/>\n3 k\u0159\u00ed\u017eov\u00e9 vrtac\u00ed jednotky<br \/>\nV\u011b\u017e s 8 stanicemi<br \/>\nR\u016fzn\u00e9 p\u0159\u00eddavn\u00e9 dr\u017e\u00e1ky n\u00e1stroj\u016f, pera,<br \/>\np\u00e1sov\u00fd dopravn\u00edk d\u00edl\u016f<br \/>\nObjem n\u00e1dr\u017ee 170 l<\/p>\n<p>Chladic\u00ed kapalina stroje: olej <\/p>\n<p>Z\u00e1sobn\u00edk FMB Turbo 3-26 \/3200\/A \/ od \u00d83- \u00d826 mm Rok v\u00fdroby 1999<br \/>\nHasic\u00ed syst\u00e9m Kraft &amp; Bauer \/ GUT protipo\u017e\u00e1rn\u00ed ochrana<br \/>\nDopravn\u00edk t\u0159\u00edsek Mayfran<\/p>\n<p>Stroj si m\u016f\u017eete prohl\u00e9dnout po p\u0159edchoz\u00ed domluv\u011b.<br \/>\nZm\u011bny a chyby v technick\u00fdch \u00fadaj\u00edch a informac\u00edch, jako\u017e i p\u0159edchoz\u00ed prodej vyhrazeny!<\/p>","protected":false},"excerpt":{"rendered":"<p>Standort: Deutschland, Baden-W\u00fcrttemberg S\u00fcdwest Zustand: Gebraucht Hersteller: STAR Micronics Modell: SV-20 Baujahr: 1999 Betriebsstunden: 78000 IntNr231160 Maschinentyp CNC-Langdrehautomat Hersteller STAR Modell SV-20 Baujahr 1999 Zustand sehr gut (gebraucht) Sehr gepflegte Maschine direkt vom Anwender Maschine ist nur mit \u00d6l gelaufen Betriebsstunden um die 78.000std. FANUC 16i-T Steuerung mit 9 Achsen, 9 Achsen (X \/ C1 [&hellip;]<\/p>\n","protected":false},"featured_media":4569,"comment_status":"open","ping_status":"closed","template":"","meta":{"_uf_show_specific_survey":0,"_uf_disable_surveys":false},"product_brand":[],"product_cat":[23],"product_tag":[],"class_list":{"0":"post-4279","1":"product","2":"type-product","3":"status-publish","4":"has-post-thumbnail","6":"product_cat-cnc-langdrehmaschinen","8":"first","9":"instock","10":"taxable","11":"shipping-taxable","12":"product-type-simple"},"aioseo_notices":[],"_links":{"self":[{"href":"https:\/\/mueller-wrh.de\/cs\/wp-json\/wp\/v2\/product\/4279","targetHints":{"allow":["GET"]}}],"collection":[{"href":"https:\/\/mueller-wrh.de\/cs\/wp-json\/wp\/v2\/product"}],"about":[{"href":"https:\/\/mueller-wrh.de\/cs\/wp-json\/wp\/v2\/types\/product"}],"replies":[{"embeddable":true,"href":"https:\/\/mueller-wrh.de\/cs\/wp-json\/wp\/v2\/comments?post=4279"}],"wp:featuredmedia":[{"embeddable":true,"href":"https:\/\/mueller-wrh.de\/cs\/wp-json\/wp\/v2\/media\/4569"}],"wp:attachment":[{"href":"https:\/\/mueller-wrh.de\/cs\/wp-json\/wp\/v2\/media?parent=4279"}],"wp:term":[{"taxonomy":"product_brand","embeddable":true,"href":"https:\/\/mueller-wrh.de\/cs\/wp-json\/wp\/v2\/product_brand?post=4279"},{"taxonomy":"product_cat","embeddable":true,"href":"https:\/\/mueller-wrh.de\/cs\/wp-json\/wp\/v2\/product_cat?post=4279"},{"taxonomy":"product_tag","embeddable":true,"href":"https:\/\/mueller-wrh.de\/cs\/wp-json\/wp\/v2\/product_tag?post=4279"}],"curies":[{"name":"wp","href":"https:\/\/api.w.org\/{rel}","templated":true}]}}