{"id":4081,"date":"2025-09-22T12:09:45","date_gmt":"2025-09-22T12:09:45","guid":{"rendered":"https:\/\/mueller-wrh.de\/produkt\/gebr-weiler-ergodor_bj-1998-intnr231387\/"},"modified":"2025-09-22T12:09:45","modified_gmt":"2025-09-22T12:09:45","slug":"gebr-weiler-ergodor_bj-1998-intnr231387","status":"publish","type":"product","link":"https:\/\/mueller-wrh.de\/cs\/produkt\/gebr-weiler-ergodor_bj-1998-intnr231387\/","title":{"rendered":"zna\u010dkov\u00e1 osada ERGODOR_postavena 1998, IntNo231387"},"content":{"rendered":"<p><b>Um\u00edst\u011bn\u00ed:<\/b> N\u011bmecko, B\u00e1densko-W\u00fcrttembersko Jihoz\u00e1padn\u00ed N\u011bmecko<\/p>\n<p><b>Stav:<\/b> Pou\u017eit\u00e9<\/p>\n<p><b>Model:<\/b> Ergodor<\/p>\n<p><b>Rok v\u00fdstavby:<\/b> 1998<\/p>\n<p>Mechanick\u00fd soustruh WEILER, ERGODOR, rok 1998<br \/>\nP\u0159esn\u00fd hrotov\u00fd soustruh v ergonomick\u00e9m designu<\/p>\n<p>Technick\u00e9 \u00fadaje<br \/>\nMax. Pr\u016fm\u011br ot\u00e1\u010den\u00ed nad lo\u017eem: cca 320 mm<br \/>\nMax. Pr\u016fm\u011br ot\u00e1\u010den\u00ed p\u0159es podp\u011bru: cca 160 mm<br \/>\nMax. D\u00e9lka soustru\u017een\u00ed: cca 470 mm<br \/>\nOtvor pro ty\u010d: p\u0159ibli\u017en\u011b 36 mm<br \/>\nV\u0159eteno: Rozsah ot\u00e1\u010dek: cca 30 - 3550 ot\/min.<br \/>\nNos v\u0159etena: A 2 - 5<br \/>\nV\u00fdkon pohonu: cca 3,0 kW<br \/>\nAutomatick\u00e9 pod\u00e9ln\u00e9 a \u010deln\u00ed posuvy:<br \/>\nRozsah posuvu: p\u0159ibli\u017en\u011b 0,020 - 2,0 mm\/ot\u00e1\u010dku<\/p>\n<p>Stroj si m\u016f\u017eete prohl\u00e9dnout po p\u0159edchoz\u00ed domluv\u011b.<br \/>\nZm\u011bny a chyby v technick\u00fdch \u00fadaj\u00edch a informac\u00edch, jako\u017e i p\u0159edchoz\u00ed prodej vyhrazeny!<\/p>\n<p>Mechanick\u00fd soustruh WEILER ERGODOR, vyroben\u00fd v roce 1998<br \/>\nVysoce p\u0159esn\u00fd hrotov\u00fd soustruh s ergonomick\u00fdm designem<\/p>\n<p>Technick\u00e9 \u00fadaje<br \/>\nMaxim\u00e1ln\u00ed pr\u016fm\u011br ot\u00e1\u010den\u00ed nad lo\u017eem: cca 320 mm<br \/>\nMaxim\u00e1ln\u00ed pr\u016fm\u011br ot\u00e1\u010den\u00ed p\u0159es podp\u011bru: cca 160 mm<br \/>\nMaxim\u00e1ln\u00ed d\u00e9lka ot\u00e1\u010den\u00ed: cca 470 mm<br \/>\nPr\u016fchod ty\u010d\u00ed: cca 36 mm<br \/>\nV\u0159eteno: Rozsah ot\u00e1\u010dek: cca 30 - 3550 ot\/min.<br \/>\nNos v\u0159etena: A 2 - 5<br \/>\nV\u00fdkon pohonu: cca 3,0 kW<br \/>\nAutomatick\u00e9 pod\u00e9ln\u00e9 a p\u0159\u00ed\u010dn\u00e9 posuvy:<br \/>\nRozsah posuvu: p\u0159ibli\u017en\u011b 0,020 - 2,0 mm\/ot\u00e1\u010dku<\/p>\n<p>Stroj si lze prohl\u00e9dnout po p\u0159edchoz\u00ed domluv\u011b.<br \/>\nZm\u011bny a chyby v technick\u00fdch \u00fadaj\u00edch a specifikac\u00edch vyhrazeny, stejn\u011b jako p\u0159edchoz\u00ed prodej!<\/p>","protected":false},"excerpt":{"rendered":"<p>Standort: Deutschland, Baden-W\u00fcrttemberg S\u00fcdwest Zustand: Gebraucht Modell: Ergodor Baujahr: 1998 Mechanikerdrehmaschine WEILER, ERGODOR, Bj. 1998 Genauigkeits-Spitzendrehmaschine in ergonomischer Bauart Technische Daten Max. Drehdurchmesser \u00fcber Bett: ca. 320 mm Max. Drehdurchmesser \u00fcber Support: ca. 160 mm Max. Drehl\u00e4nge: ca. 470 mm Stangendurchlass: ca. 36 mm Spindel: Drehzahlbereich: ca. 30 &#8211; 3550 U\/min Spindelnase: A 2 &#8211; [&hellip;]<\/p>\n","protected":false},"featured_media":4076,"comment_status":"open","ping_status":"closed","template":"","meta":{"_uf_show_specific_survey":0,"_uf_disable_surveys":false},"product_brand":[],"product_cat":[107],"product_tag":[],"class_list":{"0":"post-4081","1":"product","2":"type-product","3":"status-publish","4":"has-post-thumbnail","6":"product_cat-drehmaschine","8":"first","9":"instock","10":"taxable","11":"shipping-taxable","12":"product-type-simple"},"aioseo_notices":[],"_links":{"self":[{"href":"https:\/\/mueller-wrh.de\/cs\/wp-json\/wp\/v2\/product\/4081","targetHints":{"allow":["GET"]}}],"collection":[{"href":"https:\/\/mueller-wrh.de\/cs\/wp-json\/wp\/v2\/product"}],"about":[{"href":"https:\/\/mueller-wrh.de\/cs\/wp-json\/wp\/v2\/types\/product"}],"replies":[{"embeddable":true,"href":"https:\/\/mueller-wrh.de\/cs\/wp-json\/wp\/v2\/comments?post=4081"}],"wp:featuredmedia":[{"embeddable":true,"href":"https:\/\/mueller-wrh.de\/cs\/wp-json\/wp\/v2\/media\/4076"}],"wp:attachment":[{"href":"https:\/\/mueller-wrh.de\/cs\/wp-json\/wp\/v2\/media?parent=4081"}],"wp:term":[{"taxonomy":"product_brand","embeddable":true,"href":"https:\/\/mueller-wrh.de\/cs\/wp-json\/wp\/v2\/product_brand?post=4081"},{"taxonomy":"product_cat","embeddable":true,"href":"https:\/\/mueller-wrh.de\/cs\/wp-json\/wp\/v2\/product_cat?post=4081"},{"taxonomy":"product_tag","embeddable":true,"href":"https:\/\/mueller-wrh.de\/cs\/wp-json\/wp\/v2\/product_tag?post=4081"}],"curies":[{"name":"wp","href":"https:\/\/api.w.org\/{rel}","templated":true}]}}