{"id":3975,"date":"2025-09-13T11:32:12","date_gmt":"2025-09-13T11:32:12","guid":{"rendered":"https:\/\/mueller-wrh.de\/produkt\/hermle-c30u-bab-zentrum-_2004_intnr231358\/"},"modified":"2025-10-30T15:35:26","modified_gmt":"2025-10-30T15:35:26","slug":"hermle-c30u-bab-zentrum-_2004_intnr231358","status":"publish","type":"product","link":"https:\/\/mueller-wrh.de\/cs\/produkt\/hermle-c30u-bab-zentrum-_2004_intnr231358\/","title":{"rendered":"Hermle C30U, rok 2004_IntNo231358"},"content":{"rendered":"<p><b>Um\u00edst\u011bn\u00ed:<\/b> N\u011bmecko, B\u00e1densko-W\u00fcrttembersko Jihoz\u00e1padn\u00ed N\u011bmecko<\/p>\n<p><b>Stav:<\/b> Pou\u017eit\u00e9<\/p>\n<p><b>V\u00fdrobce:<\/b> Hermle<\/p>\n<p><b>Model:<\/b> C30 U<\/p>\n<p><b>Rok v\u00fdstavby:<\/b> 2004<\/p>\n<p>\u0158\u00eddic\u00ed syst\u00e9m iTNC 530 Heidenhain<br \/>\nZapnut\u00fd program: Po\u010det hodin: 49 000<br \/>\nPo\u010det hodin zapnut\u00e9ho v\u0159etena: 42 300<br \/>\nPohybliv\u00e9 n\u00e1pravy: 45 000<br \/>\nx-way 650 mm<br \/>\ny-dr\u00e1ha 600 mm<br \/>\nz-dr\u00e1ha 500 mm<br \/>\nHlavn\u00ed v\u0159eteno:<br \/>\nOt\u00e1\u010dky max. 18 000 ot\/min<br \/>\nVnit\u0159n\u00ed chlazen\u00ed (IKZ)<br \/>\nExtern\u00ed spojka (AKZ)<br \/>\nV\u00fdkon pohonu - hlavn\u00ed v\u0159eteno 19 kW<br \/>\nDr\u017e\u00e1k n\u00e1stroj\u016f SK 40<br \/>\nOto\u010dn\u00fd st\u016fl:<br \/>\nPr\u016fm\u011br oto\u010dn\u00e9ho stolu 280 mm<br \/>\nRozsah ot\u00e1\u010den\u00ed A: -30 \/ + 115 \u00b0<br \/>\noto\u010dn\u00fd C: 360\u00b0<br \/>\nMaxim\u00e1ln\u00ed zat\u00ed\u017een\u00ed stolu cca 1 000 kg<br \/>\nOt\u00e1\u010dky A: 25 \/ C: 65 ot\u00e1\u010dek za minutu<br \/>\nV\u00fdm\u011bn\u00edk n\u00e1stroj\u016f:<br \/>\nPo\u010det pozic n\u00e1stroje 32 poz.<br \/>\nPo\u010det pozic n\u00e1stroje Z\u00e1sobn\u00edk 88 poz.<br \/>\nDr\u017e\u00e1k n\u00e1stroj\u016f SK 40<br \/>\nmax. pr\u016fm\u011br n\u00e1stroje 80 mm<br \/>\nmax. pr\u016fm\u011br n\u00e1stroje s voln\u00fdm sousedn\u00edm boxem. 125 mm<br \/>\nmax. d\u00e9lka n\u00e1stroje 300 mm<br \/>\nMaxim\u00e1ln\u00ed hmotnost n\u00e1stroje 8,0 kg<br \/>\nkrmiva:<br \/>\nRychl\u00fd posun ( X \/ Y \/ Z ) 45 m\/min<br \/>\nRozli\u0161en\u00ed m\u011b\u0159ic\u00edho syst\u00e9mu 0,0001 mm<br \/>\nCelkov\u00e1 pot\u0159eba energie 41 kVA<br \/>\nHmotnost stroje p\u0159ibli\u017en\u011b 9,5 tuny<\/p>\n<p>P\u0159\u00edslu\u0161enstv\u00ed:<br \/>\nkompletn\u00ed dokumentace<br \/>\nDopravn\u00edk t\u0159\u00edsek<br \/>\nChladic\u00ed za\u0159\u00edzen\u00ed<br \/>\nVnit\u0159n\u00ed p\u0159\u00edvod chladic\u00ed kapaliny<br \/>\nHydraulick\u00e1 jednotka<br \/>\nNC oto\u010dn\u00fd st\u016fl<br \/>\nM\u011bni\u010d n\u00e1stroj\u016f 2 x 80 pozic<br \/>\nelektrick\u00e9 ru\u010dn\u00ed kolo<br \/>\nM\u011b\u0159ic\u00ed sonda Renishaw<br \/>\n20 Dr\u017e\u00e1k n\u00e1stroj\u016f<\/p>\n<p>Stroj si m\u016f\u017eete prohl\u00e9dnout po p\u0159edchoz\u00ed domluv\u011b.<br \/>\nZm\u011bny a chyby v technick\u00fdch \u00fadaj\u00edch a informac\u00edch, jako\u017e i p\u0159edchoz\u00ed prodej vyhrazeny!<\/p>\n<p>\u0158\u00edzen\u00ed iTNC 530 Heidenhain<br \/>\nPo\u010det zapnut\u00fdch program\u016f: hodin: 49 000<br \/>\nPo\u010det hodin zapnut\u00e9ho v\u0159etena: 42 300<br \/>\nOsy v pohybu: 45 000<br \/>\nx-path 650 mm<br \/>\ny-dr\u00e1ha 600 mm<br \/>\nz-dr\u00e1ha 500 mm<br \/>\nHlavn\u00ed v\u0159eteno:<br \/>\nmax. ot\u00e1\u010dky 18 000 ot\/min<br \/>\nVnit\u0159n\u00ed chlazen\u00ed (IKZ)<br \/>\nExtern\u00ed chlazen\u00ed (AKZ)<br \/>\nV\u00fdkon pohonu - hlavn\u00ed v\u0159eteno 19 kW<br \/>\nDr\u017e\u00e1k n\u00e1stroj\u016f SK 40<br \/>\nOto\u010dn\u00fd st\u016fl:<br \/>\nPr\u016fm\u011br oto\u010dn\u00e9ho stolu 280 mm<br \/>\nRozsah ot\u00e1\u010den\u00ed A: -30 \/ + 115 \u00b0<br \/>\not\u00e1\u010den\u00ed C: 360\u00b0<br \/>\nMaxim\u00e1ln\u00ed zat\u00ed\u017een\u00ed stolu cca 1 000 kg<br \/>\nOt\u00e1\u010dky A: 25 \/ C: 65 ot\u00e1\u010dek za minutu<br \/>\nV\u00fdm\u011bn\u00edk n\u00e1stroj\u016f:<br \/>\nPo\u010det pozic n\u00e1stroje 32 poz.<br \/>\nPo\u010det pozic n\u00e1stroje Z\u00e1sobn\u00edk 88 poz.<br \/>\nDr\u017e\u00e1k n\u00e1stroj\u016f SK 40<br \/>\nMax. pr\u016fm\u011br n\u00e1stroje 80 mm<br \/>\nMax. pr\u016fm\u011br n\u00e1stroje s voln\u00fdm sousedn\u00edm boxem 125 mm<br \/>\nMax. d\u00e9lka n\u00e1stroje 300 mm<br \/>\nmax. hmotnost n\u00e1stroje 8,0 kg<br \/>\nKrmn\u00e9 d\u00e1vky:<br \/>\nRychl\u00fd posun ( X \/ Y \/ Z ) 45 m\/min<br \/>\nRozli\u0161en\u00ed m\u011b\u0159ic\u00edho syst\u00e9mu 0,0001 mm<br \/>\nCelkov\u00e1 pot\u0159eba energie 41 kVA<br \/>\nHmotnost stroje p\u0159ibli\u017en\u011b 9,5 tuny<br \/>\nPot\u0159eba m\u00edsta cca 3,5 x 3,5 x 3,5 m<\/p>\n<p>P\u0159\u00edslu\u0161enstv\u00ed:<br \/>\nKompletn\u00ed dokumentace<br \/>\nDopravn\u00edk t\u0159\u00edsek<br \/>\nChladic\u00ed za\u0159\u00edzen\u00ed<br \/>\nVnit\u0159n\u00ed p\u0159\u00edvod chladic\u00ed kapaliny<br \/>\nHydraulick\u00e1 jednotka<br \/>\nNC oto\u010dn\u00fd st\u016fl<br \/>\nm\u011bni\u010d n\u00e1stroj\u016f 2 x 80 pozic<br \/>\nelektrick\u00e9 ru\u010dn\u00ed kolo<br \/>\nM\u011b\u0159ic\u00ed sonda Renishaw<br \/>\n20 dr\u017e\u00e1k\u016f n\u00e1stroj\u016f<\/p>\n<p>Stroj si m\u016f\u017eete prohl\u00e9dnout po p\u0159edchoz\u00ed domluv\u011b.<br \/>\nZm\u011bny a chyby v technick\u00fdch \u00fadaj\u00edch a informac\u00edch, jako\u017e i p\u0159edchoz\u00ed prodej vyhrazeny!<\/p>","protected":false},"excerpt":{"rendered":"<p>Standort: Deutschland, Baden-W\u00fcrttemberg S\u00fcdwest Zustand: Gebraucht Hersteller: Hermle Modell: C30 U Baujahr: 2004 Steuerung iTNC 530 Heidenhain Programlauf EIN: Stunden: 49.000 Spindel EIN Stunden: 42.300 Achsen in Bewegung: 45.000 x-Weg 650 mm y-Weg 600mm z-Weg 500 mm Hauptspindel: Drehzahl max. 18.000 U\/min Innenkuehlung (IKZ) Aussenkuelung (AKZ) Antriebsleistung &#8211; Hauptspindel 19 kW Werkzeugaufnahme SK 40 Schwenk-Rundtisch: [&hellip;]<\/p>\n","protected":false},"featured_media":4403,"comment_status":"open","ping_status":"closed","template":"","meta":{"_uf_show_specific_survey":0,"_uf_disable_surveys":false},"product_brand":[],"product_cat":[21],"product_tag":[],"class_list":{"0":"post-3975","1":"product","2":"type-product","3":"status-publish","4":"has-post-thumbnail","6":"product_cat-cnc-bearbeitungszentrum","8":"first","9":"instock","10":"taxable","11":"shipping-taxable","12":"product-type-simple"},"aioseo_notices":[],"_links":{"self":[{"href":"https:\/\/mueller-wrh.de\/cs\/wp-json\/wp\/v2\/product\/3975","targetHints":{"allow":["GET"]}}],"collection":[{"href":"https:\/\/mueller-wrh.de\/cs\/wp-json\/wp\/v2\/product"}],"about":[{"href":"https:\/\/mueller-wrh.de\/cs\/wp-json\/wp\/v2\/types\/product"}],"replies":[{"embeddable":true,"href":"https:\/\/mueller-wrh.de\/cs\/wp-json\/wp\/v2\/comments?post=3975"}],"wp:featuredmedia":[{"embeddable":true,"href":"https:\/\/mueller-wrh.de\/cs\/wp-json\/wp\/v2\/media\/4403"}],"wp:attachment":[{"href":"https:\/\/mueller-wrh.de\/cs\/wp-json\/wp\/v2\/media?parent=3975"}],"wp:term":[{"taxonomy":"product_brand","embeddable":true,"href":"https:\/\/mueller-wrh.de\/cs\/wp-json\/wp\/v2\/product_brand?post=3975"},{"taxonomy":"product_cat","embeddable":true,"href":"https:\/\/mueller-wrh.de\/cs\/wp-json\/wp\/v2\/product_cat?post=3975"},{"taxonomy":"product_tag","embeddable":true,"href":"https:\/\/mueller-wrh.de\/cs\/wp-json\/wp\/v2\/product_tag?post=3975"}],"curies":[{"name":"wp","href":"https:\/\/api.w.org\/{rel}","templated":true}]}}