{"id":3572,"date":"2025-07-01T15:31:11","date_gmt":"2025-07-01T15:31:11","guid":{"rendered":"https:\/\/mueller-wrh.de\/produkt\/fmb-lademagazin-_schaltschrank-mit-inhalt_intnr231331\/"},"modified":"2025-07-01T15:31:11","modified_gmt":"2025-07-01T15:31:11","slug":"fmb-lademagazin-_schaltschrank-mit-inhalt_intnr231331","status":"publish","type":"product","link":"https:\/\/mueller-wrh.de\/cs\/produkt\/fmb-lademagazin-_schaltschrank-mit-inhalt_intnr231331\/","title":{"rendered":"Z\u00e1sobn\u00edk FMB _kontroln\u00ed sk\u0159\u00ed\u0148 s obsahem_IntNo231331"},"content":{"rendered":"<p><b>Um\u00edst\u011bn\u00ed:<\/b> N\u011bmecko, B\u00e1densko-W\u00fcrttembersko Jihoz\u00e1padn\u00ed N\u011bmecko<\/p>\n<p><b>Stav:<\/b> Pou\u017eit\u00e9<\/p>\n<p><b>V\u00fdrobce:<\/b> FMB<\/p>\n<p><b>Rok v\u00fdstavby:<\/b> 2001<\/p>\n<p>Z\u00e1sobn\u00edk FMB - sp\u00ednac\u00ed sk\u0159\u00ed\u0148ka s obsahem<br \/>\nStav: Pou\u017eit\u00e9 | Mo\u017en\u00fd i prodej jednotliv\u00fdch komponent\u016f<\/p>\n<p>Na prodej je pou\u017eit\u00e1 ovl\u00e1dac\u00ed sk\u0159\u00ed\u0148ka z\u00e1sobn\u00edku FMB s kompletn\u011b nainstalovanou technologi\u00ed, jak je zn\u00e1zorn\u011bno na obr\u00e1zc\u00edch.<br \/>\n? Rozsah dod\u00e1vky (jak je vid\u011bt na obr\u00e1zc\u00edch):<br \/>\nRozv\u00e1d\u011b\u010dov\u00e1 sk\u0159\u00ed\u0148 v\u010detn\u011b kompletn\u00ed kabel\u00e1\u017ee a \u0159\u00eddic\u00edho syst\u00e9mu<br \/>\n\u0158\u00eddic\u00ed komponenty (nap\u0159. Siemens S5\/S7, rel\u00e9, svorky, nap\u00e1jec\u00ed zdroje, p\u0159\u00edpadn\u011b frekven\u010dn\u00ed m\u011bni\u010de).<br \/>\nProdej jednotliv\u00fdch komponent (nap\u0159. PLC, panel, nap\u00e1jec\u00ed jednotka, rel\u00e9 atd.)<br \/>\nV\u00fdrobce: FMB Maschinenbaugesellschaft mbH<br \/>\nTyp: Z\u00e1sobn\u00edk pro nakl\u00e1d\u00e1n\u00ed \/ z\u00e1sobn\u00edk pro nakl\u00e1d\u00e1n\u00ed ty\u010d\u00ed<br \/>\nNap\u00e1jen\u00ed: Standardn\u00ed 230\/400 V (v z\u00e1vislosti na \u0159\u00eddic\u00ed jednotce)<br \/>\nStav: pou\u017eit\u00fd, nevyzkou\u0161en\u00fd, jako na obr\u00e1zku<br \/>\nDokumentace: Dostupn\u00e9 dokumenty<br \/>\nZm\u011bny a chyby v technick\u00fdch \u00fadaj\u00edch a informac\u00edch, jako\u017e i p\u0159edchoz\u00ed prodej vyhrazeny!<\/p>\n<p>Z\u00e1sobn\u00edk FMB - sp\u00ednac\u00ed sk\u0159\u00ed\u0148ka s obsahem<br \/>\nStav: Pou\u017eit\u00e9 | Mo\u017en\u00fd i prodej jednotliv\u00fdch komponent\u016f<\/p>\n<p>Na prodej je pou\u017eit\u00e1 ovl\u00e1dac\u00ed sk\u0159\u00ed\u0148ka z\u00e1sobn\u00edku FMB v\u010detn\u011b kompletn\u011b nainstalovan\u00e9 technologie, jak je zn\u00e1zorn\u011bno na obr\u00e1zc\u00edch.<br \/>\n? Rozsah dod\u00e1vky (jak je vid\u011bt na obr\u00e1zc\u00edch):<br \/>\n\u0158\u00eddic\u00ed sk\u0159\u00ed\u0148 v\u010detn\u011b kompletn\u00ed kabel\u00e1\u017ee a ovl\u00e1d\u00e1n\u00ed<br \/>\n\u0158\u00eddic\u00ed komponenty (nap\u0159. Siemens S5\/S7, rel\u00e9, svorky, nap\u00e1jec\u00ed jednotky, p\u0159\u00edpadn\u011b frekven\u010dn\u00ed m\u011bni\u010d)<br \/>\nProd\u00e1vat lze i jednotliv\u00e9 komponenty (nap\u0159. PLC, panel, nap\u00e1jec\u00ed zdroj, rel\u00e9 atd.). )<br \/>\nV\u00fdrobce: FMB Maschinenbaugesellschaft mbH<br \/>\nTyp: Z\u00e1sobn\u00edk pro nakl\u00e1d\u00e1n\u00ed \/ z\u00e1sobn\u00edk pro nakl\u00e1d\u00e1n\u00ed ty\u010d\u00ed<br \/>\nNap\u00e1jen\u00ed: Standardn\u00ed nap\u011bt\u00ed 230\/400 V (v z\u00e1vislosti na \u0159\u00eddic\u00edm syst\u00e9mu)<br \/>\nStav: Pou\u017eit\u00e9, nevyzkou\u0161en\u00e9, jak je uvedeno na obr\u00e1zku.<br \/>\nDokumentace: Dostupn\u00e9 dokumenty<br \/>\nZm\u011bny a chyby v technick\u00fdch \u00fadaj\u00edch a specifikac\u00edch vyhrazeny, stejn\u011b jako p\u0159edchoz\u00ed prodej!<\/p>","protected":false},"excerpt":{"rendered":"<p>Standort: Deutschland, Baden-W\u00fcrttemberg S\u00fcdwest Zustand: Gebraucht Hersteller: FMB Baujahr: 2001 FMB Lademagazin \u2013 Schaltschrank mit Inhalt Zustand: Gebraucht | Verkauf auch einzelner Komponenten m\u00f6glich Zum Verkauf steht ein gebrauchter FMB Lademagazin Schaltschrank samt vollst\u00e4ndig verbauter Technik, wie auf den Bildern ersichtlich. ? Lieferumfang (wie auf Bildern sichtbar): Schaltschrank inkl. kompletter Verkabelung &amp; Steuerung Steuerungskomponenten (z.\u202fB. [&hellip;]<\/p>\n","protected":false},"featured_media":3567,"comment_status":"open","ping_status":"closed","template":"","meta":{"_uf_show_specific_survey":0,"_uf_disable_surveys":false},"product_brand":[],"product_cat":[105],"product_tag":[],"class_list":{"0":"post-3572","1":"product","2":"type-product","3":"status-publish","4":"has-post-thumbnail","6":"product_cat-zubehoer-sonstiges","8":"first","9":"instock","10":"taxable","11":"shipping-taxable","12":"product-type-simple"},"aioseo_notices":[],"_links":{"self":[{"href":"https:\/\/mueller-wrh.de\/cs\/wp-json\/wp\/v2\/product\/3572","targetHints":{"allow":["GET"]}}],"collection":[{"href":"https:\/\/mueller-wrh.de\/cs\/wp-json\/wp\/v2\/product"}],"about":[{"href":"https:\/\/mueller-wrh.de\/cs\/wp-json\/wp\/v2\/types\/product"}],"replies":[{"embeddable":true,"href":"https:\/\/mueller-wrh.de\/cs\/wp-json\/wp\/v2\/comments?post=3572"}],"wp:featuredmedia":[{"embeddable":true,"href":"https:\/\/mueller-wrh.de\/cs\/wp-json\/wp\/v2\/media\/3567"}],"wp:attachment":[{"href":"https:\/\/mueller-wrh.de\/cs\/wp-json\/wp\/v2\/media?parent=3572"}],"wp:term":[{"taxonomy":"product_brand","embeddable":true,"href":"https:\/\/mueller-wrh.de\/cs\/wp-json\/wp\/v2\/product_brand?post=3572"},{"taxonomy":"product_cat","embeddable":true,"href":"https:\/\/mueller-wrh.de\/cs\/wp-json\/wp\/v2\/product_cat?post=3572"},{"taxonomy":"product_tag","embeddable":true,"href":"https:\/\/mueller-wrh.de\/cs\/wp-json\/wp\/v2\/product_tag?post=3572"}],"curies":[{"name":"wp","href":"https:\/\/api.w.org\/{rel}","templated":true}]}}