{"id":3560,"date":"2025-07-01T14:48:52","date_gmt":"2025-07-01T14:48:52","guid":{"rendered":"https:\/\/mueller-wrh.de\/produkt\/siemens-motor_1fk6083-6af71-1eh2-intnr231329\/"},"modified":"2025-07-01T14:48:52","modified_gmt":"2025-07-01T14:48:52","slug":"siemens-motor_1fk6083-6af71-1eh2-intnr231329","status":"publish","type":"product","link":"https:\/\/mueller-wrh.de\/cs\/produkt\/siemens-motor_1fk6083-6af71-1eh2-intnr231329\/","title":{"rendered":"Siemens Motor_1FK6083-6AF71-1EH2 IntNo231329"},"content":{"rendered":"<p><b>Um\u00edst\u011bn\u00ed:<\/b> N\u011bmecko, B\u00e1densko-W\u00fcrttembersko Jihoz\u00e1padn\u00ed N\u011bmecko<\/p>\n<p><b>Stav:<\/b> Pou\u017eit\u00e9<\/p>\n<p><b>V\u00fdrobce:<\/b> Siemens<\/p>\n<p><b>Model:<\/b> Motor SV<\/p>\n<p><b>Rok v\u00fdstavby:<\/b> 2004<\/p>\n<p><b>Provozn\u00ed doba:<\/b> 0<\/p>\n<p>Technick\u00e9 \u00fadaje<br \/>\nTyp: Synchronn\u00ed servomotor, \u0159ada 1FK6, 6p\u00f3lov\u00fd<br \/>\nJmenovit\u00fd to\u010div\u00fd moment: 16 Nm<br \/>\nJmenovit\u00e9 ot\u00e1\u010dky: 3000 ot\/min (p\u0159i 100 Hz)<br \/>\nChlazen\u00ed: samochladic\u00ed, proveden\u00ed IM B5 (V1, V3)<br \/>\nP\u0159ipojen\u00ed: nap\u00e1jec\u00ed a sign\u00e1ln\u00ed z\u00e1str\u010dka, lze oto\u010dit o 270\u00b0<br \/>\nSn\u00edma\u010d: Absolutn\u00ed sn\u00edma\u010d EnDat 2048 S\/R (sn\u00edma\u010d A-2048)<br \/>\nH\u0159\u00eddel: Hladk\u00e1 h\u0159\u00eddel, t\u0159\u00edda tolerance N, s p\u0159\u00eddr\u017enou brzdou.<br \/>\nStupe\u0148 kryt\u00ed: IP65, p\u0159\u00eddavn\u00e1 p\u0159\u00edruba DE IP67<br \/>\nHmotnost: p\u0159ibli\u017en\u011b 18,4 kg<br \/>\n\u010c\u00edslo celn\u00edho sazebn\u00edku: 85015220<br \/>\nStandardn\u00ed p\u0159ipojen\u00ed p\u0159es syst\u00e9my Siemens Sinamics \/ Simodrive obvykl\u00e9.<br \/>\nP\u016fvod: N\u011bmecko<br \/>\nNorma: V souladu se sm\u011brnic\u00ed o strojn\u00edch za\u0159\u00edzen\u00edch 2006\/42\/ES.<br \/>\nMotor je mo\u017en\u00e9 prohl\u00e9dnout po p\u0159edchoz\u00ed domluv\u011b.<br \/>\nZm\u011bny a chyby v technick\u00fdch \u00fadaj\u00edch a informac\u00edch, jako\u017e i p\u0159edchoz\u00ed prodej vyhrazeny!<\/p>\n<p>Technick\u00e9 \u00fadaje<br \/>\nTyp: Synchronn\u00ed servomotor, \u0159ada 1FK6, 6p\u00f3lov\u00fd<br \/>\nJmenovit\u00fd to\u010div\u00fd moment: 16 Nm<br \/>\nJmenovit\u00e9 ot\u00e1\u010dky: 3000 ot\/min (p\u0159i 100 Hz)<br \/>\nChlazen\u00ed: samochladic\u00ed, proveden\u00ed IM B5 (V1, V3)<br \/>\nP\u0159ipojen\u00ed: Nap\u00e1jec\u00ed a sign\u00e1ln\u00ed konektor, lze oto\u010dit o 270\u00b0.<br \/>\nSn\u00edma\u010d: EnDat 2048 S\/R absolutn\u00ed sn\u00edma\u010d (sn\u00edma\u010d A-2048)<br \/>\nH\u0159\u00eddel: Hladk\u00e1 h\u0159\u00eddel, t\u0159\u00edda tolerance N, s p\u0159\u00eddr\u017enou brzdou.<br \/>\nStupe\u0148 kryt\u00ed: IP65, p\u0159\u00eddavn\u00e1 p\u0159\u00edruba DE IP67<br \/>\nHmotnost: p\u0159ibli\u017en\u011b 18,4 kg<br \/>\n\u010c\u00edslo celn\u00edho sazebn\u00edku: 85015220<br \/>\nStandardn\u00ed p\u0159ipojen\u00ed podle obvykl\u00fdch syst\u00e9m\u016f Siemens Sinamics \/ Simodrive.<br \/>\nP\u016fvod: N\u011bmecko<br \/>\nNorma: v souladu se sm\u011brnic\u00ed o strojn\u00edch za\u0159\u00edzen\u00edch 2006\/42\/ES<br \/>\nMotor je mo\u017en\u00e9 prohl\u00e9dnout po p\u0159edchoz\u00ed domluv\u011b.<br \/>\nZm\u011bny a chyby v technick\u00fdch \u00fadaj\u00edch a informac\u00edch, jako\u017e i p\u0159edchoz\u00ed prodej vyhrazeny!<\/p>","protected":false},"excerpt":{"rendered":"<p>Standort: Deutschland, Baden-W\u00fcrttemberg S\u00fcdwest Zustand: Gebraucht Hersteller: Siemens Modell: SV-Motor Baujahr: 2004 Betriebsstunden: 0 Technische Daten Typ: Synchronsservomotor, Baureihe 1FK6, 6\u2011polig Nenndrehmoment: 16\u202fNm Nenndrehzahl: 3000\u202fU\/min (bei 100\u202fHz) K\u00fchlung: Selbstgek\u00fchlt, Bauform IM\u202fB5 (V1, V3) Anschluss: Leistungs\u2011 und Signalstecker, um 270\u00b0 drehbar Encoder: Absolutwertgeber EnDat\u202f2048\u202fS\/R (Encoder A\u20112048) Welle: Glatte Welle, Toleranzklasse N, mit Haltebremse Schutzart: IP65, zus\u00e4tzlich [&hellip;]<\/p>\n","protected":false},"featured_media":3557,"comment_status":"open","ping_status":"closed","template":"","meta":{"_uf_show_specific_survey":0,"_uf_disable_surveys":false},"product_brand":[],"product_cat":[87],"product_tag":[],"class_list":{"0":"post-3560","1":"product","2":"type-product","3":"status-publish","4":"has-post-thumbnail","6":"product_cat-servomotoren","8":"first","9":"instock","10":"taxable","11":"shipping-taxable","12":"product-type-simple"},"aioseo_notices":[],"_links":{"self":[{"href":"https:\/\/mueller-wrh.de\/cs\/wp-json\/wp\/v2\/product\/3560","targetHints":{"allow":["GET"]}}],"collection":[{"href":"https:\/\/mueller-wrh.de\/cs\/wp-json\/wp\/v2\/product"}],"about":[{"href":"https:\/\/mueller-wrh.de\/cs\/wp-json\/wp\/v2\/types\/product"}],"replies":[{"embeddable":true,"href":"https:\/\/mueller-wrh.de\/cs\/wp-json\/wp\/v2\/comments?post=3560"}],"wp:featuredmedia":[{"embeddable":true,"href":"https:\/\/mueller-wrh.de\/cs\/wp-json\/wp\/v2\/media\/3557"}],"wp:attachment":[{"href":"https:\/\/mueller-wrh.de\/cs\/wp-json\/wp\/v2\/media?parent=3560"}],"wp:term":[{"taxonomy":"product_brand","embeddable":true,"href":"https:\/\/mueller-wrh.de\/cs\/wp-json\/wp\/v2\/product_brand?post=3560"},{"taxonomy":"product_cat","embeddable":true,"href":"https:\/\/mueller-wrh.de\/cs\/wp-json\/wp\/v2\/product_cat?post=3560"},{"taxonomy":"product_tag","embeddable":true,"href":"https:\/\/mueller-wrh.de\/cs\/wp-json\/wp\/v2\/product_tag?post=3560"}],"curies":[{"name":"wp","href":"https:\/\/api.w.org\/{rel}","templated":true}]}}