{"id":3556,"date":"2025-07-01T14:38:07","date_gmt":"2025-07-01T14:38:07","guid":{"rendered":"https:\/\/mueller-wrh.de\/produkt\/siemens-motor_1fk6063-6af71-1eh2-intnr231328\/"},"modified":"2025-07-01T14:38:07","modified_gmt":"2025-07-01T14:38:07","slug":"siemens-motor_1fk6063-6af71-1eh2-intnr231328","status":"publish","type":"product","link":"https:\/\/mueller-wrh.de\/cs\/produkt\/siemens-motor_1fk6063-6af71-1eh2-intnr231328\/","title":{"rendered":"Siemens Motor_1FK6063-6AF71-1EH2 IntNo231328"},"content":{"rendered":"<p><b>Um\u00edst\u011bn\u00ed:<\/b> N\u011bmecko, B\u00e1densko-W\u00fcrttembersko Jihoz\u00e1padn\u00ed N\u011bmecko<\/p>\n<p><b>Stav:<\/b> Pou\u017eit\u00e9<\/p>\n<p><b>V\u00fdrobce:<\/b> Siemens<\/p>\n<p><b>Model:<\/b> Motor SV<\/p>\n<p><b>Rok v\u00fdstavby:<\/b> 2004<\/p>\n<p><b>Provozn\u00ed doba:<\/b> 0<\/p>\n<p>Siemens SV_Motor_A06B-0866-B380 St\u0159\u00eddav\u00fd v\u0159etenov\u00fd motor<br \/>\nTechnick\u00e9 \u00fadaje<br \/>\nTyp: Synchronn\u00ed servomotor, model 1FK6, 6p\u00f3lov\u00fd<br \/>\nJmenovit\u00fd to\u010div\u00fd moment: 11 Nm<br \/>\nJmenovit\u00e9 ot\u00e1\u010dky: 3000 ot\/min (100 Hz)<br \/>\nChlazen\u00ed: P\u0159irozen\u011b chlazen\u00e9, proveden\u00ed IM B5 (V1, V3)<br \/>\nP\u0159ipojen\u00ed: nap\u00e1jec\u00ed\/sign\u00e1ln\u00ed z\u00e1str\u010dka, oto\u010dn\u00e1 o 270\u00b0<br \/>\nSn\u00edma\u010d: Absolutn\u00ed sn\u00edma\u010d EnDat 2048 S\/R (sn\u00edma\u010d A-2048)<br \/>\nH\u0159\u00eddel: hladk\u00e1, t\u0159\u00edda tolerance N, s integrovanou p\u0159\u00eddr\u017enou brzdou<br \/>\nStupe\u0148 kryt\u00ed: IP65, nav\u00edc IP67 na p\u0159\u00edrub\u011b h\u0159\u00eddele (DE)<br \/>\nHmotnost: p\u0159ibli\u017en\u011b 14,6 kg<br \/>\nProveden\u00ed\/p\u0159\u00edruba: DE p\u0159\u00edruba kompatibiln\u00ed s IP67<br \/>\nP\u016fvod: N\u011bmecko<br \/>\nNorma: V souladu se sm\u011brnic\u00ed o strojn\u00edch za\u0159\u00edzen\u00edch 2006\/42\/ES.<br \/>\nMotor je mo\u017en\u00e9 prohl\u00e9dnout po p\u0159edchoz\u00ed domluv\u011b.<br \/>\nZm\u011bny a chyby v technick\u00fdch \u00fadaj\u00edch a informac\u00edch, jako\u017e i p\u0159edchoz\u00ed prodej vyhrazeny!<\/p>\n<p>Technick\u00e9 \u00fadaje<br \/>\nTyp: Synchronn\u00ed servomotor, model 1FK6, 6p\u00f3lov\u00fd.<br \/>\nJmenovit\u00fd to\u010div\u00fd moment: 11 Nm<br \/>\nJmenovit\u00e9 ot\u00e1\u010dky: 3000 ot\/min (100 Hz)<br \/>\nChlazen\u00ed: p\u0159irozen\u011b chlazen\u00e9, proveden\u00ed IM B5 (V1, V3)<br \/>\nP\u0159ipojen\u00ed: Nap\u00e1jec\u00ed\/sign\u00e1ln\u00ed konektor, oto\u010dn\u00fd o 270\u00b0<br \/>\nSn\u00edma\u010d: EnDat 2048 S\/R absolutn\u00ed sn\u00edma\u010d (sn\u00edma\u010d A-2048)<br \/>\nH\u0159\u00eddel: hladk\u00e1, t\u0159\u00edda tolerance N, s integrovanou p\u0159\u00eddr\u017enou brzdou<br \/>\nStupe\u0148 kryt\u00ed: IP65, na p\u0159\u00edrub\u011b h\u0159\u00eddele (DE) nav\u00edc IP67<br \/>\nHmotnost: p\u0159ibli\u017en\u011b 14,6 kg<br \/>\nProveden\u00ed\/p\u0159\u00edruba: DE p\u0159\u00edruba kompatibiln\u00ed s IP67<br \/>\nP\u016fvod: N\u011bmecko<br \/>\nNorma: v souladu se sm\u011brnic\u00ed o strojn\u00edch za\u0159\u00edzen\u00edch 2006\/42\/ES<\/p>\n<p>Motor je mo\u017en\u00e9 prohl\u00e9dnout po p\u0159edchoz\u00ed domluv\u011b.<br \/>\nZm\u011bny a chyby v technick\u00fdch \u00fadaj\u00edch a informac\u00edch, stejn\u011b jako p\u0159edchoz\u00ed prodej, vyhrazeny!<\/p>\n<p>P\u0159elo\u017eeno pomoc\u00ed DeepL.com (bezplatn\u00e1 verze)<\/p>","protected":false},"excerpt":{"rendered":"<p>Standort: Deutschland, Baden-W\u00fcrttemberg S\u00fcdwest Zustand: Gebraucht Hersteller: Siemens Modell: SV-Motor Baujahr: 2004 Betriebsstunden: 0 Siemens SV_Motor_A06B-0866-B380 AC Spindel Motor Technische Daten Typ: Synchronsservomotor, Modell 1FK6, 6\u2011polig Nenndrehmoment: 11\u202fNm Nenndrehzahl: 3000\u202fU\/min (100\u202fHz) K\u00fchlung: Nat\u00fcrlich gek\u00fchlt, Bauform IM\u202fB5 (V1, V3) Anschluss: Leistungs-\/Signalstecker, drehbar um 270\u00b0 Encoder: Absolutwertgeber EnDat 2048 S\/R (Encoder A\u20112048) Welle: Glatt, Toleranzklasse N, mit [&hellip;]<\/p>\n","protected":false},"featured_media":3555,"comment_status":"open","ping_status":"closed","template":"","meta":{"_uf_show_specific_survey":0,"_uf_disable_surveys":false},"product_brand":[],"product_cat":[87],"product_tag":[],"class_list":{"0":"post-3556","1":"product","2":"type-product","3":"status-publish","4":"has-post-thumbnail","6":"product_cat-servomotoren","8":"first","9":"instock","10":"taxable","11":"shipping-taxable","12":"product-type-simple"},"aioseo_notices":[],"_links":{"self":[{"href":"https:\/\/mueller-wrh.de\/cs\/wp-json\/wp\/v2\/product\/3556","targetHints":{"allow":["GET"]}}],"collection":[{"href":"https:\/\/mueller-wrh.de\/cs\/wp-json\/wp\/v2\/product"}],"about":[{"href":"https:\/\/mueller-wrh.de\/cs\/wp-json\/wp\/v2\/types\/product"}],"replies":[{"embeddable":true,"href":"https:\/\/mueller-wrh.de\/cs\/wp-json\/wp\/v2\/comments?post=3556"}],"wp:featuredmedia":[{"embeddable":true,"href":"https:\/\/mueller-wrh.de\/cs\/wp-json\/wp\/v2\/media\/3555"}],"wp:attachment":[{"href":"https:\/\/mueller-wrh.de\/cs\/wp-json\/wp\/v2\/media?parent=3556"}],"wp:term":[{"taxonomy":"product_brand","embeddable":true,"href":"https:\/\/mueller-wrh.de\/cs\/wp-json\/wp\/v2\/product_brand?post=3556"},{"taxonomy":"product_cat","embeddable":true,"href":"https:\/\/mueller-wrh.de\/cs\/wp-json\/wp\/v2\/product_cat?post=3556"},{"taxonomy":"product_tag","embeddable":true,"href":"https:\/\/mueller-wrh.de\/cs\/wp-json\/wp\/v2\/product_tag?post=3556"}],"curies":[{"name":"wp","href":"https:\/\/api.w.org\/{rel}","templated":true}]}}