{"id":3527,"date":"2025-06-25T08:32:01","date_gmt":"2025-06-25T08:32:01","guid":{"rendered":"https:\/\/mueller-wrh.de\/produkt\/gebr-lns_fox-ifs_absolute_ws-500_bj-2011oel-nebel-absauganlage-_intnr231315\/"},"modified":"2025-09-03T15:39:10","modified_gmt":"2025-09-03T15:39:10","slug":"gebr-lns_fox-ifs_absolute_ws-500_bj-2011oel-nebel-absauganlage-_intnr231315","status":"publish","type":"product","link":"https:\/\/mueller-wrh.de\/cs\/produkt\/gebr-lns_fox-ifs_absolute_ws-500_bj-2011oel-nebel-absauganlage-_intnr231315\/","title":{"rendered":"LNS_FOX IFS_ABSOLUTE_WS 500_Bj. 2011Syst\u00e9m ods\u00e1v\u00e1n\u00ed olejov\u00e9 mlhy _IntNr231315"},"content":{"rendered":"<p><b>Um\u00edst\u011bn\u00ed:<\/b> N\u011bmecko, B\u00e1densko-W\u00fcrttembersko Jihoz\u00e1padn\u00ed N\u011bmecko<\/p>\n<p><b>Stav:<\/b> Pou\u017eit\u00e9<\/p>\n<p><b>V\u00fdrobce:<\/b> LNS<\/p>\n<p><b>Model:<\/b> WS 500<\/p>\n<p><b>Rok v\u00fdstavby:<\/b> 2011<\/p>\n<p>Technick\u00e1 data - zna\u010dka LNS FOX IFS WS 500<br \/>\nSpecifikace funkc\u00ed<br \/>\nModel FOX IFS WS 500<br \/>\nRok v\u00fdstavby 2011<br \/>\nRychlost dod\u00e1vky cca 500 m\u00b3\/h<br \/>\nV\u00fdkon motoru p\u0159ibli\u017en\u011b 0,37 kW<br \/>\nNap\u011bt\u00ed 400 V \/ 50 Hz (typick\u00e9)<br \/>\nHmotnost p\u0159ibli\u017en\u011b 35 kg<br \/>\nRozm\u011bry p\u0159ibli\u017en\u011b 465 \u00d7 500 \u00d7 1 145 mm (\u0160xHxV)<br \/>\nStupn\u011b filtru 1. p\u0159edfiltr F52. Odst\u0159ediv\u00fd separ\u00e1tor3. Postfiltr F5 (voliteln\u011b HEPA H13)<br \/>\n\u00da\u010dinnost filtrace 99 % p\u0159i \u2265 1-2 \u00b5m (F9), voliteln\u011b HEPA 99,95 % p\u0159i \u2265 0,1 \u00b5m<br \/>\nHladina hluku cca 65 dB (WS2 mod. podobn\u011b)<br \/>\nP\u0159\u00edslu\u0161enstv\u00ed a funkce<br \/>\n- Kompaktn\u00ed proveden\u00ed pro mont\u00e1\u017e p\u0159\u00edmo na CNC stroje nebo vedle nich<br \/>\n- Statiff pro s\u00e1n\u00ed<br \/>\n- T\u0159i stupn\u011b \u010di\u0161t\u011bn\u00ed pro \u00fa\u010dinnou separaci oleje a emulzn\u00ed mlhy<br \/>\n- Kartu\u0161ov\u00fd filtr lze voliteln\u011b dovybavit sadou HEPA.<br \/>\n- Snadn\u00e1 \u00fadr\u017eba, tich\u00fd provoz a odoln\u00e9 filtra\u010dn\u00ed prvky <\/p>\n<p>Zm\u011bny a chyby v technick\u00fdch \u00fadaj\u00edch a informac\u00edch, jako\u017e i p\u0159edchoz\u00ed prodej vyhrazeny!<\/p>\n<p>Technick\u00e1 data - zna\u010dka LNS FOX IFS WS 500<br \/>\nSpecifikace funkc\u00ed<br \/>\nModel FOX IFS WS 500<br \/>\nRok v\u00fdroby 2011<br \/>\nRychlost dod\u00e1vky cca 500 m\u00b3\/h<br \/>\nV\u00fdkon motoru p\u0159ibli\u017en\u011b 0,37 kW<br \/>\nNap\u011bt\u00ed 400 V \/ 50 Hz (typick\u00e9)<br \/>\nHmotnost p\u0159ibli\u017en\u011b 35 kg<br \/>\nRozm\u011bry p\u0159ibli\u017en\u011b 465 \u00d7 500 \u00d7 1 145 mm (\u0160xHxV)<br \/>\nStupn\u011b filtru 1. p\u0159edfiltr F52. Odst\u0159ediv\u00fd separ\u00e1tor3. Postfiltr F5 (voliteln\u011b HEPA H13)<br \/>\n\u00da\u010dinnost filtrace 99 % p\u0159i \u2265 1-2 \u00b5m (F9), voliteln\u011b HEPA 99,95 % p\u0159i \u2265 0,1 \u00b5m<br \/>\nHladina hluku cca 65 dB (WS2 mod. podobn\u011b)<br \/>\nP\u0159\u00edslu\u0161enstv\u00ed a funkce<br \/>\n- Kompaktn\u00ed proveden\u00ed pro mont\u00e1\u017e p\u0159\u00edmo na CNC stroje nebo vedle nich<br \/>\n- Statiff pro extrakci<br \/>\n- T\u0159i stupn\u011b \u010di\u0161t\u011bn\u00ed pro \u00fa\u010dinnou separaci oleje a emulzn\u00ed mlhy<br \/>\n- Kartu\u0161ov\u00fd filtr lze voliteln\u011b dovybavit sadou HEPA.<br \/>\n- Snadn\u00e1 \u00fadr\u017eba, tich\u00fd provoz a odoln\u00e9 filtra\u010dn\u00ed prvky <\/p>\n<p>Zm\u011bny a chyby v technick\u00fdch \u00fadaj\u00edch a informac\u00edch, stejn\u011b jako p\u0159edchoz\u00ed prodej, vyhrazeny!<\/p>","protected":false},"excerpt":{"rendered":"<p>Standort: Deutschland, Baden-W\u00fcrttemberg S\u00fcdwest Zustand: Gebraucht Hersteller: LNS Modell: WS 500 Baujahr: 2011 Technische Daten \u2013 gebr. LNS FOX IFS WS\u202f500 Merkmal Spezifikation Modell FOX IFS WS\u202f500 Baujahr 2011 F\u00f6rderleistung ca. 500\u202fm\u00b3\/h Motorleistung ca. 0,37\u202fkW Spannung 400\u202fV \/ 50\u202fHz (typisch) Gewicht ca. 35\u202fkg Abmessungen ca.\u202f465\u202f\u00d7\u202f500\u202f\u00d7\u202f1\u202f145\u202fmm (BxTxH) Filterstufen 1. Vorfilter F52. Zentrifugalabscheider3. Nachfilter F5 (optional HEPA [&hellip;]<\/p>\n","protected":false},"featured_media":3817,"comment_status":"open","ping_status":"closed","template":"","meta":{"_uf_show_specific_survey":0,"_uf_disable_surveys":false},"product_brand":[],"product_cat":[19],"product_tag":[],"class_list":{"0":"post-3527","1":"product","2":"type-product","3":"status-publish","4":"has-post-thumbnail","6":"product_cat-oel-emulsionsnebel-abzugsanlagen","8":"first","9":"instock","10":"taxable","11":"shipping-taxable","12":"purchasable","13":"product-type-simple"},"aioseo_notices":[],"_links":{"self":[{"href":"https:\/\/mueller-wrh.de\/cs\/wp-json\/wp\/v2\/product\/3527","targetHints":{"allow":["GET"]}}],"collection":[{"href":"https:\/\/mueller-wrh.de\/cs\/wp-json\/wp\/v2\/product"}],"about":[{"href":"https:\/\/mueller-wrh.de\/cs\/wp-json\/wp\/v2\/types\/product"}],"replies":[{"embeddable":true,"href":"https:\/\/mueller-wrh.de\/cs\/wp-json\/wp\/v2\/comments?post=3527"}],"wp:featuredmedia":[{"embeddable":true,"href":"https:\/\/mueller-wrh.de\/cs\/wp-json\/wp\/v2\/media\/3817"}],"wp:attachment":[{"href":"https:\/\/mueller-wrh.de\/cs\/wp-json\/wp\/v2\/media?parent=3527"}],"wp:term":[{"taxonomy":"product_brand","embeddable":true,"href":"https:\/\/mueller-wrh.de\/cs\/wp-json\/wp\/v2\/product_brand?post=3527"},{"taxonomy":"product_cat","embeddable":true,"href":"https:\/\/mueller-wrh.de\/cs\/wp-json\/wp\/v2\/product_cat?post=3527"},{"taxonomy":"product_tag","embeddable":true,"href":"https:\/\/mueller-wrh.de\/cs\/wp-json\/wp\/v2\/product_tag?post=3527"}],"curies":[{"name":"wp","href":"https:\/\/api.w.org\/{rel}","templated":true}]}}