{"id":3468,"date":"2025-05-13T12:39:02","date_gmt":"2025-05-13T12:39:02","guid":{"rendered":"https:\/\/mueller-wrh.de\/produkt\/smw-hfkn-d-165-45-a5-dreibacken-keilstangenfutter-three-jaw-wedge-bar-chuck-intnr231292\/"},"modified":"2025-05-13T12:39:02","modified_gmt":"2025-05-13T12:39:02","slug":"smw-hfkn-d-165-45-a5-dreibacken-keilstangenfutter-three-jaw-wedge-bar-chuck-intnr231292","status":"publish","type":"product","link":"https:\/\/mueller-wrh.de\/cs\/produkt\/smw-hfkn-d-165-45-a5-dreibacken-keilstangenfutter-three-jaw-wedge-bar-chuck-intnr231292\/","title":{"rendered":"SMW HFKN-D 165\/45\/A5 T\u0159\u00ed\u010delis\u0165ov\u00e9 kl\u00ednovit\u00e9 skl\u00ed\u010didlo IntNr231292"},"content":{"rendered":"<p><b>Um\u00edst\u011bn\u00ed:<\/b> N\u011bmecko, B\u00e1densko-W\u00fcrttembersko Jihoz\u00e1padn\u00ed N\u011bmecko<\/p>\n<p><b>Stav:<\/b> Jako nov\u00fd<\/p>\n<p><b>Model:<\/b> SMW<\/p>\n<p>Technick\u00fd popis - SMW-Autoblok HFKN-D 165-45 A5<br \/>\nOzna\u010den\u00ed: T\u0159\u00ed\u010delis\u0165ov\u00e9 kl\u00ednovit\u00e9 skl\u00ed\u010didlo<br \/>\nV\u00fdrobce: SMW-Autoblok<br \/>\nModel: HFKN-D 165-45 A5<br \/>\nKonstrukce: Vysoce v\u00fdkonn\u00e9 skl\u00ed\u010didlo s kl\u00ednov\u00fdm pohonem<\/p>\n<p>?\ufe0f Technick\u00e9 \u00fadaje (typick\u00e9 pro tento model):<br \/>\n\u00d8 skl\u00ed\u010didla: 165 mm<\/p>\n<p>St\u0159edov\u00fd pr\u016fchoz\u00ed otvor (otvor): P\u0159ibli\u017en\u011b 45 mm<\/p>\n<p>Z\u00e1suvka: A5 (DIN 55026)<\/p>\n<p>Aktivace: Hydraulick\u00fd (kl\u00ednov\u00fd mechanismus)<\/p>\n<p>Po\u010det \u010delist\u00ed: 3 (st\u0159edov\u00e9 up\u00edn\u00e1n\u00ed)<\/p>\n<p>Max. Up\u00ednac\u00ed s\u00edla: v z\u00e1vislosti na hydraulick\u00e9m tlaku cca 45-60 kN.<\/p>\n<p>Max. Ot\u00e1\u010dky: p\u0159ibli\u017en\u011b 5000 ot\/min<\/p>\n<p>P\u0159esnost opakov\u00e1n\u00ed: typ. \u2264 0,01 mm<\/p>\n<p>Typ \u010delist\u00ed: Standardn\u00ed m\u011bkk\u00e9 \u010delisti nebo tvrd\u00e9 \u010delisti, mo\u017en\u00e9 v z\u00e1vislosti na vybaven\u00ed.<\/p>\n<p>Zm\u011bny a chyby v technick\u00fdch \u00fadaj\u00edch a informac\u00edch, jako\u017e i p\u0159edchoz\u00ed prodej vyhrazeny!<\/p>\n<p>Used Technick\u00fd popis - SMW-Autoblok HFKN-D 165-45 A5<br \/>\nOzna\u010den\u00ed: T\u0159\u00ed\u010delis\u0165ov\u00e9 skl\u00ed\u010didlo s kl\u00ednovou ty\u010d\u00ed<br \/>\nV\u00fdrobce: SMW-Autoblok<br \/>\nModel: HFKN-D 165-45 A5<br \/>\nKonstrukce: Vysoce v\u00fdkonn\u00e9 skl\u00ed\u010didlo s kl\u00ednov\u00fdm pohonem<\/p>\n<p>?\ufe0f Technick\u00e9 \u00fadaje (typick\u00e9 pro tento model):<br \/>\nPr\u016fm\u011br skl\u00ed\u010didla: 165 mm<\/p>\n<p>St\u0159edov\u00fd pr\u016fchoz\u00ed otvor (otvor): cca 45 mm<\/p>\n<p>Mont\u00e1\u017en\u00ed rozhran\u00ed: A5 (DIN 55026)<\/p>\n<p>Ovl\u00e1d\u00e1n\u00ed: Hydraulick\u00e9 (kl\u00ednov\u00fd mechanismus)<\/p>\n<p>Po\u010det \u010delist\u00ed: 3 (samost\u0159edic\u00ed)<\/p>\n<p>Maxim\u00e1ln\u00ed up\u00ednac\u00ed s\u00edla: cca 45-60 kN (v z\u00e1vislosti na hydraulick\u00e9m tlaku)<\/p>\n<p>Maxim\u00e1ln\u00ed ot\u00e1\u010dky: cca 5000 ot\/min.<\/p>\n<p>Opakovatelnost: obvykle \u2264 0,01 mm<\/p>\n<p>Typ \u010delist\u00ed: Standardn\u00ed m\u011bkk\u00e9 \u010delisti nebo tvrd\u00e9 \u010delisti, v z\u00e1vislosti na konfiguraci.<\/p>\n<p>Technick\u00e9 zm\u011bny, chyby a p\u0159edchoz\u00ed prodej vyhrazeny.<\/p>","protected":false},"excerpt":{"rendered":"<p>Standort: Deutschland, Baden-W\u00fcrttemberg S\u00fcdwest Zustand: Neuwertig Modell: SMW gebr. Technische Beschreibung \u2013 SMW-Autoblok HFKN-D 165-45 A5 Bezeichnung: Dreibacken-Keilstangenfutter Hersteller: SMW-Autoblok Modell: HFKN-D 165-45 A5 Ausf\u00fchrung: Hochleistungs-Kraftspannfutter mit Keilstangenantrieb ?\ufe0f Technische Daten (typisch f\u00fcr dieses Modell): Spannfutter-\u00d8: 165\u202fmm Zentrales Durchgangsbohrung (Bohrung): ca. 45\u202fmm Aufnahme: A5 (DIN 55026) Bet\u00e4tigung: Hydraulisch (Keilstangenmechanismus) Backenzahl: 3 (zentrisch spannend) Max. Spannkraft: [&hellip;]<\/p>\n","protected":false},"featured_media":3467,"comment_status":"open","ping_status":"closed","template":"","meta":{"_uf_show_specific_survey":0,"_uf_disable_surveys":false},"product_brand":[],"product_cat":[102],"product_tag":[],"class_list":{"0":"post-3468","1":"product","2":"type-product","3":"status-publish","4":"has-post-thumbnail","6":"product_cat-spannzangen","8":"first","9":"instock","10":"taxable","11":"shipping-taxable","12":"product-type-simple"},"aioseo_notices":[],"_links":{"self":[{"href":"https:\/\/mueller-wrh.de\/cs\/wp-json\/wp\/v2\/product\/3468","targetHints":{"allow":["GET"]}}],"collection":[{"href":"https:\/\/mueller-wrh.de\/cs\/wp-json\/wp\/v2\/product"}],"about":[{"href":"https:\/\/mueller-wrh.de\/cs\/wp-json\/wp\/v2\/types\/product"}],"replies":[{"embeddable":true,"href":"https:\/\/mueller-wrh.de\/cs\/wp-json\/wp\/v2\/comments?post=3468"}],"wp:featuredmedia":[{"embeddable":true,"href":"https:\/\/mueller-wrh.de\/cs\/wp-json\/wp\/v2\/media\/3467"}],"wp:attachment":[{"href":"https:\/\/mueller-wrh.de\/cs\/wp-json\/wp\/v2\/media?parent=3468"}],"wp:term":[{"taxonomy":"product_brand","embeddable":true,"href":"https:\/\/mueller-wrh.de\/cs\/wp-json\/wp\/v2\/product_brand?post=3468"},{"taxonomy":"product_cat","embeddable":true,"href":"https:\/\/mueller-wrh.de\/cs\/wp-json\/wp\/v2\/product_cat?post=3468"},{"taxonomy":"product_tag","embeddable":true,"href":"https:\/\/mueller-wrh.de\/cs\/wp-json\/wp\/v2\/product_tag?post=3468"}],"curies":[{"name":"wp","href":"https:\/\/api.w.org\/{rel}","templated":true}]}}