{"id":3462,"date":"2025-05-13T12:05:16","date_gmt":"2025-05-13T12:05:16","guid":{"rendered":"https:\/\/mueller-wrh.de\/produkt\/gebr-biglia-wkz-halter-praezisionsbohrstangenhalter-o-32-used-toolholder-oesterle-art-350-5521-d32-bi09_intnr231290\/"},"modified":"2025-05-13T12:05:16","modified_gmt":"2025-05-13T12:05:16","slug":"gebr-biglia-wkz-halter-praezisionsbohrstangenhalter-o-32-used-toolholder-oesterle-art-350-5521-d32-bi09_intnr231290","status":"publish","type":"product","link":"https:\/\/mueller-wrh.de\/cs\/produkt\/gebr-biglia-wkz-halter-praezisionsbohrstangenhalter-o-32-used-toolholder-oesterle-art-350-5521-d32-bi09_intnr231290\/","title":{"rendered":"Dr\u017e\u00e1k Biglia WKZ p\u0159esn\u00fd dr\u017e\u00e1k vyvrt\u00e1vac\u00ed ty\u010de \u00d8 32 \/pou\u017eit\u00fd dr\u017e\u00e1k n\u00e1stroj\u016f Oesterle Art. 350 5521 D32 BI09_IntNr231290"},"content":{"rendered":"<p><b>Um\u00edst\u011bn\u00ed:<\/b> N\u011bmecko, B\u00e1densko-W\u00fcrttembersko Jihoz\u00e1padn\u00ed N\u011bmecko<\/p>\n<p><b>Stav:<\/b> Pou\u017eit\u00e9<\/p>\n<p><b>V\u00fdrobce:<\/b> Oesterle<\/p>\n<p><b>Rok v\u00fdstavby:<\/b> 2015<\/p>\n<p>zna\u010dkov\u00fd dr\u017e\u00e1k n\u00e1stroj\u016f \/ vysoce p\u0159esn\u00fd dr\u017e\u00e1k vyvrt\u00e1vac\u00ed ty\u010de<br \/>\nV\u00fdrobce: Oesterle + Partner GbR \/ N\u011bmecko<br \/>\nKompatibiln\u00ed stroje<br \/>\nDr\u017e\u00e1k n\u00e1stroj\u016f<br \/>\nBMT 55<br \/>\nIKZ a AKZ<br \/>\nB 301 Y\/B301 YS<br \/>\nB 446 T2\/B 446 T3<br \/>\nB 545 M \/ S \/ SM \/ Y \/ YS<br \/>\nB 565 M \/ S \/ SM \/ Y \/ YS<br \/>\nB 620 - M \/ SM \/ Y \/ YS<br \/>\nB 650 - 658 M \/ SM \/ Y \/ YS<br \/>\nB750 M \/B750 SM \/B750 Y \/B750 YS - 12 rychlost\u00ed<br \/>\nB750 M \/B750 SM \/B750 Y \/B750 YS - 16n\u00e1sobn\u00fd<br \/>\nB1250M \/B1250SM \/B1250Y \/B1250YS-12n\u00e1sobn\u00fd<br \/>\nB1250M \/B1250SM \/B1250Y \/B120YS - 16n\u00e1sobn\u00fd<\/p>\n<p>Vysoce p\u0159esn\u00fd dr\u017e\u00e1k vyvrt\u00e1vac\u00ed ty\u010de<br \/>\n\u220532mm, zv\u011bt\u0161eno na 100mm<br \/>\ns IKZ <\/p>\n<p>Zm\u011bny a chyby v technick\u00fdch \u00fadaj\u00edch a informac\u00edch, jako\u017e i p\u0159edchoz\u00ed prodej vyhrazeny!<\/p>\n<p>Pou\u017eit\u00e9 dr\u017e\u00e1ky n\u00e1stroj\u016f \/ Vysoce p\u0159esn\u00e9 dr\u017e\u00e1ky vyvrt\u00e1vac\u00edch ty\u010d\u00ed<br \/>\nV\u00fdrobce: Oesterle + Partner GbR \/ N\u011bmecko<\/p>\n<p>Kompatibiln\u00ed stroje:<br \/>\nRozhran\u00ed n\u00e1stroje: BMT 55<br \/>\nP\u0159\u00edvod chladic\u00ed kapaliny: Intern\u00ed (IKZ) a extern\u00ed (AKZ)<\/p>\n<p>B 301 Y \/ B 301 YS<\/p>\n<p>B 446 T2 \/ B 446 T3<\/p>\n<p>B 545 M \/ S \/ SM \/ Y \/ YS<\/p>\n<p>B 565 M \/ S \/ SM \/ Y \/ YS<\/p>\n<p>B 620 - M \/ SM \/ Y \/ YS<\/p>\n<p>B 650 - 658 M \/ SM \/ Y \/ YS<\/p>\n<p>B 750 M \/ B 750 SM \/ B 750 Y \/ B 750 YS - 12polohov\u00fd syst\u00e9m<\/p>\n<p>B 750 M \/ B 750 SM \/ B 750 Y \/ B 750 YS - 16 poloh<\/p>\n<p>B 1250 M \/ B 1250 SM \/ B 1250 Y \/ B 1250 YS - 12polohov\u00fd syst\u00e9m<\/p>\n<p>B 1250 M \/ B 1250 SM \/ B 1250 Y \/ B 1250 YS - 16 pozic<\/p>\n<p>Vysoce p\u0159esn\u00fd dr\u017e\u00e1k vyvrt\u00e1vac\u00ed ty\u010de:<br \/>\n\u00d832 mm, prodlou\u017een\u00fd o 100 mm,<br \/>\ns vnit\u0159n\u00edm p\u0159\u00edvodem chladic\u00ed kapaliny (IKZ)<\/p>\n<p>Technick\u00e9 \u00fadaje a specifikace se mohou zm\u011bnit a mohou b\u00fdt chybn\u00e9. S v\u00fdhradou p\u0159edchoz\u00edho prodeje.<\/p>","protected":false},"excerpt":{"rendered":"<p>Standort: Deutschland, Baden-W\u00fcrttemberg S\u00fcdwest Zustand: Gebraucht Hersteller: Oesterle Baujahr: 2015 gebr. Werkzeughalter \/ Hochpr\u00e4zisions-Bohrstangenhalter Hersteller: Oesterle + Partner GbR \/ Deutschland Kompatible Maschinen Werkzeugaufnahme BMT 55 IKZ und AKZ B 301 Y\/B301 YS B 446 T2\/B 446 T3 B 545 M \/ S \/ SM \/ Y \/ YS B 565 M \/ S \/ [&hellip;]<\/p>\n","protected":false},"featured_media":3459,"comment_status":"open","ping_status":"closed","template":"","meta":{"_uf_show_specific_survey":0,"_uf_disable_surveys":false},"product_brand":[],"product_cat":[20],"product_tag":[],"class_list":{"0":"post-3462","1":"product","2":"type-product","3":"status-publish","4":"has-post-thumbnail","6":"product_cat-werkzeughalter","8":"first","9":"instock","10":"taxable","11":"shipping-taxable","12":"product-type-simple"},"aioseo_notices":[],"_links":{"self":[{"href":"https:\/\/mueller-wrh.de\/cs\/wp-json\/wp\/v2\/product\/3462","targetHints":{"allow":["GET"]}}],"collection":[{"href":"https:\/\/mueller-wrh.de\/cs\/wp-json\/wp\/v2\/product"}],"about":[{"href":"https:\/\/mueller-wrh.de\/cs\/wp-json\/wp\/v2\/types\/product"}],"replies":[{"embeddable":true,"href":"https:\/\/mueller-wrh.de\/cs\/wp-json\/wp\/v2\/comments?post=3462"}],"wp:featuredmedia":[{"embeddable":true,"href":"https:\/\/mueller-wrh.de\/cs\/wp-json\/wp\/v2\/media\/3459"}],"wp:attachment":[{"href":"https:\/\/mueller-wrh.de\/cs\/wp-json\/wp\/v2\/media?parent=3462"}],"wp:term":[{"taxonomy":"product_brand","embeddable":true,"href":"https:\/\/mueller-wrh.de\/cs\/wp-json\/wp\/v2\/product_brand?post=3462"},{"taxonomy":"product_cat","embeddable":true,"href":"https:\/\/mueller-wrh.de\/cs\/wp-json\/wp\/v2\/product_cat?post=3462"},{"taxonomy":"product_tag","embeddable":true,"href":"https:\/\/mueller-wrh.de\/cs\/wp-json\/wp\/v2\/product_tag?post=3462"}],"curies":[{"name":"wp","href":"https:\/\/api.w.org\/{rel}","templated":true}]}}