{"id":3434,"date":"2025-05-09T15:04:03","date_gmt":"2025-05-09T15:04:03","guid":{"rendered":"https:\/\/mueller-wrh.de\/produkt\/gebr-biglia-wkz-halter-angetr-used-toolholder-driven-oesterle-art-300-5521-e32-bi09-mit-ikz_intnr231282\/"},"modified":"2025-05-09T15:04:04","modified_gmt":"2025-05-09T15:04:04","slug":"gebr-biglia-wkz-halter-angetr-used-toolholder-driven-oesterle-art-300-5521-e32-bi09-mit-ikz_intnr231282","status":"publish","type":"product","link":"https:\/\/mueller-wrh.de\/cs\/produkt\/gebr-biglia-wkz-halter-angetr-used-toolholder-driven-oesterle-art-300-5521-e32-bi09-mit-ikz_intnr231282\/","title":{"rendered":"Biglia pou\u017eit\u00fd n\u00e1strojov\u00fd dr\u017e\u00e1k poh\u00e1n\u011bn\u00fd Oesterle Art. 300 5521 E32 BI09 s IKZ_IntNr231282"},"content":{"rendered":"<p><b>Um\u00edst\u011bn\u00ed:<\/b> N\u011bmecko, B\u00e1densko-W\u00fcrttembersko Jihoz\u00e1padn\u00ed N\u011bmecko<\/p>\n<p><b>Stav:<\/b> Pou\u017eit\u00e9<\/p>\n<p><b>V\u00fdrobce:<\/b> Oesterle<\/p>\n<p><b>Rok v\u00fdstavby:<\/b> 2015<\/p>\n<p>Poh\u00e1n\u011bn\u00e9 dr\u017e\u00e1ky n\u00e1stroj\u016f s IKZ<br \/>\nV\u00fdrobce: Oesterle + Partner GbR \/ N\u011bmecko<br \/>\nKompatibiln\u00ed stroje<br \/>\nDr\u017e\u00e1k n\u00e1stroj\u016f<br \/>\nVrtac\u00ed a fr\u00e9zovac\u00ed hlava<br \/>\nER32 1:1<br \/>\nBMT 55<br \/>\nIKZ a AKZ<br \/>\nB 301 Y\/B301 YS<br \/>\nB 446 T2\/B 446 T3<br \/>\nB 545 M \/ S \/ SM \/ Y \/ YS<br \/>\nB 565 M \/ S \/ SM \/ Y \/ YS<br \/>\nB 620 - M \/ SM \/ Y \/ YS<br \/>\nB 650 - 658 M \/ SM \/ Y \/ YS<br \/>\nB750 M \/B750 SM \/B750 Y \/B750 YS - 12 rychlost\u00ed<br \/>\nB750 M \/B750 SM \/B750 Y \/B750 YS - 16n\u00e1sobn\u00fd<br \/>\nB1250M \/B1250SM \/B1250Y \/B1250YS-12n\u00e1sobn\u00fd<br \/>\nB1250M \/B1250SM \/B1250Y \/B120YS - 16n\u00e1sobn\u00fd<\/p>\n<p>S IKZ a rychl\u00fdm nastaven\u00edm chladic\u00ed trubice (pat.)<\/p>\n<p>Dr\u017e\u00e1k n\u00e1stroj\u016f<br \/>\n DIN 6499 ER 32<br \/>\n( d ) Rozsah upnut\u00ed<br \/>\n0,5 - 20 mm<br \/>\nIKZ + extern\u00ed chlazen\u00ed<br \/>\npro radi\u00e1ln\u00ed obr\u00e1b\u011bn\u00ed <\/p>\n<p>Zm\u011bny a chyby v technick\u00fdch \u00fadaj\u00edch a informac\u00edch, jako\u017e i p\u0159edchoz\u00ed prodej vyhrazeny!<\/p>\n<p>Pou\u017eit\u00e9 poh\u00e1n\u011bn\u00e9 n\u00e1strojov\u00e9 dr\u017e\u00e1ky s vnit\u0159n\u00edm p\u0159\u00edvodem chladic\u00ed kapaliny (ICS)<br \/>\nV\u00fdrobce: Oesterle + Partner GbR \/ N\u011bmecko<\/p>\n<p>Kompatibiln\u00ed stroje<br \/>\nRozhran\u00ed dr\u017e\u00e1ku n\u00e1stroj\u016f<br \/>\nVrtac\u00ed a fr\u00e9zovac\u00ed hlava<br \/>\nER32 1:1<br \/>\nBMT 55<br \/>\nICS (intern\u00ed p\u0159\u00edvod chladic\u00ed kapaliny) a ECS (extern\u00ed p\u0159\u00edvod chladic\u00ed kapaliny).<\/p>\n<p>Kompatibiln\u00ed modely stroj\u016f:<\/p>\n<p>B 301 Y \/ B301 YS<\/p>\n<p>B 446 T2 \/ B 446 T3<\/p>\n<p>B 545 M \/ S \/ SM \/ Y \/ YS<\/p>\n<p>B 565 M \/ S \/ SM \/ Y \/ YS<\/p>\n<p>B 620 - M \/ SM \/ Y \/ YS<\/p>\n<p>B 650 - 658 M \/ SM \/ Y \/ YS<\/p>\n<p>B750 M \/ B750 SM \/ B750 Y \/ B750 YS - 12polohov\u00fd<\/p>\n<p>B750 M \/ B750 SM \/ B750 Y \/ B750 YS - 16 pozic<\/p>\n<p>B1250M \/ B1250SM \/ B1250Y \/ B1250YS - 12polohov\u00fd syst\u00e9m<\/p>\n<p>B1250M \/ B1250SM \/ B1250Y \/ B1250YS - 16 pozic<\/p>\n<p>Vybaveno syst\u00e9mem ICS a patentovan\u00fdm rychl\u00fdm nastaven\u00edm trubky chladic\u00ed kapaliny.<\/p>\n<p>Rozhran\u00ed n\u00e1stroje<br \/>\nDIN 6499 ER 32<br \/>\n(d) Rozsah upnut\u00ed: 0,5 - 20 mm<br \/>\nICS + extern\u00ed chlazen\u00ed<br \/>\nPro radi\u00e1ln\u00ed obr\u00e1b\u011bn\u00ed<\/p>\n<p>Technick\u00e9 specifikace a informace se mohou zm\u011bnit a mohou b\u00fdt chybn\u00e9. P\u0159edchoz\u00ed prodej vyhrazen!<\/p>","protected":false},"excerpt":{"rendered":"<p>Standort: Deutschland, Baden-W\u00fcrttemberg S\u00fcdwest Zustand: Gebraucht Hersteller: Oesterle Baujahr: 2015 gebr. angetriebene Werkzeughalter mit IKZ Hersteller: Oesterle + Partner GbR \/ Deutschland Kompatible Maschinen Werkzeugaufnahme Bohr- und Fr\u00e4skopf ER32 1:1 BMT 55 IKZ und AKZ B 301 Y\/B301 YS B 446 T2\/B 446 T3 B 545 M \/ S \/ SM \/ Y \/ YS [&hellip;]<\/p>\n","protected":false},"featured_media":3432,"comment_status":"open","ping_status":"closed","template":"","meta":{"_uf_show_specific_survey":0,"_uf_disable_surveys":false},"product_brand":[],"product_cat":[20],"product_tag":[],"class_list":{"0":"post-3434","1":"product","2":"type-product","3":"status-publish","4":"has-post-thumbnail","6":"product_cat-werkzeughalter","8":"first","9":"instock","10":"taxable","11":"shipping-taxable","12":"product-type-simple"},"aioseo_notices":[],"_links":{"self":[{"href":"https:\/\/mueller-wrh.de\/cs\/wp-json\/wp\/v2\/product\/3434","targetHints":{"allow":["GET"]}}],"collection":[{"href":"https:\/\/mueller-wrh.de\/cs\/wp-json\/wp\/v2\/product"}],"about":[{"href":"https:\/\/mueller-wrh.de\/cs\/wp-json\/wp\/v2\/types\/product"}],"replies":[{"embeddable":true,"href":"https:\/\/mueller-wrh.de\/cs\/wp-json\/wp\/v2\/comments?post=3434"}],"wp:featuredmedia":[{"embeddable":true,"href":"https:\/\/mueller-wrh.de\/cs\/wp-json\/wp\/v2\/media\/3432"}],"wp:attachment":[{"href":"https:\/\/mueller-wrh.de\/cs\/wp-json\/wp\/v2\/media?parent=3434"}],"wp:term":[{"taxonomy":"product_brand","embeddable":true,"href":"https:\/\/mueller-wrh.de\/cs\/wp-json\/wp\/v2\/product_brand?post=3434"},{"taxonomy":"product_cat","embeddable":true,"href":"https:\/\/mueller-wrh.de\/cs\/wp-json\/wp\/v2\/product_cat?post=3434"},{"taxonomy":"product_tag","embeddable":true,"href":"https:\/\/mueller-wrh.de\/cs\/wp-json\/wp\/v2\/product_tag?post=3434"}],"curies":[{"name":"wp","href":"https:\/\/api.w.org\/{rel}","templated":true}]}}