{"id":3413,"date":"2025-05-08T13:19:43","date_gmt":"2025-05-08T13:19:43","guid":{"rendered":"https:\/\/mueller-wrh.de\/produkt\/gebr-biglia-wkz-halter-angetr-used-toolholder-driven-oesterle-art-310-5521-e32-bi09-kja-2-mit-ikz_intnr231277\/"},"modified":"2025-05-13T13:15:27","modified_gmt":"2025-05-13T13:15:27","slug":"gebr-biglia-wkz-halter-angetr-used-toolholder-driven-oesterle-art-310-5521-e32-bi09-kja-2-mit-ikz_intnr231277","status":"publish","type":"product","link":"https:\/\/mueller-wrh.de\/cs\/produkt\/gebr-biglia-wkz-halter-angetr-used-toolholder-driven-oesterle-art-310-5521-e32-bi09-kja-2-mit-ikz_intnr231277\/","title":{"rendered":"Biglia pou\u017eit\u00fd n\u00e1strojov\u00fd dr\u017e\u00e1k poh\u00e1n\u011bn\u00fd Oesterle Art. 310 5521-E32 BI09 KJA-2 s IKZ_IntNr231277"},"content":{"rendered":"<p><b>Um\u00edst\u011bn\u00ed:<\/b> N\u011bmecko, B\u00e1densko-W\u00fcrttembersko Jihoz\u00e1padn\u00ed N\u011bmecko<\/p>\n<p><b>Stav:<\/b> Pou\u017eit\u00e9<\/p>\n<p><b>V\u00fdrobce:<\/b> Oesterle<\/p>\n<p><b>Model:<\/b> 0077 s IKZ<\/p>\n<p><b>Rok v\u00fdstavby:<\/b> 2015<\/p>\n<p>Poh\u00e1n\u011bn\u00e9 dr\u017e\u00e1ky n\u00e1stroj\u016f s IKZ<br \/>\nV\u00fdrobce: Oesterle + Partner GbR \/ N\u011bmecko<br \/>\nKompatibiln\u00ed stroje<br \/>\nDr\u017e\u00e1k n\u00e1stroj\u016f<br \/>\nVrtac\u00ed a fr\u00e9zovac\u00ed hlava<br \/>\n90 stup\u0148\u016f Biglia - BMT55 BH 100 mm<br \/>\nB 301 Y\/B301 YS<br \/>\nB 446 T2\/B 446 T3<br \/>\nB 545 M \/ S \/ SM \/ Y \/ YS<br \/>\nB 565 M \/ S \/ SM \/ Y \/ YS<br \/>\nB 620 - M \/ SM \/ Y \/ YS<br \/>\nB 650 - 658 M \/ SM \/ Y \/ YS<br \/>\nB750 M \/B750 SM \/B750 Y \/B750 YS - 12 rychlost\u00ed<br \/>\nB750 M \/B750 SM \/B750 Y \/B750 YS - 16n\u00e1sobn\u00fd<br \/>\nB1250M \/B1250SM \/B1250Y \/B1250YS-12n\u00e1sobn\u00fd<br \/>\nB1250M \/B1250SM \/B1250Y \/B120YS - 16n\u00e1sobn\u00fd<br \/>\nBIGLIA - BMT55\u00d7<br \/>\nPower-Line<br \/>\nS IKZ a rychl\u00fdm nastaven\u00edm chladic\u00ed trubice (pat.)<br \/>\nNap\u00e1jec\u00ed veden\u00ed<br \/>\n(ku\u017eel\u00edkov\u00e9 lo\u017eisko)<br \/>\nK\u00f3d 310 5521-E32 BI09 KJA<br \/>\nDr\u017e\u00e1k n\u00e1stroj\u016f<br \/>\n DIN 6499 ER 32<br \/>\n( d ) Rozsah upnut\u00ed<br \/>\n1,0 - 20 mm<br \/>\nIKZ + extern\u00ed chlazen\u00ed<br \/>\nbar 85<\/p>\n<p>Pou\u017eit\u00e9 hnan\u00e9 dr\u017e\u00e1ky n\u00e1stroj\u016f s vnit\u0159n\u00edm chlazen\u00edm (IKZ)<br \/>\nV\u00fdrobce: Oesterle + Partner GbR \/ N\u011bmecko<\/p>\n<p>Kompatibiln\u00ed stroje:<br \/>\nBiglia - BMT55 BH, 100 mm<br \/>\nB 301 Y\/B301 YS<br \/>\nB 446 T2\/B 446 T3<br \/>\nB 545 M \/ S \/ SM \/ Y \/ YS<br \/>\nB 565 M \/ S \/ SM \/ Y \/ YS<br \/>\nB 620 - M \/ SM \/ Y \/ YS<br \/>\nB 650 - 658 M \/ SM \/ Y \/ YS<br \/>\nB750 M \/B750 SM \/B750 Y \/B750 YS - 12 rychlost\u00ed<br \/>\nB750 M \/B750 SM \/B750 Y \/B750 YS - 16n\u00e1sobn\u00fd<br \/>\nB1250M \/B1250SM \/B1250Y \/B1250YS-12n\u00e1sobn\u00fd<br \/>\nB1250M \/B1250SM \/B1250Y \/B120YS - 16n\u00e1sobn\u00fd<br \/>\nBIGLIA - BMT55\u00d7<\/p>\n<p>Typ dr\u017e\u00e1ku n\u00e1stroje:<br \/>\nVrtac\u00ed a fr\u00e9zovac\u00ed hlava, \u00fahel 90\u00b0<br \/>\n\u0158ada Power-Line s vnit\u0159n\u00ed chladic\u00ed kapalinou (IKZ) a patentovanou trubic\u00ed pro rychl\u00e9 nastaven\u00ed chladic\u00ed kapaliny<br \/>\nPower-Line (s ku\u017eel\u00edkov\u00fdmi lo\u017eisky)<\/p>\n<p>\u010c\u00edslo v\u00fdrobku: 310 5521-E32 BI09 KJA<\/p>\n<p>Rozhran\u00ed n\u00e1stroje:<br \/>\nDIN 6499 ER 32<br \/>\nRozsah upnut\u00ed (d): 1,0 - 20 mm<\/p>\n<p>P\u0159\u00edvod chladic\u00ed kapaliny:<br \/>\nVnit\u0159n\u00ed chladic\u00ed kapalina (IKZ) + vn\u011bj\u0161\u00ed chlazen\u00ed<br \/>\nMax. Tlak: 85 bar<\/p>","protected":false},"excerpt":{"rendered":"<p>Standort: Deutschland, Baden-W\u00fcrttemberg S\u00fcdwest Zustand: Gebraucht Hersteller: Oesterle Modell: 0077 mit IKZ Baujahr: 2015 gebr. angetriebene Werkzeughalter mit IKZ Hersteller: Oesterle + Partner GbR \/ Deutschland Kompatible Maschinen Werkzeugaufnahme Bohr- und Fr\u00e4skopf 90 Grad Biglia \u2013 BMT55 BH 100 mm B 301 Y\/B301 YS B 446 T2\/B 446 T3 B 545 M \/ S \/ [&hellip;]<\/p>\n","protected":false},"featured_media":3476,"comment_status":"open","ping_status":"closed","template":"","meta":{"_uf_show_specific_survey":0,"_uf_disable_surveys":false},"product_brand":[],"product_cat":[20],"product_tag":[],"class_list":{"0":"post-3413","1":"product","2":"type-product","3":"status-publish","4":"has-post-thumbnail","6":"product_cat-werkzeughalter","8":"first","9":"instock","10":"taxable","11":"shipping-taxable","12":"purchasable","13":"product-type-simple"},"aioseo_notices":[],"_links":{"self":[{"href":"https:\/\/mueller-wrh.de\/cs\/wp-json\/wp\/v2\/product\/3413","targetHints":{"allow":["GET"]}}],"collection":[{"href":"https:\/\/mueller-wrh.de\/cs\/wp-json\/wp\/v2\/product"}],"about":[{"href":"https:\/\/mueller-wrh.de\/cs\/wp-json\/wp\/v2\/types\/product"}],"replies":[{"embeddable":true,"href":"https:\/\/mueller-wrh.de\/cs\/wp-json\/wp\/v2\/comments?post=3413"}],"wp:featuredmedia":[{"embeddable":true,"href":"https:\/\/mueller-wrh.de\/cs\/wp-json\/wp\/v2\/media\/3476"}],"wp:attachment":[{"href":"https:\/\/mueller-wrh.de\/cs\/wp-json\/wp\/v2\/media?parent=3413"}],"wp:term":[{"taxonomy":"product_brand","embeddable":true,"href":"https:\/\/mueller-wrh.de\/cs\/wp-json\/wp\/v2\/product_brand?post=3413"},{"taxonomy":"product_cat","embeddable":true,"href":"https:\/\/mueller-wrh.de\/cs\/wp-json\/wp\/v2\/product_cat?post=3413"},{"taxonomy":"product_tag","embeddable":true,"href":"https:\/\/mueller-wrh.de\/cs\/wp-json\/wp\/v2\/product_tag?post=3413"}],"curies":[{"name":"wp","href":"https:\/\/api.w.org\/{rel}","templated":true}]}}