{"id":3406,"date":"2025-04-29T16:39:31","date_gmt":"2025-04-29T16:39:31","guid":{"rendered":"https:\/\/mueller-wrh.de\/produkt\/gebr-profilprojektor-mitutoyo-pv-500-_intnr231045\/"},"modified":"2025-04-29T16:39:31","modified_gmt":"2025-04-29T16:39:31","slug":"gebr-profilprojektor-mitutoyo-pv-500-_intnr231045","status":"publish","type":"product","link":"https:\/\/mueller-wrh.de\/cs\/produkt\/gebr-profilprojektor-mitutoyo-pv-500-_intnr231045\/","title":{"rendered":"pou\u017eit\u00fd profilov\u00fd projektor Mitutoyo PV 500 _IntNr231045"},"content":{"rendered":"<p><b>Um\u00edst\u011bn\u00ed:<\/b> N\u011bmecko, B\u00e1densko-W\u00fcrttembersko Jihoz\u00e1padn\u00ed N\u011bmecko<\/p>\n<p><b>Stav:<\/b> Pou\u017eit\u00e9<\/p>\n<p><b>Provozn\u00ed doba:<\/b> \u017e\u00e1dn\u00e9<\/p>\n<p>IntNo231045<br \/>\nGebr.<br \/>\nProfilov\u00fd projektor Mitutoyo PV 500<br \/>\ns 500mm obrazovkou a digit\u00e1ln\u00edm displejem<br \/>\nTechnick\u00e9 \u00fadaje:<br \/>\nProfilov\u00fd projektor zna\u010dky MITUTOYO typ PV-500<br \/>\nPr\u016fm\u011br s\u00edta 508 mm<br \/>\nObrazovka oto\u010dn\u00e1 o 360\u00b0 (nonius 1')<br \/>\nMo\u017enost zv\u011bt\u0161en\u00ed 5 x , 10 x , 20 x , 50 x , 100 x<br \/>\nInstalace pomoc\u00ed vlo\u017ekov\u00e9ho syst\u00e9mu s adapt\u00e9rem<br \/>\nP\u0159esnost zv\u011bt\u0161en\u00ed s proch\u00e1zej\u00edc\u00edm sv\u011btlem \/ odra\u017een\u00fdm sv\u011btlem +- 0,1% \/ +- 0,15%<br \/>\nS\u00ed\u0165 220 V, 50 Hz<br \/>\nSpot\u0159eba energie 340 VA<br \/>\nZ\u00e1kladn\u00ed rozm\u011bry spot\u0159ebi\u010de 900 x 700 x 1700 mm<br \/>\nHmotnost 180 kg<br \/>\ns<br \/>\n- 2-os\u00fd digit\u00e1ln\u00ed displej Mitutoyo<br \/>\nP\u0159\u00edslu\u0161enstv\u00ed <\/p>\n<p>Stroj si m\u016f\u017eete prohl\u00e9dnout po p\u0159edchoz\u00ed domluv\u011b.<br \/>\nZm\u011bny a chyby v technick\u00fdch \u00fadaj\u00edch a informac\u00edch, jako\u017e i p\u0159edchoz\u00ed prodej vyhrazeny!<\/p>\n<p>Pou\u017eit\u00e9<br \/>\nProfilov\u00fd projektor Mitutoyo PV 500<br \/>\ns 500mm obrazovkou a digit\u00e1ln\u00edm displejem<br \/>\nTechnick\u00e9 \u00fadaje:<br \/>\nProfilov\u00fd projektor zna\u010dky MITUTOYO typ PV-500<br \/>\nPr\u016fm\u011br s\u00edta 508 mm<br \/>\nObrazovka oto\u010dn\u00e1 o 360\u00b0 (nonius 1\u2032)<br \/>\nMo\u017enost zv\u011bt\u0161en\u00ed 5 x , 10 x , 20 x , 50 x , 100 x<br \/>\nInstalace pomoc\u00ed vlo\u017ekov\u00e9ho syst\u00e9mu s adapt\u00e9rem<br \/>\nP\u0159esnost zv\u011bt\u0161en\u00ed s proch\u00e1zej\u00edc\u00edm sv\u011btlem \/ odra\u017een\u00fdm sv\u011btlem +- 0,1% \/ +- 0,15%<br \/>\nS\u00ed\u0165 220 V, 50 Hz<br \/>\nSpot\u0159eba energie 340 VA<br \/>\nZ\u00e1kladn\u00ed rozm\u011bry za\u0159\u00edzen\u00ed 900 x 700 x 1700 mm<br \/>\nHmotnost 180 kg<br \/>\nS<br \/>\n- 2-os\u00fd digit\u00e1ln\u00ed displej Mitutoyo<br \/>\nP\u0159\u00edslu\u0161enstv\u00ed <\/p>\n<p>Stroj si m\u016f\u017eete prohl\u00e9dnout po p\u0159edchoz\u00ed domluv\u011b.<br \/>\nZm\u011bny a chyby v technick\u00fdch \u00fadaj\u00edch a informac\u00edch, jako\u017e i p\u0159edchoz\u00ed prodej vyhrazeny!<\/p>","protected":false},"excerpt":{"rendered":"<p>Standort: Deutschland, Baden-W\u00fcrttemberg S\u00fcdwest Zustand: Gebraucht Betriebsstunden: keine IntNr231045 Gebr. Profilprojektor Mitutoyo PV 500 mit Bildschirm 500 mm und digitaler Anzeige Technische Daten: Profilprojektor Fabrikat MITUTOYO Typ PV-500 Bildschirmdurchmesser 508 mm Bildschirm drehbar um 360\u00b0 (Nonius 1\u00b4) Vergr\u00f6\u00dferung m\u00f6glich 5 x , 10 x , 20 x ,50x , 100 x Einbau erfolgt durch Einsatzsystem [&hellip;]<\/p>\n","protected":false},"featured_media":3402,"comment_status":"open","ping_status":"closed","template":"","meta":{"_uf_show_specific_survey":0,"_uf_disable_surveys":false},"product_brand":[],"product_cat":[98],"product_tag":[],"class_list":{"0":"post-3406","1":"product","2":"type-product","3":"status-publish","4":"has-post-thumbnail","6":"product_cat-messtechnik","8":"first","9":"instock","10":"taxable","11":"shipping-taxable","12":"product-type-simple"},"aioseo_notices":[],"_links":{"self":[{"href":"https:\/\/mueller-wrh.de\/cs\/wp-json\/wp\/v2\/product\/3406","targetHints":{"allow":["GET"]}}],"collection":[{"href":"https:\/\/mueller-wrh.de\/cs\/wp-json\/wp\/v2\/product"}],"about":[{"href":"https:\/\/mueller-wrh.de\/cs\/wp-json\/wp\/v2\/types\/product"}],"replies":[{"embeddable":true,"href":"https:\/\/mueller-wrh.de\/cs\/wp-json\/wp\/v2\/comments?post=3406"}],"wp:featuredmedia":[{"embeddable":true,"href":"https:\/\/mueller-wrh.de\/cs\/wp-json\/wp\/v2\/media\/3402"}],"wp:attachment":[{"href":"https:\/\/mueller-wrh.de\/cs\/wp-json\/wp\/v2\/media?parent=3406"}],"wp:term":[{"taxonomy":"product_brand","embeddable":true,"href":"https:\/\/mueller-wrh.de\/cs\/wp-json\/wp\/v2\/product_brand?post=3406"},{"taxonomy":"product_cat","embeddable":true,"href":"https:\/\/mueller-wrh.de\/cs\/wp-json\/wp\/v2\/product_cat?post=3406"},{"taxonomy":"product_tag","embeddable":true,"href":"https:\/\/mueller-wrh.de\/cs\/wp-json\/wp\/v2\/product_tag?post=3406"}],"curies":[{"name":"wp","href":"https:\/\/api.w.org\/{rel}","templated":true}]}}