{"id":3401,"date":"2025-04-29T16:38:34","date_gmt":"2025-04-29T16:38:34","guid":{"rendered":"https:\/\/mueller-wrh.de\/produkt\/gebr-dmc-80-h-baujahr-2001-intnr231113\/"},"modified":"2025-04-29T16:38:34","modified_gmt":"2025-04-29T16:38:34","slug":"gebr-dmc-80-h-baujahr-2001-intnr231113","status":"publish","type":"product","link":"https:\/\/mueller-wrh.de\/cs\/produkt\/gebr-dmc-80-h-baujahr-2001-intnr231113\/","title":{"rendered":"DMC 80 H, rok v\u00fdroby 2001 IntNr231113"},"content":{"rendered":"<p><b>Um\u00edst\u011bn\u00ed:<\/b> N\u011bmecko, B\u00e1densko-W\u00fcrttembersko Jihoz\u00e1padn\u00ed N\u011bmecko<\/p>\n<p><b>Stav:<\/b> Jako nov\u00fd<\/p>\n<p><b>V\u00fdrobce:<\/b> DMG<\/p>\n<p><b>Model:<\/b> DMC 80 H<\/p>\n<p><b>Provozn\u00ed doba:<\/b> 83500<\/p>\n<p>IntNo231113<br \/>\nWarenentarifnummer \/ \u010d\u00edslo celn\u00edho sazebn\u00edku 8457 10 10 00<br \/>\nHorizont\u00e1ln\u00ed obr\u00e1b\u011bc\u00ed centrum<br \/>\nV\u00fdrobce: DMG Deckel Maho<br \/>\nTyp: DMC 80H hi-dyn. RS4 s 2n\u00e1sobn\u00fdm v\u00fdm\u011bn\u00edkem desek a paletovou stanic\u00ed 4 stanice.<br \/>\nNC oto\u010dn\u00fd st\u016fl 360\u00b0<br \/>\nBal\u00ed\u010dek p\u0159esnosti<br \/>\nDr\u017e\u00e1ky n\u00e1stroj\u016f<br \/>\nStrm\u00fd ku\u017eel: HST 100* DIN 69893 Form A<br \/>\n\u0158et\u011bz pozic z\u00e1sobn\u00edku n\u00e1stroj\u016f:1 x 90 a 1 x 90<br \/>\nDopravn\u00edk t\u0159\u00edsek V\u010detn\u011b p\u00e1sov\u00e9ho filtru od spole\u010dnosti Knoll<br \/>\nBILUTEC Lufttechnik - Filtra\u010dn\u00ed syst\u00e9my<br \/>\n\u010c\u00edslo stroje: 28840003102<br \/>\nRok v\u00fdstavby: 2001<br \/>\n\u0158\u00eddic\u00ed syst\u00e9m: Siemens Sinumerik 840D<br \/>\nProvozn\u00ed hodiny: p\u0159ibli\u017en\u011b 83 500 h<br \/>\nSpecifikace<br \/>\nTechnick\u00e9 \u00fadaje<br \/>\nHlavn\u00ed pohon<br \/>\n- P\u0159\u00edm\u00fd pohon kapalinou chlazen\u00fdm induk\u010dn\u00edm motorem s regulac\u00ed ot\u00e1\u010dek<br \/>\n- Rozsahy ot\u00e1\u010dek, plynule programovateln\u00e9:<br \/>\no Provozn\u00ed re\u017eim: 0 a\u017e 6 000 ot\u00e1\u010dek za minutu<br \/>\no Re\u017eim nastaven\u00ed: 0 a\u017e 800 ot\u00e1\u010dek za minutu<br \/>\no Manu\u00e1ln\u00ed operace: 0 a\u017e 5 000 ot\u00e1\u010dek za minutu<br \/>\n- To\u010div\u00fd moment:<br \/>\no S1 - 100% Pracovn\u00ed cyklus: max. 300 Nm (220 lb-ft)<br \/>\no S6 - 40% Pracovn\u00ed cyklus: max. 440 Nm (322 lb-ft)<br \/>\n- V\u00fdkonnost:<br \/>\no S1 - 100% Pracovn\u00ed cyklus: 25 kW (33 k)<br \/>\no S6 - 40% Pracovn\u00ed cyklus: 37 kW (49 k)<br \/>\nPohon krmiva<br \/>\n- 3f\u00e1zov\u00e9 synchronn\u00ed servomotory na st\u0159\u00eddav\u00fd proud<br \/>\n- Rychlost posuvu os X\/Y\/Z:<br \/>\no Plynule programovateln\u00e9: 1 a\u017e 40 000 mm\/min (0,04 a\u017e 1 575 in\/min)<br \/>\no Rychl\u00fd posuv: 40 000 mm\/min (1 575 in\/min)<br \/>\no Re\u017eim nastaven\u00ed: 1 a\u017e 2 000 mm\/min (0,04 a\u017e 79 in\/min)<br \/>\no Ru\u010dn\u00ed operace: 1 a\u017e 5 000 mm\/min (0,04 a\u017e 200 in\/min)<br \/>\n- S\u00edla posuvu:<br \/>\no osy X\/Z (pracovn\u00ed cyklus 100%): max. 15 000 N (3 372 lb)<br \/>\no Osa Y (pracovn\u00ed cyklus 100%): max. 10 000 N (2 255 lb)<br \/>\nM\u011b\u0159\u00edc\u00ed syst\u00e9m<br \/>\n- Rozli\u0161en\u00ed, nejmen\u0161\u00ed vstupn\u00ed krok:<br \/>\no Osy X\/Y\/Z: 0,001 mm (0,0004 palce)<br \/>\n- Tolerance polohy (podle VDI\/DGQ 3441):<br \/>\no P\u0159\u00edm\u00e9 m\u011b\u0159en\u00ed os X\/Y\/Z: 0,010 mm (0,004 in)<br \/>\no P\u0159\u00edm\u00e9 m\u011b\u0159en\u00ed osy B: 14 \u00fahlov\u00fdch vte\u0159in<br \/>\nKulat\u00fd st\u016fl<br \/>\n- Ot\u00e1\u010dky: max. 19 ot\/min<br \/>\n- Up\u00ednac\u00ed s\u00edla palety: 120 000 N (27 000 lb)<br \/>\n- Nakl\u00e1p\u011bc\u00ed moment: max. 16 000 Nm (3 520 lb-ft)<br \/>\n- Tangenci\u00e1ln\u00ed to\u010div\u00fd moment: max. 4 800 Nm (3 523 lb-ft)<br \/>\nPaleta<br \/>\n- Mno\u017estv\u00ed: 1<br \/>\n- Velikost: 500 x 630 mm (19,7 x 24,8 palce)<br \/>\n- P\u0159\u00edpustn\u00e9 zat\u00ed\u017een\u00ed jedn\u00e9 palety:<br \/>\no P\u0159i pou\u017eit\u00ed 1 palety: max. 500 kg (1 102 lb)<br \/>\no P\u0159i pou\u017eit\u00ed 2 palet: max. 900 kg.<br \/>\n- T-dr\u00e1\u017eky:<br \/>\no Po\u010det x \u0161\u00ed\u0159ka: 4 x 14 mm (0,16 x 0,55 palce)<br \/>\n- Pr\u016fvodcovsk\u00e1 dr\u00e1\u017eka:<br \/>\no Po\u010det x \u0161\u00ed\u0159ka: 1 x 14 mm (0,04 x 0,55 palce)<br \/>\nPracovn\u00ed oblast<br \/>\n- Cestovn\u00ed vzd\u00e1lenost:<br \/>\no Pr\u016fm\u011br n\u00e1stroje v\u011bt\u0161\u00ed ne\u017e 200 mm (7,87 palce):<br \/>\no Pr\u016fm\u011br n\u00e1stroje men\u0161\u00ed ne\u017e 200 mm (7,87 palce):<br \/>\no Asymetrick\u00fd rozsah pojezdu:<br \/>\no Osa X: 800 mm (31,5 palce)<br \/>\no Osa X: +500\/-400 mm (+19,7\/-15,7 palce)<br \/>\n\uf0a7 Osa Y: 710 mm (27,9 palce)<br \/>\n\uf0a7 Osa Z: 710 mm (27,9 palce)<br \/>\n\uf0a7 Osa B: 360\u00b0<\/p>\n<p>Velikost stroje:<br \/>\n4 600 x 2 400 x 2 700 mm<br \/>\nHmotnost stroje:<br \/>\n10 500 kg<\/p>\n<p>1x stroj: D = 530 cm x \u0160 = 240 cm x V = 284 cm; M = 15 000 kg.<br \/>\n1x rozvodn\u00e1 sk\u0159\u00ed\u0148: D = 170 cm x \u0160 = 60 cm x V = 220 cm; M = 1 800 kg<br \/>\n1x dopravn\u00edk t\u0159\u00edsek: D = 520 cm x \u0160 = 50 cm x V = 150 cm; M = 750 kg.<br \/>\n2x paleta s p\u0159\u00edslu\u0161enstv\u00edm: D = 80 cm x \u0160 = 60 cm; M = 500 kg.<br \/>\n1x europaleta s hydraulickou jednotkou<br \/>\n1x europaleta s p\u0159\u00edslu\u0161enstv\u00edm<br \/>\n1x europaleta s kryty: D = 200 cm x \u0160 = 100 cm<br \/>\n1x nosi\u010d filtr\u016f: D = 240 cm x \u0160 = 80 cm x V = 200 cm; M = 500 kg.<br \/>\n1x z\u00e1sobn\u00edk na n\u00e1\u0159ad\u00ed: D = 300 cm x \u0160 = 240 cm x V = 338 cm; M = 7 000 kg.<br \/>\n1x kulat\u00fd st\u016fl: D = 330 cm x \u0160 = 300 cm x V = 220 cm; M = 4,500 kg<\/p>\n<p>Dodac\u00ed lh\u016fta v kr\u00e1tk\u00e9m term\u00ednu dle dohody.<\/p>\n<p>Stroj si lze prohl\u00e9dnout po p\u0159edchoz\u00ed domluv\u011b.<br \/>\nZm\u011bny a chyby v technick\u00fdch \u00fadaj\u00edch a informac\u00edch, jako\u017e i p\u0159edchoz\u00ed prodej vyhrazeny!<\/p>\n<p>Horizont\u00e1ln\u00ed obr\u00e1b\u011bc\u00ed centrum<br \/>\nV\u00fdrobce: DMG Deckel Maho<br \/>\nTyp: DMC 80H hi-dyn. RS4 s 2n\u00e1sobn\u00fdm v\u00fdm\u011bn\u00edkem desek a paletovou stanic\u00ed 4 stanice.<br \/>\nNC oto\u010dn\u00fd st\u016fl 360<br \/>\nBal\u00ed\u010dek p\u0159esnosti<br \/>\nDr\u017e\u00e1ky n\u00e1stroj\u016f<br \/>\nStrm\u00fd ku\u017eel: HST 100* DIN 69893 Form A<br \/>\nPozice z\u00e1sobn\u00edku n\u00e1stroj\u016f \u0158et\u011bz:1 x 90 a 1 x 90<br \/>\nDopravn\u00edk t\u0159\u00edsek V\u010detn\u011b p\u00e1sov\u00e9ho filtru od spole\u010dnosti Knoll<br \/>\nBILUTEC Lufttechnik - Filtra\u010dn\u00ed syst\u00e9my<br \/>\n\u010c\u00edslo stroje: 28840003102<br \/>\nRok v\u00fdroby: 2001<br \/>\n\u0158\u00edzen\u00ed: Siemens Sinumerik 840D<br \/>\nProvozn\u00ed hodiny: p\u0159ibli\u017en\u011b 83 500 h<br \/>\nSpecifikace stroje<br \/>\nTechnick\u00e9 specifikace<br \/>\nHlavn\u00ed pohon<br \/>\n- P\u0159\u00edm\u00fd pohon kapalinou chlazen\u00fdm induk\u010dn\u00edm motorem s regulac\u00ed ot\u00e1\u010dek<br \/>\n- Rozsahy ot\u00e1\u010dek, plynule programovateln\u00e9:<br \/>\no Provozn\u00ed re\u017eim: 0 a\u017e 6 000 ot\u00e1\u010dek za minutu<br \/>\no Re\u017eim nastaven\u00ed: 0 a\u017e 800 ot\u00e1\u010dek za minutu<br \/>\no Manu\u00e1ln\u00ed z\u00e1sah: 0 a\u017e 5 000 ot\u00e1\u010dek za minutu<br \/>\n- To\u010div\u00fd moment:<br \/>\no S1 - 100% pracovn\u00ed cyklus: max. 300 Nm (220 lb-ft)<br \/>\no S6 - 40% pracovn\u00ed cyklus: max. 440 Nm (322 lb-ft)<br \/>\n- V\u00fdkon:<br \/>\no S1 - 100% pracovn\u00ed cyklus: 25 kW (33 k)<br \/>\no S6 - 40% pracovn\u00ed cyklus: 37 kW (49 k)<br \/>\nPohon krmiva<br \/>\n- 3f\u00e1zov\u00e9 synchronn\u00ed servomotory na st\u0159\u00eddav\u00fd proud<br \/>\n- Rychlost posuvu os X\/Y\/Z:<br \/>\no Plynule programovateln\u00e9: 1 a\u017e 40 000 mm\/min (0,04 a\u017e 1 575 in\/min)<br \/>\no Rychl\u00fd posuv: 40 000 mm\/min (1,575 in\/min)<br \/>\no Re\u017eim nastaven\u00ed: 1 a\u017e 2 000 mm\/min (0,04 a\u017e 79 in\/min)<br \/>\no Ru\u010dn\u00ed operace: 1 a\u017e 5 000 mm\/min (0,04 a\u017e 200 in\/min)<br \/>\n- S\u00edla posuvu:<br \/>\no osy X\/Z (pracovn\u00ed cyklus 100%): max. 15 000 N (3 372 lb)<br \/>\no Osa Y (pracovn\u00ed cyklus 100%): max. 10 000 N (2 255 lb)<br \/>\nM\u011b\u0159\u00edc\u00ed syst\u00e9m<br \/>\n- Rozli\u0161en\u00ed, nejmen\u0161\u00ed vstupn\u00ed krok:<br \/>\no Osy X\/Y\/Z: 0,001 mm (0,0004 palce)<br \/>\n- Tolerance polohy (podle VDI\/DGQ 3441):<br \/>\no P\u0159\u00edm\u00e9 m\u011b\u0159en\u00ed os X\/Y\/Z: 0,010 mm (0,004 in)<br \/>\no P\u0159\u00edm\u00e9 m\u011b\u0159en\u00ed osy B: 14 \u00fahlov\u00fdch vte\u0159in<br \/>\nOto\u010dn\u00fd st\u016fl<br \/>\n- Ot\u00e1\u010dky: max. 19 ot\/min<br \/>\n- Up\u00ednac\u00ed s\u00edla palety: 120 000 N (27 000 lb)<br \/>\n- To\u010div\u00fd moment p\u0159i nakl\u00e1p\u011bn\u00ed: max. 16 000 Nm (3 520 lb-ft)<br \/>\n- Tangenci\u00e1ln\u00ed to\u010div\u00fd moment: max. 4 800 Nm (3 523 lb-ft)<br \/>\nPaleta<br \/>\n- Mno\u017estv\u00ed: 1<br \/>\n- Velikost: 500 x 630 mm (19,7 x 24,8 palce)<br \/>\n- P\u0159\u00edpustn\u00e9 zat\u00ed\u017een\u00ed jedn\u00e9 palety:<br \/>\no P\u0159i pou\u017eit\u00ed 1 palety: max. 500 kg (1 102 lb)<br \/>\no P\u0159i pou\u017eit\u00ed 2 palet: max. 900 kg.<br \/>\n- T-dr\u00e1\u017eky:<br \/>\no Po\u010det x \u0161\u00ed\u0159ka: 4 x 14 mm (0,16 x 0,55 palce)<br \/>\n- Pr\u016fvodcovsk\u00e1 dr\u00e1\u017eka:<br \/>\no Po\u010det x \u0161\u00ed\u0159ka: 1 x 14 mm (0,04 x 0,55 palce)<br \/>\nPracovn\u00ed rozsah<br \/>\n- Cestovn\u00ed vzd\u00e1lenost:<br \/>\no Pr\u016fm\u011br n\u00e1stroje v\u011bt\u0161\u00ed ne\u017e 200 mm (7,87 palce):<br \/>\no Pr\u016fm\u011br n\u00e1stroje men\u0161\u00ed ne\u017e 200 mm (7,87 palce):<br \/>\no Asymetrick\u00fd rozsah pojezdu:<br \/>\no Osa X: 800 mm (31,5 palce)<br \/>\no Osa X: +500\/-400 mm (+19,7\/-15,7 palce)<br \/>\n\uf0a7 Osa Y: 710 mm (27,9 palce)<br \/>\n\uf0a7 Osa Z: 710 mm (27,9 palce)<br \/>\n\uf0a7 Osa B: 360\u00b0<\/p>\n<p>Velikost stroje:<br \/>\n4 600 x 2 400 x 2 700 mm<br \/>\nHmotnost stroje:<br \/>\n10 500 kg<\/p>\n<p>1x stroj: D = 530 cm x \u0160 = 240 cm x V = 284 cm; M = 15 000 kg.<br \/>\n1x ovl\u00e1dac\u00ed sk\u0159\u00ed\u0148ka: D = 170 cm x \u0160 = 60 cm x V = 220 cm; M = 1 800 kg.<br \/>\n1x dopravn\u00edk t\u0159\u00edsek: D = 520 cm x \u0160 = 50 cm x V = 150 cm; M = 750 kg.<br \/>\n2x paleta s p\u0159\u00edslu\u0161enstv\u00edm: D = 80 cm x \u0160 = 60 cm; M = 500 kg.<br \/>\n1x europaleta s hydraulickou jednotkou<br \/>\n1x europaleta s p\u0159\u00edslu\u0161enstv\u00edm<br \/>\n1x europaleta s kryty: D = 200 cm x \u0160 = 100 cm<br \/>\n1x nosi\u010d filtru: D = 240 cm x \u0160 = 80 cm x V = 200 cm; M = 500 kg.<br \/>\n1x z\u00e1sobn\u00edk na n\u00e1\u0159ad\u00ed: D = 300 cm x \u0160 = 240 cm x V = 338 cm; M = 7 000 kg.<br \/>\n1x oto\u010dn\u00fd st\u016fl: D = 330 cm x \u0160 = 300 cm x V = 220 cm; M = 4 500 kg.<\/p>\n<p>Dodac\u00ed lh\u016fta v kr\u00e1tk\u00e9m term\u00ednu dle dohody.<\/p>\n<p>Stroj si m\u016f\u017eete prohl\u00e9dnout po p\u0159edchoz\u00ed domluv\u011b.<br \/>\nZm\u011bny a chyby v technick\u00fdch \u00fadaj\u00edch a informac\u00edch, jako\u017e i p\u0159edchoz\u00ed prodej vyhrazeny!<\/p>","protected":false},"excerpt":{"rendered":"<p>Standort: Deutschland, Baden-W\u00fcrttemberg S\u00fcdwest Zustand: Neuwertig Hersteller: DMG Modell: DMC 80 H Betriebsstunden: 83500 IntNr231113 Warentarifnummer \/ Goods tariff number 8457 10 10 00 Bearbeitungszentrum Horizontal Hersteller: DMG Deckel Maho Typ: DMC 80H hi-dyn. RS4 mit 2fach Plattenwechsler und Paletten Bahnhof 4 Stationen NC-Rundtisch 360\u00b0 Genauigkeitspaket Werkzeugaufnahmen Steilkegel: HST 100* DIN 69893 Form A Werkzeugmagazinpositionen [&hellip;]<\/p>\n","protected":false},"featured_media":3392,"comment_status":"open","ping_status":"closed","template":"","meta":{"_uf_show_specific_survey":0,"_uf_disable_surveys":false},"product_brand":[],"product_cat":[21],"product_tag":[],"class_list":{"0":"post-3401","1":"product","2":"type-product","3":"status-publish","4":"has-post-thumbnail","6":"product_cat-cnc-bearbeitungszentrum","8":"first","9":"instock","10":"taxable","11":"shipping-taxable","12":"product-type-simple"},"aioseo_notices":[],"_links":{"self":[{"href":"https:\/\/mueller-wrh.de\/cs\/wp-json\/wp\/v2\/product\/3401","targetHints":{"allow":["GET"]}}],"collection":[{"href":"https:\/\/mueller-wrh.de\/cs\/wp-json\/wp\/v2\/product"}],"about":[{"href":"https:\/\/mueller-wrh.de\/cs\/wp-json\/wp\/v2\/types\/product"}],"replies":[{"embeddable":true,"href":"https:\/\/mueller-wrh.de\/cs\/wp-json\/wp\/v2\/comments?post=3401"}],"wp:featuredmedia":[{"embeddable":true,"href":"https:\/\/mueller-wrh.de\/cs\/wp-json\/wp\/v2\/media\/3392"}],"wp:attachment":[{"href":"https:\/\/mueller-wrh.de\/cs\/wp-json\/wp\/v2\/media?parent=3401"}],"wp:term":[{"taxonomy":"product_brand","embeddable":true,"href":"https:\/\/mueller-wrh.de\/cs\/wp-json\/wp\/v2\/product_brand?post=3401"},{"taxonomy":"product_cat","embeddable":true,"href":"https:\/\/mueller-wrh.de\/cs\/wp-json\/wp\/v2\/product_cat?post=3401"},{"taxonomy":"product_tag","embeddable":true,"href":"https:\/\/mueller-wrh.de\/cs\/wp-json\/wp\/v2\/product_tag?post=3401"}],"curies":[{"name":"wp","href":"https:\/\/api.w.org\/{rel}","templated":true}]}}