{"id":3297,"date":"2025-03-19T14:33:03","date_gmt":"2025-03-19T14:33:03","guid":{"rendered":"https:\/\/mueller-wrh.de\/produkt\/lang-lader_bevorratung-und-zufuehrsystem-inkl-20-schraubstoecke-intnr231262\/"},"modified":"2025-03-19T14:33:03","modified_gmt":"2025-03-19T14:33:03","slug":"lang-lader_bevorratung-und-zufuehrsystem-inkl-20-schraubstoecke-intnr231262","status":"publish","type":"product","link":"https:\/\/mueller-wrh.de\/cs\/produkt\/lang-lader_bevorratung-und-zufuehrsystem-inkl-20-schraubstoecke-intnr231262\/","title":{"rendered":"Naklada\u010d LANG_skladovac\u00ed a pod\u00e1vac\u00ed syst\u00e9m, v\u010detn\u011b 20 sv\u011br\u00e1k\u016f, IntNo231262"},"content":{"rendered":"<p><b>Um\u00edst\u011bn\u00ed:<\/b> N\u011bmecko, B\u00e1densko-W\u00fcrttembersko Jihoz\u00e1padn\u00ed N\u011bmecko<\/p>\n<p><b>Stav:<\/b> Pou\u017eit\u00e9<\/p>\n<p><b>V\u00fdrobce:<\/b> LANG<\/p>\n<p><b>Model:<\/b> LANG<\/p>\n<p><b>Rok v\u00fdstavby:<\/b> 2005<\/p>\n<p>Skladovac\u00ed a pod\u00e1vac\u00ed syst\u00e9m LANG Technik z roku 2005, v\u010detn\u011b 20 sv\u011br\u00e1k\u016f.<\/p>\n<p>Automatiza\u010dn\u00ed syst\u00e9m s uspo\u0159\u00e1d\u00e1n\u00edm \u017elab\u016f Skladovac\u00ed kapacita cca 50-60 up\u00ednac\u00edch sv\u011br\u00e1k\u016f.<\/p>\n<p>Technick\u00fd popis:<br \/>\nSkladovac\u00ed a pod\u00e1vac\u00ed syst\u00e9m LANG Technik<br \/>\nAutomatiza\u010dn\u00ed syst\u00e9m LANG Technik s uspo\u0159\u00e1d\u00e1n\u00edm \u017elab\u016f je pokro\u010dil\u00e9 automatizovan\u00e9 \u0159e\u0161en\u00ed pro manipulaci s obrobky a obr\u00e1b\u011bn\u00ed, kter\u00e9 je speci\u00e1ln\u011b navr\u017eeno pro efektivn\u00ed a p\u0159esn\u00e9 \u0159\u00edzen\u00ed up\u00ednac\u00edch sv\u011br\u00e1k\u016f. Tento syst\u00e9m, zkonstruovan\u00fd v roce 2005, je ur\u010den k automatizaci v\u00fdrobn\u00edch proces\u016f a zv\u00fd\u0161en\u00ed efektivity d\u00edky optimalizaci manipulace s obrobky a omezen\u00ed manu\u00e1ln\u00edch z\u00e1sah\u016f.<\/p>\n<p>Posuvn\u00e9 uspo\u0159\u00e1d\u00e1n\u00ed:<br \/>\nAutomatiza\u010dn\u00ed syst\u00e9m je vybaven \u017elabov\u00fdm uspo\u0159\u00e1d\u00e1n\u00edm, kter\u00e9 umo\u017e\u0148uje nep\u0159etr\u017eit\u00e9, bezpe\u010dn\u00e9 a rychl\u00e9 vykl\u00e1d\u00e1n\u00ed a p\u0159epravu obrobk\u016f. \u017dlaby slou\u017e\u00ed jako spojovac\u00ed prvek mezi r\u016fzn\u00fdmi zpracovatelsk\u00fdmi stanicemi a jsou speci\u00e1ln\u011b navr\u017eeny tak, aby zaji\u0161\u0165ovaly stabiln\u00ed a p\u0159esn\u00fd pohyb obrobk\u016f v pr\u016fb\u011bhu cel\u00e9ho v\u00fdrobn\u00edho procesu.<\/p>\n<p>\u0158\u00eddic\u00ed syst\u00e9m: Uspo\u0159\u00e1d\u00e1n\u00ed posuv\u016f je koordinov\u00e1no prost\u0159ednictv\u00edm centr\u00e1ln\u00ed \u0159\u00eddic\u00ed jednotky syst\u00e9mu, tak\u017ee provoz je pln\u011b automatick\u00fd a efektivn\u00ed.<\/p>\n<p>- Skladovac\u00ed kapacita: cca 50-60 up\u00ednac\u00edch sv\u011br\u00e1k\u016f.<br \/>\n- Materi\u00e1l skluznice: ocel nebo hlin\u00edk, v z\u00e1vislosti na pou\u017eit\u00ed<br \/>\n- Automatizace: Pln\u011b automatizovan\u00e1 s centr\u00e1ln\u00ed \u0159\u00eddic\u00ed jednotkou<br \/>\n- Oblast pou\u017eit\u00ed: Pro zpracov\u00e1n\u00ed obrobk\u016f r\u016fzn\u00fdch velikost\u00ed a tvar\u016f.<br \/>\n- Pou\u017eit\u00ed: Vhodn\u00e9 zejm\u00e9na pro obr\u00e1b\u011bn\u00ed kov\u016f a pr\u016fmyslovou v\u00fdrobu.<br \/>\n- Integrace: Snadn\u00e1 integrace do st\u00e1vaj\u00edc\u00edch v\u00fdrobn\u00edch proces\u016f<\/p>\n<p>Stroj lze po domluv\u011b prohl\u00e9dnout pod proudem.<br \/>\nZm\u011bny a chyby v technick\u00fdch \u00fadaj\u00edch a specifikac\u00edch, stejn\u011b jako p\u0159edchoz\u00ed prodej, vyhrazeny!<\/p>\n<p>Skladovac\u00ed a pod\u00e1vac\u00ed syst\u00e9m LANG Technik z roku 2005, v\u010detn\u011b 20 sv\u011br\u00e1k\u016f.<\/p>\n<p>Automatiza\u010dn\u00ed syst\u00e9m s uspo\u0159\u00e1d\u00e1n\u00edm \u017elab\u016f Skladovac\u00ed kapacita cca 50-60 up\u00ednac\u00edch sv\u011br\u00e1k\u016f.<\/p>\n<p>Technick\u00fd popis:<br \/>\nSkladovac\u00ed a pod\u00e1vac\u00ed syst\u00e9m LANG Technik<br \/>\nAutomatiza\u010dn\u00ed syst\u00e9m LANG Technik s uspo\u0159\u00e1d\u00e1n\u00edm \u017elab\u016f je pokro\u010dil\u00e9 automatizovan\u00e9 \u0159e\u0161en\u00ed pro manipulaci s obrobky a jejich zpracov\u00e1n\u00ed, speci\u00e1ln\u011b navr\u017een\u00e9 pro efektivn\u00ed a p\u0159esnou spr\u00e1vu sv\u011br\u00e1k\u016f. Tento syst\u00e9m, zkonstruovan\u00fd v roce 2005, je ur\u010den k automatizaci v\u00fdrobn\u00edch proces\u016f a zv\u00fd\u0161en\u00ed efektivity d\u00edky optimalizaci manipulace s obrobky a omezen\u00ed manu\u00e1ln\u00edch z\u00e1sah\u016f.<\/p>\n<p>Uspo\u0159\u00e1d\u00e1n\u00ed \u017elabu:<br \/>\nAutomatiza\u010dn\u00ed syst\u00e9m je vybaven \u017elabov\u00fdm uspo\u0159\u00e1d\u00e1n\u00edm, kter\u00e9 umo\u017e\u0148uje nep\u0159etr\u017eit\u00e9, bezpe\u010dn\u00e9 a rychl\u00e9 vykl\u00e1d\u00e1n\u00ed a p\u0159epravu obrobk\u016f. \u017dlaby slou\u017e\u00ed jako spojovac\u00ed prvek mezi r\u016fzn\u00fdmi zpracovatelsk\u00fdmi stanicemi a jsou speci\u00e1ln\u011b navr\u017eeny tak, aby zaji\u0161\u0165ovaly stabiln\u00ed a p\u0159esn\u00fd pohyb obrobk\u016f v pr\u016fb\u011bhu cel\u00e9ho v\u00fdrobn\u00edho procesu.<\/p>\n<p>\u0158\u00edzen\u00ed: Uspo\u0159\u00e1d\u00e1n\u00ed \u017elab\u016f je koordinov\u00e1no prost\u0159ednictv\u00edm centr\u00e1ln\u00ed \u0159\u00eddic\u00ed jednotky syst\u00e9mu, tak\u017ee provoz je pln\u011b automatick\u00fd a efektivn\u00ed.<\/p>\n<p>- Skladovac\u00ed kapacita: cca 50-60 up\u00ednac\u00edch sv\u011br\u00e1k\u016f.<br \/>\n- Materi\u00e1l skluznice: ocel nebo hlin\u00edk, v z\u00e1vislosti na pou\u017eit\u00ed<br \/>\n- Automatizace: Pln\u011b automatizovan\u00e1 s centr\u00e1ln\u00ed \u0159\u00eddic\u00ed jednotkou<br \/>\n- Oblast pou\u017eit\u00ed: Pro zpracov\u00e1n\u00ed obrobk\u016f r\u016fzn\u00fdch velikost\u00ed a tvar\u016f.<br \/>\n- Pou\u017eit\u00ed: Vhodn\u00e9 zejm\u00e9na pro obr\u00e1b\u011bn\u00ed kov\u016f a pr\u016fmyslovou v\u00fdrobu.<br \/>\n- Integrace: Snadn\u00e1 integrace do st\u00e1vaj\u00edc\u00edch v\u00fdrobn\u00edch proces\u016f<\/p>\n<p>Stroj lze po domluv\u011b prohl\u00e9dnout pod proudem.<br \/>\nZm\u011bny a chyby v technick\u00fdch \u00fadaj\u00edch a informac\u00edch, stejn\u011b jako p\u0159edchoz\u00ed prodej, vyhrazeny!<\/p>","protected":false},"excerpt":{"rendered":"<p>Standort: Deutschland, Baden-W\u00fcrttemberg S\u00fcdwest Zustand: Gebraucht Hersteller: LANG Modell: LANG Baujahr: 2005 LANG Technik Bevorratung und Zuf\u00fchrsystem Baujahr 2005, inkl. 20 Schraubst\u00f6cke Automationssystem mit Rutschen-Anordnung Speicherkapazit\u00e4t von ca. 50-60 Spannschraubstocken. Technische Beschreibung: LANG Technik Bevorratung und Zuf\u00fchrsystem LANG Technik Automationssystem mit Rutschenanordnung ist eine hochentwickelte, automatisierte L\u00f6sung zur Handhabung und Bearbeitung von Werkst\u00fccken, die speziell [&hellip;]<\/p>\n","protected":false},"featured_media":3287,"comment_status":"open","ping_status":"closed","template":"","meta":{"_uf_show_specific_survey":0,"_uf_disable_surveys":false},"product_brand":[],"product_cat":[105],"product_tag":[],"class_list":{"0":"post-3297","1":"product","2":"type-product","3":"status-publish","4":"has-post-thumbnail","6":"product_cat-zubehoer-sonstiges","8":"first","9":"instock","10":"taxable","11":"shipping-taxable","12":"product-type-simple"},"aioseo_notices":[],"_links":{"self":[{"href":"https:\/\/mueller-wrh.de\/cs\/wp-json\/wp\/v2\/product\/3297","targetHints":{"allow":["GET"]}}],"collection":[{"href":"https:\/\/mueller-wrh.de\/cs\/wp-json\/wp\/v2\/product"}],"about":[{"href":"https:\/\/mueller-wrh.de\/cs\/wp-json\/wp\/v2\/types\/product"}],"replies":[{"embeddable":true,"href":"https:\/\/mueller-wrh.de\/cs\/wp-json\/wp\/v2\/comments?post=3297"}],"wp:featuredmedia":[{"embeddable":true,"href":"https:\/\/mueller-wrh.de\/cs\/wp-json\/wp\/v2\/media\/3287"}],"wp:attachment":[{"href":"https:\/\/mueller-wrh.de\/cs\/wp-json\/wp\/v2\/media?parent=3297"}],"wp:term":[{"taxonomy":"product_brand","embeddable":true,"href":"https:\/\/mueller-wrh.de\/cs\/wp-json\/wp\/v2\/product_brand?post=3297"},{"taxonomy":"product_cat","embeddable":true,"href":"https:\/\/mueller-wrh.de\/cs\/wp-json\/wp\/v2\/product_cat?post=3297"},{"taxonomy":"product_tag","embeddable":true,"href":"https:\/\/mueller-wrh.de\/cs\/wp-json\/wp\/v2\/product_tag?post=3297"}],"curies":[{"name":"wp","href":"https:\/\/api.w.org\/{rel}","templated":true}]}}