{"id":3286,"date":"2025-03-19T14:31:26","date_gmt":"2025-03-19T14:31:26","guid":{"rendered":"https:\/\/mueller-wrh.de\/produkt\/cellro-magazin-mit-fanuc-roboter-baujahr-2005_intnr231261\/"},"modified":"2025-07-14T09:53:08","modified_gmt":"2025-07-14T09:53:08","slug":"cellro-magazin-mit-fanuc-roboter-baujahr-2005_intnr231261","status":"publish","type":"product","link":"https:\/\/mueller-wrh.de\/cs\/produkt\/cellro-magazin-mit-fanuc-roboter-baujahr-2005_intnr231261\/","title":{"rendered":"\u010casopis Cellro s robotem FANUC rok 2005_IntNr231261"},"content":{"rendered":"<p><b>Um\u00edst\u011bn\u00ed:<\/b> N\u011bmecko, B\u00e1densko-W\u00fcrttembersko Jihoz\u00e1padn\u00ed N\u011bmecko<\/p>\n<p><b>Stav:<\/b> Pou\u017eit\u00e9<\/p>\n<p><b>V\u00fdrobce:<\/b> CELLRO<\/p>\n<p><b>Model:<\/b> CELLRO<\/p>\n<p><b>Rok v\u00fdstavby:<\/b> 2005<\/p>\n<p>\u010casopis Cellro s robotem FANUC 2005<\/p>\n<p>Automatizovan\u00fd skladovac\u00ed syst\u00e9m Cellro z\u00e1sobn\u00edk robota pro 300 dr\u017e\u00e1k\u016f n\u00e1stroj\u016f<br \/>\nTechnick\u00fd popis z\u00e1sobn\u00edku Cellro s robotem Fanuc<\/p>\n<p>Vlastnosti:<br \/>\n- Typ: Automatizovan\u00fd skladovac\u00ed syst\u00e9m (robotick\u00fd z\u00e1sobn\u00edk)<br \/>\n- Kapacita: 300 dr\u017e\u00e1k\u016f n\u00e1stroj\u016f (pro ulo\u017een\u00ed a rychlou v\u00fdm\u011bnu n\u00e1stroj\u016f)<br \/>\n- Oblast pou\u017eit\u00ed: CNC obr\u00e1b\u011bc\u00ed stroje, soustruhy, fr\u00e9zky, automatizace v\u00fdrobn\u00edch proces\u016f.<\/p>\n<p>Funk\u010dnost:<br \/>\n- Automatizace: Syst\u00e9m umo\u017e\u0148uje automatick\u00e9 zaji\u0161\u0165ov\u00e1n\u00ed a v\u00fdm\u011bnu n\u00e1stroj\u016f bez nutnosti ru\u010dn\u00edho z\u00e1sahu. Toho je dosa\u017eeno pomoc\u00ed robotick\u00e9ho ramene.<br \/>\n- Skladov\u00e1n\u00ed: N\u00e1stroje jsou ulo\u017eeny ve speci\u00e1ln\u00edch otvorech v z\u00e1sobn\u00edku a lze je rychle a efektivn\u011b vyjmout.<br \/>\n- V\u00fdm\u011bna n\u00e1stroj\u016f: D\u00edky automatizovan\u00e9mu procesu lze n\u00e1stroje vym\u011bnit v co nejkrat\u0161\u00edm \u010dase. <\/p>\n<p>Stroj lze po domluv\u011b prohl\u00e9dnout pod proudem.<br \/>\nZm\u011bny a chyby v technick\u00fdch \u00fadaj\u00edch a specifikac\u00edch, stejn\u011b jako p\u0159edchoz\u00ed prodej, vyhrazeny!<\/p>\n<p>\u010casopis Cellro s robotem FANUC 2005<\/p>\n<p>Automatizovan\u00fd skladovac\u00ed syst\u00e9m Cellro z\u00e1sobn\u00edk robota pro 300 dr\u017e\u00e1k\u016f n\u00e1stroj\u016f<br \/>\nTechnick\u00fd popis z\u00e1sobn\u00edku Cellro s robotem Fanuc<\/p>\n<p>Vlastnosti:<br \/>\n- Typ: Automatizovan\u00fd skladovac\u00ed syst\u00e9m (robotick\u00fd z\u00e1sobn\u00edk)<br \/>\n- Kapacita: 300 dr\u017e\u00e1k\u016f n\u00e1stroj\u016f (pro ulo\u017een\u00ed a rychlou v\u00fdm\u011bnu n\u00e1stroj\u016f)<br \/>\n- Oblast pou\u017eit\u00ed: CNC obr\u00e1b\u011bc\u00ed stroje, soustruhy, fr\u00e9zky, automatizace v\u00fdrobn\u00edch proces\u016f.<\/p>\n<p>Funk\u010dnost:<br \/>\n- Automatizace: Syst\u00e9m umo\u017e\u0148uje automatick\u00e9 zaji\u0161\u0165ov\u00e1n\u00ed a v\u00fdm\u011bnu n\u00e1stroj\u016f bez nutnosti ru\u010dn\u00edho z\u00e1sahu. K tomu slou\u017e\u00ed robotick\u00e9 rameno.<br \/>\n- Skladov\u00e1n\u00ed: N\u00e1stroje jsou ulo\u017eeny na speci\u00e1ln\u00edch m\u00edstech v z\u00e1sobn\u00edku a lze je rychle a efektivn\u011b vyhledat.<br \/>\n- V\u00fdm\u011bna n\u00e1stroj\u016f: V\u00fdm\u011bna n\u00e1stroj\u016f prob\u00edh\u00e1 v nejkrat\u0161\u00edm mo\u017en\u00e9m \u010dase d\u00edky automatizovan\u00e9mu procesu. <\/p>\n<p>Stroj lze po domluv\u011b prohl\u00e9dnout pod proudem.<br \/>\nZm\u011bny a chyby v technick\u00fdch \u00fadaj\u00edch a specifikac\u00edch, stejn\u011b jako p\u0159edchoz\u00ed prodej, vyhrazeny!<\/p>","protected":false},"excerpt":{"rendered":"<p>Standort: Deutschland, Baden-W\u00fcrttemberg S\u00fcdwest Zustand: Gebraucht Hersteller: CELLRO Modell: CELLRO Baujahr: 2005 Cellro Magazin mit FANUC-Roboter 2005 Cellro Magazin automatisiertes Lagersystem ein Robotermagazin f\u00fcr 300 Werkzeugaufnahmen Technische Beschreibung des Cellro Magazin mit Fanuc Roboter Eigenschaften: \u2022 Typ: Automatisiertes Lagersystem (Robotermagazin) \u2022 Kapazit\u00e4t: 300 Werkzeugaufnahmen (f\u00fcr die Lagerung und den schnellen Austausch von Werkzeugen) \u2022 Einsatzgebiet: [&hellip;]<\/p>\n","protected":false},"featured_media":3355,"comment_status":"open","ping_status":"closed","template":"","meta":{"_uf_show_specific_survey":0,"_uf_disable_surveys":false},"product_brand":[],"product_cat":[105],"product_tag":[],"class_list":{"0":"post-3286","1":"product","2":"type-product","3":"status-publish","4":"has-post-thumbnail","6":"product_cat-zubehoer-sonstiges","8":"first","9":"instock","10":"taxable","11":"shipping-taxable","12":"product-type-simple"},"aioseo_notices":[],"_links":{"self":[{"href":"https:\/\/mueller-wrh.de\/cs\/wp-json\/wp\/v2\/product\/3286","targetHints":{"allow":["GET"]}}],"collection":[{"href":"https:\/\/mueller-wrh.de\/cs\/wp-json\/wp\/v2\/product"}],"about":[{"href":"https:\/\/mueller-wrh.de\/cs\/wp-json\/wp\/v2\/types\/product"}],"replies":[{"embeddable":true,"href":"https:\/\/mueller-wrh.de\/cs\/wp-json\/wp\/v2\/comments?post=3286"}],"wp:featuredmedia":[{"embeddable":true,"href":"https:\/\/mueller-wrh.de\/cs\/wp-json\/wp\/v2\/media\/3355"}],"wp:attachment":[{"href":"https:\/\/mueller-wrh.de\/cs\/wp-json\/wp\/v2\/media?parent=3286"}],"wp:term":[{"taxonomy":"product_brand","embeddable":true,"href":"https:\/\/mueller-wrh.de\/cs\/wp-json\/wp\/v2\/product_brand?post=3286"},{"taxonomy":"product_cat","embeddable":true,"href":"https:\/\/mueller-wrh.de\/cs\/wp-json\/wp\/v2\/product_cat?post=3286"},{"taxonomy":"product_tag","embeddable":true,"href":"https:\/\/mueller-wrh.de\/cs\/wp-json\/wp\/v2\/product_tag?post=3286"}],"curies":[{"name":"wp","href":"https:\/\/api.w.org\/{rel}","templated":true}]}}