{"id":3206,"date":"2025-03-13T16:41:37","date_gmt":"2025-03-13T16:41:37","guid":{"rendered":"https:\/\/mueller-wrh.de\/produkt\/gebr-cnc-drehmaschine-muratec-mt12_bj-2000-_intnr231235\/"},"modified":"2025-03-13T16:41:37","modified_gmt":"2025-03-13T16:41:37","slug":"gebr-cnc-drehmaschine-muratec-mt12_bj-2000-_intnr231235","status":"publish","type":"product","link":"https:\/\/mueller-wrh.de\/cs\/produkt\/gebr-cnc-drehmaschine-muratec-mt12_bj-2000-_intnr231235\/","title":{"rendered":"pou\u017eit\u00fd CNC soustruh MURATEC MT12_rok 2000 _IntNo231235"},"content":{"rendered":"<p><b>Um\u00edst\u011bn\u00ed:<\/b> N\u011bmecko, B\u00e1densko-W\u00fcrttembersko Jihoz\u00e1padn\u00ed N\u011bmecko<\/p>\n<p><b>Stav:<\/b> Pou\u017eit\u00e9<\/p>\n<p><b>V\u00fdrobce:<\/b> MURATEC<\/p>\n<p><b>Model:<\/b> MT12<\/p>\n<p><b>Rok v\u00fdstavby:<\/b> 2000<\/p>\n<p><b>Provozn\u00ed doba:<\/b> 70000<\/p>\n<p>MURATEC MT12<br \/>\nRok v\u00fdstavby 2000<br \/>\n\u0158\u00eddic\u00ed syst\u00e9m: Muratec FANUC<\/p>\n<p>DVOUV\u0158ETENOV\u00dd CNC SOUSTRUH<\/p>\n<p>. Pr\u016fm\u011br vrtac\u00edho skl\u00ed\u010didla mm 165\/215 .<br \/>\n. Max. Pr\u016fm\u011br soustru\u017een\u00ed mm 210<br \/>\n. Pr\u016fm\u011br ty\u010de mm 45 (voliteln\u011b 51) .<br \/>\n. Standardn\u00ed d\u00e9lka p\u0159i soustru\u017een\u00ed v ty\u010d\u00edch mm 150<\/p>\n<p>. V\u0159etena \u010d. 2<br \/>\n. Osy C (360 000 pozic) \u010d. 2<br \/>\n. V\u00fd\u0161ka od st\u0159edu v\u0159etena k z\u00e1kladn\u011b mm 1100<br \/>\n. Ot\u00e1\u010dky v\u0159etena 4500 ot\/min .<br \/>\n. V\u00fdkon v\u0159etena kW 2 x 11<br \/>\n. Nos v\u0159etena A2-5<br \/>\n. Pr\u016fm\u011br lo\u017eiska v\u0159etena mm 90<\/p>\n<p>. Osa X X1 \/ X2 mm 200<br \/>\n. Osa Z (lev\u00e1 strana) Z1 mm 200 .<br \/>\n. Osa Z (prav\u00e1 strana) Z2 mm 650<br \/>\n. Rychl\u00e9 posuvy X, Z m\/min 24<br \/>\n. Rychloposuv prav\u00e9ho v\u0159etena m\/min 32<\/p>\n<p>. Stanice \u010d. 15 x 2<br \/>\n. Doba indexov\u00e1n\u00ed sec 0,25<br \/>\n. Blokovac\u00ed s\u00edla kg 3200<br \/>\n. \u010ctverec mm 20<br \/>\n. Pr\u016fm\u011br mm 40<\/p>\n<p>. V\u00fdkon kW 2,8<br \/>\n. Rychlost ot\u00e1\u010dek 4000 ot\/min<br \/>\n. Polohov\u00e1n\u00ed osy C Deg 0,001<br \/>\n. Maxim\u00e1ln\u00ed pr\u016fm\u011br vrt\u00e1n\u00ed mm 16<br \/>\n. \u0158ez\u00e1n\u00ed z\u00e1vit\u016f M 10<\/p>\n<p>Stroj si m\u016f\u017eete prohl\u00e9dnout po p\u0159edchoz\u00ed domluv\u011b.<br \/>\nZm\u011bny a chyby v technick\u00fdch \u00fadaj\u00edch a informac\u00edch, jako\u017e i p\u0159edchoz\u00ed prodej vyhrazeny!<\/p>\n<p>MURATEC MT12<br \/>\nRok v\u00fdstavby 2000<br \/>\n\u0158\u00edzen\u00ed: Muratec FANUC<\/p>\n<p>DVOUV\u0158ETENOV\u00dd CNC SOUSTRUH<\/p>\n<p>. Pr\u016fm\u011br vrtac\u00edho skl\u00ed\u010didla mm 165\/215 .<br \/>\n. Max. pr\u016fm\u011br soustru\u017een\u00ed mm 210<br \/>\n. Pr\u016fm\u011br ty\u010de mm 45 (voliteln\u011b 51) .<br \/>\n. Standardn\u00ed d\u00e9lka p\u0159i soustru\u017een\u00ed v ty\u010d\u00edch mm 150<\/p>\n<p>. V\u0159etena \u010d. 2<br \/>\n. Osy C (360 000 pozic) \u010d. 2<br \/>\n. V\u00fd\u0161ka od st\u0159edu v\u0159etena k podlaze mm 1100<br \/>\n. Ot\u00e1\u010dky v\u0159etena 4500 ot\/min .<br \/>\n. V\u00fdkon v\u0159etena kW 2 x 11<br \/>\n. Nos v\u0159etena A2-5<br \/>\n. Pr\u016fm\u011br lo\u017eiska v\u0159etena mm 90<\/p>\n<p>. Osa X X1 \/ X2 mm 200<br \/>\n. Osa Z (lev\u00e1 strana) Z1 mm 200 .<br \/>\n. Osa Z (prav\u00e1 strana) Z2 mm 650<br \/>\n. Rychl\u00e9 posuvy X, Z m\/min 24<br \/>\n. Rychloposuv prav\u00e9ho v\u0159etena m\/min 32<\/p>\n<p>. Stanice \u010d. 15 x 2<br \/>\n. Doba indexov\u00e1n\u00ed sec 0,25<br \/>\n. Blokovac\u00ed s\u00edla kg 3200<br \/>\n. \u010ctverec mm 20<br \/>\n. Pr\u016fm\u011br mm 40<\/p>\n<p>. V\u00fdkon kW 2,8<br \/>\n. Rychlost ot\u00e1\u010dek 4000 ot\/min<br \/>\n. Polohov\u00e1n\u00ed osy C Deg 0,001<br \/>\n. Maxim\u00e1ln\u00ed pr\u016fm\u011br vrt\u00e1n\u00ed mm 16<br \/>\n. \u0158ez\u00e1n\u00ed z\u00e1vit\u016f M 10<\/p>\n<p>Stroj si m\u016f\u017eete prohl\u00e9dnout po p\u0159edchoz\u00ed domluv\u011b.<br \/>\nZm\u011bny a chyby v technick\u00fdch \u00fadaj\u00edch a informac\u00edch, jako\u017e i p\u0159edchoz\u00ed prodej vyhrazeny!<\/p>","protected":false},"excerpt":{"rendered":"<p>Standort: Deutschland, Baden-W\u00fcrttemberg S\u00fcdwest Zustand: Gebraucht Hersteller: MURATEC Modell: MT12 Baujahr: 2000 Betriebsstunden: 70000 MURATEC MT12 Baujahr 2000 Steuerung: Muratec FANUC ZWEISPINDEL-CNC-DREHMASCHINE . Durchmesser des Bohrfutters mm 165\/215 . . Max. Drehdurchmesser mm 210 . Stangendurchmesser mm 45 (Option 51) . . Standardl\u00e4nge beim Drehen in Stangen mm 150 . Spindeln Anz. 2 . C-Achsen [&hellip;]<\/p>\n","protected":false},"featured_media":3196,"comment_status":"open","ping_status":"closed","template":"","meta":{"_uf_show_specific_survey":0,"_uf_disable_surveys":false},"product_brand":[],"product_cat":[103],"product_tag":[],"class_list":{"0":"post-3206","1":"product","2":"type-product","3":"status-publish","4":"has-post-thumbnail","6":"product_cat-cnc-drehmaschinen-200-249mm-drehd","8":"first","9":"instock","10":"taxable","11":"shipping-taxable","12":"product-type-simple"},"aioseo_notices":[],"_links":{"self":[{"href":"https:\/\/mueller-wrh.de\/cs\/wp-json\/wp\/v2\/product\/3206","targetHints":{"allow":["GET"]}}],"collection":[{"href":"https:\/\/mueller-wrh.de\/cs\/wp-json\/wp\/v2\/product"}],"about":[{"href":"https:\/\/mueller-wrh.de\/cs\/wp-json\/wp\/v2\/types\/product"}],"replies":[{"embeddable":true,"href":"https:\/\/mueller-wrh.de\/cs\/wp-json\/wp\/v2\/comments?post=3206"}],"wp:featuredmedia":[{"embeddable":true,"href":"https:\/\/mueller-wrh.de\/cs\/wp-json\/wp\/v2\/media\/3196"}],"wp:attachment":[{"href":"https:\/\/mueller-wrh.de\/cs\/wp-json\/wp\/v2\/media?parent=3206"}],"wp:term":[{"taxonomy":"product_brand","embeddable":true,"href":"https:\/\/mueller-wrh.de\/cs\/wp-json\/wp\/v2\/product_brand?post=3206"},{"taxonomy":"product_cat","embeddable":true,"href":"https:\/\/mueller-wrh.de\/cs\/wp-json\/wp\/v2\/product_cat?post=3206"},{"taxonomy":"product_tag","embeddable":true,"href":"https:\/\/mueller-wrh.de\/cs\/wp-json\/wp\/v2\/product_tag?post=3206"}],"curies":[{"name":"wp","href":"https:\/\/api.w.org\/{rel}","templated":true}]}}