{"id":3195,"date":"2025-03-13T16:41:22","date_gmt":"2025-03-13T16:41:22","guid":{"rendered":"https:\/\/mueller-wrh.de\/produkt\/gebr-cnc-drehmaschine-takamaz-xy-120-y-plus-bj-2016_02-_intnr231237\/"},"modified":"2025-03-13T16:41:22","modified_gmt":"2025-03-13T16:41:22","slug":"gebr-cnc-drehmaschine-takamaz-xy-120-y-plus-bj-2016_02-_intnr231237","status":"publish","type":"product","link":"https:\/\/mueller-wrh.de\/cs\/produkt\/gebr-cnc-drehmaschine-takamaz-xy-120-y-plus-bj-2016_02-_intnr231237\/","title":{"rendered":"pou\u017eit\u00fd CNC soustruh Takamaz XY-120 Y plus rok 2016_02 _IntNr231237"},"content":{"rendered":"<p><b>Um\u00edst\u011bn\u00ed:<\/b> N\u011bmecko, B\u00e1densko-W\u00fcrttembersko Jihoz\u00e1padn\u00ed N\u011bmecko<\/p>\n<p><b>Stav:<\/b> Pou\u017eit\u00e9<\/p>\n<p><b>V\u00fdrobce:<\/b> Takamaz<\/p>\n<p><b>Model:<\/b> XY-120Y plus<\/p>\n<p><b>Rok v\u00fdstavby:<\/b> 2016<\/p>\n<p><b>Provozn\u00ed doba:<\/b> 6945<\/p>\n<p>Intern\u00ed \u010d\u00edslo: 231237<br \/>\nOzna\u010den\u00ed stroje: CNC kr\u00e1tk\u00fd soustruh<br \/>\nV\u00fdrobce: Takamaz<br \/>\nModel: XY-120 Y Plus<br \/>\nRok v\u00fdstavby: \u00fanor 2016<br \/>\n\u0158\u00eddic\u00ed syst\u00e9m: Fanuc Oi-TD<br \/>\n________________________________________<br \/>\nTakamaz XY-120 Y Plus - CNC kr\u00e1tk\u00fd soustruh<br \/>\nTakamaz XY-120 Y Plus je vysoce p\u0159esn\u00fd CNC kr\u00e1tk\u00fd soustruh, kter\u00fd byl vyvinut speci\u00e1ln\u011b pro po\u017eadavky s\u00e9riov\u00e9 v\u00fdroby. D\u00edky kompaktn\u00edmu designu, robustn\u00ed konstrukci a v\u00fdkonn\u00e9mu \u0159\u00edzen\u00ed Fanuc Oi-TD umo\u017e\u0148uje obr\u00e1b\u011bn\u00ed slo\u017eit\u00fdch obrobk\u016f s maxim\u00e1ln\u00ed efektivitou a p\u0159esnost\u00ed. Integrovan\u00e1 osa Y zna\u010dn\u011b roz\u0161i\u0159uje mo\u017enosti obr\u00e1b\u011bn\u00ed a umo\u017e\u0148uje prov\u00e1d\u011bt i n\u00e1ro\u010dn\u00e9 fr\u00e9zovac\u00ed a vrtac\u00ed operace v jednom se\u0159\u00edzen\u00ed.<br \/>\n________________________________________<br \/>\nTechnick\u00e9 \u00fadaje:<br \/>\n- Rok v\u00fdstavby: 2016 (\u00fanor)<br \/>\n- \u0158\u00eddic\u00ed syst\u00e9m: Fanuc Oi-TD<br \/>\n- Po\u010det hodin zpracov\u00e1n\u00ed: 6 945 hodin<br \/>\n- Po\u010det hodin \u0159\u00eddic\u00ed jednotky: 40 718 hodin<br \/>\n- Funk\u010dnost: Pln\u011b funk\u010dn\u00ed<br \/>\nN\u00e1pravy:<br \/>\n- Osa X1 (150 mm)<br \/>\n- N\u00e1prava Z1 (330 mm)<br \/>\n- Osa Y1 (+\/- 35 mm)<br \/>\n- Osa X2 (150 mm)<br \/>\n- N\u00e1prava Z2 (440 mm)<br \/>\n- zpracovatelsk\u00e1 kapacita:<br \/>\n- Max. Pr\u016fm\u011br soustru\u017een\u00ed: hlavn\u00ed 170 mm \/ vedlej\u0161\u00ed 135 mm<br \/>\n- Max. D\u00e9lka soustru\u017een\u00ed: 330 mm<br \/>\n- Pr\u016fchod ty\u010d\u00ed: hlavn\u00ed \u00d8 42 mm \/ vedlej\u0161\u00ed \u00d820 mm<br \/>\n- Ot\u00e1\u010dky v\u0159etena: a\u017e 5 000 ot\u00e1\u010dek za minutu<br \/>\n- Pohonn\u00e1 s\u00edla: v\u00fdkonn\u00fd v\u0159etenov\u00fd motor pro vysok\u00e9 \u0159ezn\u00e9 rychlosti<br \/>\n- 2 n\u00e1strojov\u00e9 revolvery: ka\u017ed\u00fd s 12 polohami, vhodn\u00e9 pro poh\u00e1n\u011bn\u00e9 n\u00e1stroje<br \/>\n________________________________________<br \/>\nPeriferie:<br \/>\n- Podava\u010d ty\u010d\u00ed: Top Automazioni Fusion FU350M - pro efektivn\u00ed pod\u00e1v\u00e1n\u00ed materi\u00e1lu<br \/>\n- Chladic\u00ed syst\u00e9m: integrovan\u00fd pro optim\u00e1ln\u00ed podm\u00ednky obr\u00e1b\u011bn\u00ed<br \/>\n- P\u0159\u00edru\u010dky: k dispozici<br \/>\n- Dopravn\u00edk t\u0159\u00edsek<br \/>\n________________________________________<br \/>\nHmotnost a rozm\u011bry:<br \/>\n- Rozm\u011bry (d x \u0161 x v): 2 630 x 1 950 x 1 730 mm<br \/>\n- Hmotnost stroje: 4 500 kg<br \/>\n________________________________________<br \/>\nStav:<br \/>\nStroj je pln\u011b funk\u010dn\u00ed a je v dobr\u00e9m, pou\u017eit\u00e9m stavu.<br \/>\nPro dal\u0161\u00ed informace nebo sjedn\u00e1n\u00ed sch\u016fzky k prohl\u00eddce stroje pod proudem n\u00e1s nev\u00e1hejte kontaktovat.<br \/>\nZm\u011bny a chyby v technick\u00fdch \u00fadaj\u00edch a informac\u00edch, stejn\u011b jako p\u0159edchoz\u00ed prodej, vyhrazeny.<\/p>\n<p>Ozna\u010den\u00ed stroje: CNC kr\u00e1tk\u00fd soustruh<br \/>\nV\u00fdrobce: Takamaz<br \/>\nModel: XY-120 Y Plus<br \/>\nRok v\u00fdroby: \u00fanor 2016<br \/>\n\u0158\u00eddic\u00ed syst\u00e9m: Fanuc Oi-TD<br \/>\n________________________________________<br \/>\nTakamaz XY-120 Y Plus - CNC kr\u00e1tk\u00fd soustruh<br \/>\nTakamaz XY-120 Y Plus je vysoce p\u0159esn\u00fd CNC kr\u00e1tk\u00fd soustruh, kter\u00fd byl vyvinut speci\u00e1ln\u011b pro po\u017eadavky s\u00e9riov\u00e9 v\u00fdroby. D\u00edky kompaktn\u00edmu designu, robustn\u00ed konstrukci a v\u00fdkonn\u00e9mu \u0159\u00edzen\u00ed Fanuc Oi-TD umo\u017e\u0148uje obr\u00e1b\u011bn\u00ed slo\u017eit\u00fdch obrobk\u016f s maxim\u00e1ln\u00ed efektivitou a p\u0159esnost\u00ed. Integrovan\u00e1 osa Y v\u00fdznamn\u011b roz\u0161i\u0159uje mo\u017enosti obr\u00e1b\u011bn\u00ed a umo\u017e\u0148uje prov\u00e1d\u011bt i n\u00e1ro\u010dn\u00e9 fr\u00e9zovac\u00ed a vrtac\u00ed operace v jednom se\u0159\u00edzen\u00ed.<br \/>\n________________________________________<br \/>\nTechnick\u00e9 \u00fadaje:<br \/>\n- Rok v\u00fdstavby: 2016 (\u00fanor)<br \/>\n- \u0158\u00eddic\u00ed syst\u00e9m: Fanuc Oi-TD<br \/>\n- Po\u010det hodin obr\u00e1b\u011bn\u00ed: 6 945 hodin<br \/>\n- Po\u010det hodin \u0159\u00eddic\u00ed jednotky: 40 718 hodin<br \/>\n- Funk\u010dnost: Pln\u011b funk\u010dn\u00ed<br \/>\nOsy:<br \/>\n- Osa X1 (150 mm)<br \/>\n- Osa Z1 (330 mm)<br \/>\n- Osa Y1 (+\/- 35 mm)<br \/>\n- Osa X2 (150 mm)<br \/>\n- Osa Z2 (440 mm)<br \/>\n- Obr\u00e1b\u011bc\u00ed kapacita:<br \/>\n- Max. Pr\u016fm\u011br soustru\u017een\u00ed: Hlavn\u00ed 170 mm \/ vedlej\u0161\u00ed 135 mm<br \/>\n- Max. D\u00e9lka soustru\u017een\u00ed: 330 mm<br \/>\n- Kapacita ty\u010de: hlavn\u00ed \u00d8 42 mm \/ vedlej\u0161\u00ed \u00d820 mm<br \/>\n- Ot\u00e1\u010dky v\u0159etena: a\u017e 5 000 ot\u00e1\u010dek za minutu<br \/>\n- Pohonn\u00e1 s\u00edla: v\u00fdkonn\u00fd v\u0159etenov\u00fd motor pro vysok\u00e9 \u0159ezn\u00e9 rychlosti<br \/>\n- 2 n\u00e1strojov\u00e9 revolvery: ka\u017ed\u00fd s 12 polohami, vhodn\u00e9 pro poh\u00e1n\u011bn\u00e9 n\u00e1stroje<br \/>\nPerifern\u00ed za\u0159\u00edzen\u00ed:<br \/>\n- Podava\u010d ty\u010d\u00ed: Top Automazioni Fusion FU350M - pro efektivn\u00ed pod\u00e1v\u00e1n\u00ed materi\u00e1lu<br \/>\n- Chladic\u00ed syst\u00e9m: integrovan\u00fd pro optim\u00e1ln\u00ed podm\u00ednky zpracov\u00e1n\u00ed<br \/>\n- P\u0159\u00edru\u010dky: k dispozici<br \/>\n- Dopravn\u00edk t\u0159\u00edsek<br \/>\n________________________________________<br \/>\nHmotnost a rozm\u011bry:<br \/>\n- Rozm\u011bry (d x \u0161 x v): 2 630 x 1 950 x 1 730 mm<br \/>\n- Hmotnost stroje: 4 500 kg<br \/>\n________________________________________<br \/>\nStav:<br \/>\nStroj je pln\u011b funk\u010dn\u00ed a je v dobr\u00e9m, pou\u017eit\u00e9m stavu.<br \/>\nPro dal\u0161\u00ed informace nebo sjedn\u00e1n\u00ed sch\u016fzky k prohl\u00eddce stroje pod proudem n\u00e1s nev\u00e1hejte kontaktovat.<br \/>\nZm\u011bny a chyby v technick\u00fdch \u00fadaj\u00edch a informac\u00edch, stejn\u011b jako p\u0159edchoz\u00ed prodej, vyhrazeny.<\/p>","protected":false},"excerpt":{"rendered":"<p>Standort: Deutschland, Baden-W\u00fcrttemberg S\u00fcdwest Zustand: Gebraucht Hersteller: Takamaz Modell: XY-120Y plus Baujahr: 2016 Betriebsstunden: 6945 Interne Nr.: 231237 Maschinenbezeichnung: CNC-Kurzdrehmaschine Hersteller: Takamaz Modell: XY-120 Y Plus Baujahr: Februar 2016 Steuerung: Fanuc Oi-TD ________________________________________ Takamaz XY-120 Y Plus \u2013 CNC-Kurzdrehmaschine Die Takamaz XY-120 Y Plus ist eine hochpr\u00e4zise CNC-Kurzdrehmaschine, die speziell f\u00fcr die Anforderungen in der [&hellip;]<\/p>\n","protected":false},"featured_media":3185,"comment_status":"open","ping_status":"closed","template":"","meta":{"_uf_show_specific_survey":0,"_uf_disable_surveys":false},"product_brand":[],"product_cat":[90],"product_tag":[],"class_list":{"0":"post-3195","1":"product","2":"type-product","3":"status-publish","4":"has-post-thumbnail","6":"product_cat-cnc-drehmaschinen-0-199mm-drehd","8":"first","9":"instock","10":"taxable","11":"shipping-taxable","12":"product-type-simple"},"aioseo_notices":[],"_links":{"self":[{"href":"https:\/\/mueller-wrh.de\/cs\/wp-json\/wp\/v2\/product\/3195","targetHints":{"allow":["GET"]}}],"collection":[{"href":"https:\/\/mueller-wrh.de\/cs\/wp-json\/wp\/v2\/product"}],"about":[{"href":"https:\/\/mueller-wrh.de\/cs\/wp-json\/wp\/v2\/types\/product"}],"replies":[{"embeddable":true,"href":"https:\/\/mueller-wrh.de\/cs\/wp-json\/wp\/v2\/comments?post=3195"}],"wp:featuredmedia":[{"embeddable":true,"href":"https:\/\/mueller-wrh.de\/cs\/wp-json\/wp\/v2\/media\/3185"}],"wp:attachment":[{"href":"https:\/\/mueller-wrh.de\/cs\/wp-json\/wp\/v2\/media?parent=3195"}],"wp:term":[{"taxonomy":"product_brand","embeddable":true,"href":"https:\/\/mueller-wrh.de\/cs\/wp-json\/wp\/v2\/product_brand?post=3195"},{"taxonomy":"product_cat","embeddable":true,"href":"https:\/\/mueller-wrh.de\/cs\/wp-json\/wp\/v2\/product_cat?post=3195"},{"taxonomy":"product_tag","embeddable":true,"href":"https:\/\/mueller-wrh.de\/cs\/wp-json\/wp\/v2\/product_tag?post=3195"}],"curies":[{"name":"wp","href":"https:\/\/api.w.org\/{rel}","templated":true}]}}