{"id":3166,"date":"2025-03-13T16:40:39","date_gmt":"2025-03-13T16:40:39","guid":{"rendered":"https:\/\/mueller-wrh.de\/produkt\/gebr-cnc-drehmaschine-index-c100-mit-2-revolver_beladesystem_-bj-2011-_intnr231240\/"},"modified":"2025-03-13T16:40:39","modified_gmt":"2025-03-13T16:40:39","slug":"gebr-cnc-drehmaschine-index-c100-mit-2-revolver_beladesystem_-bj-2011-_intnr231240","status":"publish","type":"product","link":"https:\/\/mueller-wrh.de\/cs\/produkt\/gebr-cnc-drehmaschine-index-c100-mit-2-revolver_beladesystem_-bj-2011-_intnr231240\/","title":{"rendered":"pou\u017eit\u00fd CNC soustruh Index C100 s 2 revolvery_nakl\u00e1dac\u00ed syst\u00e9m_rok 2011 _IntNo231240"},"content":{"rendered":"<p><b>Um\u00edst\u011bn\u00ed:<\/b> N\u011bmecko, B\u00e1densko-W\u00fcrttembersko Jihoz\u00e1padn\u00ed N\u011bmecko<\/p>\n<p><b>Stav:<\/b> Pou\u017eit\u00e9<\/p>\n<p><b>V\u00fdrobce:<\/b> Index<\/p>\n<p><b>Model:<\/b> C100 se 2 v\u011b\u017eemi<\/p>\n<p><b>Rok v\u00fdstavby:<\/b> 2011<\/p>\n<p>Intern\u00ed \u010d\u00edslo: 231240<br \/>\nOzna\u010den\u00ed stroje: CNC kr\u00e1tk\u00fd soustruh<br \/>\nV\u00fdrobce: Index<br \/>\nModel: C100 2 REVOLVER<br \/>\nRok v\u00fdstavby: 2011<br \/>\n\u0158\u00eddic\u00ed syst\u00e9m: Siemens<br \/>\nPo\u010det v\u011b\u017e\u00ed: 2 (horn\u00ed\/doln\u00ed)<br \/>\nPozice n\u00e1stroj\u016f na revolver: 12 stanic, v\u0161echny poh\u00e1n\u011bn\u00e9<br \/>\n________________________________________<br \/>\nINDEX C100 \/ 2 REVOLVER WHU nakl\u00e1dac\u00ed syst\u00e9m CNC kr\u00e1tk\u00fd soustruh<br \/>\n________________________________________<br \/>\nTechnick\u00e9 \u00fadaje:<br \/>\n- Rok v\u00fdstavby: 2011<br \/>\n- \u0158\u00eddic\u00ed syst\u00e9m: Siemens 840D<br \/>\n- Hodiny zpracov\u00e1n\u00ed:  Hodiny<br \/>\n- Kontroln\u00ed hodiny: Hodiny<br \/>\n- Funk\u010dnost: Pln\u011b funk\u010dn\u00ed<br \/>\nKonfigurace osy:<br \/>\n- Osa X (naho\u0159e\/dole):<br \/>\no Vzd\u00e1lenost pohybu: p\u0159ibli\u017en\u011b 100 mm<br \/>\no Rychl\u00fd posun: a\u017e 30 m\/min<br \/>\n- Osa Z (naho\u0159e\/dole):<br \/>\no Pojezdov\u00e1 vzd\u00e1lenost: cca 320 mm<br \/>\no Rychl\u00fd posun: a\u017e 30 m\/min<br \/>\n- Osa Y (nepovinn\u00e1, je-li k dispozici):<br \/>\no Vzd\u00e1lenost pohybu: \u00b150 mm<br \/>\n\u00dadaje o v\u0159etenu:<br \/>\n- Hlavn\u00ed v\u0159eteno:<br \/>\no Ot\u00e1\u010dky v\u0159etena: a\u017e 6 000 ot\u00e1\u010dek za minutu<br \/>\no V\u00fdkon pohonu: p\u0159ibli\u017en\u011b 18 kW<br \/>\n- Protiv\u0159eteno:<br \/>\no Synchronizov\u00e1no s hlavn\u00edm v\u0159etenem<br \/>\no Stejn\u00e9 technick\u00e9 \u00fadaje jako hlavn\u00ed v\u0159eteno<br \/>\nPohon n\u00e1\u0159ad\u00ed:<br \/>\n- Poh\u00e1n\u011bn\u00e9 n\u00e1stroje: Ano<br \/>\n- Ot\u00e1\u010dky n\u00e1stroje: a\u017e 6 000 ot\u00e1\u010dek za minutu<br \/>\n- V\u00fdkon pohonu: cca 5 kW na v\u011b\u017ei\u010dku<br \/>\nSpeci\u00e1ln\u00ed funkce:<br \/>\n- Mo\u017enost sou\u010dasn\u00e9 pr\u00e1ce s ob\u011bma v\u011b\u017eemi<br \/>\n- Vysok\u00e1 dynamika pro kr\u00e1tk\u00e9 \u010dasy cykl\u016f<br \/>\n- Voliteln\u011b s naklada\u010dem ty\u010d\u00ed a dopravn\u00edkem t\u0159\u00edsek<\/p>\n<p>Periferie:<br \/>\n- Pod\u00e1vac\u00ed syst\u00e9m: nakl\u00e1dac\u00ed syst\u00e9m WHU \/ port\u00e1lov\u00fd nakl\u00e1dac\u00ed syst\u00e9m pro polotovary d\u00edl\u016f<br \/>\n- P\u0159\u00edru\u010dky: k dispozici<br \/>\n- Dopravn\u00edk t\u0159\u00edsek<br \/>\n- Vysokotlak\u00fd syst\u00e9m<br \/>\n- Sklen\u011bn\u00e9 v\u00e1hy<br \/>\n________________________________________<br \/>\nRozm\u011bry a hmotnost:<br \/>\n- Rozm\u011bry stroje (d x \u0161 x v): cca 3 000 x 1 800 x 2 000 mm.<br \/>\n- Hmotnost: p\u0159ibli\u017en\u011b 6 500 kg<\/p>\n<p>Stav:<br \/>\nStroj je pln\u011b funk\u010dn\u00ed a je v dobr\u00e9m, pou\u017eit\u00e9m stavu.<br \/>\nPro dal\u0161\u00ed informace nebo sjedn\u00e1n\u00ed sch\u016fzky k prohl\u00eddce stroje pod proudem n\u00e1s nev\u00e1hejte kontaktovat.<br \/>\nZm\u011bny a chyby v technick\u00fdch \u00fadaj\u00edch a informac\u00edch, stejn\u011b jako p\u0159edchoz\u00ed prodej, vyhrazeny.<\/p>\n<p>Ozna\u010den\u00ed stroje: CNC kr\u00e1tk\u00fd soustruh<br \/>\nV\u00fdrobce: Index<br \/>\nModel: C100 2 REVOLVER<br \/>\nRok v\u00fdroby: 2011<br \/>\n\u0158\u00edzen\u00ed: Siemens<br \/>\nPo\u010det v\u011b\u017e\u00ed: 2 (horn\u00ed\/doln\u00ed)<br \/>\nM\u00edsta pro n\u00e1stroje na v\u011b\u017ei: 12 stanic, v\u0161echny poh\u00e1n\u011bn\u00e9<br \/>\n________________________________________<br \/>\nINDEX C100 \/ 2 REVOLVER WHU Nakl\u00e1dac\u00ed syst\u00e9m CNC kr\u00e1tk\u00fd soustruh<br \/>\n________________________________________<br \/>\nTechnick\u00e9 \u00fadaje:<br \/>\n- Rok v\u00fdroby: 2011<br \/>\n- \u0158\u00edzen\u00ed: Siemens 840D<br \/>\n- Hodiny obr\u00e1b\u011bn\u00ed: Hodiny<br \/>\n- Kontroln\u00ed hodiny: Hodiny<br \/>\n- Funk\u010dnost: Pln\u011b funk\u010dn\u00ed<br \/>\nKonfigurace osy:<br \/>\n- Osa X (naho\u0159e\/dole):<br \/>\no Vzd\u00e1lenost pojezdu: p\u0159ibli\u017en\u011b 100 mm<br \/>\no Rychl\u00fd posun: a\u017e 30 m\/min<br \/>\n- Osa Z (naho\u0159e\/dole):<br \/>\no Vzd\u00e1lenost pojezdu: p\u0159ibli\u017en\u011b 320 mm<br \/>\no Rychl\u00fd posun: a\u017e 30 m\/min<br \/>\n- Osa Y (nepovinn\u00e1, je-li k dispozici):<br \/>\no dr\u00e1ha pohybu: \u00b150 mm<br \/>\n\u00dadaje o v\u0159etenu:<br \/>\n- Hlavn\u00ed v\u0159eteno:<br \/>\no Ot\u00e1\u010dky v\u0159etena: a\u017e 6 000 ot\u00e1\u010dek za minutu<br \/>\no V\u00fdkon pohonu: p\u0159ibli\u017en\u011b 18 kW<br \/>\n- Protiv\u0159eteno:<br \/>\no Synchronizov\u00e1no s hlavn\u00edm v\u0159etenem<br \/>\no Stejn\u00e9 technick\u00e9 \u00fadaje jako hlavn\u00ed v\u0159eteno<br \/>\nPohon n\u00e1\u0159ad\u00ed:<br \/>\n- Poh\u00e1n\u011bn\u00e9 n\u00e1stroje: Ano<br \/>\n- Ot\u00e1\u010dky n\u00e1stroje: a\u017e 6 000 ot\u00e1\u010dek za minutu<br \/>\n- V\u00fdkon pohonu: p\u0159ibli\u017en\u011b 5 kW na v\u011b\u017ei\u010dku<br \/>\nSpeci\u00e1ln\u00ed funkce:<br \/>\n- Mo\u017enost sou\u010dasn\u00e9 pr\u00e1ce s ob\u011bma v\u011b\u017eemi<br \/>\n- Vysok\u00e1 dynamika pro kr\u00e1tk\u00e9 \u010dasy cykl\u016f<br \/>\n- Voliteln\u011b s naklada\u010dem ty\u010d\u00ed a dopravn\u00edkem t\u0159\u00edsek<br \/>\nPerifern\u00ed za\u0159\u00edzen\u00ed:<br \/>\n- Pod\u00e1vac\u00ed syst\u00e9m: nakl\u00e1dac\u00ed syst\u00e9m WHU \/ port\u00e1lov\u00e9 nakl\u00e1dac\u00ed za\u0159\u00edzen\u00ed pro polotovary d\u00edl\u016f<br \/>\n- P\u0159\u00edru\u010dky: k dispozici<br \/>\n- Dopravn\u00edk t\u0159\u00edsek<br \/>\n- Vysokotlak\u00fd syst\u00e9m<br \/>\n- Sklen\u011bn\u00e9 v\u00e1hy<br \/>\n________________________________________<br \/>\nRozm\u011bry a hmotnost:<br \/>\n- Rozm\u011bry stroje (d x \u0161 x v): cca 3 000 x 1 800 x 2 000 mm.<br \/>\n- Hmotnost: p\u0159ibli\u017en\u011b 6 500 kg<\/p>\n<p>Stav:<br \/>\nStroj je pln\u011b funk\u010dn\u00ed a je v dobr\u00e9m, pou\u017eit\u00e9m stavu.<br \/>\nPro dal\u0161\u00ed informace nebo sjedn\u00e1n\u00ed sch\u016fzky k prohl\u00eddce stroje pod proudem n\u00e1s nev\u00e1hejte kontaktovat.<br \/>\nZm\u011bny a chyby v technick\u00fdch \u00fadaj\u00edch a informac\u00edch, stejn\u011b jako p\u0159edchoz\u00ed prodej, vyhrazeny.<\/p>","protected":false},"excerpt":{"rendered":"<p>Standort: Deutschland, Baden-W\u00fcrttemberg S\u00fcdwest Zustand: Gebraucht Hersteller: Index Modell: C100 mit 2 Revolver Baujahr: 2011 Interne Nr.: 231240 Maschinenbezeichnung: CNC-Kurzdrehmaschine Hersteller: Index Modell: C100 2 REVOLVER Baujahr: 2011 Steuerung: Siemens Anzahl Revolver: 2 (oben \/ Unten) Werkzeugplaetze pro Revolver: 12 Stationen, alle Angetrieben ________________________________________ INDEX C100 \/ 2 REVOLVER WHU Beladesystem CNC-Kurzdrehmaschine ________________________________________ Technische Daten: [&hellip;]<\/p>\n","protected":false},"featured_media":3158,"comment_status":"open","ping_status":"closed","template":"","meta":{"_uf_show_specific_survey":0,"_uf_disable_surveys":false},"product_brand":[],"product_cat":[90],"product_tag":[],"class_list":{"0":"post-3166","1":"product","2":"type-product","3":"status-publish","4":"has-post-thumbnail","6":"product_cat-cnc-drehmaschinen-0-199mm-drehd","8":"first","9":"instock","10":"taxable","11":"shipping-taxable","12":"product-type-simple"},"aioseo_notices":[],"_links":{"self":[{"href":"https:\/\/mueller-wrh.de\/cs\/wp-json\/wp\/v2\/product\/3166","targetHints":{"allow":["GET"]}}],"collection":[{"href":"https:\/\/mueller-wrh.de\/cs\/wp-json\/wp\/v2\/product"}],"about":[{"href":"https:\/\/mueller-wrh.de\/cs\/wp-json\/wp\/v2\/types\/product"}],"replies":[{"embeddable":true,"href":"https:\/\/mueller-wrh.de\/cs\/wp-json\/wp\/v2\/comments?post=3166"}],"wp:featuredmedia":[{"embeddable":true,"href":"https:\/\/mueller-wrh.de\/cs\/wp-json\/wp\/v2\/media\/3158"}],"wp:attachment":[{"href":"https:\/\/mueller-wrh.de\/cs\/wp-json\/wp\/v2\/media?parent=3166"}],"wp:term":[{"taxonomy":"product_brand","embeddable":true,"href":"https:\/\/mueller-wrh.de\/cs\/wp-json\/wp\/v2\/product_brand?post=3166"},{"taxonomy":"product_cat","embeddable":true,"href":"https:\/\/mueller-wrh.de\/cs\/wp-json\/wp\/v2\/product_cat?post=3166"},{"taxonomy":"product_tag","embeddable":true,"href":"https:\/\/mueller-wrh.de\/cs\/wp-json\/wp\/v2\/product_tag?post=3166"}],"curies":[{"name":"wp","href":"https:\/\/api.w.org\/{rel}","templated":true}]}}