{"id":3134,"date":"2025-03-13T16:39:02","date_gmt":"2025-03-13T16:39:02","guid":{"rendered":"https:\/\/mueller-wrh.de\/produkt\/gebr-biglia-wkz-halter-angetr-used-toolholder-driven-oesterle-0073-mit-ikz_intnr231216\/"},"modified":"2025-03-13T16:39:02","modified_gmt":"2025-03-13T16:39:02","slug":"gebr-biglia-wkz-halter-angetr-used-toolholder-driven-oesterle-0073-mit-ikz_intnr231216","status":"publish","type":"product","link":"https:\/\/mueller-wrh.de\/cs\/produkt\/gebr-biglia-wkz-halter-angetr-used-toolholder-driven-oesterle-0073-mit-ikz_intnr231216\/","title":{"rendered":"Biglia pou\u017e\u00edv\u00e1 n\u00e1strojov\u00fd dr\u017e\u00e1k poh\u00e1n\u011bn\u00fd Oesterle 0073 s IKZ_IntNr231216"},"content":{"rendered":"<p><b>Um\u00edst\u011bn\u00ed:<\/b> N\u011bmecko, B\u00e1densko-W\u00fcrttembersko Jihoz\u00e1padn\u00ed N\u011bmecko<\/p>\n<p><b>Stav:<\/b> Jako nov\u00fd<\/p>\n<p><b>V\u00fdrobce:<\/b> Oesterle<\/p>\n<p><b>Model:<\/b> 0073 s IKZ<\/p>\n<p><b>Rok v\u00fdstavby:<\/b> 2015<\/p>\n<p>Poh\u00e1n\u011bn\u00e9 dr\u017e\u00e1ky n\u00e1stroj\u016f s IKZ<br \/>\nKompatibiln\u00ed stroje<br \/>\nBIGLIA - B436<br \/>\nBIGLIA - B438<br \/>\nBIGLIA - BMX 45Y2<br \/>\nVrtac\u00ed a fr\u00e9zovac\u00ed hlava<br \/>\n90 stup\u0148\u016f Biglia B436 - BMT 40<br \/>\n s IKZ a rychl\u00fdm nastaven\u00edm chladic\u00ed trubice<br \/>\nDr\u017e\u00e1k n\u00e1stroj\u016f DIN 6499 ER 25<br \/>\n( d ) Rozsah upnut\u00ed 0,5 - 16 mm<br \/>\n n max (1\/min) 7000<br \/>\n T max (Nm) 25<br \/>\nI n1\/n2 1:1<br \/>\nIKZ + extern\u00ed chlazen\u00ed<br \/>\n bar 85<\/p>\n<p>Poh\u00e1n\u011bn\u00e9 dr\u017e\u00e1ky n\u00e1stroj\u016f s IKZ<br \/>\nKompatibiln\u00ed stroje<br \/>\nBIGLIA - B436<br \/>\nBIGLIA - B438<br \/>\nBIGLIA - BMX 45Y2<br \/>\nVrtac\u00ed a fr\u00e9zovac\u00ed hlava<br \/>\n90 stup\u0148\u016f Biglia B436 - BMT 40<br \/>\n s IKZ a rychl\u00fdm nastaven\u00edm chladic\u00ed trubice<br \/>\nDr\u017e\u00e1k n\u00e1stroj\u016f DIN 6499 ER 25<br \/>\n( d ) Rozsah upnut\u00ed 0,5 - 16 mm<br \/>\n n max (1\/min) 7000<br \/>\n T max (Nm) 25<br \/>\nI n1\/n2 1:1<br \/>\nIKZ + extern\u00ed chlazen\u00ed<br \/>\n bar 85<\/p>","protected":false},"excerpt":{"rendered":"<p>Standort: Deutschland, Baden-W\u00fcrttemberg S\u00fcdwest Zustand: Neuwertig Hersteller: Oesterle Modell: 0073 mit IKZ Baujahr: 2015 gebr. angetriebene Werkzeughalter mit IKZ Kompatible Maschinen BIGLIA &#8211; B436 BIGLIA &#8211; B438 BIGLIA &#8211; BMX 45Y2 Bohr- und Fr\u00e4skopf 90 Grad Biglia B436 &#8211; BMT 40 mit IKZ und K\u00fchlrohrschnellverstellung Werkzeugaufnahme DIN 6499 ER 25 ( d ) Spannbereich 0,5 [&hellip;]<\/p>\n","protected":false},"featured_media":3125,"comment_status":"open","ping_status":"closed","template":"","meta":{"_uf_show_specific_survey":0,"_uf_disable_surveys":false},"product_brand":[],"product_cat":[20],"product_tag":[],"class_list":{"0":"post-3134","1":"product","2":"type-product","3":"status-publish","4":"has-post-thumbnail","6":"product_cat-werkzeughalter","8":"first","9":"instock","10":"taxable","11":"shipping-taxable","12":"product-type-simple"},"aioseo_notices":[],"_links":{"self":[{"href":"https:\/\/mueller-wrh.de\/cs\/wp-json\/wp\/v2\/product\/3134","targetHints":{"allow":["GET"]}}],"collection":[{"href":"https:\/\/mueller-wrh.de\/cs\/wp-json\/wp\/v2\/product"}],"about":[{"href":"https:\/\/mueller-wrh.de\/cs\/wp-json\/wp\/v2\/types\/product"}],"replies":[{"embeddable":true,"href":"https:\/\/mueller-wrh.de\/cs\/wp-json\/wp\/v2\/comments?post=3134"}],"wp:featuredmedia":[{"embeddable":true,"href":"https:\/\/mueller-wrh.de\/cs\/wp-json\/wp\/v2\/media\/3125"}],"wp:attachment":[{"href":"https:\/\/mueller-wrh.de\/cs\/wp-json\/wp\/v2\/media?parent=3134"}],"wp:term":[{"taxonomy":"product_brand","embeddable":true,"href":"https:\/\/mueller-wrh.de\/cs\/wp-json\/wp\/v2\/product_brand?post=3134"},{"taxonomy":"product_cat","embeddable":true,"href":"https:\/\/mueller-wrh.de\/cs\/wp-json\/wp\/v2\/product_cat?post=3134"},{"taxonomy":"product_tag","embeddable":true,"href":"https:\/\/mueller-wrh.de\/cs\/wp-json\/wp\/v2\/product_tag?post=3134"}],"curies":[{"name":"wp","href":"https:\/\/api.w.org\/{rel}","templated":true}]}}