{"id":3002,"date":"2025-03-13T16:34:44","date_gmt":"2025-03-13T16:34:44","guid":{"rendered":"https:\/\/mueller-wrh.de\/produkt\/gebr-emag-weiss-w11-cnc-sl650-bj-20-intnr231185\/"},"modified":"2025-03-13T16:34:44","modified_gmt":"2025-03-13T16:34:44","slug":"gebr-emag-weiss-w11-cnc-sl650-bj-20-intnr231185","status":"publish","type":"product","link":"https:\/\/mueller-wrh.de\/cs\/produkt\/gebr-emag-weiss-w11-cnc-sl650-bj-20-intnr231185\/","title":{"rendered":"pou\u017eit\u00fd EMAG WEISS W11 CNC SL650 rok '20 (IntNo231185)"},"content":{"rendered":"<p><b>Um\u00edst\u011bn\u00ed:<\/b> N\u011bmecko, B\u00e1densko-W\u00fcrttembersko Jihoz\u00e1padn\u00ed N\u011bmecko<\/p>\n<p><b>Stav:<\/b> Pou\u017eit\u00e9<\/p>\n<p><b>V\u00fdrobce:<\/b> EMAG WEISS<\/p>\n<p><b>Model:<\/b> W11_CNC_SL650<\/p>\n<p><b>Rok v\u00fdstavby:<\/b> 2020<\/p>\n<p><b>Provozn\u00ed doba:<\/b> 6875<\/p>\n<p>EMAG WEISS Bruska na kulato EMAG WEISS Typ W11-CNC \/ UNIVERZ\u00c1LN\u00cd KRUHOV\u00c1 BRUSKA W 11-CNC SL650<br \/>\nPo\u010det hodin na v\u0159etenu: p\u0159ibli\u017en\u011b 6 850 hodin<br \/>\nPo\u010det hodin zapnut\u00ed elektrick\u00e9 energie: 20 422 hodin<br \/>\nTento stroj se vyzna\u010duje koncepc\u00ed ovl\u00e1d\u00e1n\u00ed 2 v 1:<br \/>\n100 % Konven\u010dn\u00ed brou\u0161en\u00ed na kulato nebo p\u0159echod na 100% CNC brou\u0161en\u00ed na kulato<br \/>\nTechnick\u00e9 \u00fadaje:<br \/>\n- \u0158\u00edzen\u00ed: CNC (Heidenhain, Siemens nebo Fanuc, podle roku v\u00fdroby).<br \/>\nD\u00e9lka brou\u0161en\u00ed max. mm 650 \/ 1 500 ; in 25,5 \/ 59<br \/>\nV\u00fd\u0161ka st\u0159edu mm 200 in 8<br \/>\nVn\u011bj\u0161\u00ed brou\u0161en\u00ed \u00d8 mm1 \/ 390 in 0 \/ 15,5<br \/>\nMaxim\u00e1ln\u00ed hmotnost \ufb02at MK 4 kg 100 \/ lb 220,5<br \/>\nmax. hmotnost obrobku mezi st\u0159edy kg 250 \/lb 551<br \/>\nPod\u00e1v\u00e1n\u00ed: pojezd osy X mm 380 \/ 480 \/in 15 \/ 19<br \/>\nPod\u00e1v\u00e1n\u00ed: pojezd osy Z mm 1 150 \/ 1 650 in 45,5 \/ 65<br \/>\nBrusn\u00fd kotou\u010d \u00d8 mm 400 \/ 500 in 15,5 \/ 19,5<br \/>\nNennleistung (100%ED)\tkW 9 \/ 11 hp 12 \/ 15<br \/>\nObvodov\u00e1 rychlost m\/s 20 - 50<\/p>\n<p>Vybaven\u00ed stroje:<br \/>\n- Pohon brusn\u00e9ho kotou\u010de: V\u00fdkonn\u00fd motor pro p\u0159esn\u00e9 v\u00fdsledky brou\u0161en\u00ed<br \/>\n- Kon\u00edk: Nastaviteln\u00fd kon\u00edk pro r\u016fzn\u00e9 d\u00e9lky obrobk\u016f.<br \/>\n- Dr\u017e\u00e1k obrobku: Skl\u00ed\u010didlo nebo st\u0159edic\u00ed centra (v z\u00e1vislosti na pou\u017eit\u00ed).<br \/>\n- Chladic\u00ed syst\u00e9m: integrovan\u00fd, aby se zabr\u00e1nilo p\u0159eh\u0159\u00e1t\u00ed a dos\u00e1hlo se optim\u00e1ln\u00edch v\u00fdsledk\u016f brou\u0161en\u00ed.<br \/>\n- U\u017eivatelsky p\u0159\u00edv\u011btiv\u00e9 rozhran\u00ed: Intuitivn\u00ed u\u017eivatelsk\u00e9 rozhran\u00ed CNC pro snadn\u00e9 programov\u00e1n\u00ed a ovl\u00e1d\u00e1n\u00ed<br \/>\n- M\u011b\u0159ic\u00ed syst\u00e9my pro monitorov\u00e1n\u00ed v re\u00e1ln\u00e9m \u010dase a zaji\u0161t\u011bn\u00ed kvality<br \/>\n- L\u016f\u017eko stroje Lit\u00e9 l\u016f\u017eko Karstensova z\u00e1kladna s vysokou staticko-dynamickou tuhost\u00ed<br \/>\n- Osa X Vysoce p\u0159esn\u00e9 line\u00e1rn\u00ed veden\u00ed, kuli\u010dkov\u00fd \u0161roub a sklen\u011bn\u00e1 stupnice<br \/>\n- V-ploch\u00e9 nebo line\u00e1rn\u00ed veden\u00ed osy Z, kuli\u010dkov\u00fd \u0161roub a sklen\u011bn\u00e1 stupnice<br \/>\n- Ovl\u00e1d\u00e1n\u00ed Dotykov\u00fd displej s integrovan\u00fdm CNC \u0159\u00edzen\u00edm na b\u00e1zi Windows Dialogov\u00e9 programov\u00e1n\u00ed, programov\u00e1n\u00ed DIN, pam\u011b\u0165 program\u016f.<br \/>\n- Technick\u00e9 vybaven\u00ed Elektrick\u00e1 sk\u0159\u00ed\u0148 podle VDE s ozna\u010den\u00edm CE<br \/>\n- Chladic\u00ed a ods\u00e1vac\u00ed syst\u00e9m<br \/>\n- Pap\u00edrov\u00fd p\u00e1sov\u00fd filtra\u010dn\u00ed syst\u00e9m s 250 | kontejnerem<br \/>\n- Mechanick\u00e9 ods\u00e1v\u00e1n\u00ed par 1600 m2\/3 s ovl\u00e1d\u00e1n\u00edm bez podp\u011brn\u00e9 nohy<br \/>\n- M\u011b\u0159ic\u00ed osa pro p\u0159ibl\u00ed\u017een\u00ed n\u011bkolika pr\u016fm\u011br\u016f s velk\u00fdm rozsahem<br \/>\n- M\u011b\u0159\u00edc\u00ed hlava. Voln\u011b programovateln\u00e1 m\u011b\u0159ic\u00ed poloha.<br \/>\n- P\u0159ipravte rozhran\u00ed robota.<br \/>\n- Pouze 10 x l \/ O bez z\u00e1str\u010dky rozhran\u00ed Software a PLC<\/p>\n<p>Aplikace:<br \/>\n- Vn\u011bj\u0161\u00ed a vnit\u0159n\u00ed obr\u00e1b\u011bn\u00ed v\u00e1lc\u016f<br \/>\n- P\u0159esn\u00e9 brou\u0161en\u00ed pro stroj\u00edrenstv\u00ed, automobilov\u00fd pr\u016fmysl a v\u00fdrobu n\u00e1stroj\u016f<br \/>\n- V\u00fdroba h\u0159\u00eddel\u00ed, pouzder, v\u00e1le\u010dk\u016f a dal\u0161\u00edch rota\u010dn\u011b symetrick\u00fdch obrobk\u016f.<br \/>\nSpeci\u00e1ln\u00ed funkce:<br \/>\n- Vysok\u00e1 tuhost t\u011blesa stroje pro provoz bez vibrac\u00ed<br \/>\n- \u0158\u00edzen\u00ed CNC pro komplexn\u00ed brousic\u00ed cykly a flexibiln\u00ed obr\u00e1b\u011bn\u00ed<br \/>\n- Mo\u017enost p\u0159izp\u016fsoben\u00ed specifick\u00fdm po\u017eadavk\u016fm z\u00e1kazn\u00edka<br \/>\nVoliteln\u00e9 dodate\u010dn\u00e9 vybaven\u00ed:<br \/>\n- Automatizovan\u00e9 nakl\u00e1dac\u00ed a vykl\u00e1dac\u00ed syst\u00e9my<br \/>\n- Speci\u00e1ln\u00ed dr\u017e\u00e1ky a speci\u00e1ln\u00ed dr\u017e\u00e1ky brusn\u00fdch kotou\u010d\u016f<br \/>\nK dispozici jsou voliteln\u00e9 brusn\u00e9 kotou\u010de:<br \/>\n- Viz fotografie<\/p>\n<p>Stroj si m\u016f\u017eete prohl\u00e9dnout po p\u0159edchoz\u00ed domluv\u011b.<br \/>\nZm\u011bny a chyby v technick\u00fdch \u00fadaj\u00edch a informac\u00edch, jako\u017e i p\u0159edchoz\u00ed prodej vyhrazeny!<\/p>\n<p>EMAG WEISS Bruska na kulato EMAG WEISS Typ W11-CNC \/ UNIVERZ\u00c1LN\u00cd KRUHOV\u00c1 BRUSKA W 11-CNC SL650<br \/>\nPo\u010det hodin na v\u0159etenu: p\u0159ibli\u017en\u011b 6 850 hodin<br \/>\nPo\u010det hodin v provozu: 20 422 hodin<br \/>\nTento stroj se vyzna\u010duje koncepc\u00ed ovl\u00e1d\u00e1n\u00ed 2 v 1:<br \/>\n100% konven\u010dn\u00ed brou\u0161en\u00ed na kulato nebo p\u0159echod na 100% CNC brou\u0161en\u00ed na kulato<br \/>\nTechnick\u00e9 \u00fadaje:<br \/>\n- \u0158\u00edzen\u00ed: CNC (Heidenhain, Siemens nebo Fanuc, podle roku v\u00fdroby).<br \/>\nD\u00e9lka brou\u0161en\u00ed max. mm 650 \/ 1 500 ; in 25,5 \/ 59<br \/>\nV\u00fd\u0161ka st\u0159edu mm 200 in 8<br \/>\nVn\u011bj\u0161\u00ed brou\u0161en\u00ed \u00d8 mm1 \/ 390 in 0 \/ 15,5<br \/>\nmax. hmotnost \ufb02ying MK 4 kg 100 \/ lb 220,5<br \/>\nMax. hmotnost obrobku mezi st\u0159edy kg 250 \/ lb 551<br \/>\nPod\u00e1v\u00e1n\u00ed: pojezd osy X mm 380 \/ 480 \/in 15 \/ 19<br \/>\nPod\u00e1v\u00e1n\u00ed: posun osy Z mm 1.150 \/ 1.650 in 45,5 \/ 65<br \/>\n\u00d8 brusn\u00e9ho kotou\u010de mm 400 \/ 500 in 15,5 \/ 19,5<br \/>\nRated power (100%ED) kW 9 \/ 11 hp 12 \/ 15<br \/>\nObvodov\u00e1 rychlost m\/s 20 - 50<\/p>\n<p>Vybaven\u00ed stroje:<br \/>\n- Pohon brusn\u00e9ho kotou\u010de: V\u00fdkonn\u00fd motor pro p\u0159esn\u00e9 v\u00fdsledky brou\u0161en\u00ed<br \/>\n- Kon\u00edk: Nastaviteln\u00fd kon\u00edk pro r\u016fzn\u00e9 d\u00e9lky obrobk\u016f.<br \/>\n- Dr\u017e\u00e1k obrobku: Skl\u00ed\u010didlo nebo centry (podle pou\u017eit\u00ed)<br \/>\n- Chladic\u00ed syst\u00e9m: integrovan\u00fd, aby se zabr\u00e1nilo p\u0159eh\u0159\u00e1t\u00ed a dos\u00e1hlo se optim\u00e1ln\u00edch v\u00fdsledk\u016f brou\u0161en\u00ed.<br \/>\n- U\u017eivatelsky p\u0159\u00edv\u011btiv\u00e9 rozhran\u00ed: Intuitivn\u00ed u\u017eivatelsk\u00e9 rozhran\u00ed CNC pro snadn\u00e9<br \/>\n- M\u011b\u0159ic\u00ed syst\u00e9my pro monitorov\u00e1n\u00ed v re\u00e1ln\u00e9m \u010dase a zaji\u0161t\u011bn\u00ed kvality<br \/>\n- L\u016f\u017eko stroje Lit\u00e9 l\u016f\u017eko Karstensova z\u00e1kladna s vysokou staticko-dynamickou tuhost\u00ed<br \/>\n- Vysoce p\u0159esn\u00e9 line\u00e1rn\u00ed veden\u00ed osy X, kuli\u010dkov\u00fd \u0161roub a sklen\u011bn\u00e1 stupnice<br \/>\n- V-ploch\u00e9 nebo line\u00e1rn\u00ed veden\u00ed osy Z, kuli\u010dkov\u00fd \u0161roub a sklen\u011bn\u00e1 stupnice<br \/>\n- Ovl\u00e1d\u00e1n\u00ed Dotykov\u00fd displej s integrovan\u00fdm CNC \u0159\u00edzen\u00edm na b\u00e1zi Windows Dialogov\u00e9 programov\u00e1n\u00ed, programov\u00e1n\u00ed DIN, pam\u011b\u0165 program\u016f.<br \/>\n- Technick\u00e9 vybaven\u00ed Elektrick\u00e1 sk\u0159\u00ed\u0148 podle VDE s ozna\u010den\u00edm CE<br \/>\n- Syst\u00e9m chlazen\u00ed a ods\u00e1v\u00e1n\u00ed<br \/>\n- Pap\u00edrov\u00fd p\u00e1sov\u00fd filtra\u010dn\u00ed syst\u00e9m s 250 | kontejnerem<br \/>\n- Mechanick\u00fd syst\u00e9m ods\u00e1v\u00e1n\u00ed kou\u0159e 1600 qm\/3 s ovl\u00e1d\u00e1n\u00edm bez podp\u011brn\u00e9 nohy<br \/>\n- M\u011b\u0159ic\u00ed osa pro p\u0159ibl\u00ed\u017een\u00ed n\u011bkolika pr\u016fm\u011br\u016f s velk\u00fdm rozsahem<br \/>\n- m\u011b\u0159\u00edc\u00ed hlava. Voln\u011b programovateln\u00e1 m\u011b\u0159ic\u00ed poloha.<br \/>\n- P\u0159ipravte rozhran\u00ed robota.<br \/>\n- Pouze 10 x l \/ O bez z\u00e1str\u010dky rozhran\u00ed Software a PLC<br \/>\nAplikace:<br \/>\n- Vn\u011bj\u0161\u00ed a vnit\u0159n\u00ed obr\u00e1b\u011bn\u00ed v\u00e1lc\u016f<br \/>\n- P\u0159esn\u00e9 brou\u0161en\u00ed pro stroj\u00edrenstv\u00ed, automobilov\u00fd pr\u016fmysl a v\u00fdrobu n\u00e1stroj\u016f<br \/>\n- V\u00fdroba h\u0159\u00eddel\u00ed, pouzder, v\u00e1le\u010dk\u016f a dal\u0161\u00edch rota\u010dn\u011b symetrick\u00fdch obrobk\u016f.<br \/>\nSpeci\u00e1ln\u00ed funkce:<br \/>\n- Vysok\u00e1 tuhost t\u011blesa stroje pro pr\u00e1ci bez vibrac\u00ed<br \/>\n- \u0158\u00edzen\u00ed CNC pro komplexn\u00ed brousic\u00ed cykly a flexibiln\u00ed obr\u00e1b\u011bn\u00ed<br \/>\n- Lze p\u0159izp\u016fsobit specifick\u00fdm po\u017eadavk\u016fm z\u00e1kazn\u00edka<br \/>\nVoliteln\u00e9 vybaven\u00ed pro dodate\u010dnou mont\u00e1\u017e:<br \/>\n- Automatizovan\u00e9 nakl\u00e1dac\u00ed a vykl\u00e1dac\u00ed syst\u00e9my<br \/>\n- Speci\u00e1ln\u00ed p\u0159\u00edpravky a speci\u00e1ln\u00ed dr\u017e\u00e1ky brusn\u00fdch kotou\u010d\u016f<\/p>\n<p>K dispozici jsou voliteln\u00e9 brusn\u00e9 kotou\u010de:<br \/>\n- Viz fotografie<\/p>\n<p>Stroj si m\u016f\u017eete prohl\u00e9dnout po p\u0159edchoz\u00ed domluv\u011b.<br \/>\nZm\u011bny a chyby v technick\u00fdch \u00fadaj\u00edch a informac\u00edch, jako\u017e i p\u0159edchoz\u00ed prodej vyhrazeny!<\/p>","protected":false},"excerpt":{"rendered":"<p>Standort: Deutschland, Baden-W\u00fcrttemberg S\u00fcdwest Zustand: Gebraucht Hersteller: EMAG WEISS Modell: W11_CNC_SL650 Baujahr: 2020 Betriebsstunden: 6875 EMAG WEISS Rundschleifmaschine EMAG WEISS Typ W11-CNC \/ UNIVERSAL RUNDSCHLEIFMASCHINE W 11-CNC SL650 Spindelstunden: ca. 6.850 Stunden Strom Einschaltstunden: 20.422 Stunden 2 in 1 Steuerungskonzept zeichnet diese Maschine aus: 100 % Konventionell rundschleifen oder umschalten auf 100% CNC rundschleifen Technische [&hellip;]<\/p>\n","protected":false},"featured_media":2994,"comment_status":"open","ping_status":"closed","template":"","meta":{"_uf_show_specific_survey":0,"_uf_disable_surveys":false},"product_brand":[],"product_cat":[22],"product_tag":[],"class_list":{"0":"post-3002","1":"product","2":"type-product","3":"status-publish","4":"has-post-thumbnail","6":"product_cat-cnc-schleifmaschinen","8":"first","9":"instock","10":"taxable","11":"shipping-taxable","12":"product-type-simple"},"aioseo_notices":[],"_links":{"self":[{"href":"https:\/\/mueller-wrh.de\/cs\/wp-json\/wp\/v2\/product\/3002","targetHints":{"allow":["GET"]}}],"collection":[{"href":"https:\/\/mueller-wrh.de\/cs\/wp-json\/wp\/v2\/product"}],"about":[{"href":"https:\/\/mueller-wrh.de\/cs\/wp-json\/wp\/v2\/types\/product"}],"replies":[{"embeddable":true,"href":"https:\/\/mueller-wrh.de\/cs\/wp-json\/wp\/v2\/comments?post=3002"}],"wp:featuredmedia":[{"embeddable":true,"href":"https:\/\/mueller-wrh.de\/cs\/wp-json\/wp\/v2\/media\/2994"}],"wp:attachment":[{"href":"https:\/\/mueller-wrh.de\/cs\/wp-json\/wp\/v2\/media?parent=3002"}],"wp:term":[{"taxonomy":"product_brand","embeddable":true,"href":"https:\/\/mueller-wrh.de\/cs\/wp-json\/wp\/v2\/product_brand?post=3002"},{"taxonomy":"product_cat","embeddable":true,"href":"https:\/\/mueller-wrh.de\/cs\/wp-json\/wp\/v2\/product_cat?post=3002"},{"taxonomy":"product_tag","embeddable":true,"href":"https:\/\/mueller-wrh.de\/cs\/wp-json\/wp\/v2\/product_tag?post=3002"}],"curies":[{"name":"wp","href":"https:\/\/api.w.org\/{rel}","templated":true}]}}