{"id":2958,"date":"2025-03-13T16:33:22","date_gmt":"2025-03-13T16:33:22","guid":{"rendered":"https:\/\/mueller-wrh.de\/produkt\/gebr-biglia-wkz-halter-angetr-used-toolholder-driven-oesterle-mit-ikz_intnr231220\/"},"modified":"2025-03-13T16:33:22","modified_gmt":"2025-03-13T16:33:22","slug":"gebr-biglia-wkz-halter-angetr-used-toolholder-driven-oesterle-mit-ikz_intnr231220","status":"publish","type":"product","link":"https:\/\/mueller-wrh.de\/cs\/produkt\/gebr-biglia-wkz-halter-angetr-used-toolholder-driven-oesterle-mit-ikz_intnr231220\/","title":{"rendered":"Biglia pou\u017e\u00edv\u00e1 n\u00e1strojov\u00fd dr\u017e\u00e1k poh\u00e1n\u011bn\u00fd Oesterle s IKZ_IntNr231220"},"content":{"rendered":"<p><b>Um\u00edst\u011bn\u00ed:<\/b> N\u011bmecko, B\u00e1densko-W\u00fcrttembersko Jihoz\u00e1padn\u00ed N\u011bmecko<\/p>\n<p><b>Stav:<\/b> Jako nov\u00fd<\/p>\n<p><b>V\u00fdrobce:<\/b> Oesterle<\/p>\n<p><b>Model:<\/b> 301 5421 A25 B109<\/p>\n<p><b>Rok v\u00fdstavby:<\/b> 2015<\/p>\n<p>Poh\u00e1n\u011bn\u00e9 dr\u017e\u00e1ky n\u00e1stroj\u016f s IKZ<br \/>\nVrtac\u00ed a fr\u00e9zovac\u00ed hlava<br \/>\nrovnou Biglia B436 - BMT40<br \/>\nKompatibiln\u00ed stroje<br \/>\nBIGLIA - B436<br \/>\nBIGLIA - B438<br \/>\nBIGLIA - BMX 45Y2<br \/>\nPoh\u00e1n\u011bn\u00fd vysoce p\u0159esn\u00fd dr\u017e\u00e1k n\u00e1stroj\u016f<br \/>\nBI-WZ16AX25i<br \/>\nAxi\u00e1ln\u00ed vrtac\u00ed a fr\u00e9zovac\u00ed hlava ER25 s v\u0159etenem A25 Power<br \/>\n\u0158adov\u00e9 v\u0159etenov\u00e9 lo\u017eisko s IKZ, 1:1 (Oesterle)<br \/>\ns vn\u011bj\u0161\u00edm chlazen\u00edm a rychl\u00fdm nastaven\u00edm chladic\u00ed trubice (pat.)<br \/>\n Dr\u017e\u00e1k n\u00e1stroj\u016f<br \/>\nDIN 6499 ER 25<br \/>\n ( d ) Rozsah upnut\u00ed<br \/>\n 0,5 - 16 mm<br \/>\n n max (1\/min) 8000<br \/>\nT max (NM) 16<br \/>\nI n1 \/ n2 1:1<br \/>\nvn\u011bj\u0161\u00ed chlazen\u00ed a<br \/>\n Rychl\u00e9 nastaven\u00ed chladic\u00ed trubice<br \/>\n bar 85<\/p>\n<p>Poh\u00e1n\u011bn\u00fd dr\u017e\u00e1k n\u00e1stroj\u016f s IKZ<br \/>\nVrtac\u00ed a fr\u00e9zovac\u00ed hlava<br \/>\nrovnou Biglia B436 - BMT40<br \/>\nKompatibiln\u00ed stroje<br \/>\nBIGLIA - B436<br \/>\nBIGLIA - B438<br \/>\nBIGLIA - BMX 45Y2<br \/>\nPoh\u00e1n\u011bn\u00e9 vysoce p\u0159esn\u00e9 dr\u017e\u00e1ky n\u00e1stroj\u016f<br \/>\nBI-WZ16AX25i<br \/>\nAxi\u00e1ln\u00ed vrtac\u00ed a fr\u00e9zovac\u00ed hlava ER25 s v\u0159etenem A25 Power<br \/>\n\u0158adov\u00e9 v\u0159etenov\u00e9 lo\u017eisko s IKZ, 1:1 (Oesterle)<br \/>\ns vn\u011bj\u0161\u00edm chlazen\u00edm a rychl\u00fdm nastaven\u00edm chladic\u00ed trubice (pat.)<br \/>\n Dr\u017e\u00e1k n\u00e1stroj\u016f<br \/>\nDIN 6499 ER 25<br \/>\n ( d ) Rozsah upnut\u00ed<br \/>\n 0,5 - 16 mm<br \/>\n n max (1\/min) 8000<br \/>\nT max (NM) 16<br \/>\nI n1 \/ n2 1:1<br \/>\nVn\u011bj\u0161\u00ed chlazen\u00ed a<br \/>\n rychl\u00e9 nastaven\u00ed chladic\u00ed trubice<br \/>\n bar 85<\/p>","protected":false},"excerpt":{"rendered":"<p>Standort: Deutschland, Baden-W\u00fcrttemberg S\u00fcdwest Zustand: Neuwertig Hersteller: Oesterle Modell: 301 5421 A25 B109 Baujahr: 2015 gebr. angetriebene Werkzeughalter mit IKZ Bohr- und Fr\u00e4skopf gerade Biglia B436 &#8211; BMT40 Kompatible Maschinen BIGLIA &#8211; B436 BIGLIA &#8211; B438 BIGLIA &#8211; BMX 45Y2 angetriebene Hochpr\u00e4zisions &#8211; Werkzeughalter BI-WZ16AX25i Axial Bohr- und Fr\u00e4skopf ER25 mit Spindel A25 Power Line [&hellip;]<\/p>\n","protected":false},"featured_media":2949,"comment_status":"open","ping_status":"closed","template":"","meta":{"_uf_show_specific_survey":0,"_uf_disable_surveys":false},"product_brand":[],"product_cat":[20],"product_tag":[],"class_list":{"0":"post-2958","1":"product","2":"type-product","3":"status-publish","4":"has-post-thumbnail","6":"product_cat-werkzeughalter","8":"first","9":"instock","10":"taxable","11":"shipping-taxable","12":"product-type-simple"},"aioseo_notices":[],"_links":{"self":[{"href":"https:\/\/mueller-wrh.de\/cs\/wp-json\/wp\/v2\/product\/2958","targetHints":{"allow":["GET"]}}],"collection":[{"href":"https:\/\/mueller-wrh.de\/cs\/wp-json\/wp\/v2\/product"}],"about":[{"href":"https:\/\/mueller-wrh.de\/cs\/wp-json\/wp\/v2\/types\/product"}],"replies":[{"embeddable":true,"href":"https:\/\/mueller-wrh.de\/cs\/wp-json\/wp\/v2\/comments?post=2958"}],"wp:featuredmedia":[{"embeddable":true,"href":"https:\/\/mueller-wrh.de\/cs\/wp-json\/wp\/v2\/media\/2949"}],"wp:attachment":[{"href":"https:\/\/mueller-wrh.de\/cs\/wp-json\/wp\/v2\/media?parent=2958"}],"wp:term":[{"taxonomy":"product_brand","embeddable":true,"href":"https:\/\/mueller-wrh.de\/cs\/wp-json\/wp\/v2\/product_brand?post=2958"},{"taxonomy":"product_cat","embeddable":true,"href":"https:\/\/mueller-wrh.de\/cs\/wp-json\/wp\/v2\/product_cat?post=2958"},{"taxonomy":"product_tag","embeddable":true,"href":"https:\/\/mueller-wrh.de\/cs\/wp-json\/wp\/v2\/product_tag?post=2958"}],"curies":[{"name":"wp","href":"https:\/\/api.w.org\/{rel}","templated":true}]}}