{"id":2924,"date":"2025-03-13T16:32:08","date_gmt":"2025-03-13T16:32:08","guid":{"rendered":"https:\/\/mueller-wrh.de\/produkt\/gebr-gildemeister-speed-12-7_linear-bj-04_intnr231165\/"},"modified":"2026-03-13T12:16:50","modified_gmt":"2026-03-13T12:16:50","slug":"gebr-gildemeister-speed-12-7_linear-bj-04_intnr231165","status":"publish","type":"product","link":"https:\/\/mueller-wrh.de\/cs\/produkt\/gebr-gildemeister-speed-12-7_linear-bj-04_intnr231165\/","title":{"rendered":"DMG Speed 12-7_Linear Bj.`04_with FMB Minimag (IntNr231165)"},"content":{"rendered":"<p><b>Um\u00edst\u011bn\u00ed:<\/b> N\u011bmecko, B\u00e1densko-W\u00fcrttembersko Jihoz\u00e1padn\u00ed N\u011bmecko<\/p>\n<p><b>Stav:<\/b> Pou\u017eit\u00e9<\/p>\n<p><b>V\u00fdrobce:<\/b> DMG<\/p>\n<p><b>Model:<\/b> Rychlost 12-7<\/p>\n<p><b>Rok v\u00fdstavby:<\/b> 2004<\/p>\n<p><b>Provozn\u00ed doba:<\/b> 153199<\/p>\n<p>Prodej vysoce dynamick\u00e9ho soustru\u017enick\u00e9ho automatu s posuvn\u00fdm v\u0159eten\u00edkem DMG Speed 12-7 Linear<br \/>\ns nab\u00edjec\u00edm z\u00e1sobn\u00edkem FMB Minimag.<br \/>\n\u0158\u00eddic\u00ed syst\u00e9m: Fanuc 16i-TB s u\u017eivatelsk\u00fdm rozhran\u00edm specifick\u00fdm pro DMG<br \/>\nRok v\u00fdstavby 2004<\/p>\n<p>Technick\u00e9 \u00fadaje<\/p>\n<p>Po\u010det os: 7 os (X1, Y1, Z1, X2, Z2, C1, C2)<br \/>\nMax. Pr\u016fm\u011br ty\u010de: 12,7 mm<br \/>\nMax. D\u00e9lka soustru\u017een\u00ed: 120 mm<br \/>\nRychl\u00e9 pojezdov\u00e9 rychlosti: Osa X (line\u00e1rn\u00ed): 40 m\/min<br \/>\nChlazen\u00ed line\u00e1rn\u00edho motoru: Samostatn\u00e1 chladic\u00ed jednotka pro tepelnou stabilizaci line\u00e1rn\u00edho pohonu.<br \/>\nOsa Z: 30 m\/min<\/p>\n<p>Rozsah ot\u00e1\u010dek hlavn\u00edho v\u0159etena: 0 - 12 000 ot\/min.<br \/>\nV\u00fdkon pohonu: 3,7 \/ 5,5 kW<br \/>\nOsa C: rozli\u0161en\u00ed 0,001\u00b0 pro vysoce p\u0159esn\u00e9 fr\u00e9zov\u00e1n\u00ed<\/p>\n<p>Rozsah ot\u00e1\u010dek protiv\u0159etena: 0 - 12 000 ot\/min.<br \/>\nPojezdov\u00e1 vzd\u00e1lenost Z2: 150 mm<br \/>\nOsa C: Pln\u011b integrovan\u00e1 osa C<\/p>\n<p>Nosi\u010d n\u00e1stroj\u016f (line\u00e1rn\u00ed posuvn\u00fd syst\u00e9m)<br \/>\nCelkov\u00fd po\u010det n\u00e1stroj\u016f: a\u017e 18 m\u00edst<br \/>\nPoh\u00e1n\u011bn\u00e9 n\u00e1stroje: 3 a\u017e 5 m\u00edst pro k\u0159\u00ed\u017eov\u00e9 obr\u00e1b\u011bn\u00ed<br \/>\nOt\u00e1\u010dky poh\u00e1n\u011bn\u00fdch n\u00e1stroj\u016f: max. 6 000 ot\u00e1\u010dek za minutu<\/p>\n<p>Z\u00e1sobn\u00edk: FMB Minimag pro rozsah pr\u016fm\u011br\u016f od 2 do 23 mm.<br \/>\nD\u00e9lka ty\u010de: 3 0200 mm<br \/>\nDopravn\u00edk t\u0159\u00edsek<br \/>\nMal\u00fd hasic\u00ed syst\u00e9m \/ hasic\u00ed syst\u00e9m pro majetek Kraft a Bauer<br \/>\nOdlu\u010dova\u010d d\u00edl\u016f<br \/>\nSyst\u00e9m proplachov\u00e1n\u00ed t\u0159\u00edsek  <\/p>\n<p>Stroj si m\u016f\u017eete prohl\u00e9dnout po p\u0159edchoz\u00ed domluv\u011b.<br \/>\nZm\u011bny a chyby v technick\u00fdch \u00fadaj\u00edch a informac\u00edch, jako\u017e i p\u0159edchoz\u00ed prodej vyhrazeny!<\/p>\n<p>Na prodej: vysoce dynamick\u00fd dlouhoto\u010dn\u00fd soustru\u017enick\u00fd automat DMG Speed 12-7 Linear<br \/>\nse z\u00e1sobn\u00edkem FMB Minimag.<br \/>\n\u0158\u00eddic\u00ed syst\u00e9m: Fanuc 16i-TB s u\u017eivatelsk\u00fdm rozhran\u00edm specifick\u00fdm pro DMG<br \/>\nRok v\u00fdroby: 2004<\/p>\n<p>Technick\u00e9 \u00fadaje<\/p>\n<p>Po\u010det os: 7 os (X1, Y1, Z1, X2, Z2, C1, C2)<br \/>\nMaxim\u00e1ln\u00ed pr\u016fm\u011br ty\u010de: 12,7 mm<br \/>\nMaxim\u00e1ln\u00ed d\u00e9lka ot\u00e1\u010den\u00ed: 120 mm<br \/>\nRychlost posunu: osa X (line\u00e1rn\u00ed): 40 m\/min<br \/>\nChlazen\u00ed line\u00e1rn\u00edho motoru: Samostatn\u00e1 chladic\u00ed jednotka pro tepelnou stabilizaci line\u00e1rn\u00edho pohonu.<br \/>\nOsa Z: 30 m\/min<\/p>\n<p>Rozsah ot\u00e1\u010dek hlavn\u00edho v\u0159etena: 0 - 12 000 ot\/min.<br \/>\nV\u00fdkon pohonu: 3,7 \/ 5,5 kW<br \/>\nOsa C: rozli\u0161en\u00ed 0,001\u00b0 pro vysoce p\u0159esn\u00e9 fr\u00e9zov\u00e1n\u00ed<\/p>\n<p>Rozsah ot\u00e1\u010dek protiv\u0159etena: 0 - 12 000 ot\/min.<br \/>\nRozsah pojezdu Z2: 150 mm<br \/>\nOsa C: Plnohodnotn\u00e1 integrovan\u00e1 osa C<\/p>\n<p>Nosi\u010d n\u00e1stroj\u016f (line\u00e1rn\u00ed posuvn\u00fd syst\u00e9m)<br \/>\nCelkov\u00fd po\u010det n\u00e1stroj\u016f: a\u017e 18 pozic<br \/>\nPoh\u00e1n\u011bn\u00e9 n\u00e1stroje: 3 a\u017e 5 pozic pro k\u0159\u00ed\u017eov\u00e9 obr\u00e1b\u011bn\u00ed<br \/>\nOt\u00e1\u010dky poh\u00e1n\u011bn\u00fdch n\u00e1stroj\u016f: max. 6 000 ot\u00e1\u010dek za minutu<\/p>\n<p>Z\u00e1sobn\u00edk: FMB Minimag pro rozsah pr\u016fm\u011br\u016f 2 a\u017e 23 mm.<br \/>\nD\u00e9lka ty\u010de: 3 020 mm<br \/>\nDopravn\u00edk t\u0159\u00edsek<br \/>\nMal\u00e1 hasic\u00ed za\u0159\u00edzen\u00ed \/ Kraft und Bauer objektov\u00e1 hasic\u00ed za\u0159\u00edzen\u00ed<br \/>\nOdlu\u010dova\u010d d\u00edl\u016f<br \/>\nSyst\u00e9m proplachov\u00e1n\u00ed t\u0159\u00edsek  <\/p>\n<p>Stroj si m\u016f\u017eete prohl\u00e9dnout po p\u0159edchoz\u00ed domluv\u011b.<br \/>\nZm\u011bny a chyby v technick\u00fdch \u00fadaj\u00edch a informac\u00edch, stejn\u011b jako p\u0159edchoz\u00ed prodej, vyhrazeny!<\/p>","protected":false},"excerpt":{"rendered":"<p>Standort: Deutschland, Baden-W\u00fcrttemberg S\u00fcdwest Zustand: Gebraucht Hersteller: DMG Modell: Speed 12-7 Baujahr: 2004 Betriebsstunden: 153199 Zum Verkauf steht ein hochdynamischer Langdrehautomat DMG Speed 12-7 Linear mit Lademagazin FMB Minimag. Steuerung: Fanuc 16i-TB mit DMG-spezifischer Bedienoberfl\u00e4che Baujahr 2004 Technische Daten Anzahl der Achsen: 7 Achsen (X1, Y1, Z1, X2, Z2, C1, C2) Max. Stangendurchmesser: 12,7 mm [&hellip;]<\/p>\n","protected":false},"featured_media":4990,"comment_status":"open","ping_status":"closed","template":"","meta":{"_uf_show_specific_survey":0,"_uf_disable_surveys":false},"product_brand":[],"product_cat":[23],"product_tag":[],"class_list":{"0":"post-2924","1":"product","2":"type-product","3":"status-publish","4":"has-post-thumbnail","6":"product_cat-cnc-langdrehmaschinen","8":"first","9":"instock","10":"taxable","11":"shipping-taxable","12":"product-type-simple"},"aioseo_notices":[],"_links":{"self":[{"href":"https:\/\/mueller-wrh.de\/cs\/wp-json\/wp\/v2\/product\/2924","targetHints":{"allow":["GET"]}}],"collection":[{"href":"https:\/\/mueller-wrh.de\/cs\/wp-json\/wp\/v2\/product"}],"about":[{"href":"https:\/\/mueller-wrh.de\/cs\/wp-json\/wp\/v2\/types\/product"}],"replies":[{"embeddable":true,"href":"https:\/\/mueller-wrh.de\/cs\/wp-json\/wp\/v2\/comments?post=2924"}],"wp:featuredmedia":[{"embeddable":true,"href":"https:\/\/mueller-wrh.de\/cs\/wp-json\/wp\/v2\/media\/4990"}],"wp:attachment":[{"href":"https:\/\/mueller-wrh.de\/cs\/wp-json\/wp\/v2\/media?parent=2924"}],"wp:term":[{"taxonomy":"product_brand","embeddable":true,"href":"https:\/\/mueller-wrh.de\/cs\/wp-json\/wp\/v2\/product_brand?post=2924"},{"taxonomy":"product_cat","embeddable":true,"href":"https:\/\/mueller-wrh.de\/cs\/wp-json\/wp\/v2\/product_cat?post=2924"},{"taxonomy":"product_tag","embeddable":true,"href":"https:\/\/mueller-wrh.de\/cs\/wp-json\/wp\/v2\/product_tag?post=2924"}],"curies":[{"name":"wp","href":"https:\/\/api.w.org\/{rel}","templated":true}]}}