{"id":2915,"date":"2025-03-13T16:31:55","date_gmt":"2025-03-13T16:31:55","guid":{"rendered":"https:\/\/mueller-wrh.de\/produkt\/bzi-52-sk-52-spannkoepfe-glatt-mit-quer-und-laengsrillen-intnr231184\/"},"modified":"2025-03-13T16:31:55","modified_gmt":"2025-03-13T16:31:55","slug":"bzi-52-sk-52-spannkoepfe-glatt-mit-quer-und-laengsrillen-intnr231184","status":"publish","type":"product","link":"https:\/\/mueller-wrh.de\/cs\/produkt\/bzi-52-sk-52-spannkoepfe-glatt-mit-quer-und-laengsrillen-intnr231184\/","title":{"rendered":"BZI 52 \/ SK 52 Up\u00ednac\u00ed hlavy hladk\u00e9, s p\u0159\u00ed\u010dn\u00fdmi a pod\u00e9ln\u00fdmi dr\u00e1\u017ekami IntNo231184"},"content":{"rendered":"<p><b>Um\u00edst\u011bn\u00ed:<\/b> N\u011bmecko, B\u00e1densko-W\u00fcrttembersko Jihoz\u00e1padn\u00ed N\u011bmecko<\/p>\n<p><b>Stav:<\/b> Jako nov\u00fd<\/p>\n<p><b>Model:<\/b> BZI 52 \/ SK 52<\/p>\n<p>IntNo231184<br \/>\nPopis zbo\u017e\u00ed: BZI 52 \/ SK 52 up\u00ednac\u00ed hlavy<\/p>\n<p>Vhodn\u00e9 pro:<\/p>\n<p>HAINBUCH SPANNTOP 52-A5 \/ Nova a MINI<br \/>\nSrovnateln\u00e9 zna\u010dky \/ v\u00fdrobci<br \/>\nVerze:<\/p>\n<p>Hladk\u00e9 up\u00ednac\u00ed hlavy<br \/>\nS p\u0159\u00ed\u010dn\u00fdmi a pod\u00e9ln\u00fdmi dr\u00e1\u017ekami pro suroviny<br \/>\nVarianty profilu: Kulat\u00fd a \u0161estihrann\u00fd (stoup\u00e1n\u00ed 0,5 mm nebo 1 mm)<br \/>\nMo\u017en\u00e9 aplikace: Jemn\u00e9 obr\u00e1b\u011bn\u00ed<br \/>\nStav:<\/p>\n<p>Nov\u00e9 i pou\u017eit\u00e9 v r\u016fzn\u00fdch rozm\u011brech<br \/>\nObjedn\u00e1vka:<br \/>\nP\u0159i objedn\u00e1vce uve\u010fte po\u017eadovan\u00e9 upnut\u00ed\u2300.<\/p>\n<p>Oblasti pou\u017eit\u00ed:<\/p>\n<p>Obr\u00e1b\u011bc\u00ed centra<br \/>\nM\u011b\u0159ic\u00ed stroje<br \/>\nUp\u00edn\u00e1n\u00ed palet<br \/>\nPozn\u00e1mky:<\/p>\n<p>Up\u00ednac\u00ed hlavy pro speci\u00e1ln\u00ed profily podle individu\u00e1ln\u00edch po\u017eadavk\u016f na vy\u017e\u00e1d\u00e1n\u00ed<br \/>\nNa vy\u017e\u00e1d\u00e1n\u00ed jsou k dispozici i jin\u00e9 velikosti ku\u017eel\u016f, tvary (nap\u0159. \u010dtvercov\u00e9) a obrobiteln\u00e9 polotovary.<\/p>\n<p>Zm\u011bny a chyby v technick\u00fdch \u00fadaj\u00edch a informac\u00edch, jako\u017e i p\u0159edchoz\u00ed prodej vyhrazeny!<\/p>\n<p>Intern\u00ed \u010d\u00edslo: IntNr231184<br \/>\nPopis zbo\u017e\u00ed: BZI 52 \/ SK 52 up\u00ednac\u00ed hlavy<\/p>\n<p>Vhodn\u00e9 pro:<\/p>\n<p>HAINBUCH SPANNTOP 52-A5 \/ Nova a MINI<br \/>\nSrovnateln\u00e9 zna\u010dky \/ v\u00fdrobci<br \/>\nVerze:<\/p>\n<p>Hladk\u00e9 expanzn\u00ed skl\u00ed\u010didlo<br \/>\nS p\u0159\u00ed\u010dn\u00fdmi a pod\u00e9ln\u00fdmi dr\u00e1\u017ekami pro suroviny<br \/>\nVarianty profil\u016f: kulat\u00fd a \u0161estihrann\u00fd (zv\u011bt\u0161en\u00ed 0,5 mm nebo 1 mm)<br \/>\nMo\u017en\u00e9 aplikace: Jemn\u00e9 obr\u00e1b\u011bn\u00ed<br \/>\nStav:<\/p>\n<p>Nov\u00e9 i pou\u017eit\u00e9 v r\u016fzn\u00fdch rozm\u011brech<br \/>\nObjedn\u00e1vka:<br \/>\nP\u0159i objedn\u00e1vce uve\u010fte po\u017eadovan\u00e9 upnut\u00ed \u2300.<\/p>\n<p>Oblasti pou\u017eit\u00ed:<\/p>\n<p>Obr\u00e1b\u011bc\u00ed centra<br \/>\nM\u011b\u0159ic\u00ed stroje<br \/>\nUp\u00edn\u00e1n\u00ed palet<br \/>\nPozn\u00e1mky:<\/p>\n<p>Up\u00ednac\u00ed hlavy pro speci\u00e1ln\u00ed profily podle individu\u00e1ln\u00edch po\u017eadavk\u016f na vy\u017e\u00e1d\u00e1n\u00ed<br \/>\nNa vy\u017e\u00e1d\u00e1n\u00ed jsou k dispozici i jin\u00e9 velikosti ku\u017eel\u016f, tvary (nap\u0159. \u010dtvercov\u00e9) a obrobiteln\u00e9 polotovary.<\/p>\n<p>Zm\u011bny a chyby v technick\u00fdch \u00fadaj\u00edch a informac\u00edch, stejn\u011b jako p\u0159edchoz\u00ed prodej, vyhrazeny!<\/p>","protected":false},"excerpt":{"rendered":"<p>Standort: Deutschland, Baden-W\u00fcrttemberg S\u00fcdwest Zustand: Neuwertig Modell: BZI 52 \/ SK 52 IntNr231184 Artikelbeschreibung: BZI 52 \/ SK 52 Spannk\u00f6pfe Geeignet f\u00fcr: HAINBUCH SPANNTOP 52-A5 \/ Nova und MINI Vergleichbare Fabrikate \/ Hersteller Ausf\u00fchrungen: Glatte Spannk\u00f6pfe Mit Quer- und L\u00e4ngsrillen f\u00fcr Rohmaterial Profilvarianten: Rund und 6-Kant (0,5 mm oder 1 mm steigend) Einsatzm\u00f6glichkeiten: Feinbearbeitung Zustand: [&hellip;]<\/p>\n","protected":false},"featured_media":2909,"comment_status":"open","ping_status":"closed","template":"","meta":{"_uf_show_specific_survey":0,"_uf_disable_surveys":false},"product_brand":[],"product_cat":[102],"product_tag":[],"class_list":{"0":"post-2915","1":"product","2":"type-product","3":"status-publish","4":"has-post-thumbnail","6":"product_cat-spannzangen","8":"first","9":"instock","10":"taxable","11":"shipping-taxable","12":"product-type-simple"},"aioseo_notices":[],"_links":{"self":[{"href":"https:\/\/mueller-wrh.de\/cs\/wp-json\/wp\/v2\/product\/2915","targetHints":{"allow":["GET"]}}],"collection":[{"href":"https:\/\/mueller-wrh.de\/cs\/wp-json\/wp\/v2\/product"}],"about":[{"href":"https:\/\/mueller-wrh.de\/cs\/wp-json\/wp\/v2\/types\/product"}],"replies":[{"embeddable":true,"href":"https:\/\/mueller-wrh.de\/cs\/wp-json\/wp\/v2\/comments?post=2915"}],"wp:featuredmedia":[{"embeddable":true,"href":"https:\/\/mueller-wrh.de\/cs\/wp-json\/wp\/v2\/media\/2909"}],"wp:attachment":[{"href":"https:\/\/mueller-wrh.de\/cs\/wp-json\/wp\/v2\/media?parent=2915"}],"wp:term":[{"taxonomy":"product_brand","embeddable":true,"href":"https:\/\/mueller-wrh.de\/cs\/wp-json\/wp\/v2\/product_brand?post=2915"},{"taxonomy":"product_cat","embeddable":true,"href":"https:\/\/mueller-wrh.de\/cs\/wp-json\/wp\/v2\/product_cat?post=2915"},{"taxonomy":"product_tag","embeddable":true,"href":"https:\/\/mueller-wrh.de\/cs\/wp-json\/wp\/v2\/product_tag?post=2915"}],"curies":[{"name":"wp","href":"https:\/\/api.w.org\/{rel}","templated":true}]}}