{"id":2887,"date":"2025-03-13T16:30:23","date_gmt":"2025-03-13T16:30:23","guid":{"rendered":"https:\/\/mueller-wrh.de\/produkt\/werkzeughalter-star-7-077-408-3-fach-bohrhalter-o32mm-mit-kuehlmittelversorgung-intnr231163\/"},"modified":"2025-03-13T16:30:23","modified_gmt":"2025-03-13T16:30:23","slug":"werkzeughalter-star-7-077-408-3-fach-bohrhalter-o32mm-mit-kuehlmittelversorgung-intnr231163","status":"publish","type":"product","link":"https:\/\/mueller-wrh.de\/cs\/produkt\/werkzeughalter-star-7-077-408-3-fach-bohrhalter-o32mm-mit-kuehlmittelversorgung-intnr231163\/","title":{"rendered":"Dr\u017e\u00e1k n\u00e1stroj\u016f STAR 7.077.408 3-n\u00e1sobn\u00fd vrtac\u00ed dr\u017e\u00e1k \u00d832mm s p\u0159\u00edvodem chladic\u00ed kapaliny (IntNo231163)"},"content":{"rendered":"<p><b>Um\u00edst\u011bn\u00ed:<\/b> N\u011bmecko, B\u00e1densko-W\u00fcrttembersko Jihoz\u00e1padn\u00ed N\u011bmecko<\/p>\n<p><b>Stav:<\/b> Jako nov\u00fd<\/p>\n<p><b>V\u00fdrobce:<\/b> n.a.<\/p>\n<p><b>Model:<\/b> 431-03-00<\/p>\n<p>3n\u00e1sobn\u00fd dr\u017e\u00e1k vrt\u00e1ku \u00d832 mm s p\u0159\u00edvodem chladic\u00ed kapaliny (intern\u00ed nebo extern\u00ed)<br \/>\npro hlavn\u00ed a protiv\u0159eteno (IntNo231163)<br \/>\n7.077.408<br \/>\nVhodn\u00e9 pro n\u00e1sleduj\u00edc\u00ed typy stroj\u016f STAR:<br \/>\nSV-12\/20\/20R\/32\/32J\/32J II\/38R - ECAS-20T\/30T<\/p>\n<p>Zm\u011bny a chyby v technick\u00fdch \u00fadaj\u00edch a informac\u00edch, jako\u017e i p\u0159edchoz\u00ed prodej vyhrazeny!<\/p>\n<p>3n\u00e1sobn\u00fd dr\u017e\u00e1k vrt\u00e1k\u016f \u00d832 mm s p\u0159\u00edvodem chladic\u00ed kapaliny (intern\u00ed nebo extern\u00ed)<br \/>\npro hlavn\u00ed a protiv\u0159eteno (IntNr231163)<br \/>\n7.077.408<br \/>\nVhodn\u00e9 pro n\u00e1sleduj\u00edc\u00ed typy stroj\u016f STAR:<br \/>\nSV-12\/20\/20R\/32\/32J\/32J II\/38R - ECAS-20T\/30T<\/p>\n<p>Zm\u011bny a chyby v technick\u00fdch \u00fadaj\u00edch a informac\u00edch, stejn\u011b jako p\u0159edchoz\u00ed prodej, vyhrazeny!<\/p>","protected":false},"excerpt":{"rendered":"<p>Standort: Deutschland, Baden-W\u00fcrttemberg S\u00fcdwest Zustand: Neuwertig Hersteller: n.a. Modell: 431-03-00 3-fach-Bohrhalter \u00d832mm mit K\u00fchlmittelversorgung (intern oder extern) f\u00fcr Haupt- und Gegensspindel (IntNr231163) 7.077.408 Passend f\u00fcr folgende STAR-Maschinentypen: SV-12\/20\/20R\/32\/32J\/32J II\/38R &#8211; ECAS-20T\/30T Aenderungen und Irrtuemer in den technischen Daten und Angaben sowie Zwischenverkauf vorbehalten! 3-fold drill holder \u00d832mm with coolant supply (internal or external) for main [&hellip;]<\/p>\n","protected":false},"featured_media":2886,"comment_status":"open","ping_status":"closed","template":"","meta":{"_uf_show_specific_survey":0,"_uf_disable_surveys":false},"product_brand":[],"product_cat":[20],"product_tag":[],"class_list":{"0":"post-2887","1":"product","2":"type-product","3":"status-publish","4":"has-post-thumbnail","6":"product_cat-werkzeughalter","8":"first","9":"instock","10":"taxable","11":"shipping-taxable","12":"product-type-simple"},"aioseo_notices":[],"_links":{"self":[{"href":"https:\/\/mueller-wrh.de\/cs\/wp-json\/wp\/v2\/product\/2887","targetHints":{"allow":["GET"]}}],"collection":[{"href":"https:\/\/mueller-wrh.de\/cs\/wp-json\/wp\/v2\/product"}],"about":[{"href":"https:\/\/mueller-wrh.de\/cs\/wp-json\/wp\/v2\/types\/product"}],"replies":[{"embeddable":true,"href":"https:\/\/mueller-wrh.de\/cs\/wp-json\/wp\/v2\/comments?post=2887"}],"wp:featuredmedia":[{"embeddable":true,"href":"https:\/\/mueller-wrh.de\/cs\/wp-json\/wp\/v2\/media\/2886"}],"wp:attachment":[{"href":"https:\/\/mueller-wrh.de\/cs\/wp-json\/wp\/v2\/media?parent=2887"}],"wp:term":[{"taxonomy":"product_brand","embeddable":true,"href":"https:\/\/mueller-wrh.de\/cs\/wp-json\/wp\/v2\/product_brand?post=2887"},{"taxonomy":"product_cat","embeddable":true,"href":"https:\/\/mueller-wrh.de\/cs\/wp-json\/wp\/v2\/product_cat?post=2887"},{"taxonomy":"product_tag","embeddable":true,"href":"https:\/\/mueller-wrh.de\/cs\/wp-json\/wp\/v2\/product_tag?post=2887"}],"curies":[{"name":"wp","href":"https:\/\/api.w.org\/{rel}","templated":true}]}}