{"id":2862,"date":"2025-03-13T16:28:59","date_gmt":"2025-03-13T16:28:59","guid":{"rendered":"https:\/\/mueller-wrh.de\/produkt\/gebr-werkzeughalter-star-_wto_410510005-44-sv-20-intnr231143\/"},"modified":"2025-03-13T16:28:59","modified_gmt":"2025-03-13T16:28:59","slug":"gebr-werkzeughalter-star-_wto_410510005-44-sv-20-intnr231143","status":"publish","type":"product","link":"https:\/\/mueller-wrh.de\/cs\/produkt\/gebr-werkzeughalter-star-_wto_410510005-44-sv-20-intnr231143\/","title":{"rendered":"zna\u010dkov\u00fd dr\u017e\u00e1k n\u00e1stroj\u016f STAR _WTO_410510005-44 SV 20 (IntNo231143)"},"content":{"rendered":"<p><b>Um\u00edst\u011bn\u00ed:<\/b> N\u011bmecko, B\u00e1densko-W\u00fcrttembersko Jihoz\u00e1padn\u00ed N\u011bmecko<\/p>\n<p><b>Stav:<\/b> Jako nov\u00fd<\/p>\n<p><b>V\u00fdrobce:<\/b> WTO<\/p>\n<p>Vrtac\u00ed\/fr\u00e9zovac\u00ed za\u0159\u00edzen\u00ed pro vrt\u00e1n\u00ed hlubok\u00fdch otvor\u016f pro \u010deln\u00ed obr\u00e1b\u011bn\u00ed<br \/>\nk hlavn\u00edmu v\u0159etenu<br \/>\n410510005-44<br \/>\nVhodn\u00e9 pro n\u00e1sleduj\u00edc\u00ed typy stroj\u016f STAR:<br \/>\nST-20-32-38 SV-12-20-32 \/ ECAS<br \/>\nIntern\u00ed + extern\u00ed p\u0159\u00edvod chladic\u00ed kapaliny<br \/>\nTlak chladic\u00ed kapaliny max. 120 bar<br \/>\n97 mm<br \/>\nER 16<br \/>\nD\u0159\u00edk \u00d844 mm<br \/>\nN\u00e1stroj - \u00d8\u00d80,5-10mm<br \/>\n10 Nm<br \/>\nN2 max. 6 000 ot\u00e1\u010dek za minutu<br \/>\nI 1:1<br \/>\nZm\u011bny a chyby v technick\u00fdch \u00fadaj\u00edch a informac\u00edch, jako\u017e i p\u0159edchoz\u00ed prodej vyhrazeny!<\/p>\n<p>Vrtac\u00ed\/fr\u00e9zovac\u00ed za\u0159\u00edzen\u00ed pro vrt\u00e1n\u00ed hlubok\u00fdch otvor\u016f pro \u010deln\u00ed obr\u00e1b\u011bn\u00ed<br \/>\npro hlavn\u00ed v\u0159eteno<br \/>\n410510005-44<br \/>\nVhodn\u00e9 pro n\u00e1sleduj\u00edc\u00ed typy stroj\u016f STAR:<br \/>\nST-20-32-38 SV-12-20-32 \/ ECAS<br \/>\nIntern\u00ed + extern\u00ed p\u0159\u00edvod chladic\u00ed kapaliny<br \/>\nTlak chladic\u00ed kapaliny max. 120bar<br \/>\n97 mm<br \/>\nER 16<br \/>\nD\u0159\u00edk \u00d844 mm<br \/>\nN\u00e1stroj - \u00d8\u00d80,5-10mm<br \/>\n10 Nm<br \/>\nN2 max. 6 000 ot\u00e1\u010dek za minutu<br \/>\nI 1:1<br \/>\nZm\u011bny a chyby v technick\u00fdch \u00fadaj\u00edch a informac\u00edch, jako\u017e i p\u0159edchoz\u00ed prodej vyhrazeny!<\/p>","protected":false},"excerpt":{"rendered":"<p>Standort: Deutschland, Baden-W\u00fcrttemberg S\u00fcdwest Zustand: Neuwertig Hersteller: WTO Bohr-Fr\u00e4seinrichtung zum Tieflochbohren f\u00fcr Frontalbearbeitung zu Hauptspindel 410510005-44 Passend f\u00fcr folgende STAR-Maschinentypen: ST-20-32-38 SV-12-20-32 \/ ECAS Interne + Externe K\u00fchlmittelzufuhr K\u00fchlmitteldruck max. 120bar 97mm ER 16 Schaft \u00d844mm Werkzeug \u2013 \u00d8\u00d80,5-10mm 10 Nm N2 max. 6.000 rpm I 1:1 Aenderungen und Irrtuemer in den technischen Daten und [&hellip;]<\/p>\n","protected":false},"featured_media":2859,"comment_status":"open","ping_status":"closed","template":"","meta":{"_uf_show_specific_survey":0,"_uf_disable_surveys":false},"product_brand":[],"product_cat":[20],"product_tag":[],"class_list":{"0":"post-2862","1":"product","2":"type-product","3":"status-publish","4":"has-post-thumbnail","6":"product_cat-werkzeughalter","8":"first","9":"instock","10":"taxable","11":"shipping-taxable","12":"product-type-simple"},"aioseo_notices":[],"_links":{"self":[{"href":"https:\/\/mueller-wrh.de\/cs\/wp-json\/wp\/v2\/product\/2862","targetHints":{"allow":["GET"]}}],"collection":[{"href":"https:\/\/mueller-wrh.de\/cs\/wp-json\/wp\/v2\/product"}],"about":[{"href":"https:\/\/mueller-wrh.de\/cs\/wp-json\/wp\/v2\/types\/product"}],"replies":[{"embeddable":true,"href":"https:\/\/mueller-wrh.de\/cs\/wp-json\/wp\/v2\/comments?post=2862"}],"wp:featuredmedia":[{"embeddable":true,"href":"https:\/\/mueller-wrh.de\/cs\/wp-json\/wp\/v2\/media\/2859"}],"wp:attachment":[{"href":"https:\/\/mueller-wrh.de\/cs\/wp-json\/wp\/v2\/media?parent=2862"}],"wp:term":[{"taxonomy":"product_brand","embeddable":true,"href":"https:\/\/mueller-wrh.de\/cs\/wp-json\/wp\/v2\/product_brand?post=2862"},{"taxonomy":"product_cat","embeddable":true,"href":"https:\/\/mueller-wrh.de\/cs\/wp-json\/wp\/v2\/product_cat?post=2862"},{"taxonomy":"product_tag","embeddable":true,"href":"https:\/\/mueller-wrh.de\/cs\/wp-json\/wp\/v2\/product_tag?post=2862"}],"curies":[{"name":"wp","href":"https:\/\/api.w.org\/{rel}","templated":true}]}}