{"id":2849,"date":"2025-03-13T16:28:09","date_gmt":"2025-03-13T16:28:09","guid":{"rendered":"https:\/\/mueller-wrh.de\/produkt\/gebr-werkzeughalter-star-421-73-00_sv20-intnr231135\/"},"modified":"2025-03-13T16:28:09","modified_gmt":"2025-03-13T16:28:09","slug":"gebr-werkzeughalter-star-421-73-00_sv20-intnr231135","status":"publish","type":"product","link":"https:\/\/mueller-wrh.de\/cs\/produkt\/gebr-werkzeughalter-star-421-73-00_sv20-intnr231135\/","title":{"rendered":"zna\u010dkov\u00fd dr\u017e\u00e1k n\u00e1stroj\u016f STAR 421-73-00_SV20 (IntNo231135)"},"content":{"rendered":"<p><b>Um\u00edst\u011bn\u00ed:<\/b> N\u011bmecko, B\u00e1densko-W\u00fcrttembersko Jihoz\u00e1padn\u00ed N\u011bmecko<\/p>\n<p><b>Stav:<\/b> Jako nov\u00fd<\/p>\n<p><b>V\u00fdrobce:<\/b> STAR Micronics<\/p>\n<p>STAR Micronics<\/p>\n<p>Vn\u011bj\u0161\u00ed z\u00e1vitov\u00e9 oto\u010dn\u00e9 upevn\u011bn\u00ed nastaviteln\u00e9 (1\u00b0-10\u00b0)<br \/>\nk hlavn\u00edmu v\u0159etenu<br \/>\n421-73-00<br \/>\nVhodn\u00e9 pro n\u00e1sleduj\u00edc\u00ed typy stroj\u016f STAR:<br \/>\nST-20-32-38 SV-12-20-32 \/ ECAS<br \/>\nP\u0159eklad 1:1<br \/>\nVstupn\u00ed ot\u00e1\u010dky max. 3000 1\/min<br \/>\nV\u00fdstupn\u00ed rychlost max. 3000 1\/min<br \/>\nZm\u011bny a chyby v technick\u00fdch \u00fadaj\u00edch a informac\u00edch, jako\u017e i p\u0159edchoz\u00ed prodej vyhrazeny!<\/p>\n<p>Nastaviteln\u00e9 za\u0159\u00edzen\u00ed pro v\u00ed\u0159en\u00ed vn\u011bj\u0161\u00edho z\u00e1vitu (1\u00b0-10\u00b0)<br \/>\npro hlavn\u00ed v\u0159eteno<br \/>\n421-73-00<br \/>\nVhodn\u00e9 pro n\u00e1sleduj\u00edc\u00ed typy stroj\u016f STAR:<br \/>\nST-20-32-38 SV-12-20-32 \/ ECAS<br \/>\nP\u0159evodov\u00fd pom\u011br 1:1<br \/>\nVstupn\u00ed ot\u00e1\u010dky max. 3000 1\/min<br \/>\nV\u00fdstupn\u00ed rychlost max. 3000 1\/min<br \/>\nZm\u011bny a chyby v technick\u00fdch \u00fadaj\u00edch a informac\u00edch, stejn\u011b jako p\u0159edchoz\u00ed prodej, vyhrazeny!<\/p>","protected":false},"excerpt":{"rendered":"<p>Standort: Deutschland, Baden-W\u00fcrttemberg S\u00fcdwest Zustand: Neuwertig Hersteller: STAR Micronics STAR Micronics Aussengewindewirbelapparat einstellbar (1\u00b0-10\u00b0) zu Hauptspindel 421-73-00 Passend f\u00fcr folgende STAR-Maschinentypen: ST-20-32-38 SV-12-20-32 \/ ECAS \u00dcbersetzung 1:1 Eingangsdrehzahl max. 3000 1\/min Ausgangsdrehzahl max. 3000 1\/min Aenderungen und Irrtuemer in den technischen Daten und Angaben sowie Zwischenverkauf vorbehalten! External thread whirling device adjustable (1\u00b0-10\u00b0) for main [&hellip;]<\/p>\n","protected":false},"featured_media":2847,"comment_status":"open","ping_status":"closed","template":"","meta":{"_uf_show_specific_survey":0,"_uf_disable_surveys":false},"product_brand":[],"product_cat":[20],"product_tag":[],"class_list":{"0":"post-2849","1":"product","2":"type-product","3":"status-publish","4":"has-post-thumbnail","6":"product_cat-werkzeughalter","8":"first","9":"instock","10":"taxable","11":"shipping-taxable","12":"product-type-simple"},"aioseo_notices":[],"_links":{"self":[{"href":"https:\/\/mueller-wrh.de\/cs\/wp-json\/wp\/v2\/product\/2849","targetHints":{"allow":["GET"]}}],"collection":[{"href":"https:\/\/mueller-wrh.de\/cs\/wp-json\/wp\/v2\/product"}],"about":[{"href":"https:\/\/mueller-wrh.de\/cs\/wp-json\/wp\/v2\/types\/product"}],"replies":[{"embeddable":true,"href":"https:\/\/mueller-wrh.de\/cs\/wp-json\/wp\/v2\/comments?post=2849"}],"wp:featuredmedia":[{"embeddable":true,"href":"https:\/\/mueller-wrh.de\/cs\/wp-json\/wp\/v2\/media\/2847"}],"wp:attachment":[{"href":"https:\/\/mueller-wrh.de\/cs\/wp-json\/wp\/v2\/media?parent=2849"}],"wp:term":[{"taxonomy":"product_brand","embeddable":true,"href":"https:\/\/mueller-wrh.de\/cs\/wp-json\/wp\/v2\/product_brand?post=2849"},{"taxonomy":"product_cat","embeddable":true,"href":"https:\/\/mueller-wrh.de\/cs\/wp-json\/wp\/v2\/product_cat?post=2849"},{"taxonomy":"product_tag","embeddable":true,"href":"https:\/\/mueller-wrh.de\/cs\/wp-json\/wp\/v2\/product_tag?post=2849"}],"curies":[{"name":"wp","href":"https:\/\/api.w.org\/{rel}","templated":true}]}}