{"id":2837,"date":"2025-03-13T16:27:46","date_gmt":"2025-03-13T16:27:46","guid":{"rendered":"https:\/\/mueller-wrh.de\/produkt\/gebr-werkzeughalter-star-421-51-00-intnr231132\/"},"modified":"2025-03-13T16:27:46","modified_gmt":"2025-03-13T16:27:46","slug":"gebr-werkzeughalter-star-421-51-00-intnr231132","status":"publish","type":"product","link":"https:\/\/mueller-wrh.de\/cs\/produkt\/gebr-werkzeughalter-star-421-51-00-intnr231132\/","title":{"rendered":"zna\u010dkov\u00fd dr\u017e\u00e1k n\u00e1stroj\u016f STAR 421-51-00 (IntNo231132)"},"content":{"rendered":"<p><b>Um\u00edst\u011bn\u00ed:<\/b> N\u011bmecko, B\u00e1densko-W\u00fcrttembersko Jihoz\u00e1padn\u00ed N\u011bmecko<\/p>\n<p><b>Stav:<\/b> Jako nov\u00fd<\/p>\n<p><b>V\u00fdrobce:<\/b> STAR Micronics<\/p>\n<p>2n\u00e1sobn\u00fd v\u0159etenov\u00fd k\u0159\u00ed\u017eov\u00fd vrtac\u00ed\/fr\u00e9zovac\u00ed n\u00e1stavec ER16<br \/>\npro hlavn\u00ed v\u0159eteno a protiv\u0159eteno<br \/>\n421-51-00<br \/>\nVhodn\u00e9 pro n\u00e1sleduj\u00edc\u00ed typy stroj\u016f STAR:<br \/>\nST-20-32-38 SV-12-20-32 \/ ECAS<br \/>\nP\u0159eklad 1:1<br \/>\nVstupn\u00ed ot\u00e1\u010dky max. 5750 1\/min<br \/>\nV\u00fdstupn\u00ed rychlost max. 5750 1\/min<br \/>\nV\u00fdstupn\u00ed to\u010div\u00fd moment max. 32 Nm<br \/>\nZm\u011bny a chyby v technick\u00fdch \u00fadaj\u00edch a informac\u00edch, jako\u017e i p\u0159edchoz\u00ed prodej vyhrazeny!<\/p>\n<p>2n\u00e1sobn\u00fd v\u0159etenov\u00fd k\u0159\u00ed\u017eov\u00fd vrtac\u00ed\/fr\u00e9zovac\u00ed n\u00e1stavec ER16<br \/>\npro hlavn\u00ed v\u0159eteno a protiv\u0159eteno<br \/>\n421-51-00<br \/>\nVhodn\u00e9 pro n\u00e1sleduj\u00edc\u00ed typy stroj\u016f STAR:<br \/>\nST-20-32-38 SV-12-20-32 \/ ECAS<br \/>\nP\u0159evodov\u00fd pom\u011br 1:1<br \/>\nVstupn\u00ed ot\u00e1\u010dky max. 5750 1\/min<br \/>\nV\u00fdstupn\u00ed rychlost max. 5750 1\/min<br \/>\nV\u00fdstupn\u00ed to\u010div\u00fd moment max. 32 Nm<br \/>\nZm\u011bny a chyby v technick\u00fdch \u00fadaj\u00edch a informac\u00edch, stejn\u011b jako p\u0159edchoz\u00ed prodej, vyhrazeny!<\/p>","protected":false},"excerpt":{"rendered":"<p>Standort: Deutschland, Baden-W\u00fcrttemberg S\u00fcdwest Zustand: Neuwertig Hersteller: STAR Micronics 2-fach Spindel-Querbohr-\/Fr\u00e4sapparat ER16 zu Hauptspindel und Gegenspindel 421-51-00 Passend f\u00fcr folgende STAR-Maschinentypen: ST-20-32-38 SV-12-20-32 \/ ECAS \u00dcbersetzung 1:1 Eingangsdrehzahl max. 5750 1\/min Ausgangsdrehzahl max. 5750 1\/min Ausgangsdrehmoment max. 32 Nm Aenderungen und Irrtuemer in den technischen Daten und Angaben sowie Zwischenverkauf vorbehalten! 2-fold spindle cross drilling\/milling [&hellip;]<\/p>\n","protected":false},"featured_media":2835,"comment_status":"open","ping_status":"closed","template":"","meta":{"_uf_show_specific_survey":0,"_uf_disable_surveys":false},"product_brand":[],"product_cat":[20],"product_tag":[],"class_list":{"0":"post-2837","1":"product","2":"type-product","3":"status-publish","4":"has-post-thumbnail","6":"product_cat-werkzeughalter","8":"first","9":"instock","10":"taxable","11":"shipping-taxable","12":"product-type-simple"},"aioseo_notices":[],"_links":{"self":[{"href":"https:\/\/mueller-wrh.de\/cs\/wp-json\/wp\/v2\/product\/2837","targetHints":{"allow":["GET"]}}],"collection":[{"href":"https:\/\/mueller-wrh.de\/cs\/wp-json\/wp\/v2\/product"}],"about":[{"href":"https:\/\/mueller-wrh.de\/cs\/wp-json\/wp\/v2\/types\/product"}],"replies":[{"embeddable":true,"href":"https:\/\/mueller-wrh.de\/cs\/wp-json\/wp\/v2\/comments?post=2837"}],"wp:featuredmedia":[{"embeddable":true,"href":"https:\/\/mueller-wrh.de\/cs\/wp-json\/wp\/v2\/media\/2835"}],"wp:attachment":[{"href":"https:\/\/mueller-wrh.de\/cs\/wp-json\/wp\/v2\/media?parent=2837"}],"wp:term":[{"taxonomy":"product_brand","embeddable":true,"href":"https:\/\/mueller-wrh.de\/cs\/wp-json\/wp\/v2\/product_brand?post=2837"},{"taxonomy":"product_cat","embeddable":true,"href":"https:\/\/mueller-wrh.de\/cs\/wp-json\/wp\/v2\/product_cat?post=2837"},{"taxonomy":"product_tag","embeddable":true,"href":"https:\/\/mueller-wrh.de\/cs\/wp-json\/wp\/v2\/product_tag?post=2837"}],"curies":[{"name":"wp","href":"https:\/\/api.w.org\/{rel}","templated":true}]}}