{"id":2834,"date":"2025-03-13T16:27:40","date_gmt":"2025-03-13T16:27:40","guid":{"rendered":"https:\/\/mueller-wrh.de\/produkt\/gebr-werkzeughalter-star-421-59-00-intnr231134\/"},"modified":"2025-03-13T16:27:40","modified_gmt":"2025-03-13T16:27:40","slug":"gebr-werkzeughalter-star-421-59-00-intnr231134","status":"publish","type":"product","link":"https:\/\/mueller-wrh.de\/cs\/produkt\/gebr-werkzeughalter-star-421-59-00-intnr231134\/","title":{"rendered":"zna\u010dkov\u00fd dr\u017e\u00e1k n\u00e1\u0159ad\u00ed STAR 421-59-00 (IntNo231134)"},"content":{"rendered":"<p><b>Um\u00edst\u011bn\u00ed:<\/b> N\u011bmecko, B\u00e1densko-W\u00fcrttembersko Jihoz\u00e1padn\u00ed N\u011bmecko<\/p>\n<p><b>Stav:<\/b> Jako nov\u00fd<\/p>\n<p><b>V\u00fdrobce:<\/b> STAR Micronics<\/p>\n<p>Dvouv\u0159etenov\u00e1 dvojit\u00e1 \u010deln\u00ed vrtac\u00ed\/fr\u00e9zovac\u00ed jednotka ER11 pro p\u0159edn\u00ed a zadn\u00ed vrt\u00e1n\u00ed<br \/>\nObr\u00e1b\u011bn\u00ed na zadn\u00ed stran\u011b<br \/>\npro hlavn\u00ed v\u0159eteno a protiv\u0159eteno<br \/>\n421-59-00 &amp; 451-59-00<br \/>\nVhodn\u00e9 pro n\u00e1sleduj\u00edc\u00ed typy stroj\u016f STAR:<br \/>\nST-20-32-38 SV-12-20-32 \/ ECAS<br \/>\nP\u0159eklad 1:1<br \/>\nVstupn\u00ed rychlost max. 6000 1\/min<br \/>\nV\u00fdstupn\u00ed rychlost max. 6000 1\/min<br \/>\nV\u00fdstupn\u00ed to\u010div\u00fd moment max. 32 Nm<br \/>\nZm\u011bny a chyby v technick\u00fdch \u00fadaj\u00edch a informac\u00edch, jako\u017e i p\u0159edchoz\u00ed prodej vyhrazeny!<\/p>\n<p>Dvouv\u0159etenov\u00e1 dvojit\u00e1 p\u0159edn\u00ed vrtac\u00ed\/fr\u00e9zovac\u00ed jednotka ER11 pro p\u0159edn\u00ed a zadn\u00ed obr\u00e1b\u011bn\u00ed<br \/>\nzp\u011btn\u00e9 obr\u00e1b\u011bn\u00ed<br \/>\npro hlavn\u00ed v\u0159eteno a protiv\u0159eteno<br \/>\n421-59-00 &amp; 451-59-00<br \/>\nVhodn\u00e9 pro n\u00e1sleduj\u00edc\u00ed typy stroj\u016f STAR:<br \/>\nST-20-32-38 SV-12-20-32 \/ ECAS<br \/>\nP\u0159evodov\u00fd pom\u011br 1:1<br \/>\nVstupn\u00ed ot\u00e1\u010dky max. 6000 1\/min<br \/>\nV\u00fdstupn\u00ed rychlost max. 6000 1\/min<br \/>\nV\u00fdstupn\u00ed to\u010div\u00fd moment max. 32 Nm<br \/>\nZm\u011bny a chyby v technick\u00fdch \u00fadaj\u00edch a informac\u00edch, stejn\u011b jako p\u0159edchoz\u00ed prodej, vyhrazeny!<\/p>","protected":false},"excerpt":{"rendered":"<p>Standort: Deutschland, Baden-W\u00fcrttemberg S\u00fcdwest Zustand: Neuwertig Hersteller: STAR Micronics 2-Spindel-Doppelfrontalbohr-\/Fr\u00e4sapparat ER11 f\u00fcr Front- und R\u00fcckseitenbearbeitung zu Hauptspindel und Gegenspindel 421-59-00 &amp; 451-59-00 Passend f\u00fcr folgende STAR-Maschinentypen: ST-20-32-38 SV-12-20-32 \/ ECAS \u00dcbersetzung 1:1 Eingangsdrehzahl max. 6000 1\/min Ausgangsdrehzahl max. 6000 1\/min Ausgangsdrehmoment max. 32 Nm Aenderungen und Irrtuemer in den technischen Daten und Angaben sowie Zwischenverkauf [&hellip;]<\/p>\n","protected":false},"featured_media":2831,"comment_status":"open","ping_status":"closed","template":"","meta":{"_uf_show_specific_survey":0,"_uf_disable_surveys":false},"product_brand":[],"product_cat":[20],"product_tag":[],"class_list":{"0":"post-2834","1":"product","2":"type-product","3":"status-publish","4":"has-post-thumbnail","6":"product_cat-werkzeughalter","8":"first","9":"instock","10":"taxable","11":"shipping-taxable","12":"product-type-simple"},"aioseo_notices":[],"_links":{"self":[{"href":"https:\/\/mueller-wrh.de\/cs\/wp-json\/wp\/v2\/product\/2834","targetHints":{"allow":["GET"]}}],"collection":[{"href":"https:\/\/mueller-wrh.de\/cs\/wp-json\/wp\/v2\/product"}],"about":[{"href":"https:\/\/mueller-wrh.de\/cs\/wp-json\/wp\/v2\/types\/product"}],"replies":[{"embeddable":true,"href":"https:\/\/mueller-wrh.de\/cs\/wp-json\/wp\/v2\/comments?post=2834"}],"wp:featuredmedia":[{"embeddable":true,"href":"https:\/\/mueller-wrh.de\/cs\/wp-json\/wp\/v2\/media\/2831"}],"wp:attachment":[{"href":"https:\/\/mueller-wrh.de\/cs\/wp-json\/wp\/v2\/media?parent=2834"}],"wp:term":[{"taxonomy":"product_brand","embeddable":true,"href":"https:\/\/mueller-wrh.de\/cs\/wp-json\/wp\/v2\/product_brand?post=2834"},{"taxonomy":"product_cat","embeddable":true,"href":"https:\/\/mueller-wrh.de\/cs\/wp-json\/wp\/v2\/product_cat?post=2834"},{"taxonomy":"product_tag","embeddable":true,"href":"https:\/\/mueller-wrh.de\/cs\/wp-json\/wp\/v2\/product_tag?post=2834"}],"curies":[{"name":"wp","href":"https:\/\/api.w.org\/{rel}","templated":true}]}}