{"id":2781,"date":"2025-03-13T16:25:13","date_gmt":"2025-03-13T16:25:13","guid":{"rendered":"https:\/\/mueller-wrh.de\/produkt\/gebr-werkzeughalter-star-3-fach-stahlhalter-12x12mm_rueckseite-intnr231129\/"},"modified":"2025-03-13T16:25:13","modified_gmt":"2025-03-13T16:25:13","slug":"gebr-werkzeughalter-star-3-fach-stahlhalter-12x12mm_rueckseite-intnr231129","status":"publish","type":"product","link":"https:\/\/mueller-wrh.de\/cs\/produkt\/gebr-werkzeughalter-star-3-fach-stahlhalter-12x12mm_rueckseite-intnr231129\/","title":{"rendered":"Pou\u017eit\u00e9 dr\u017e\u00e1ky n\u00e1stroj\u016f STAR 3n\u00e1sobn\u00fd ocelov\u00fd dr\u017e\u00e1k 12x12mm_zp\u011bt (IntNo231129)"},"content":{"rendered":"<p><b>Um\u00edst\u011bn\u00ed:<\/b> N\u011bmecko, B\u00e1densko-W\u00fcrttembersko Jihoz\u00e1padn\u00ed N\u011bmecko<\/p>\n<p><b>Stav:<\/b> Jako nov\u00fd<\/p>\n<p><b>V\u00fdrobce:<\/b> STAR Micronics<\/p>\n<p>3-n\u00e1sobn\u00fd ocelov\u00fd dr\u017e\u00e1k 12 x 12 mm_zadn\u00ed revolver k protiv\u0159etenu<br \/>\nVhodn\u00e9 pro n\u00e1sleduj\u00edc\u00ed typy stroj\u016f STAR:<br \/>\nST-20- SV-12-20-32 \/ ECAS<br \/>\nZm\u011bny a chyby v technick\u00fdch \u00fadaj\u00edch a informac\u00edch, jako\u017e i p\u0159edchoz\u00ed prodej vyhrazeny!<\/p>\n<p>3-n\u00e1sobn\u00fd ocelov\u00fd dr\u017e\u00e1k 12 x 12 mm_zadn\u00ed revolver k protiv\u0159etenu<br \/>\nVhodn\u00e9 pro n\u00e1sleduj\u00edc\u00ed typy stroj\u016f STAR:<br \/>\nST-20- SV-12-20-32 \/ ECAS<br \/>\nZm\u011bny a chyby v technick\u00fdch \u00fadaj\u00edch a informac\u00edch, stejn\u011b jako p\u0159edchoz\u00ed prodej, vyhrazeny!<\/p>","protected":false},"excerpt":{"rendered":"<p>Standort: Deutschland, Baden-W\u00fcrttemberg S\u00fcdwest Zustand: Neuwertig Hersteller: STAR Micronics 3 fach Stahlhalter 12 x 12 mm_Revolver R\u00fcckseite zu Gegenspindel Passend f\u00fcr folgende STAR-Maschinentypen: ST-20- SV-12-20-32 \/ ECAS Aenderungen und Irrtuemer in den technischen Daten und Angaben sowie Zwischenverkauf vorbehalten! 3-fold steel holder 12 x 12 mm_rear turret to counter spindle Suitable for the following STAR [&hellip;]<\/p>\n","protected":false},"featured_media":2779,"comment_status":"open","ping_status":"closed","template":"","meta":{"_uf_show_specific_survey":0,"_uf_disable_surveys":false},"product_brand":[],"product_cat":[20],"product_tag":[],"class_list":{"0":"post-2781","1":"product","2":"type-product","3":"status-publish","4":"has-post-thumbnail","6":"product_cat-werkzeughalter","8":"first","9":"instock","10":"taxable","11":"shipping-taxable","12":"product-type-simple"},"aioseo_notices":[],"_links":{"self":[{"href":"https:\/\/mueller-wrh.de\/cs\/wp-json\/wp\/v2\/product\/2781","targetHints":{"allow":["GET"]}}],"collection":[{"href":"https:\/\/mueller-wrh.de\/cs\/wp-json\/wp\/v2\/product"}],"about":[{"href":"https:\/\/mueller-wrh.de\/cs\/wp-json\/wp\/v2\/types\/product"}],"replies":[{"embeddable":true,"href":"https:\/\/mueller-wrh.de\/cs\/wp-json\/wp\/v2\/comments?post=2781"}],"wp:featuredmedia":[{"embeddable":true,"href":"https:\/\/mueller-wrh.de\/cs\/wp-json\/wp\/v2\/media\/2779"}],"wp:attachment":[{"href":"https:\/\/mueller-wrh.de\/cs\/wp-json\/wp\/v2\/media?parent=2781"}],"wp:term":[{"taxonomy":"product_brand","embeddable":true,"href":"https:\/\/mueller-wrh.de\/cs\/wp-json\/wp\/v2\/product_brand?post=2781"},{"taxonomy":"product_cat","embeddable":true,"href":"https:\/\/mueller-wrh.de\/cs\/wp-json\/wp\/v2\/product_cat?post=2781"},{"taxonomy":"product_tag","embeddable":true,"href":"https:\/\/mueller-wrh.de\/cs\/wp-json\/wp\/v2\/product_tag?post=2781"}],"curies":[{"name":"wp","href":"https:\/\/api.w.org\/{rel}","templated":true}]}}