{"id":2741,"date":"2025-03-13T16:17:32","date_gmt":"2025-03-13T16:17:32","guid":{"rendered":"https:\/\/mueller-wrh.de\/produkt\/gebr-tsugami-hs2075ax-bj-2012-intnr230381\/"},"modified":"2025-07-14T09:54:40","modified_gmt":"2025-07-14T09:54:40","slug":"gebr-tsugami-hs2075ax-bj-2012-intnr230381","status":"publish","type":"product","link":"https:\/\/mueller-wrh.de\/cs\/produkt\/gebr-tsugami-hs2075ax-bj-2012-intnr230381\/","title":{"rendered":"zna\u010dkov\u00fd Tsugami HS2075AX, rok 2012 (IntNo230381)"},"content":{"rendered":"<p><b>Um\u00edst\u011bn\u00ed:<\/b> N\u011bmecko, B\u00e1densko-W\u00fcrttembersko Jihoz\u00e1padn\u00ed N\u011bmecko<\/p>\n<p><b>Stav:<\/b> Pou\u017eit\u00e9<\/p>\n<p><b>V\u00fdrobce:<\/b> TSUGAMI<\/p>\n<p><b>Model:<\/b> HS2075AX<\/p>\n<p><b>Rok v\u00fdstavby:<\/b> 2012<\/p>\n<p>CNC soustru\u017enicko-fr\u00e9zovac\u00ed centrum s posuvn\u00fdm v\u0159eten\u00edkem a osou B<br \/>\nProvozn\u00ed hodiny: 7200<br \/>\n\u0158\u00eddic\u00ed syst\u00e9m: Fanuc 31i-A<br \/>\nD\u00e9lka obr\u00e1b\u011bn\u00ed: max. 250 mm<br \/>\nPo\u010det ovl\u00e1dan\u00fdch os: 7 os a max. 5 os sou\u010dasn\u011b<br \/>\nOsa B: 0\u00b0-130\u00b0 voln\u011b programovateln\u00e1<br \/>\nPr\u016fchod ty\u010d\u00ed: \u00d8 3 mm a\u017e max. 20 mm<br \/>\nV\u00fdkon pohonu hlavn\u00edho v\u0159etena: 3,7 kW<br \/>\nV\u00fdkon pohonu protiv\u0159etena: 2,2 kW<br \/>\nOt\u00e1\u010dky hlavn\u00edho v\u0159etena: 10 000 ot\u00e1\u010dek za minutu<br \/>\nOt\u00e1\u010dky protiv\u0159etena: 10 000 ot\u00e1\u010dek za minutu<br \/>\nOsa C: Hlavn\u00ed a protiv\u0159eteno<br \/>\nPo\u010det line\u00e1rn\u00edch podp\u011br: 2 kusy<br \/>\nCelkov\u00fd po\u010det n\u00e1stroj\u016f: 35 kus\u016f<br \/>\nRozm\u011bry (Dx\u0160xV) v mm: 2 110 \u00d7 1 200 \u00d7 1 885<br \/>\nHmotnost: 3 300 kg<br \/>\nP\u0159evod z dlouh\u00e9ho na kr\u00e1tk\u00e9 soustru\u017een\u00ed<br \/>\nStanice pro hlubinn\u00e9 vrt\u00e1n\u00ed<br \/>\nVysokorychlostn\u00ed v\u0159eteno NAKANISHI<br \/>\nZadn\u00ed skluzavka s osou Y<br \/>\nK\u0159\u00ed\u017eov\u00e9 vrt\u00e1n\u00ed zadn\u00ed strany<br \/>\nDopravn\u00edk t\u0159\u00edsek<br \/>\nHasic\u00ed syst\u00e9m<br \/>\nTy\u010dov\u00fd naklada\u010d FMB Minimag 20, rok 2012<\/p>\n<p>Po p\u0159edchoz\u00ed domluv\u011b lze stroj prohl\u00e9dnout pod proudem.<br \/>\nZm\u011bny a chyby v technick\u00fdch \u00fadaj\u00edch a informac\u00edch, stejn\u011b jako p\u0159edchoz\u00ed prodej, vyhrazeny!<\/p>\n<p>pou\u017eit\u00e9 CNC soustru\u017enicko-fr\u00e9zovac\u00ed centrum \u0161v\u00fdcarsk\u00e9ho typu s osou B<br \/>\nprovozn\u00ed hodiny: 7200<br \/>\novl\u00e1d\u00e1n\u00ed: Fanuc 31i-A<br \/>\nd\u00e9lka obr\u00e1b\u011bn\u00ed: max. 250 mm<br \/>\nPo\u010det \u0159\u00edzen\u00fdch os: 7 os a max. 5 os sou\u010dasn\u011b<br \/>\nOsa B: 0\u00b0-130\u00b0 voln\u011b programovateln\u00e1<br \/>\nKapacita ty\u010d\u00ed: \u00d8 3 mm a\u017e max. \u00d8 20 mm<br \/>\nv\u00fdkon pohonu hlavn\u00edho v\u0159etena: 3,7 kW<br \/>\nv\u00fdkon pohonu protiv\u0159etena: 2,2 kW<br \/>\not\u00e1\u010dky hlavn\u00edho v\u0159etena: 10 000 ot\u00e1\u010dek za minutu<br \/>\not\u00e1\u010dky protiv\u0159etena: 10 000 ot\u00e1\u010dek za minutu<br \/>\nOsa C: hlavn\u00ed a protiv\u0159eteno<br \/>\npo\u010det line\u00e1rn\u00edch nosi\u010d\u016f: 2 kusy<br \/>\nCelkov\u00fd po\u010det n\u00e1stroj\u016f: 35 kus\u016f<br \/>\nRozm\u011bry (Dx\u0160xV) v mm: 2 110 \u00d7 1 200 \u00d7 1 885<br \/>\nhmotnost: 3 300 kg<br \/>\nP\u0159evod z dlouh\u00e9ho na kr\u00e1tk\u00e9 soustru\u017een\u00ed<br \/>\nStanice pro hlubok\u00e9 vrty<br \/>\nVysokorychlostn\u00ed v\u0159eteno NAKANISHI<br \/>\nZadn\u00ed skl\u00ed\u010dko s osou Y<br \/>\nK\u0159\u00ed\u017eov\u00e9 vrt\u00e1n\u00ed zadn\u00ed strany<br \/>\nDopravn\u00edk t\u0159\u00edsek<br \/>\nHasic\u00ed syst\u00e9m<br \/>\nTy\u010dov\u00fd podava\u010d FMB Minimag 20, rok 2012<\/p>\n<p>Stroj lze po domluv\u011b prohl\u00e9dnout pod proudem.<br \/>\nZm\u011bny a chyby v technick\u00fdch \u00fadaj\u00edch a informac\u00edch a podl\u00e9haj\u00ed p\u0159edchoz\u00edmu prodeji!<\/p>","protected":false},"excerpt":{"rendered":"<p>Standort: Deutschland, Baden-W\u00fcrttemberg S\u00fcdwest Zustand: Gebraucht Hersteller: TSUGAMI Modell: HS2075AX Baujahr: 2012 gebr. CNC-Lang-Kurzdreh\/Fr\u00e4szentrum mit B-Achse Betriebsstunden: 7200 Steuerung: Fanuc 31i-A Bearbeitungsl\u00e4nge: max. 250 mm Anzahl gesteuerter Achsen: 7 Achsen und max. 5-Achsen simultan B-Achse: 0\u00b0-130\u00b0 frei programmierbar Stangendurchlass: \u00d8 3 mm bis max. \u00d8 20 mm Antriebsleistung Hauptspindel: 3,7 kW Antriebsleistung Gegenspindel: 2,2 kW [&hellip;]<\/p>\n","protected":false},"featured_media":2732,"comment_status":"open","ping_status":"closed","template":"","meta":{"_uf_show_specific_survey":0,"_uf_disable_surveys":false},"product_brand":[],"product_cat":[23],"product_tag":[],"class_list":{"0":"post-2741","1":"product","2":"type-product","3":"status-publish","4":"has-post-thumbnail","6":"product_cat-cnc-langdrehmaschinen","8":"first","9":"instock","10":"taxable","11":"shipping-taxable","12":"product-type-simple"},"aioseo_notices":[],"_links":{"self":[{"href":"https:\/\/mueller-wrh.de\/cs\/wp-json\/wp\/v2\/product\/2741","targetHints":{"allow":["GET"]}}],"collection":[{"href":"https:\/\/mueller-wrh.de\/cs\/wp-json\/wp\/v2\/product"}],"about":[{"href":"https:\/\/mueller-wrh.de\/cs\/wp-json\/wp\/v2\/types\/product"}],"replies":[{"embeddable":true,"href":"https:\/\/mueller-wrh.de\/cs\/wp-json\/wp\/v2\/comments?post=2741"}],"wp:featuredmedia":[{"embeddable":true,"href":"https:\/\/mueller-wrh.de\/cs\/wp-json\/wp\/v2\/media\/2732"}],"wp:attachment":[{"href":"https:\/\/mueller-wrh.de\/cs\/wp-json\/wp\/v2\/media?parent=2741"}],"wp:term":[{"taxonomy":"product_brand","embeddable":true,"href":"https:\/\/mueller-wrh.de\/cs\/wp-json\/wp\/v2\/product_brand?post=2741"},{"taxonomy":"product_cat","embeddable":true,"href":"https:\/\/mueller-wrh.de\/cs\/wp-json\/wp\/v2\/product_cat?post=2741"},{"taxonomy":"product_tag","embeddable":true,"href":"https:\/\/mueller-wrh.de\/cs\/wp-json\/wp\/v2\/product_tag?post=2741"}],"curies":[{"name":"wp","href":"https:\/\/api.w.org\/{rel}","templated":true}]}}