{"id":2731,"date":"2025-03-13T16:17:17","date_gmt":"2025-03-13T16:17:17","guid":{"rendered":"https:\/\/mueller-wrh.de\/produkt\/gebr-citizen-l520-vii-mit-iemca-baujahr-2003-intnr230445\/"},"modified":"2025-03-13T16:17:17","modified_gmt":"2025-03-13T16:17:17","slug":"gebr-citizen-l520-vii-mit-iemca-baujahr-2003-intnr230445","status":"publish","type":"product","link":"https:\/\/mueller-wrh.de\/cs\/produkt\/gebr-citizen-l520-vii-mit-iemca-baujahr-2003-intnr230445\/","title":{"rendered":"Citizen L520-VII s IEMCA rok v\u00fdroby 2003 (IntNr230445)"},"content":{"rendered":"<p><b>Um\u00edst\u011bn\u00ed:<\/b> N\u011bmecko, B\u00e1densko-W\u00fcrttembersko Jihoz\u00e1padn\u00ed N\u011bmecko<\/p>\n<p><b>Stav:<\/b> Pou\u017eit\u00e9<\/p>\n<p><b>V\u00fdrobce:<\/b> Ob\u010dansk\u00e9 strojn\u00ed za\u0159\u00edzen\u00ed<\/p>\n<p><b>Rok v\u00fdstavby:<\/b> 2003<\/p>\n<p>pou\u017eit\u00fd CNC soustruh s posuvnou hlavou Citizen L520-VII, rok 2003<br \/>\n\u0158\u00eddic\u00ed syst\u00e9m, Cincom Mitsubishi Meldas,<br \/>\n7 os (X1\/Z1\/Y1\/C1\/X2\/Z2\/C2,<br \/>\n\u00d8 ty\u010de max. 20 mm,<br \/>\nD\u00e9lka soustru\u017een\u00ed max. 205 mm,<br \/>\nHlavn\u00ed v\u0159eteno, max. ot\u00e1\u010dky 10 000 ot\/min, osa C 0,001 stupn\u011b,<br \/>\nProtiv\u0159eteno, max. ot\u00e1\u010dky 10 000 ot\/min, osa C 0,001 stupn\u011b,<br \/>\nDr\u017e\u00e1k n\u00e1stroj\u016f pro celkem 18 n\u00e1stroj\u016f (line\u00e1rn\u00ed dr\u017e\u00e1k n\u00e1stroj\u016f, p\u0159edn\u00ed n\u00e1stavec, zadn\u00ed obr\u00e1b\u011bn\u00ed),<br \/>\nP\u00e1sov\u00fd dopravn\u00edk d\u00edl\u016f,<br \/>\nHasic\u00ed syst\u00e9m<br \/>\nDopravn\u00edk \u010dip\u016f,<br \/>\nNa\u010d\u00edt\u00e1n\u00ed z\u00e1sobn\u00edku IEMCA BOSS 432r<\/p>\n<p>Stroj lze po domluv\u011b prohl\u00e9dnout pod proudem.<br \/>\nZm\u011bny a chyby v technick\u00fdch \u00fadaj\u00edch a informac\u00edch, jako\u017e i p\u0159edchoz\u00ed prodej vyhrazeny!<\/p>\n<p>pou\u017eit\u00fd CNC soustruh Citizen L520-VII, rok 2003<br \/>\novl\u00e1d\u00e1n\u00ed, Cincom Mitsubishi Meldas,<br \/>\n7 os (X1\/Z1\/Y1\/C1\/X2\/Z2\/C2,<br \/>\nbar-\u00d8 max. 20 mm,<br \/>\nd\u00e9lka ot\u00e1\u010den\u00ed max. 205 mm,<br \/>\nhlavn\u00ed v\u0159eteno, ot\u00e1\u010dky max. 10 000 ot\/min, osa C 0,001 st,<br \/>\nprotiv\u0159eteno, ot\u00e1\u010dky max. 10 000 ot\/min, osa C 0,001 stupn\u011b,<br \/>\nDr\u017e\u00e1k n\u00e1stroj\u016f f. celkem 18 n\u00e1stroj\u016f (line\u00e1rn\u00ed dr\u017e\u00e1k n\u00e1stroj\u016f, p\u0159edn\u00ed n\u00e1stavec, zp\u011btn\u00fd chod),<br \/>\np\u00e1sov\u00fd dopravn\u00edk d\u00edl\u016f,<br \/>\nhasic\u00ed syst\u00e9m<br \/>\ndopravn\u00edk t\u0159\u00edsek,<br \/>\nz\u00e1sobn\u00edk IEMCA BOSS 432r<\/p>\n<p>Po p\u0159edchoz\u00ed domluv\u011b je mo\u017en\u00e9 stroj prohl\u00e9dnout pod proudem.<br \/>\nZm\u011bny a chyby v technick\u00fdch \u00fadaj\u00edch a informac\u00edch, stejn\u011b jako p\u0159edchoz\u00ed prodej, vyhrazeny!<\/p>","protected":false},"excerpt":{"rendered":"<p>Standort: Deutschland, Baden-W\u00fcrttemberg S\u00fcdwest Zustand: Gebraucht Hersteller: Citizen Machinery Baujahr: 2003 gebr. CNC-Langdrehmaschine Citizen L520-VII, Bj. 2003 Steuerung, Cincom Mitsubishi Meldas, 7 Achsen (X1\/Z1\/Y1\/C1\/X2\/Z2\/C2, Stangen-\u00d8 max. 20 mm, Drehl\u00e4nge max. 205 mm, Hauptspindel, Drehzahl max. 10.000 U\/min, C-Achse 0,001 Grad, Gegenspindel, Drehzahl max. 10.000 U\/min, C-Achse 0,001 Grad, Werkzeughalter f. insgesamt 18 Werkzeuge (Linearwerkzeughalter, Frontapparat, [&hellip;]<\/p>\n","protected":false},"featured_media":2722,"comment_status":"open","ping_status":"closed","template":"","meta":{"_uf_show_specific_survey":0,"_uf_disable_surveys":false},"product_brand":[],"product_cat":[23],"product_tag":[],"class_list":{"0":"post-2731","1":"product","2":"type-product","3":"status-publish","4":"has-post-thumbnail","6":"product_cat-cnc-langdrehmaschinen","8":"first","9":"instock","10":"taxable","11":"shipping-taxable","12":"product-type-simple"},"aioseo_notices":[],"_links":{"self":[{"href":"https:\/\/mueller-wrh.de\/cs\/wp-json\/wp\/v2\/product\/2731","targetHints":{"allow":["GET"]}}],"collection":[{"href":"https:\/\/mueller-wrh.de\/cs\/wp-json\/wp\/v2\/product"}],"about":[{"href":"https:\/\/mueller-wrh.de\/cs\/wp-json\/wp\/v2\/types\/product"}],"replies":[{"embeddable":true,"href":"https:\/\/mueller-wrh.de\/cs\/wp-json\/wp\/v2\/comments?post=2731"}],"wp:featuredmedia":[{"embeddable":true,"href":"https:\/\/mueller-wrh.de\/cs\/wp-json\/wp\/v2\/media\/2722"}],"wp:attachment":[{"href":"https:\/\/mueller-wrh.de\/cs\/wp-json\/wp\/v2\/media?parent=2731"}],"wp:term":[{"taxonomy":"product_brand","embeddable":true,"href":"https:\/\/mueller-wrh.de\/cs\/wp-json\/wp\/v2\/product_brand?post=2731"},{"taxonomy":"product_cat","embeddable":true,"href":"https:\/\/mueller-wrh.de\/cs\/wp-json\/wp\/v2\/product_cat?post=2731"},{"taxonomy":"product_tag","embeddable":true,"href":"https:\/\/mueller-wrh.de\/cs\/wp-json\/wp\/v2\/product_tag?post=2731"}],"curies":[{"name":"wp","href":"https:\/\/api.w.org\/{rel}","templated":true}]}}