{"id":2670,"date":"2025-03-13T16:14:52","date_gmt":"2025-03-13T16:14:52","guid":{"rendered":"https:\/\/mueller-wrh.de\/produkt\/fanuc-sv_motor_alpha-_5000_-a06b-0213-b1000100intnr230969\/"},"modified":"2025-03-13T16:14:52","modified_gmt":"2025-03-13T16:14:52","slug":"fanuc-sv_motor_alpha-_5000_-a06b-0213-b1000100intnr230969","status":"publish","type":"product","link":"https:\/\/mueller-wrh.de\/cs\/produkt\/fanuc-sv_motor_alpha-_5000_-a06b-0213-b1000100intnr230969\/","title":{"rendered":"Fanuc SV_Motor_ALPHA _5000_ A06B-0213-B100#0100(IntNr230969)"},"content":{"rendered":"<p><b>Um\u00edst\u011bn\u00ed:<\/b> N\u011bmecko, B\u00e1densko-W\u00fcrttembersko Jihoz\u00e1padn\u00ed N\u011bmecko<\/p>\n<p><b>Stav:<\/b> Jako nov\u00fd<\/p>\n<p><b>V\u00fdrobce:<\/b> FANUC<\/p>\n<p><b>Model:<\/b> Motor SV<\/p>\n<p><b>Provozn\u00ed doba:<\/b> 0<\/p>\n<p>Fanuc SV_Motor_A06B-0213-B100#0100<br \/>\nV\u00fdrobce:<br \/>\nFanuc<br \/>\nModel:<br \/>\nA06B-0213-B100#0100<br \/>\n\u00d8 hnac\u00ed h\u0159\u00eddele: 10 mm, rozte\u010d mont\u00e1\u017en\u00edch otvor\u016f: 70x70 mm<br \/>\nStav:<br \/>\nNov\u00e9 \/ repasovan\u00e9<br \/>\nV\u00fdrobek se m\u016f\u017ee li\u0161it od obr\u00e1zku<\/p>\n<p>Fanuc SV_Motor_A06B-0213-B100#0100<br \/>\nV\u00fdrobce:<br \/>\nFanuc<br \/>\nModel:<br \/>\nA06B-0213-B100#0100<br \/>\n\u00d8 hnac\u00ed h\u0159\u00eddele: 10 mm, rozte\u010d mont\u00e1\u017en\u00edch otvor\u016f: 70x70 mm<br \/>\nStav:<br \/>\nNov\u00e9 \/ repasovan\u00e9<br \/>\nV\u00fdrobek se m\u016f\u017ee li\u0161it od obr\u00e1zku<\/p>","protected":false},"excerpt":{"rendered":"<p>Standort: Deutschland, Baden-W\u00fcrttemberg S\u00fcdwest Zustand: Neuwertig Hersteller: FANUC Modell: SV-Motor Betriebsstunden: 0 Fanuc SV_Motor_A06B-0213-B100#0100 Hersteller: Fanuc Modell: A06B-0213-B100#0100 \u00d8 Antriebswelle: 10mm, Lochabstand der Befestigungsbohrungen: 70x70mm Zustand: Neu \/ Generalueberholt Das Produkt kann von Abbildung abweichen Fanuc SV_Motor_A06B-0213-B100#0100 Manufacturer: Fanuc Model: A06B-0213-B100#0100 \u00d8 drive shaft: 10mm, hole spacing of the mounting holes: 70x70mm Condition: New \/ [&hellip;]<\/p>\n","protected":false},"featured_media":2665,"comment_status":"open","ping_status":"closed","template":"","meta":{"_uf_show_specific_survey":0,"_uf_disable_surveys":false},"product_brand":[],"product_cat":[87],"product_tag":[],"class_list":{"0":"post-2670","1":"product","2":"type-product","3":"status-publish","4":"has-post-thumbnail","6":"product_cat-servomotoren","8":"first","9":"instock","10":"taxable","11":"shipping-taxable","12":"product-type-simple"},"aioseo_notices":[],"_links":{"self":[{"href":"https:\/\/mueller-wrh.de\/cs\/wp-json\/wp\/v2\/product\/2670","targetHints":{"allow":["GET"]}}],"collection":[{"href":"https:\/\/mueller-wrh.de\/cs\/wp-json\/wp\/v2\/product"}],"about":[{"href":"https:\/\/mueller-wrh.de\/cs\/wp-json\/wp\/v2\/types\/product"}],"replies":[{"embeddable":true,"href":"https:\/\/mueller-wrh.de\/cs\/wp-json\/wp\/v2\/comments?post=2670"}],"wp:featuredmedia":[{"embeddable":true,"href":"https:\/\/mueller-wrh.de\/cs\/wp-json\/wp\/v2\/media\/2665"}],"wp:attachment":[{"href":"https:\/\/mueller-wrh.de\/cs\/wp-json\/wp\/v2\/media?parent=2670"}],"wp:term":[{"taxonomy":"product_brand","embeddable":true,"href":"https:\/\/mueller-wrh.de\/cs\/wp-json\/wp\/v2\/product_brand?post=2670"},{"taxonomy":"product_cat","embeddable":true,"href":"https:\/\/mueller-wrh.de\/cs\/wp-json\/wp\/v2\/product_cat?post=2670"},{"taxonomy":"product_tag","embeddable":true,"href":"https:\/\/mueller-wrh.de\/cs\/wp-json\/wp\/v2\/product_tag?post=2670"}],"curies":[{"name":"wp","href":"https:\/\/api.w.org\/{rel}","templated":true}]}}