{"id":2664,"date":"2025-03-13T16:14:38","date_gmt":"2025-03-13T16:14:38","guid":{"rendered":"https:\/\/mueller-wrh.de\/produkt\/fanuc-sv_motor_a06-0866-b380-2018-intnr230967\/"},"modified":"2025-03-13T16:14:38","modified_gmt":"2025-03-13T16:14:38","slug":"fanuc-sv_motor_a06-0866-b380-2018-intnr230967","status":"publish","type":"product","link":"https:\/\/mueller-wrh.de\/cs\/produkt\/fanuc-sv_motor_a06-0866-b380-2018-intnr230967\/","title":{"rendered":"Fanuc SV_Motor_A06-0866-B380 2018 (IntNo230967)"},"content":{"rendered":"<p><b>Um\u00edst\u011bn\u00ed:<\/b> N\u011bmecko, B\u00e1densko-W\u00fcrttembersko Jihoz\u00e1padn\u00ed N\u011bmecko<\/p>\n<p><b>Stav:<\/b> Jako nov\u00fd<\/p>\n<p><b>V\u00fdrobce:<\/b> FANUC<\/p>\n<p><b>Model:<\/b> Motor SV<\/p>\n<p><b>Rok v\u00fdstavby:<\/b> 2018<\/p>\n<p><b>Provozn\u00ed doba:<\/b> 0<\/p>\n<p>Fanuc SV_Motor_A06B-0866-B380 St\u0159\u00eddav\u00fd v\u0159etenov\u00fd motor<br \/>\nV\u00fdrobce:<br \/>\nFanuc<br \/>\nModel:<br \/>\nA06B-0866-B380 Servomotor<br \/>\nStav:<br \/>\nNov\u00e9 \/ repasovan\u00e9<br \/>\nV\u00fdrobek se m\u016f\u017ee li\u0161it od obr\u00e1zku<\/p>\n<p>Fanuc SV_Motor_A06B-0866-B380 st\u0159\u00eddav\u00fd v\u0159etenov\u00fd motor<br \/>\nV\u00fdrobce:<br \/>\nFanuc<br \/>\nModel:<br \/>\nA06B-0866-B380 Servomotor<br \/>\nStav:<br \/>\nNov\u00e9 \/ repasovan\u00e9<br \/>\nV\u00fdrobek se m\u016f\u017ee li\u0161it od obr\u00e1zku<\/p>","protected":false},"excerpt":{"rendered":"<p>Standort: Deutschland, Baden-W\u00fcrttemberg S\u00fcdwest Zustand: Neuwertig Hersteller: FANUC Modell: SV-Motor Baujahr: 2018 Betriebsstunden: 0 Fanuc SV_Motor_A06B-0866-B380 AC Spindel Motor Hersteller: Fanuc Modell: A06B-0866-B380 Servo Motor Zustand: Neu \/ Generalueberholt Das Produkt kann von Abbildung abweichen Fanuc SV_Motor_A06B-0866-B380 AC Spindle Motor Manufacturer: Fanuc Model: A06B-0866-B380 Servo Motor Condition: New \/ Refurbished The product may differ from [&hellip;]<\/p>\n","protected":false},"featured_media":2661,"comment_status":"open","ping_status":"closed","template":"","meta":{"_uf_show_specific_survey":0,"_uf_disable_surveys":false},"product_brand":[],"product_cat":[87],"product_tag":[],"class_list":{"0":"post-2664","1":"product","2":"type-product","3":"status-publish","4":"has-post-thumbnail","6":"product_cat-servomotoren","8":"first","9":"instock","10":"taxable","11":"shipping-taxable","12":"product-type-simple"},"aioseo_notices":[],"_links":{"self":[{"href":"https:\/\/mueller-wrh.de\/cs\/wp-json\/wp\/v2\/product\/2664","targetHints":{"allow":["GET"]}}],"collection":[{"href":"https:\/\/mueller-wrh.de\/cs\/wp-json\/wp\/v2\/product"}],"about":[{"href":"https:\/\/mueller-wrh.de\/cs\/wp-json\/wp\/v2\/types\/product"}],"replies":[{"embeddable":true,"href":"https:\/\/mueller-wrh.de\/cs\/wp-json\/wp\/v2\/comments?post=2664"}],"wp:featuredmedia":[{"embeddable":true,"href":"https:\/\/mueller-wrh.de\/cs\/wp-json\/wp\/v2\/media\/2661"}],"wp:attachment":[{"href":"https:\/\/mueller-wrh.de\/cs\/wp-json\/wp\/v2\/media?parent=2664"}],"wp:term":[{"taxonomy":"product_brand","embeddable":true,"href":"https:\/\/mueller-wrh.de\/cs\/wp-json\/wp\/v2\/product_brand?post=2664"},{"taxonomy":"product_cat","embeddable":true,"href":"https:\/\/mueller-wrh.de\/cs\/wp-json\/wp\/v2\/product_cat?post=2664"},{"taxonomy":"product_tag","embeddable":true,"href":"https:\/\/mueller-wrh.de\/cs\/wp-json\/wp\/v2\/product_tag?post=2664"}],"curies":[{"name":"wp","href":"https:\/\/api.w.org\/{rel}","templated":true}]}}