{"id":2660,"date":"2025-03-13T16:14:29","date_gmt":"2025-03-13T16:14:29","guid":{"rendered":"https:\/\/mueller-wrh.de\/produkt\/werkzeughalter-agw_star-e_2-spindel-frontalbohr-fraesapparat-er16_541-51-00-intnr202101162\/"},"modified":"2025-03-13T16:14:29","modified_gmt":"2025-03-13T16:14:29","slug":"werkzeughalter-agw_star-e_2-spindel-frontalbohr-fraesapparat-er16_541-51-00-intnr202101162","status":"publish","type":"product","link":"https:\/\/mueller-wrh.de\/cs\/produkt\/werkzeughalter-agw_star-e_2-spindel-frontalbohr-fraesapparat-er16_541-51-00-intnr202101162\/","title":{"rendered":"Dr\u017e\u00e1k n\u00e1stroj\u016f AGW_Star (E)_2-v\u0159etenov\u00fd p\u0159edn\u00ed vrtac\u00ed\/fr\u00e9zovac\u00ed n\u00e1stavec ER16_541-51-00 (IntNo202101162)"},"content":{"rendered":"<p><b>Um\u00edst\u011bn\u00ed:<\/b> N\u011bmecko, B\u00e1densko-W\u00fcrttembersko Jihoz\u00e1padn\u00ed N\u011bmecko<\/p>\n<p><b>Stav:<\/b> Jako nov\u00fd<\/p>\n<p><b>V\u00fdrobce:<\/b> STAR Micronics<\/p>\n<p><b>Model:<\/b> ER16_541-51-00<\/p>\n<p><b>Rok v\u00fdstavby:<\/b> 2018<\/p>\n<p>Dr\u017e\u00e1k n\u00e1stroj\u016f Star 2-v\u0159etenov\u00e1 \u010deln\u00ed vrta\u010dka\/fr\u00e9zka ER16<br \/>\n541-51-00<br \/>\nVhodn\u00e9 pro typy hv\u011bzd:<br \/>\nStar SB-12\/20R; SB-16III; SD-26C\/E\/G\/S; SR-20J\/JN SR-20JII-A; SR-20JII-B<br \/>\nSR-20RII; SR-20RIII; SR-20RIV<br \/>\nRychlost max. 8000 1\/mm<br \/>\nmax. 13 Nm<br \/>\nP\u0159eklad 1:1<br \/>\nZm\u011bny a chyby v technick\u00fdch \u00fadaj\u00edch a informac\u00edch, jako\u017e i p\u0159edchoz\u00ed prodej vyhrazeny!<\/p>\n<p>Dr\u017e\u00e1k n\u00e1stroj\u016f Star 2-v\u0159etenov\u00fd p\u0159edn\u00ed vrtac\u00ed\/fr\u00e9zovac\u00ed n\u00e1stavec ER16<br \/>\n541-51-00<br \/>\nVhodn\u00e9 pro typy hv\u011bzd:<br \/>\nStar SB-12\/20R; SB-16III; SD-26C\/E\/G\/S; SR-20J\/JN SR-20JII-A; SR-20JII-B<br \/>\nSR-20RII; SR-20RIII; SR-20RIV<br \/>\nRychlost max. 8000 1\/mm<br \/>\nmax. 13 Nm<br \/>\nP\u0159evodov\u00fd pom\u011br 1:1<br \/>\nZm\u011bny a chyby v technick\u00fdch \u00fadaj\u00edch a informac\u00edch, jako\u017e i p\u0159edchoz\u00ed prodej vyhrazeny!<\/p>","protected":false},"excerpt":{"rendered":"<p>Standort: Deutschland, Baden-W\u00fcrttemberg S\u00fcdwest Zustand: Neuwertig Hersteller: STAR Micronics Modell: ER16_541-51-00 Baujahr: 2018 Werkzeughalter Star 2-Spindel-Frontalbohr-Fr\u00e4sapparat ER16 541-51-00 Passend f\u00fcr Star Typen: Star SB-12\/20R; SB-16III; SD-26C\/E\/G\/S; SR-20J\/JN SR-20JII-A; SR-20JII-B SR-20RII; SR-20RIII; SR-20RIV Drehzahl max. 8000 1\/mm max. 13 Nm Uebersetzung 1:1 Aenderungen und Irrtuemer in den technischen Daten und Angaben sowie Zwischenverkauf vorbehalten! Tool holder [&hellip;]<\/p>\n","protected":false},"featured_media":2656,"comment_status":"open","ping_status":"closed","template":"","meta":{"_uf_show_specific_survey":0,"_uf_disable_surveys":false},"product_brand":[],"product_cat":[20],"product_tag":[],"class_list":{"0":"post-2660","1":"product","2":"type-product","3":"status-publish","4":"has-post-thumbnail","6":"product_cat-werkzeughalter","8":"first","9":"instock","10":"taxable","11":"shipping-taxable","12":"product-type-simple"},"aioseo_notices":[],"_links":{"self":[{"href":"https:\/\/mueller-wrh.de\/cs\/wp-json\/wp\/v2\/product\/2660","targetHints":{"allow":["GET"]}}],"collection":[{"href":"https:\/\/mueller-wrh.de\/cs\/wp-json\/wp\/v2\/product"}],"about":[{"href":"https:\/\/mueller-wrh.de\/cs\/wp-json\/wp\/v2\/types\/product"}],"replies":[{"embeddable":true,"href":"https:\/\/mueller-wrh.de\/cs\/wp-json\/wp\/v2\/comments?post=2660"}],"wp:featuredmedia":[{"embeddable":true,"href":"https:\/\/mueller-wrh.de\/cs\/wp-json\/wp\/v2\/media\/2656"}],"wp:attachment":[{"href":"https:\/\/mueller-wrh.de\/cs\/wp-json\/wp\/v2\/media?parent=2660"}],"wp:term":[{"taxonomy":"product_brand","embeddable":true,"href":"https:\/\/mueller-wrh.de\/cs\/wp-json\/wp\/v2\/product_brand?post=2660"},{"taxonomy":"product_cat","embeddable":true,"href":"https:\/\/mueller-wrh.de\/cs\/wp-json\/wp\/v2\/product_cat?post=2660"},{"taxonomy":"product_tag","embeddable":true,"href":"https:\/\/mueller-wrh.de\/cs\/wp-json\/wp\/v2\/product_tag?post=2660"}],"curies":[{"name":"wp","href":"https:\/\/api.w.org\/{rel}","templated":true}]}}