{"id":2634,"date":"2025-03-13T16:13:18","date_gmt":"2025-03-13T16:13:18","guid":{"rendered":"https:\/\/mueller-wrh.de\/produkt\/werkzeughalter-agw_hanwha-xd32_38_6-07_28x28mm_d32mm-intnr202101161\/"},"modified":"2025-03-13T16:13:18","modified_gmt":"2025-03-13T16:13:18","slug":"werkzeughalter-agw_hanwha-xd32_38_6-07_28x28mm_d32mm-intnr202101161","status":"publish","type":"product","link":"https:\/\/mueller-wrh.de\/cs\/produkt\/werkzeughalter-agw_hanwha-xd32_38_6-07_28x28mm_d32mm-intnr202101161\/","title":{"rendered":"Dr\u017e\u00e1k n\u00e1stroj\u016f AGW_Hanwha XD32_38_6.07_28x28mm_D32mm (IntNo202101161)"},"content":{"rendered":"<p><b>Um\u00edst\u011bn\u00ed:<\/b> N\u011bmecko, B\u00e1densko-W\u00fcrttembersko Jihoz\u00e1padn\u00ed N\u011bmecko<\/p>\n<p><b>Stav:<\/b> Pou\u017eit\u00e9<\/p>\n<p>Dr\u017e\u00e1k n\u00e1stroj\u016f pro p\u0159edn\u00ed vrtac\u00ed\/fr\u00e9zovac\u00ed n\u00e1stavec ER 16 pro zp\u011btn\u00e9 obr\u00e1b\u011bn\u00ed<br \/>\nVhodn\u00e9 pro Hanwha typ XD-32-38<br \/>\nD32mm<br \/>\n28 mm x28 mm<br \/>\n1 a\u017e 1<br \/>\nZm\u011bny a chyby v technick\u00fdch \u00fadaj\u00edch a informac\u00edch, jako\u017e i p\u0159edchoz\u00ed prodej vyhrazeny!<\/p>\n<p>Dr\u017e\u00e1k n\u00e1stroj\u016f p\u0159edn\u00ed vrtac\u00ed\/fr\u00e9zovac\u00ed jednotky ER 16 pro obr\u00e1b\u011bn\u00ed zezadu<br \/>\nVhodn\u00e9 pro Hanwha typ XD-32-38<br \/>\nD32mm<br \/>\n28 mm x28 mm<br \/>\n1 a\u017e 1<br \/>\nZm\u011bny a chyby v technick\u00fdch \u00fadaj\u00edch a informac\u00edch, stejn\u011b jako p\u0159edchoz\u00ed prodej, vyhrazeny!<\/p>","protected":false},"excerpt":{"rendered":"<p>Standort: Deutschland, Baden-W\u00fcrttemberg S\u00fcdwest Zustand: Gebraucht Werkzeughalter Frontbohr- Fr\u00e4sapparat ER 16 f\u00fcr die R\u00fcckseitenbearbeitung Passend f\u00fcr Hanwha Typ XD-32-38 D32mm 28mm x28mm 1 zu 1 Aenderungen und Irrtuemer in den technischen Daten und Angaben sowie Zwischenverkauf vorbehalten! Tool holder front drilling\/milling unit ER 16 for back machining Suitable for Hanwha type XD-32-38 D32mm 28mm x28mm [&hellip;]<\/p>\n","protected":false},"featured_media":2633,"comment_status":"open","ping_status":"closed","template":"","meta":{"_uf_show_specific_survey":0,"_uf_disable_surveys":false},"product_brand":[],"product_cat":[20],"product_tag":[],"class_list":{"0":"post-2634","1":"product","2":"type-product","3":"status-publish","4":"has-post-thumbnail","6":"product_cat-werkzeughalter","8":"first","9":"instock","10":"taxable","11":"shipping-taxable","12":"product-type-simple"},"aioseo_notices":[],"_links":{"self":[{"href":"https:\/\/mueller-wrh.de\/cs\/wp-json\/wp\/v2\/product\/2634","targetHints":{"allow":["GET"]}}],"collection":[{"href":"https:\/\/mueller-wrh.de\/cs\/wp-json\/wp\/v2\/product"}],"about":[{"href":"https:\/\/mueller-wrh.de\/cs\/wp-json\/wp\/v2\/types\/product"}],"replies":[{"embeddable":true,"href":"https:\/\/mueller-wrh.de\/cs\/wp-json\/wp\/v2\/comments?post=2634"}],"wp:featuredmedia":[{"embeddable":true,"href":"https:\/\/mueller-wrh.de\/cs\/wp-json\/wp\/v2\/media\/2633"}],"wp:attachment":[{"href":"https:\/\/mueller-wrh.de\/cs\/wp-json\/wp\/v2\/media?parent=2634"}],"wp:term":[{"taxonomy":"product_brand","embeddable":true,"href":"https:\/\/mueller-wrh.de\/cs\/wp-json\/wp\/v2\/product_brand?post=2634"},{"taxonomy":"product_cat","embeddable":true,"href":"https:\/\/mueller-wrh.de\/cs\/wp-json\/wp\/v2\/product_cat?post=2634"},{"taxonomy":"product_tag","embeddable":true,"href":"https:\/\/mueller-wrh.de\/cs\/wp-json\/wp\/v2\/product_tag?post=2634"}],"curies":[{"name":"wp","href":"https:\/\/api.w.org\/{rel}","templated":true}]}}