{"id":2627,"date":"2025-03-13T16:13:03","date_gmt":"2025-03-13T16:13:03","guid":{"rendered":"https:\/\/mueller-wrh.de\/produkt\/werkzeughalter-agw_star-2-spindel-front-rueckseitenbearbeitung-er11_nr-431-59-art-nr-18136-intnr202101167\/"},"modified":"2025-03-13T16:13:03","modified_gmt":"2025-03-13T16:13:03","slug":"werkzeughalter-agw_star-2-spindel-front-rueckseitenbearbeitung-er11_nr-431-59-art-nr-18136-intnr202101167","status":"publish","type":"product","link":"https:\/\/mueller-wrh.de\/cs\/produkt\/werkzeughalter-agw_star-2-spindel-front-rueckseitenbearbeitung-er11_nr-431-59-art-nr-18136-intnr202101167\/","title":{"rendered":"Dr\u017e\u00e1k n\u00e1stroj\u016f AGW_Star -2-v\u0159eteno pro p\u0159edn\u00ed\/zadn\u00ed obr\u00e1b\u011bn\u00ed ER11_\u010d. 431-59 \/ \u010c\u00edslo polo\u017eky: 18136 (IntNo202101167)"},"content":{"rendered":"<p><b>Stav:<\/b> Nov\u00fd<\/p>\n<p><b>V\u00fdrobce:<\/b> STAR Micronics<\/p>\n<p><b>Rok v\u00fdstavby:<\/b> 2020<\/p>\n<p>Dr\u017e\u00e1k n\u00e1stroj\u016f Star-2-Spindle p\u0159edn\u00ed vrtac\u00ed\/fr\u00e9zovac\u00ed n\u00e1stavec ER16<br \/>\npro p\u0159edn\u00ed\/zadn\u00ed obr\u00e1b\u011bn\u00ed<br \/>\nNo.431-59 \/ Item no.: 18136 <\/p>\n<p>Podle Star Vhodn\u00e9 pro typy:<br \/>\nECAS-32T; ST-38; SV-32; SV-38R; SX-38-A<br \/>\nRychlost max. 6000 1\/mm<br \/>\nmax. 13 Nm<br \/>\nP\u0159eklad 1:1<br \/>\nZm\u011bny a chyby v technick\u00fdch \u00fadaj\u00edch a informac\u00edch, jako\u017e i p\u0159edchoz\u00ed prodej vyhrazeny!<\/p>","protected":false},"excerpt":{"rendered":"<p>Zustand: Neu Hersteller: STAR Micronics Baujahr: 2020 Werkzeughalter Star-2-Spindel-Frontalbohr-Fr\u00e4sapparat ER16 f\u00fcr Front-\/ R\u00fcckseitenbearbeitung Nr.431-59 \/ Art.- Nr.: 18136 Lt. Star Passend f\u00fcr Typen: ECAS-32T; ST-38; SV-32; SV-38R; SX-38-A Drehzahl max. 6000 1\/mm max. 13 Nm Uebersetzung 1:1 Aenderungen und Irrtuemer in den technischen Daten und Angaben sowie Zwischenverkauf vorbehalten!<\/p>","protected":false},"featured_media":2626,"comment_status":"open","ping_status":"closed","template":"","meta":{"_uf_show_specific_survey":0,"_uf_disable_surveys":false},"product_brand":[],"product_cat":[20],"product_tag":[],"class_list":{"0":"post-2627","1":"product","2":"type-product","3":"status-publish","4":"has-post-thumbnail","6":"product_cat-werkzeughalter","8":"first","9":"instock","10":"taxable","11":"shipping-taxable","12":"product-type-simple"},"aioseo_notices":[],"_links":{"self":[{"href":"https:\/\/mueller-wrh.de\/cs\/wp-json\/wp\/v2\/product\/2627","targetHints":{"allow":["GET"]}}],"collection":[{"href":"https:\/\/mueller-wrh.de\/cs\/wp-json\/wp\/v2\/product"}],"about":[{"href":"https:\/\/mueller-wrh.de\/cs\/wp-json\/wp\/v2\/types\/product"}],"replies":[{"embeddable":true,"href":"https:\/\/mueller-wrh.de\/cs\/wp-json\/wp\/v2\/comments?post=2627"}],"wp:featuredmedia":[{"embeddable":true,"href":"https:\/\/mueller-wrh.de\/cs\/wp-json\/wp\/v2\/media\/2626"}],"wp:attachment":[{"href":"https:\/\/mueller-wrh.de\/cs\/wp-json\/wp\/v2\/media?parent=2627"}],"wp:term":[{"taxonomy":"product_brand","embeddable":true,"href":"https:\/\/mueller-wrh.de\/cs\/wp-json\/wp\/v2\/product_brand?post=2627"},{"taxonomy":"product_cat","embeddable":true,"href":"https:\/\/mueller-wrh.de\/cs\/wp-json\/wp\/v2\/product_cat?post=2627"},{"taxonomy":"product_tag","embeddable":true,"href":"https:\/\/mueller-wrh.de\/cs\/wp-json\/wp\/v2\/product_tag?post=2627"}],"curies":[{"name":"wp","href":"https:\/\/api.w.org\/{rel}","templated":true}]}}