{"id":767,"date":"2024-11-17T13:40:02","date_gmt":"2024-11-17T13:40:02","guid":{"rendered":"https:\/\/mueller-wrh.de\/cookie-richtlinie\/"},"modified":"2024-11-17T13:40:02","modified_gmt":"2024-11-17T13:40:02","slug":"cookie-richtlinie","status":"publish","type":"page","link":"https:\/\/mueller-wrh.de\/cs\/cookie-richtlinie\/","title":{"rendered":"Z\u00e1sady pou\u017e\u00edv\u00e1n\u00ed soubor\u016f cookie"},"content":{"rendered":"<p>V t\u011b\u011bchto z\u00e1sad\u00e1ch pou\u017e\u00edv\u00e1n\u00ed soubor\u016f cookie bychom r\u00e1di vysv\u011btlili, co jsou to soubory cookie a technologie podobn\u00fdch soubor\u016f cookie, jak je my a dal\u0161\u00ed poskytovatel\u00e9 slu\u017eeb na webov\u00fdch str\u00e1nk\u00e1ch pou\u017e\u00edv\u00e1me, jak\u00e9 informace shroma\u017e\u010fuj\u00ed, jak dlouho a k jak\u00fdm \u00fa\u010del\u016fm je pou\u017e\u00edv\u00e1me.<\/p><h2>Obsah<\/h2><ul><li><a href=\"#controller-of-the-website\">Osoba odpov\u011bdn\u00e1 za webov\u00e9 str\u00e1nky<\/a><\/li><li><a href=\"#diff-to-privacy-policy\">Dodatek k z\u00e1sad\u00e1m ochrany \u00fadaj\u016f<\/a><\/li><li><a href=\"#cookie-technology\">Co jsou to soubory cookie a podobn\u00e9 technologie?<\/a><\/li><li><a href=\"#legal-basis\">Jak\u00fd je pr\u00e1vn\u00ed z\u00e1klad pro nastaven\u00ed\/\u010dten\u00ed soubor\u016f cookie?<\/a><\/li><li><a href=\"#rights-of-visitor\">Jak\u00e1 pr\u00e1va m\u00e1 n\u00e1v\u0161t\u011bvn\u00edk webov\u00fdch str\u00e1nek?<\/a><\/li><li><a href=\"#manage-cookies\">Jak spravovat soubory cookie v prohl\u00ed\u017ee\u010di?<\/a><\/li><li><a href=\"#types-of-cookies\">Jak\u00e9 typy soubor\u016f cookie existuj\u00ed?<\/a><\/li><li><a href=\"#cookies-origin\">Kdo m\u016f\u017ee na t\u011b\u011bchto webov\u00fdch str\u00e1nk\u00e1ch nastavovat soubory cookie?<\/a><\/li><li><a href=\"#list-of-services\">Jak\u00e9 soubory cookie se na t\u011bchto webov\u00fdch str\u00e1nk\u00e1ch pou\u017e\u00edvaj\u00ed?<\/a><\/li><\/ul><h2 id=\"controller-of-the-website\">Osoba odpov\u011bdn\u00e1 za webov\u00e9 str\u00e1nky<\/h2><ul><li><strong>Poskytovatel slu\u017eeb: <\/strong>M\u00fcller Werkzeugmaschinen Robotik & Handelshaus e. K., N\u011bmecko<\/li><li><strong>E-mail: <\/strong><a target=\"_blank\" href=\"mailto:Rolf.Mueller@mueller-wrh.de\">Rolf.Mueller@mueller-wrh.de<\/a><\/li><\/ul><h2 id=\"diff-to-privacy-policy\">Dodatek k z\u00e1sad\u00e1m ochrany \u00fadaj\u016f<\/h2><p>Tyto Z\u00e1sady pou\u017e\u00edv\u00e1n\u00ed soubor\u016f cookie dopl\u0148uj\u00ed {{Z\u00e1sady ochrany osobn\u00edch \u00fadaj\u016f}}Z\u00e1sady ochrany osobn\u00edch \u00fadaj\u016f{{\/privacyPolicy}} t\u011bchto webov\u00fdch str\u00e1nek. Z\u00e1sady pou\u017e\u00edv\u00e1n\u00ed soubor\u016f cookie uv\u00e1d\u011bj\u00ed, jak webov\u00e9 str\u00e1nky pou\u017e\u00edvaj\u00ed soubory cookie a jak\u00e9 \u00fadaje pomoc\u00ed nich shroma\u017e\u010fuj\u00ed, zat\u00edmco z\u00e1sady ochrany osobn\u00edch \u00fadaj\u016f poskytuj\u00ed komplexn\u011bj\u0161\u00ed p\u0159ehled o v\u0161ech \u010dinnostech zpracov\u00e1n\u00ed \u00fadaj\u016f na webov\u00fdch str\u00e1nk\u00e1ch i mimo n\u011b.<\/p><h2 id=\"cookie-technology\">Co jsou to soubory cookie a podobn\u00e9 technologie?<\/h2><p>Soubory cookie jsou mal\u00e9 jednotky informac\u00ed, podobn\u00e9 textov\u00fdm soubor\u016fm, kter\u00e9 lze ukl\u00e1dat a \u010d\u00edst v koncov\u00e9m za\u0159\u00edzen\u00ed. Slou\u017e\u00ed k r\u016fzn\u00fdm \u00fa\u010del\u016fm, v\u010detn\u011b \u00fadr\u017eby z\u00e1kladn\u00edch funkc\u00ed webov\u00fdch str\u00e1nek, bezpe\u010dnosti a ochrany \u00fadaj\u016f, poskytov\u00e1n\u00ed voliteln\u00fdch funkc\u00ed webov\u00fdch str\u00e1nek, shroma\u017e\u010fov\u00e1n\u00ed statistick\u00fdch \u00fadaj\u016f o pohybu n\u00e1v\u0161t\u011bvn\u00edk\u016f a poskytov\u00e1n\u00ed marketingov\u00fdch syst\u00e9m\u016f. Praktick\u00fdmi p\u0159\u00edklady toho, co m\u016f\u017ee b\u00fdt v souborech cookie ulo\u017eeno, je ukl\u00e1d\u00e1n\u00ed stavu p\u0159ihl\u00e1\u0161en\u00ed v u\u017eivatelsk\u00fdch \u00fa\u010dtech, obsahu n\u00e1kupn\u00edch ko\u0161\u00edk\u016f v platform\u00e1ch elektronick\u00e9ho obchodov\u00e1n\u00ed nebo ID u\u017eivatele pro sledov\u00e1n\u00ed chov\u00e1n\u00ed na webov\u00fdch str\u00e1nk\u00e1ch.<br \/><br \/>Informace lze technicky ukl\u00e1dat r\u016fzn\u00fdmi zp\u016fsoby. Nejzn\u00e1m\u011bj\u0161\u00edmi p\u0159\u00edklady jsou soubory cookie HTTP a technologie podobn\u00e9 soubor\u016fm cookie, jako je m\u00edstn\u00ed \u00falo\u017ei\u0161t\u011b, \u00falo\u017ei\u0161t\u011b relace nebo IndexedDB. Ka\u017ed\u00fd typ ukl\u00e1d\u00e1n\u00ed m\u00e1 jin\u00e9 vlastnosti, kter\u00e9 ur\u010duj\u00ed technick\u00e9 zpracov\u00e1n\u00ed, p\u0159\u00edstupnost a opr\u00e1vn\u011bn\u00e9 osoby odpov\u011bdn\u00e9 za p\u0159\u00edstup k informac\u00edm. V\u0161echny tyto typy ukl\u00e1d\u00e1n\u00ed se obecn\u011b shrnuj\u00ed pod pojem \"cookies\", a proto jsou takto ozna\u010dov\u00e1ny i v t\u011bchto z\u00e1sad\u00e1ch pou\u017e\u00edv\u00e1n\u00ed soubor\u016f cookie.<\/p><h2 id=\"legal-basis\">Jak\u00fd je pr\u00e1vn\u00ed z\u00e1klad pro nastaven\u00ed\/\u010dten\u00ed soubor\u016f cookie?<\/h2><p>Nastavov\u00e1n\u00ed a \u010dten\u00ed soubor\u016f cookie je v Evropsk\u00e9 unii (EU) a Evropsk\u00e9m hospod\u00e1\u0159sk\u00e9m prostoru (EHP) povoleno v souladu s \u00a7 89 odst. 3 z\u00e1kona o elektronick\u00fdch komunikac\u00edch pouze tehdy, pokud u\u017eivatel ud\u011blal sv\u016fj souhlas na z\u00e1klad\u011b vy\u010derp\u00e1vaj\u00edc\u00edch informac\u00ed o \u00fa\u010delu zpracov\u00e1n\u00ed. Provozovatel webov\u00fdch str\u00e1nek m\u016f\u017ee tak\u00e9 nastavit soubory cookie, pokud jsou nezbytn\u011b nutn\u00e9 k tomu, aby v\u00e1m jako u\u017eivateli poskytl v\u00fdslovn\u011b po\u017eadovanou slu\u017ebu, nap\u0159. z\u00e1kladn\u00ed obsah t\u011b\u011bchto webov\u00fdch str\u00e1nek nebo jin\u00e9 nezbytn\u011b nutn\u00e9 soubory cookie pro z\u00e1kladn\u00ed funkce webov\u00fdch str\u00e1nek, kter\u00e9 se v\u00e1m zobrazuj\u00ed bez va\u0161eho souhlasu.<\/p><h2 id=\"rights-of-visitor\">Jak\u00e1 pr\u00e1va m\u00e1 n\u00e1v\u0161t\u011bvn\u00edk webov\u00fdch str\u00e1nek?<\/h2><p>Slu\u017eby a jejich soubory cookie lze nastavit a \u010d\u00edst na z\u00e1klad\u011b va\u0161eho souhlasu nebo opr\u00e1vn\u011bn\u00e9ho z\u00e1jmu. Kdy\u017e jste tyto webov\u00e9 str\u00e1nky nav\u0161t\u00edvili poprv\u00e9, byli jste po\u017e\u00e1d\u00e1ni o souhlas a m\u011bli jste mo\u017enost vzn\u00e9st n\u00e1mitku proti pou\u017e\u00edv\u00e1n\u00ed n\u011bkter\u00fdch slu\u017eeb. V dialogu o souhlasu jsme vysv\u011btlili, kter\u00fd pr\u00e1vn\u00ed z\u00e1klad se pou\u017e\u00edv\u00e1 pro kterou slu\u017ebu.<br \/><br \/>M\u00e1te pr\u00e1vo kdykoli nahl\u00e9dnout do historie sv\u00fdch rozhodnut\u00ed, zm\u011bnit nastaven\u00ed ochrany \u00fadaj\u016f, vzn\u00e9st n\u00e1mitku proti vyu\u017e\u00edv\u00e1n\u00ed slu\u017eeb a odvolat sv\u016fj souhlas. N\u00ed\u017ee naleznete zp\u016fsoby, jak sv\u00e1 pr\u00e1va uplatnit:<br \/><ul><li><a  href=\"#consent-change\" role=\"button\" id=\"rcb-sc-link-change\" data-success-message=\"\" class=\"rcb-sc-link rcb-sc-link-change\">Zm\u011bna nastaven\u00ed soukrom\u00ed<\/a><\/li><li><a  href=\"#consent-history\" role=\"button\" id=\"rcb-sc-link-history\" data-success-message=\"\" class=\"rcb-sc-link rcb-sc-link-history\">Historie nastaven\u00ed soukrom\u00ed<\/a><\/li><li><a  href=\"#consent-revoke\" role=\"button\" id=\"rcb-sc-link-revoke\" data-success-message=\"\u00dasp\u011b\u0161n\u011b jste odvolali sv\u016fj souhlas se slu\u017ebami s jejich cookies a zpracov\u00e1n\u00edm osobn\u00edch \u00fadaj\u016f. Str\u00e1nka se nyn\u00ed znovu na\u010dte!\" class=\"rcb-sc-link rcb-sc-link-revoke\">Odvol\u00e1n\u00ed souhlas\u016f<\/a><\/li><\/ul><\/p><h2 id=\"manage-cookies\">Jak spravovat soubory cookie v prohl\u00ed\u017ee\u010di?<\/h2><p><ul><li><strong>Jak odstranit soubory cookie v prohl\u00ed\u017ee\u010di:<\/strong> Chcete-li soubory cookie ze sv\u00e9ho za\u0159\u00edzen\u00ed odstranit, m\u016f\u017eete je vymazat v nastaven\u00ed prohl\u00ed\u017ee\u010de. T\u00edm se odstran\u00ed v\u0161echny soubory cookie ze v\u0161ech nav\u0161t\u00edven\u00fdch webov\u00fdch str\u00e1nek, p\u0159\u00edpadn\u011b v\u010detn\u011b ulo\u017een\u00fdch p\u0159ihla\u0161ovac\u00edch \u00fadaj\u016f a nastaven\u00ed webov\u00fdch str\u00e1nek. V n\u011bkter\u00fdch prohl\u00ed\u017ee\u010d\u00edch lze odstranit pouze soubory cookie a podobn\u00e1 data, ani\u017e by byla odstran\u011bna cel\u00e1 historie prohl\u00ed\u017een\u00ed.<\/li><li><strong>Jak ovl\u00e1dat soubory cookie v prohl\u00ed\u017ee\u010di:<\/strong> Pokud chcete m\u00edt p\u0159esn\u011bj\u0161\u00ed kontrolu nad soubory cookie ur\u010dit\u00fdch webov\u00fdch str\u00e1nek, p\u0159ejd\u011bte do nastaven\u00ed ochrany osobn\u00edch \u00fadaj\u016f a soubor\u016f cookie ve sv\u00e9m prohl\u00ed\u017ee\u010di. Zde m\u016f\u017eete upravit nastaven\u00ed pou\u017e\u00edv\u00e1n\u00ed soubor\u016f cookie na jednotliv\u00fdch webov\u00fdch str\u00e1nk\u00e1ch.<\/li><li><strong>Jak zablokovat soubory cookie v prohl\u00ed\u017ee\u010di:<\/strong> U v\u011bt\u0161iny modern\u00edch prohl\u00ed\u017ee\u010d\u016f m\u016f\u017eete v nastaven\u00ed ur\u010dit, \u017ee se v za\u0159\u00edzen\u00ed nebudou ukl\u00e1dat \u017e\u00e1dn\u00e9 soubory cookie. Blokov\u00e1n\u00ed soubor\u016f cookie v\u0161ak m\u016f\u017ee m\u00edt za n\u00e1sledek, \u017ee n\u011bkter\u00e9 slu\u017eby a funkce nebudou fungovat spr\u00e1vn\u011b, nap\u0159. p\u0159ihla\u0161ov\u00e1n\u00ed u\u017eivatel\u016f. Za mnoho prohl\u00ed\u017ee\u010d\u016f existuj\u00ed tak\u00e9 roz\u0161\u00ed\u0159en\u00ed, kter\u00e1 mohou blokovat nastaven\u00ed soubor\u016f cookie na webov\u00fdch str\u00e1nk\u00e1ch.<\/li><li><strong>Jak spravovat soubory cookie na t\u011bchto webov\u00fdch str\u00e1nk\u00e1ch:<\/strong> Chcete-li p\u0159izp\u016fsobit sv\u00e9 preference t\u00fdkaj\u00edc\u00ed se soubor\u016f cookie na t\u011bchto webov\u00fdch str\u00e1nk\u00e1ch, m\u016f\u017eete kdykoli zm\u011bnit nastaven\u00ed kliknut\u00edm na odkaz v \u010d\u00e1sti \"Pr\u00e1va n\u00e1v\u0161t\u011bvn\u00edk\u016f webov\u00fdch str\u00e1nek\".<\/li><\/li><\/ul><p>Dal\u0161\u00ed informace o nakl\u00e1d\u00e1n\u00ed se soubory cookie najdete na adrese <a href=\"https:\/\/devowl.io\/de\/rcb\/cookie-handhabung\/\" target=\"_blank\">devowl.io\/en\/rcb\/cookie-handling\/<\/a>.<\/p><\/p><h2 id=\"types-of-cookies\">Jak\u00e9 typy soubor\u016f cookie existuj\u00ed?<\/h2><p><ul><li><strong>Z\u00e1kladn\u00ed soubory cookie<\/strong> jsou nezbytn\u00e9 pro z\u00e1kladn\u00ed funkce webov\u00fdch str\u00e1nek a umo\u017e\u0148uj\u00ed funkce, jako je ukl\u00e1d\u00e1n\u00ed p\u0159ihla\u0161ovac\u00edch \u00fadaj\u016f nebo p\u0159\u00edstup do zabezpe\u010den\u00fdch oblast\u00ed webov\u00fdch str\u00e1nek. Pat\u0159\u00ed mezi n\u011b nap\u0159\u00edklad bezpe\u010dnostn\u00ed soubory cookie, kter\u00e9 mohou identifikovat bota, kter\u00fd nen\u00ed na webov\u00fdch str\u00e1nk\u00e1ch \u017e\u00e1douc\u00ed, ulo\u017een\u00edm ov\u011b\u0159ovac\u00edho kl\u00ed\u010de do souboru cookie.<\/li><li><strong>Funk\u010dn\u00ed soubory cookie<\/strong> zlep\u0161ovat u\u017eivatelsk\u00fd z\u00e1\u017eitek ukl\u00e1d\u00e1n\u00edm informac\u00ed a preferenc\u00ed, jako jsou jazykov\u00e1 nastaven\u00ed nebo nastaven\u00ed vzhledu webov\u00fdch str\u00e1nek, aby bylo mo\u017en\u00e9 p\u0159izp\u016fsobit zobrazen\u00ed. Pat\u0159\u00ed sem nap\u0159\u00edklad soubory cookie s preferencemi, kter\u00e9 ukl\u00e1daj\u00ed u\u017eivateli preferovanou kvalitu videa na webov\u00e9 str\u00e1nce.<\/li><li><strong>Statistick\u00e9 soubory cookie<\/strong> shroma\u017e\u010fovat \u00fadaje o pou\u017e\u00edv\u00e1n\u00ed webov\u00fdch str\u00e1nek s c\u00edlem z\u00edskat p\u0159ehled o chov\u00e1n\u00ed u\u017eivatel\u016f a optimalizovat v\u00fdkon webov\u00fdch str\u00e1nek. Pat\u0159\u00ed sem nap\u0159\u00edklad n\u00e1hodn\u011b p\u0159id\u011blen\u00e9 ID u\u017eivatele, kter\u00e9 lze pou\u017e\u00edt k ur\u010den\u00ed, zda jste nav\u0161t\u00edvili d\u00edl\u010d\u00ed str\u00e1nku webu.<\/li><li><strong>Marketingov\u00e9 soubory cookie<\/strong> se pou\u017e\u00edvaj\u00ed ke sledov\u00e1n\u00ed chov\u00e1n\u00ed u\u017eivatel\u016f na r\u016fzn\u00fdch webov\u00fdch str\u00e1nk\u00e1ch a k zobrazov\u00e1n\u00ed personalizovan\u00e9 reklamy na z\u00e1klad\u011b jejich z\u00e1jm\u016f a chov\u00e1n\u00ed p\u0159i prohl\u00ed\u017een\u00ed. Pat\u0159\u00ed sem nap\u0159\u00edklad reklamn\u00ed soubory cookie, kter\u00e9 ukl\u00e1daj\u00ed interakci s reklamou na webov\u00fdch str\u00e1nk\u00e1ch a p\u0159ed\u00e1vaj\u00ed ji inzerent\u016fm, nebo syst\u00e9m chatu pro dotazy p\u0159ed n\u00e1kupem a z\u00e1kaznickou podporu.<\/li><\/li><\/ul><\/p><h2 id=\"cookies-origin\">Kdo m\u016f\u017ee na t\u011b\u011bchto webov\u00fdch str\u00e1nk\u00e1ch nastavovat soubory cookie?<\/h2><p>Na t\u011b\u011bchto webov\u00fdch str\u00e1nk\u00e1ch mohou provozovatel\u00e9 webov\u00fdch str\u00e1nek i slu\u017eby t\u0159et\u00edch stran pou\u017e\u00edvan\u00e9 na t\u011bchto webov\u00fdch str\u00e1nk\u00e1ch nastavovat soubory cookie a p\u0159istupovat k jejich obsahu. Rozli\u0161uje se mezi soubory cookie prvn\u00ed strany a t\u0159et\u00ed strany, pokud jde o to, kdo m\u00e1 p\u0159\u00edstup ke kter\u00fdm soubor\u016fm cookie a jejich obsahu. Soubory cookie prvn\u00ed strany jsou vytv\u00e1\u0159eny nav\u0161t\u00edvenou webovou str\u00e1nkou a mohou b\u00fdt \u010dteny pouze provozovatelem webov\u00fdch str\u00e1nek a integrovan\u00fdmi slu\u017ebami t\u0159et\u00edch stran na t\u00e9to webov\u00e9 str\u00e1nce. Soubory cookie t\u0159et\u00edch stran jsou obvykle vytv\u00e1\u0159eny slu\u017ebami t\u0159et\u00edch stran na jin\u00fdch dom\u00e9n\u00e1ch, mohou b\u00fdt \u010dteny na v\u0161ech webov\u00fdch str\u00e1nk\u00e1ch, na kter\u00fdch je slu\u017eba, kter\u00e1 danou dom\u00e9nu ovl\u00e1d\u00e1, integrov\u00e1na, a jsou pou\u017e\u00edv\u00e1ny nap\u0159\u00edklad reklamn\u00edmi s\u00edt\u011bmi ke sledov\u00e1n\u00ed chov\u00e1n\u00ed u\u017eivatel\u016f na r\u016fzn\u00fdch webov\u00fdch str\u00e1nk\u00e1ch a k nab\u00edzen\u00ed personalizovan\u00e9 reklamy.<\/p><h2 id=\"list-of-services\">Jak\u00e9 soubory cookie se na t\u011bchto webov\u00fdch str\u00e1nk\u00e1ch pou\u017e\u00edvaj\u00ed?<\/h2><script type=\"application\/json\">{\"search\":{\"placeholder\":\"Vyhled\\u00e1v\\u00e1n\\u00ed...\"},\"sort\":{\"sortAsc\":\"Se\\u0159adit sloupec vzestupn\\u011b\",\"sortDesc\":\"Se\\u0159adit sloupec sestupn\\u011b\"},\"pagination\":{\"previous\":\"P\\u0159edchoz\\u00ed\",\"next\":\"Dal\\u0161\\u00ed\",\"navigate\":\"Strana %1$d z %2$d\",\"page\":\"Str\\u00e1nka %d\",\"showing\":\"Zobrazen\\u00ed\",\"of\":\"z\",\"to\":\"na\",\"results\":\"v\\u00fdsledky\"},\"noRecordsFound\":\"Nebyly nalezeny \\u017e\\u00e1dn\\u00e9 odpov\\u00eddaj\\u00edc\\u00ed z\\u00e1znamy\"}<\/script><table  class=\"devowl-wp-react-cookie-banner-cookie-policy\"><thead><tr><th width=\"200px\" scope=\"col\">Kategorie<\/th><th width=\"400px\" scope=\"col\">N\u00e1zev technick\u00fdch soubor\u016f cookie<\/th><th width=\"400px\" scope=\"col\">Hostitel technick\u00fdch soubor\u016f cookie<\/th><th width=\"400px\" scope=\"col\">Slu\u017eba<\/th><th width=\"250px\" scope=\"col\">Doba trv\u00e1n\u00ed<\/th><th width=\"200px\" scope=\"col\">Typ<\/th><th width=\"550px\" scope=\"col\">\u00da\u010del<\/th><\/tr><\/thead><tbody><tr><td>Z\u00e1kladn\u00ed<\/td><td>real_cookie_banner*<\/td><td>.mueller-wrh.de<\/td><td>Banner Real Cookie<\/td><td>365 dn\u00ed<\/td><td>Soubor cookie HTTP<\/td><td>Jedine\u010dn\u00fd identifik\u00e1tor pro souhlas, ale ne pro n\u00e1v\u0161t\u011bvn\u00edka webov\u00fdch str\u00e1nek. Revizn\u00ed hash pro nastaven\u00ed banneru cookie (texty, barvy, funkce, skupiny slu\u017eeb, slu\u017eby, blok\u00e1tory obsahu atd.). Identifik\u00e1tory pro odsouhlasen\u00e9 slu\u017eby a skupiny slu\u017eeb.<\/td><\/tr><tr><td>Z\u00e1kladn\u00ed<\/td><td>real_cookie_banner*-tcf<\/td><td>.mueller-wrh.de<\/td><td>Banner Real Cookie<\/td><td>365 dn\u00ed<\/td><td>Soubor cookie HTTP<\/td><td>Souhlasy shrom\u00e1\u017ed\u011bn\u00e9 v r\u00e1mci TCF a ulo\u017een\u00e9 ve form\u00e1tu TC String, v\u010detn\u011b dodavatel\u016f TCF, \u00fa\u010del\u016f, zvl\u00e1\u0161tn\u00edch \u00fa\u010del\u016f, funkc\u00ed a zvl\u00e1\u0161tn\u00edch funkc\u00ed.<\/td><\/tr><tr><td>Z\u00e1kladn\u00ed<\/td><td>real_cookie_banner*-gcm<\/td><td>.mueller-wrh.de<\/td><td>Banner Real Cookie<\/td><td>365 dn\u00ed<\/td><td>Soubor cookie HTTP<\/td><td>Souhlasy shrom\u00e1\u017ed\u011bn\u00e9 v re\u017eimu souhlasu Google pro r\u016fzn\u00e9 typy souhlas\u016f (\u00fa\u010dely) jsou ulo\u017eeny pro v\u0161echny slu\u017eby kompatibiln\u00ed s re\u017eimem souhlasu Google.<\/td><\/tr><tr><td>Z\u00e1kladn\u00ed<\/td><td>real_cookie_banner-test<\/td><td>.mueller-wrh.de<\/td><td>Banner Real Cookie<\/td><td>365 dn\u00ed<\/td><td>Soubor cookie HTTP<\/td><td>Soubor cookie, kter\u00fd byl nastaven za \u00fa\u010delem testov\u00e1n\u00ed funk\u010dnosti soubor\u016f cookie HTTP. Je smaz\u00e1n ihned po skon\u010den\u00ed testu.<\/td><\/tr><tr><td>Z\u00e1kladn\u00ed<\/td><td>real_cookie_banner*<\/td><td>https:\/\/mueller-wrh.de<\/td><td>Banner Real Cookie<\/td><td>-<\/td><td>M\u00edstn\u00ed \u00falo\u017ei\u0161t\u011b<\/td><td>Jedine\u010dn\u00fd identifik\u00e1tor pro souhlas, ale ne pro n\u00e1v\u0161t\u011bvn\u00edka webov\u00fdch str\u00e1nek. Revizn\u00ed hash pro nastaven\u00ed banneru cookie (texty, barvy, funkce, skupiny slu\u017eeb, slu\u017eby, blok\u00e1tory obsahu atd.). Identifik\u00e1tory pro odsouhlasen\u00e9 slu\u017eby a skupiny slu\u017eeb. Ukl\u00e1d\u00e1 se pouze do doby, ne\u017e je souhlas zdokumentov\u00e1n na serveru webov\u00e9 str\u00e1nky.<\/td><\/tr><tr><td>Z\u00e1kladn\u00ed<\/td><td>real_cookie_banner*-tcf<\/td><td>https:\/\/mueller-wrh.de<\/td><td>Banner Real Cookie<\/td><td>-<\/td><td>M\u00edstn\u00ed \u00falo\u017ei\u0161t\u011b<\/td><td>Souhlasy shrom\u00e1\u017ed\u011bn\u00e9 v r\u00e1mci TCF jsou ulo\u017eeny ve form\u00e1tu TC string, v\u010detn\u011b dodavatel\u016f TCF, \u00fa\u010del\u016f, zvl\u00e1\u0161tn\u00edch \u00fa\u010del\u016f, funkc\u00ed a zvl\u00e1\u0161tn\u00edch funkc\u00ed. Ukl\u00e1daj\u00ed se pouze do doby, ne\u017e je souhlas zdokumentov\u00e1n na serveru webov\u00fdch str\u00e1nek.<\/td><\/tr><tr><td>Z\u00e1kladn\u00ed<\/td><td>real_cookie_banner*-gcm<\/td><td>https:\/\/mueller-wrh.de<\/td><td>Banner Real Cookie<\/td><td>-<\/td><td>M\u00edstn\u00ed \u00falo\u017ei\u0161t\u011b<\/td><td>Souhlasy zaznamenan\u00e9 v r\u00e1mci re\u017eimu souhlasu Google se ukl\u00e1daj\u00ed do typ\u016f souhlas\u016f (\u00fa\u010del\u016f) pro v\u0161echny slu\u017eby kompatibiln\u00ed s re\u017eimem souhlasu Google. Ukl\u00e1d\u00e1 se pouze do doby, ne\u017e je souhlas zdokumentov\u00e1n na serveru webov\u00e9 str\u00e1nky.<\/td><\/tr><tr><td>Z\u00e1kladn\u00ed<\/td><td>real_cookie_banner-consent-queue*<\/td><td>https:\/\/mueller-wrh.de<\/td><td>Banner Real Cookie<\/td><td>-<\/td><td>M\u00edstn\u00ed \u00falo\u017ei\u0161t\u011b<\/td><td>M\u00edstn\u00ed ukl\u00e1d\u00e1n\u00ed v\u00fdb\u011bru do mezipam\u011bti v banneru cookie, dokud server nedolo\u017e\u00ed souhlas; dokumentace se zkou\u0161\u00ed pravideln\u011b nebo p\u0159i zm\u011bn\u011b str\u00e1nek, pokud je server nedostupn\u00fd nebo p\u0159et\u00ed\u017een\u00fd.<\/td><\/tr><tr><td>Funk\u010dn\u00ed<\/td><td>wpEmojiSettingsSupports<\/td><td>https:\/\/mueller-wrh.de<\/td><td>Emod\u017ei ve WordPressu<\/td><td>SESSION<\/td><td>\u00dalo\u017ei\u0161t\u011b relac\u00ed<\/td><td>\u010casov\u00e9 zna\u010dky a mo\u017enost nastaven\u00ed emotikon\u016f<\/td><\/tr><\/tbody><\/table><p>Z\u00e1sady pou\u017e\u00edv\u00e1n\u00ed soubor\u016f cookie byly naposledy aktualizov\u00e1ny dne \u00danor 6, 2025.<\/p>","protected":false},"excerpt":{"rendered":"","protected":false},"author":1,"featured_media":0,"parent":0,"menu_order":0,"comment_status":"closed","ping_status":"closed","template":"","meta":{"_uf_show_specific_survey":0,"_uf_disable_surveys":false,"footnotes":""},"class_list":["post-767","page","type-page","status-publish","hentry"],"aioseo_notices":[],"_links":{"self":[{"href":"https:\/\/mueller-wrh.de\/cs\/wp-json\/wp\/v2\/pages\/767","targetHints":{"allow":["GET"]}}],"collection":[{"href":"https:\/\/mueller-wrh.de\/cs\/wp-json\/wp\/v2\/pages"}],"about":[{"href":"https:\/\/mueller-wrh.de\/cs\/wp-json\/wp\/v2\/types\/page"}],"author":[{"embeddable":true,"href":"https:\/\/mueller-wrh.de\/cs\/wp-json\/wp\/v2\/users\/1"}],"replies":[{"embeddable":true,"href":"https:\/\/mueller-wrh.de\/cs\/wp-json\/wp\/v2\/comments?post=767"}],"version-history":[{"count":0,"href":"https:\/\/mueller-wrh.de\/cs\/wp-json\/wp\/v2\/pages\/767\/revisions"}],"wp:attachment":[{"href":"https:\/\/mueller-wrh.de\/cs\/wp-json\/wp\/v2\/media?parent=767"}],"curies":[{"name":"wp","href":"https:\/\/api.w.org\/{rel}","templated":true}]}}