{"id":4418,"date":"2025-10-31T16:56:50","date_gmt":"2025-10-31T16:56:50","guid":{"rendered":"https:\/\/mueller-wrh.de\/?page_id=4418"},"modified":"2025-10-31T17:18:25","modified_gmt":"2025-10-31T17:18:25","slug":"industrielle-reinigsanlagen","status":"publish","type":"page","link":"https:\/\/mueller-wrh.de\/cs\/industrielle-reinigsanlagen\/","title":{"rendered":"PR\u016eMYSLOV\u00c9 \u010cISTIC\u00cd SYST\u00c9MY"},"content":{"rendered":"","protected":false},"excerpt":{"rendered":"","protected":false},"author":1,"featured_media":0,"parent":0,"menu_order":0,"comment_status":"closed","ping_status":"closed","template":"page-with-title","meta":{"_uf_show_specific_survey":0,"_uf_disable_surveys":false,"footnotes":""},"class_list":["post-4418","page","type-page","status-publish","hentry"],"aioseo_notices":[],"_links":{"self":[{"href":"https:\/\/mueller-wrh.de\/cs\/wp-json\/wp\/v2\/pages\/4418","targetHints":{"allow":["GET"]}}],"collection":[{"href":"https:\/\/mueller-wrh.de\/cs\/wp-json\/wp\/v2\/pages"}],"about":[{"href":"https:\/\/mueller-wrh.de\/cs\/wp-json\/wp\/v2\/types\/page"}],"author":[{"embeddable":true,"href":"https:\/\/mueller-wrh.de\/cs\/wp-json\/wp\/v2\/users\/1"}],"replies":[{"embeddable":true,"href":"https:\/\/mueller-wrh.de\/cs\/wp-json\/wp\/v2\/comments?post=4418"}],"version-history":[{"count":4,"href":"https:\/\/mueller-wrh.de\/cs\/wp-json\/wp\/v2\/pages\/4418\/revisions"}],"predecessor-version":[{"id":4439,"href":"https:\/\/mueller-wrh.de\/cs\/wp-json\/wp\/v2\/pages\/4418\/revisions\/4439"}],"wp:attachment":[{"href":"https:\/\/mueller-wrh.de\/cs\/wp-json\/wp\/v2\/media?parent=4418"}],"curies":[{"name":"wp","href":"https:\/\/api.w.org\/{rel}","templated":true}]}}