{"id":267,"date":"2024-11-16T12:31:43","date_gmt":"2024-11-16T12:31:43","guid":{"rendered":"https:\/\/mueller-wrh.de\/versandarten\/"},"modified":"2024-11-17T12:26:39","modified_gmt":"2024-11-17T12:26:39","slug":"versandarten","status":"publish","type":"page","link":"https:\/\/mueller-wrh.de\/cs\/versandarten\/","title":{"rendered":"Platba a odesl\u00e1n\u00ed"},"content":{"rendered":"<p><strong>Mo\u017enosti platby:<\/strong><\/p>\n\n\n\n<p>P\u0159edplacen\u00ed<\/p>\n\n\n\n<p>Pokud zvol\u00edte zp\u016fsob platby p\u0159edem, na\u0161e bankovn\u00ed \u00fadaje jsou n\u00e1sleduj\u00edc\u00ed:<\/p>\n\n\n\n<p>Baden-W\u00fcrttembergische Bank<\/p>\n\n\n\n<p>IBAN: DE38&nbsp;<a href=\"tel:6005 0101 0405 3888\">6005 0101 0405 3888<\/a>&nbsp;53<\/p>\n\n\n\n<p>BIC: SOLADEST600<\/p>\n\n\n\n<p>Dob\u00edrka<\/p>\n\n\n\n<p>Kupn\u00ed cenu zaplat\u00edte p\u0159\u00edmo dodavateli. K cen\u011b se p\u0159ipo\u010d\u00edt\u00e1v\u00e1 poplatek 6,50 eur.<\/p>\n\n\n\n<p>PayPal Plus<\/p>\n\n\n\n<p>V r\u00e1mci platebn\u00ed slu\u017eby PayPal Plus v\u00e1m nab\u00edz\u00edme r\u016fzn\u00e9 platebn\u00ed metody jako slu\u017eby PayPal. Budete p\u0159esm\u011brov\u00e1ni na webov\u00e9 str\u00e1nky poskytovatele online slu\u017eeb PayPal. Tam m\u016f\u017eete zadat sv\u00e9 platebn\u00ed \u00fadaje, potvrdit pou\u017eit\u00ed sv\u00fdch \u00fadaj\u016f spole\u010dnost\u00ed PayPal a pokyn k platb\u011b spole\u010dnosti PayPal.<\/p>\n\n\n\n<p>Pokud jste si vybrali platebn\u00ed metodu PayPal, mus\u00edte se v n\u00ed zaregistrovat nebo se nejprve zaregistrovat a legitimovat sv\u00fdmi p\u0159\u00edstupov\u00fdmi \u00fadaji, abyste mohli zaplatit fakturovanou \u010d\u00e1stku. Platebn\u00ed transakce bude spole\u010dnost\u00ed PayPal provedena automaticky ihned po potvrzen\u00ed platebn\u00edho pokynu. Dal\u0161\u00ed pokyny obdr\u017e\u00edte v pr\u016fb\u011bhu objedn\u00e1vky.<\/p>\n\n\n\n<p><strong>P\u0159eprava v r\u00e1mci N\u011bmecka<\/strong><\/p>\n\n\n\n<p>1. dod\u00e1vky<\/p>\n\n\n\n<p>Dod\u00e1n\u00ed prob\u00edh\u00e1 v r\u00e1mci N\u011bmecka.<\/p>\n\n\n\n<p>1.1 P\u0159epravn\u00ed n\u00e1klady<\/p>\n\n\n\n<p>N\u00e1klady na dopravu produkt\u016f se vypo\u010d\u00edt\u00e1vaj\u00ed na objedn\u00e1vku a podle hmotnosti a z\u00e1kladn\u00ed \u010d\u00e1stky. Zahrnuj\u00ed z\u00e1konnou n\u011bmeckou da\u0148 z p\u0159idan\u00e9 hodnoty. Z\u00e1kladn\u00ed \u010d\u00e1stka pro:<\/p>\n\n\n\n<p>Objedn\u00e1vka do 2 kg: 2,38 \u20ac<\/p>\n\n\n\n<p>Objedn\u00e1vka do 5 kg: 6,80 \u20ac<\/p>\n\n\n\n<p>Objedn\u00e1vka do 10 kg: 8,75 \u20ac<\/p>\n\n\n\n<p>Objedn\u00e1vka do 20 kg: 12,80 \u20ac<\/p>\n\n\n\n<p>Objedn\u00e1vka do 30 kg: 14,80 \u20ac<\/p>\n\n\n\n<p>Objedn\u00e1vka od 30 kg: za cenu<\/p>\n\n\n\n<p>P\u0159esn\u00e9 n\u00e1klady na dopravu pro va\u0161i objedn\u00e1vku najdete v n\u00e1kupn\u00edm ko\u0161\u00edku pod celkovou \u010d\u00e1stkou objedn\u00e1vky.&nbsp;<\/p>\n\n\n\n<p><strong>P\u0159eprava mimo N\u011bmecko<\/strong><\/p>\n\n\n\n<p>2. dod\u00e1vky<\/p>\n\n\n\n<p>2.1 P\u0159epravn\u00ed n\u00e1klady<\/p>\n\n\n\n<p>Objedn\u00e1vky budou \u00fa\u010dtov\u00e1ny podle n\u00e1klad\u016f.&nbsp;<\/p>\n\n\n\n<p>3.&nbsp;<strong>Dodac\u00ed lh\u016fty&nbsp;<\/strong><\/p>\n\n\n\n<p>Pokud nen\u00ed v p\u0159\u00edslu\u0161n\u00e9 nab\u00eddce uvedena jin\u00e1 lh\u016fta, bude zbo\u017e\u00ed dod\u00e1no v N\u011bmecku i mimo n\u011bj.&nbsp;<\/p>\n\n\n\n<p>do 3 a\u017e 5 dn\u016f po uzav\u0159en\u00ed smlouvy (v p\u0159\u00edpad\u011b dohodnut\u00e9 z\u00e1lohy po zad\u00e1n\u00ed platebn\u00edho p\u0159\u00edkazu).<\/p>\n\n\n\n<p>Upozor\u0148ujeme, \u017ee v ned\u011bli a o sv\u00e1tc\u00edch se z\u00e1silky nedod\u00e1vaj\u00ed.<\/p>\n\n\n\n<p>Pokud jste si objednali zbo\u017e\u00ed s r\u016fzn\u00fdmi dodac\u00edmi lh\u016ftami, ode\u0161leme zbo\u017e\u00ed v jedn\u00e9 z\u00e1silce, pokud jsme se s v\u00e1mi nedohodli jinak. V takov\u00e9m p\u0159\u00edpad\u011b se doba dod\u00e1n\u00ed \u0159\u00edd\u00ed polo\u017ekou s nejdel\u0161\u00ed dodac\u00ed lh\u016ftou, kterou jste si objednali.<\/p>\n\n\n\n<p>V p\u0159\u00edpad\u011b dotaz\u016f najdete na\u0161e kontaktn\u00ed \u00fadaje v pr\u00e1vn\u00edm ozn\u00e1men\u00ed.<\/p>","protected":false},"excerpt":{"rendered":"<p>Zahlungsm\u00f6glichkeiten: Vorkasse Bei Auswahl der Zahlungsart Vorkasse lautet unsere Bankverbindung: Baden-W\u00fcrttembergische Bank IBAN: DE38&nbsp;6005 0101 0405 3888&nbsp;53 BIC: SOLADEST600 Nachnahme Sie zahlen den Kaufpreis direkt beim Zusteller. Es fallen zzgl. 6,50 Euro als Kosten an. PayPal Plus Im Rahmen des Zahlungsdienstes PayPal Plus bieten wir Ihnen verschiedene Zahlungsmethoden als PayPal Services an. Sie werden auf [&hellip;]<\/p>\n","protected":false},"author":1,"featured_media":0,"parent":0,"menu_order":0,"comment_status":"closed","ping_status":"closed","template":"","meta":{"_uf_show_specific_survey":0,"_uf_disable_surveys":false,"footnotes":""},"class_list":["post-267","page","type-page","status-publish","hentry"],"aioseo_notices":[],"_links":{"self":[{"href":"https:\/\/mueller-wrh.de\/cs\/wp-json\/wp\/v2\/pages\/267","targetHints":{"allow":["GET"]}}],"collection":[{"href":"https:\/\/mueller-wrh.de\/cs\/wp-json\/wp\/v2\/pages"}],"about":[{"href":"https:\/\/mueller-wrh.de\/cs\/wp-json\/wp\/v2\/types\/page"}],"author":[{"embeddable":true,"href":"https:\/\/mueller-wrh.de\/cs\/wp-json\/wp\/v2\/users\/1"}],"replies":[{"embeddable":true,"href":"https:\/\/mueller-wrh.de\/cs\/wp-json\/wp\/v2\/comments?post=267"}],"version-history":[{"count":2,"href":"https:\/\/mueller-wrh.de\/cs\/wp-json\/wp\/v2\/pages\/267\/revisions"}],"predecessor-version":[{"id":743,"href":"https:\/\/mueller-wrh.de\/cs\/wp-json\/wp\/v2\/pages\/267\/revisions\/743"}],"wp:attachment":[{"href":"https:\/\/mueller-wrh.de\/cs\/wp-json\/wp\/v2\/media?parent=267"}],"curies":[{"name":"wp","href":"https:\/\/api.w.org\/{rel}","templated":true}]}}