{"id":266,"date":"2024-11-16T12:31:43","date_gmt":"2024-11-16T12:31:43","guid":{"rendered":"https:\/\/mueller-wrh.de\/widerrufsbelehrung\/"},"modified":"2024-11-17T16:21:31","modified_gmt":"2024-11-17T16:21:31","slug":"widerrufsbelehrung","status":"publish","type":"page","link":"https:\/\/mueller-wrh.de\/cs\/widerrufsbelehrung\/","title":{"rendered":"Storno podm\u00ednky"},"content":{"rendered":"<p>Soukrom\u00e9 osoby\/spot\u0159ebitel\u00e9 maj\u00ed \u010dtrn\u00e1ctidenn\u00ed pr\u00e1vo na odstoupen\u00ed od smlouvy.<\/p>\n\n\n\n<p>M\u00e1te pr\u00e1vo odstoupit od t\u00e9to smlouvy do \u010dtrn\u00e1cti dn\u016f bez ud\u00e1n\u00ed d\u016fvodu. Lh\u016fta pro odstoupen\u00ed od smlouvy \u010din\u00ed \u010dtrn\u00e1ct dn\u00ed ode dne, kdy jste vy nebo v\u00e1mi ur\u010den\u00e1 t\u0159et\u00ed osoba, kter\u00e1 nen\u00ed dopravcem, p\u0159evzali posledn\u00ed zbo\u017e\u00ed.<\/p>\n\n\n\n<p>Chcete-li uplatnit pr\u00e1vo na odstoupen\u00ed od smlouvy, mus\u00edte n\u00e1s o tom informovat (M\u00fcller Werkzeugmaschinen Robotik &amp; Handelshaus e. K., Turmstr. 1, 72351 Geislingen, tel.: +49 7428 9188869, e-mailov\u00e1 adresa: M\u00fcller Werkzeugmaschinen Robotik &amp; Handelshaus e. K., Turmstr. 1, 72351 Geislingen, tel: Rolf.Mueller@mueller-wrh.de) o sv\u00e9m rozhodnut\u00ed odstoupit od t\u00e9to smlouvy jednozna\u010dn\u00fdm prohl\u00e1\u0161en\u00edm (nap\u0159. dopisem zaslan\u00fdm po\u0161tou, faxem nebo e-mailem). M\u016f\u017eete pou\u017e\u00edt p\u0159ilo\u017een\u00fd vzorov\u00fd formul\u00e1\u0159 pro odstoupen\u00ed od smlouvy, nen\u00ed to v\u0161ak povinn\u00e9.<\/p>\n\n\n\n<p>Pro dodr\u017een\u00ed lh\u016fty pro odstoupen\u00ed od smlouvy sta\u010d\u00ed, kdy\u017e ozn\u00e1men\u00ed o uplatn\u011bn\u00ed pr\u00e1va na odstoupen\u00ed od smlouvy ode\u0161lete p\u0159ed uplynut\u00edm lh\u016fty pro odstoupen\u00ed od smlouvy.<\/p>\n\n\n\n<p>D\u016fsledky zru\u0161en\u00ed<\/p>\n\n\n\n<p>Odstoup\u00edte-li od t\u00e9to smlouvy, vr\u00e1t\u00edme v\u00e1m v\u0161echny platby, kter\u00e9 jsme od v\u00e1s obdr\u017eeli, v\u010detn\u011b n\u00e1klad\u016f na doru\u010den\u00ed (s v\u00fdjimkou dodate\u010dn\u00fdch n\u00e1klad\u016f vypl\u00fdvaj\u00edc\u00edch z va\u0161\u00ed volby jin\u00e9ho typu doru\u010den\u00ed, ne\u017e je nejlevn\u011bj\u0161\u00ed typ standardn\u00edho doru\u010den\u00ed, kter\u00fd nab\u00edz\u00edme), a to bez zbyte\u010dn\u00e9ho odkladu a v ka\u017ed\u00e9m p\u0159\u00edpad\u011b nejpozd\u011bji do 14 dn\u016f ode dne, kdy jsme byli informov\u00e1ni o va\u0161em rozhodnut\u00ed odstoupit od t\u00e9to smlouvy. Pro toto vr\u00e1cen\u00ed pou\u017eijeme stejn\u00fd platebn\u00ed prost\u0159edek, kter\u00fd jste pou\u017eili pro p\u016fvodn\u00ed transakci, pokud se s v\u00e1mi v\u00fdslovn\u011b nedohodneme jinak; v \u017e\u00e1dn\u00e9m p\u0159\u00edpad\u011b v\u00e1m za toto vr\u00e1cen\u00ed nebudou \u00fa\u010dtov\u00e1ny \u017e\u00e1dn\u00e9 poplatky. Vr\u00e1cen\u00ed pen\u011bz m\u016f\u017eeme zadr\u017eet, dokud neobdr\u017e\u00edme zbo\u017e\u00ed zp\u011bt nebo dokud nep\u0159edlo\u017e\u00edte doklad o tom, \u017ee jste zbo\u017e\u00ed vr\u00e1tili, podle toho, co nastane d\u0159\u00edve.<\/p>\n\n\n\n<p>Zbo\u017e\u00ed n\u00e1m mus\u00edte vr\u00e1tit nebo p\u0159edat neprodlen\u011b, nejpozd\u011bji v\u0161ak do \u010dtrn\u00e1cti dn\u016f ode dne, kdy jste n\u00e1s informovali o odstoupen\u00ed od t\u00e9to smlouvy. Lh\u016fta je dodr\u017eena, pokud zbo\u017e\u00ed ode\u0161lete p\u0159ed uplynut\u00edm \u010dtrn\u00e1ctidenn\u00ed lh\u016fty. P\u0159\u00edm\u00e9 n\u00e1klady na vr\u00e1cen\u00ed zbo\u017e\u00ed nesete vy. Ztr\u00e1tu hodnoty zbo\u017e\u00ed hrad\u00edte pouze v p\u0159\u00edpad\u011b, \u017ee tato ztr\u00e1ta hodnoty vznikla v d\u016fsledku manipulace se zbo\u017e\u00edm, kter\u00e1 nen\u00ed nezbytn\u00e1 pro kontrolu jeho stavu, vlastnost\u00ed a funk\u010dnosti.<\/p>\n\n\n\n<p>D\u016fvody vylou\u010den\u00ed nebo zru\u0161en\u00ed<\/p>\n\n\n\n<p>Pr\u00e1vo na odstoupen\u00ed od smlouvy se nevztahuje na smlouvy.<\/p>\n\n\n\n<p>- pro dod\u00e1vky zbo\u017e\u00ed, kter\u00e9 je prefabrikovan\u00e9 a pro jeho\u017e v\u00fdrobu je rozhoduj\u00edc\u00ed individu\u00e1ln\u00ed v\u00fdb\u011br nebo ur\u010den\u00ed spot\u0159ebitelem nebo kter\u00e9 je zjevn\u011b p\u0159izp\u016fsobeno osobn\u00edm pot\u0159eb\u00e1m spot\u0159ebitele;<\/p>\n\n\n\n<p>Pr\u00e1vo na odstoupen\u00ed od smlouvy zanik\u00e1 p\u0159ed\u010dasn\u011b u smluv<\/p>\n\n\n\n<p>- p\u0159i dod\u00e1n\u00ed zape\u010det\u011bn\u00e9ho zbo\u017e\u00ed, kter\u00e9 nen\u00ed vhodn\u00e9 k vr\u00e1cen\u00ed z d\u016fvodu ochrany zdrav\u00ed nebo hygieny, pokud byla pe\u010de\u0165 po dod\u00e1n\u00ed odstran\u011bna;<\/p>\n\n\n\n<p>- za dod\u00e1n\u00ed zbo\u017e\u00ed, pokud bylo po dod\u00e1n\u00ed vzhledem ke sv\u00e9 povaze neodd\u011bliteln\u011b sm\u00edseno s jin\u00fdm zbo\u017e\u00edm;<\/p>\n\n\n\n<p>Vzorov\u00fd formul\u00e1\u0159 pro zru\u0161en\u00ed<\/p>\n\n\n\n<p>(Pokud si p\u0159ejete smlouvu zru\u0161it, vypl\u0148te a vra\u0165te tento formul\u00e1\u0159).<\/p>\n\n\n\n<p>- M\u00fcller Werkzeugmaschinen Robotik &amp; Handelshaus e. K., Turmstr. 1, 72351 Geislingen, tel.: +49 7428 9188869, e-mailov\u00e1 adresa: Rolf.Mueller@mueller-wrh.de<\/p>\n\n\n\n<p>- J\u00e1\/my (*) t\u00edmto ru\u0161\u00edm\/ru\u0161\u00edme smlouvu uzav\u0159enou mezi mnou\/n\u00e1mi (*) na n\u00e1kup n\u00e1sleduj\u00edc\u00edho zbo\u017e\u00ed (*)\/poskytnut\u00ed n\u00e1sleduj\u00edc\u00ed slu\u017eby (*).<\/p>\n\n\n\n<p>- Objedn\u00e1no dne (*)\/p\u0159ijato dne (*)<\/p>\n\n\n\n<p>- Jm\u00e9no spot\u0159ebitele (spot\u0159ebitel\u016f)<\/p>\n\n\n\n<p>- Adresa spot\u0159ebitele (spot\u0159ebitel\u016f)<\/p>\n\n\n\n<p>- Podpis spot\u0159ebitele (spot\u0159ebitel\u016f) (pouze v p\u0159\u00edpad\u011b ozn\u00e1men\u00ed v pap\u00edrov\u00e9 podob\u011b)<\/p>\n\n\n\n<p>- Datum (*) Nehod\u00edc\u00ed se \u0161krtn\u011bte.<\/p>","protected":false},"excerpt":{"rendered":"<p>Privatpersonen\/Verbraucher haben ein vierzehnt\u00e4giges Widerrufsrecht. Sie haben das Recht, binnen vierzehn Tagen ohne Angabe von Gr\u00fcnden diesen Vertrag zu widerrufen. Die Widerrufsfrist betr\u00e4gt vierzehn Tage ab dem Tag an dem Sie oder ein von Ihnen benannter Dritter, der nicht der Bef\u00f6rderer ist, die letzte Ware in Besitz genommen haben bzw. hat. Um Ihr Widerrufsrecht auszu\u00fcben, [&hellip;]<\/p>\n","protected":false},"author":1,"featured_media":0,"parent":0,"menu_order":0,"comment_status":"closed","ping_status":"closed","template":"","meta":{"_uf_show_specific_survey":0,"_uf_disable_surveys":false,"footnotes":""},"class_list":["post-266","page","type-page","status-publish","hentry"],"aioseo_notices":[],"_links":{"self":[{"href":"https:\/\/mueller-wrh.de\/cs\/wp-json\/wp\/v2\/pages\/266","targetHints":{"allow":["GET"]}}],"collection":[{"href":"https:\/\/mueller-wrh.de\/cs\/wp-json\/wp\/v2\/pages"}],"about":[{"href":"https:\/\/mueller-wrh.de\/cs\/wp-json\/wp\/v2\/types\/page"}],"author":[{"embeddable":true,"href":"https:\/\/mueller-wrh.de\/cs\/wp-json\/wp\/v2\/users\/1"}],"replies":[{"embeddable":true,"href":"https:\/\/mueller-wrh.de\/cs\/wp-json\/wp\/v2\/comments?post=266"}],"version-history":[{"count":1,"href":"https:\/\/mueller-wrh.de\/cs\/wp-json\/wp\/v2\/pages\/266\/revisions"}],"predecessor-version":[{"id":791,"href":"https:\/\/mueller-wrh.de\/cs\/wp-json\/wp\/v2\/pages\/266\/revisions\/791"}],"wp:attachment":[{"href":"https:\/\/mueller-wrh.de\/cs\/wp-json\/wp\/v2\/media?parent=266"}],"curies":[{"name":"wp","href":"https:\/\/api.w.org\/{rel}","templated":true}]}}