{"id":265,"date":"2024-11-16T12:31:43","date_gmt":"2024-11-16T12:31:43","guid":{"rendered":"https:\/\/mueller-wrh.de\/agb\/"},"modified":"2024-11-17T12:20:56","modified_gmt":"2024-11-17T12:20:56","slug":"agb","status":"publish","type":"page","link":"https:\/\/mueller-wrh.de\/cs\/agb\/","title":{"rendered":"GTC"},"content":{"rendered":"<p>1. ROZSAH POU\u017dIT\u00cd<\/p>\n\n\n\n<p>N\u00e1sleduj\u00edc\u00ed podm\u00ednky se vztahuj\u00ed na v\u0161echny objedn\u00e1vky, kter\u00e9 spot\u0159ebitel\u00e9 a podnikatel\u00e9 zad\u00e1vaj\u00ed prost\u0159ednictv\u00edm na\u0161eho internetov\u00e9ho obchodu.<\/p>\n\n\n\n<p>Spot\u0159ebitelem je ka\u017ed\u00e1 fyzick\u00e1 osoba, kter\u00e1 uzav\u00edr\u00e1 pr\u00e1vn\u00ed \u00fakon za \u00fa\u010delem, kter\u00fd p\u0159ev\u00e1\u017en\u011b nespad\u00e1 do jej\u00ed obchodn\u00ed, podnikatelsk\u00e9 nebo profesn\u00ed \u010dinnosti. Podnikatel je fyzick\u00e1 nebo pr\u00e1vnick\u00e1 osoba nebo spole\u010dnost s pr\u00e1vn\u00ed subjektivitou, kter\u00e1 p\u0159i uzav\u00edr\u00e1n\u00ed pr\u00e1vn\u00edho \u00fakonu jedn\u00e1 v r\u00e1mci sv\u00e9 obchodn\u00ed, podnikatelsk\u00e9 nebo profesn\u00ed \u010dinnosti.<\/p>\n\n\n\n<p>Pro podnikatele plat\u00ed n\u00e1sleduj\u00edc\u00ed: Pokud podnikatel pou\u017eije rozporn\u00e9 nebo dopl\u0148uj\u00edc\u00ed v\u0161eobecn\u00e9 obchodn\u00ed podm\u00ednky, jejich platnost se t\u00edmto odm\u00edt\u00e1; sou\u010d\u00e1st\u00ed smlouvy se st\u00e1vaj\u00ed pouze tehdy, pokud jsme s nimi v\u00fdslovn\u011b souhlasili.<\/p>\n\n\n\n<p>2. SMLUVN\u00cd PARTNE\u0158I, UZAV\u0158EN\u00cd SMLOUVY, MO\u017dNOSTI OPRAVY<\/p>\n\n\n\n<p>Um\u00edst\u011bn\u00edm produkt\u016f v internetov\u00e9m obchod\u011b p\u0159edkl\u00e1d\u00e1me z\u00e1vazn\u00fd n\u00e1vrh na uzav\u0159en\u00ed smlouvy na tyto produkty. Na\u0161e v\u00fdrobky m\u016f\u017eete zpo\u010d\u00e1tku nez\u00e1vazn\u011b vlo\u017eit do n\u00e1kupn\u00edho ko\u0161\u00edku a p\u0159ed odesl\u00e1n\u00edm z\u00e1vazn\u00e9 objedn\u00e1vky sv\u00e9 polo\u017eky kdykoli opravit pomoc\u00ed opravn\u00fdch pom\u016fcek, kter\u00e9 jsou k tomuto \u00fa\u010delu poskytnuty a vysv\u011btleny v procesu objedn\u00e1vky. Smlouva je uzav\u0159ena v okam\u017eiku, kdy nab\u00eddku na zbo\u017e\u00ed obsa\u017een\u00e9 v n\u00e1kupn\u00edm ko\u0161\u00edku p\u0159ijmete kliknut\u00edm na tla\u010d\u00edtko objednat. Bezprost\u0159edn\u011b po odesl\u00e1n\u00ed objedn\u00e1vky obdr\u017e\u00edte e-mailem dal\u0161\u00ed potvrzen\u00ed.<\/p>\n\n\n\n<p>3. JAZYK SMLOUVY, UKL\u00c1D\u00c1N\u00cd TEXTU SMLOUVY<\/p>\n\n\n\n<p>Jazyk(y), kter\u00fd(\u00e9) je(jsou) k dispozici pro uzav\u0159en\u00ed smlouvy: N\u011bm\u010dina<\/p>\n\n\n\n<p>Text smlouvy ulo\u017e\u00edme a za\u0161leme v\u00e1m \u00fadaje o objedn\u00e1vce. Text smlouvy a obchodn\u00ed podm\u00ednky si m\u016f\u017eete prohl\u00e9dnout v na\u0161em p\u0159ihl\u00e1\u0161en\u00ed pro z\u00e1kazn\u00edky.<\/p>\n\n\n\n<p>4. DODAC\u00cd PODM\u00cdNKY<\/p>\n\n\n\n<p>K uveden\u00fdm cen\u00e1m produkt\u016f mohou b\u00fdt p\u0159ipo\u010dteny n\u00e1klady na dopravu. V\u00edce informac\u00ed o p\u0159\u00edpadn\u00fdch n\u00e1kladech na dopravu najdete v nab\u00eddk\u00e1ch.<\/p>\n\n\n\n<p>5. PLATBA<\/p>\n\n\n\n<p>V na\u0161em obchod\u011b jsou k dispozici n\u00e1sleduj\u00edc\u00ed platebn\u00ed metody:<\/p>\n\n\n\n<p>P\u0159edplacen\u00ed<\/p>\n\n\n\n<p>Pokud se rozhodnete zaplatit p\u0159edem, za\u0161leme v\u00e1m bankovn\u00ed \u00fadaje v samostatn\u00e9m e-mailu a zbo\u017e\u00ed v\u00e1m doru\u010d\u00edme po obdr\u017een\u00ed platby.<\/p>\n\n\n\n<p>Dob\u00edrka<\/p>\n\n\n\n<p>Kupn\u00ed cenu zaplat\u00edte p\u0159\u00edmo dodavateli. K cen\u011b se p\u0159ipo\u010d\u00edt\u00e1v\u00e1 poplatek 6,50 eur.<\/p>\n\n\n\n<p>Kreditn\u00ed karta<\/p>\n\n\n\n<p>P\u0159i objedn\u00e1vce zad\u00e1te \u00fadaje o sv\u00e9 kreditn\u00ed kart\u011b. Jakmile budete legitimizov\u00e1ni jako opr\u00e1vn\u011bn\u00fd dr\u017eitel karty, platebn\u00ed transakce se provede automaticky a z va\u0161\u00ed karty bude ode\u010dtena \u010d\u00e1stka.<\/p>\n\n\n\n<p>PayPal Plus<\/p>\n\n\n\n<p>V r\u00e1mci platebn\u00ed slu\u017eby PayPal Plus v\u00e1m nab\u00edz\u00edme r\u016fzn\u00e9 platebn\u00ed metody jako slu\u017eby PayPal. Budete p\u0159esm\u011brov\u00e1ni na webov\u00e9 str\u00e1nky poskytovatele online slu\u017eeb PayPal. Tam m\u016f\u017eete zadat sv\u00e9 platebn\u00ed \u00fadaje, potvrdit pou\u017eit\u00ed sv\u00fdch \u00fadaj\u016f spole\u010dnost\u00ed PayPal a pokyn k platb\u011b spole\u010dnosti PayPal.<\/p>\n\n\n\n<p>Pokud jste si vybrali platebn\u00ed metodu PayPal, mus\u00edte se v n\u00ed zaregistrovat nebo se nejprve zaregistrovat a legitimovat sv\u00fdmi p\u0159\u00edstupov\u00fdmi \u00fadaji, abyste mohli zaplatit fakturovanou \u010d\u00e1stku. Platebn\u00ed transakce bude spole\u010dnost\u00ed PayPal provedena automaticky ihned po potvrzen\u00ed platebn\u00edho pokynu. Dal\u0161\u00ed pokyny obdr\u017e\u00edte v pr\u016fb\u011bhu objedn\u00e1vky.<\/p>\n\n\n\n<p>Google Pay<\/p>\n\n\n\n<p>Abyste mohli zaplatit fakturovanou \u010d\u00e1stku prost\u0159ednictv\u00edm slu\u017eby Google Pay, mus\u00edte b\u00fdt zaregistrov\u00e1ni u poskytovatele slu\u017eeb Google, m\u00edt aktivovanou funkci Google Pay, legitimovat se sv\u00fdmi p\u0159\u00edstupov\u00fdmi \u00fadaji a potvrdit platebn\u00ed p\u0159\u00edkaz. Platebn\u00ed transakce se provede ihned po zad\u00e1n\u00ed objedn\u00e1vky. Dal\u0161\u00ed pokyny obdr\u017e\u00edte v pr\u016fb\u011bhu objedn\u00e1vky.<\/p>\n\n\n\n<p>Amazon Pay<\/p>\n\n\n\n<p>B\u011bhem procesu objedn\u00e1vky budete p\u0159ed dokon\u010den\u00edm procesu objedn\u00e1vky v na\u0161em internetov\u00e9m obchod\u011b p\u0159esm\u011brov\u00e1ni na webov\u00e9 str\u00e1nky poskytovatele online slu\u017eeb Amazon. Abyste mohli dokon\u010dit proces objedn\u00e1vky a zaplatit fakturovanou \u010d\u00e1stku prost\u0159ednictv\u00edm Amazonu, mus\u00edte zde b\u00fdt zaregistrov\u00e1ni nebo se nejprve zaregistrovat a legitimovat sv\u00fdmi p\u0159\u00edstupov\u00fdmi \u00fadaji. Tam si m\u016f\u017eete zvolit doru\u010dovac\u00ed adresu a zp\u016fsob platby ulo\u017een\u00fd u spole\u010dnosti Amazon, potvrdit pou\u017eit\u00ed sv\u00fdch \u00fadaj\u016f spole\u010dnost\u00ed Amazon a pokyn k platb\u011b n\u00e1m. Pot\u00e9 budete p\u0159esm\u011brov\u00e1ni zp\u011bt do na\u0161eho internetov\u00e9ho obchodu, kde m\u016f\u017eete dokon\u010dit proces objedn\u00e1vky. Ihned po zad\u00e1n\u00ed objedn\u00e1vky po\u017e\u00e1d\u00e1me spole\u010dnost Amazon o zah\u00e1jen\u00ed platebn\u00ed transakce. Platebn\u00ed transakci provede automaticky spole\u010dnost Amazon. Dal\u0161\u00ed pokyny obdr\u017e\u00edte v pr\u016fb\u011bhu procesu objedn\u00e1v\u00e1n\u00ed.<\/p>\n\n\n\n<p>6. PR\u00c1VO NA ZRU\u0160EN\u00cd<\/p>\n\n\n\n<p>Spot\u0159ebitel\u00e9 maj\u00ed n\u00e1rok na z\u00e1konn\u00e9 pr\u00e1vo na odstoupen\u00ed od smlouvy, jak je pops\u00e1no v podm\u00ednk\u00e1ch pro odstoupen\u00ed od smlouvy. Podnikatel\u00e9 nemaj\u00ed pr\u00e1vo na dobrovoln\u00e9 zru\u0161en\u00ed smlouvy.<\/p>\n\n\n\n<p>7. V\u00ddHRADA VLASTNICTV\u00cd<\/p>\n\n\n\n<p>Zbo\u017e\u00ed z\u016fst\u00e1v\u00e1 na\u0161\u00edm majetkem a\u017e do \u00fapln\u00e9ho zaplacen\u00ed.<\/p>\n\n\n\n<p>Pro podnikatele plat\u00ed tak\u00e9 n\u00e1sleduj\u00edc\u00ed: Vyhrazujeme si vlastnick\u00e9 pr\u00e1vo ke zbo\u017e\u00ed a\u017e do \u00fapln\u00e9ho vypo\u0159\u00e1d\u00e1n\u00ed v\u0161ech n\u00e1rok\u016f vypl\u00fdvaj\u00edc\u00edch z prob\u00edhaj\u00edc\u00edho obchodn\u00edho vztahu. Zbo\u017e\u00ed s v\u00fdhradou vlastnictv\u00ed m\u016f\u017eete v r\u00e1mci b\u011b\u017en\u00e9ho obchodn\u00edho styku d\u00e1le prodat; ve\u0161ker\u00e9 pohled\u00e1vky vznikl\u00e9 z tohoto dal\u0161\u00edho prodeje - bez ohledu na kombinaci nebo sm\u00edch\u00e1n\u00ed zbo\u017e\u00ed s v\u00fdhradou vlastnictv\u00ed s nov\u00fdm p\u0159edm\u011btem - n\u00e1m p\u0159edem postoup\u00edte ve v\u00fd\u0161i fakturovan\u00e9 \u010d\u00e1stky a my toto postoupen\u00ed p\u0159ijmeme. Z\u016fst\u00e1v\u00e1 v\u00e1m opr\u00e1vn\u011bn\u00ed vym\u00e1hat pohled\u00e1vky, ale my m\u016f\u017eeme pohled\u00e1vky vym\u00e1hat tak\u00e9 sami, pokud nespln\u00edte sv\u00e9 platebn\u00ed povinnosti.<\/p>\n\n\n\n<p>8. PO\u0160KOZEN\u00cd P\u0158I P\u0158EPRAV\u011a<\/p>\n\n\n\n<p>Pro spot\u0159ebitele plat\u00ed n\u00e1sleduj\u00edc\u00ed: Pokud je zbo\u017e\u00ed dod\u00e1no se zjevn\u00fdm po\u0161kozen\u00edm p\u0159i p\u0159eprav\u011b, reklamujte tyto vady co nejd\u0159\u00edve u dodavatele a neprodlen\u011b n\u00e1s kontaktujte. Nepod\u00e1n\u00ed reklamace nebo nekontaktov\u00e1n\u00ed n\u00e1s nem\u00e1 \u017e\u00e1dn\u00e9 d\u016fsledky pro va\u0161e z\u00e1konn\u00e9 n\u00e1roky a jejich uplatn\u011bn\u00ed, zejm\u00e9na pro va\u0161e z\u00e1ru\u010dn\u00ed pr\u00e1va. Pom\u016f\u017eete n\u00e1m v\u0161ak uplatnit na\u0161e vlastn\u00ed n\u00e1roky v\u016f\u010di dopravci nebo p\u0159epravn\u00ed poji\u0161\u0165ovn\u011b.<\/p>\n\n\n\n<p>Pro podnikatele plat\u00ed n\u00e1sleduj\u00edc\u00ed: Nebezpe\u010d\u00ed n\u00e1hodn\u00e9 ztr\u00e1ty a n\u00e1hodn\u00e9ho po\u0161kozen\u00ed na v\u00e1s p\u0159ech\u00e1z\u00ed, jakmile jsme zbo\u017e\u00ed p\u0159edali spedi\u010dn\u00ed firm\u011b, dopravci nebo jin\u00e9 osob\u011b \u010di instituci ur\u010den\u00e9 k p\u0159eprav\u011b. Na podnikatele se vztahuje povinnost kontroly a ozn\u00e1men\u00ed vad upraven\u00e1 v \u00a7 377 obchodn\u00edho z\u00e1kon\u00edku. Pokud n\u00e1s neinformujete zp\u016fsobem tam stanoven\u00fdm, m\u00e1 se za to, \u017ee zbo\u017e\u00ed bylo schv\u00e1leno, leda\u017ee vada nebyla p\u0159i kontrole rozpoznateln\u00e1. To neplat\u00ed, pokud jsme vadu podvodn\u011b zatajili.<\/p>\n\n\n\n<p>9. Z\u00c1RUKA A Z\u00c1RUKY<\/p>\n\n\n\n<p>Nen\u00ed-li d\u00e1le v\u00fdslovn\u011b dohodnuto jinak, plat\u00ed z\u00e1konn\u00e1 odpov\u011bdnost za vady.<\/p>\n\n\n\n<p>Pro n\u00e1kup pou\u017eit\u00e9ho zbo\u017e\u00ed spot\u0159ebiteli plat\u00ed n\u00e1sleduj\u00edc\u00ed: pokud se vada vyskytne po uplynut\u00ed jednoho roku od dod\u00e1n\u00ed zbo\u017e\u00ed, jsou n\u00e1roky z vad vylou\u010deny. Vady, kter\u00e9 se vyskytnou b\u011bhem jednoho roku od dod\u00e1n\u00ed zbo\u017e\u00ed, lze uplatnit v z\u00e1konn\u00e9 proml\u010dec\u00ed lh\u016ft\u011b dvou let od dod\u00e1n\u00ed zbo\u017e\u00ed.<\/p>\n\n\n\n<p>U podnikatel\u016f je proml\u010dec\u00ed lh\u016fta pro z\u00e1ru\u010dn\u00ed n\u00e1roky na nov\u011b vyroben\u00e9 zbo\u017e\u00ed jeden rok od p\u0159echodu rizika. Na prodej pou\u017eit\u00e9ho zbo\u017e\u00ed se z\u00e1ruka nevztahuje. Z\u00e1konn\u00e9 proml\u010dec\u00ed lh\u016fty pro pr\u00e1vo na regres podle \u00a7 445a BGB z\u016fst\u00e1vaj\u00ed nedot\u010deny.<\/p>\n\n\n\n<p>Ve vztahu k podnikatel\u016fm se za dohodu o kvalit\u011b zbo\u017e\u00ed pova\u017euj\u00ed pouze na\u0161e vlastn\u00ed informace a popisy v\u00fdrobk\u016f v\u00fdrobce uveden\u00e9 ve smlouv\u011b; za ve\u0159ejn\u00e1 prohl\u00e1\u0161en\u00ed v\u00fdrobce nebo jin\u00e1 reklamn\u00ed prohl\u00e1\u0161en\u00ed neneseme \u017e\u00e1dnou odpov\u011bdnost.<\/p>\n\n\n\n<p>Pokud je dodan\u00fd p\u0159edm\u011bt vadn\u00fd, poskytneme podnikateli z\u00e1ruku nejprve podle na\u0161eho uv\u00e1\u017een\u00ed odstran\u011bn\u00edm vady (oprava) nebo dod\u00e1n\u00edm bezvadn\u00e9ho p\u0159edm\u011btu (n\u00e1hradn\u00ed dod\u00e1vka).<\/p>\n\n\n\n<p>V\u00fd\u0161e uveden\u00e1 omezen\u00ed a zkr\u00e1cen\u00ed lh\u016ft se nevztahuj\u00ed na n\u00e1roky zalo\u017een\u00e9 na \u0161kod\u011b zp\u016fsoben\u00e9 n\u00e1mi, na\u0161imi pr\u00e1vn\u00edmi z\u00e1stupci nebo zprost\u0159edkovateli.<\/p>\n\n\n\n<p>- v p\u0159\u00edpad\u011b \u00fajmy na \u017eivot\u011b, zdrav\u00ed nebo t\u011ble.<\/p>\n\n\n\n<p>- v p\u0159\u00edpad\u011b \u00famysln\u00e9ho nebo hrub\u011b nedbal\u00e9ho poru\u0161en\u00ed povinnost\u00ed a podvodn\u00e9ho \u00famyslu.<\/p>\n\n\n\n<p>- v p\u0159\u00edpad\u011b poru\u0161en\u00ed podstatn\u00fdch smluvn\u00edch povinnost\u00ed, jejich\u017e spln\u011bn\u00ed je nezbytn\u00e9 pro \u0159\u00e1dn\u00e9 pln\u011bn\u00ed smlouvy a na jejich\u017e dodr\u017een\u00ed se smluvn\u00ed partner m\u016f\u017ee pravideln\u011b spol\u00e9hat (kardin\u00e1ln\u00ed povinnosti).<\/p>\n\n\n\n<p>- v r\u00e1mci p\u0159\u00edslibu ru\u010den\u00ed, je-li sjedn\u00e1n, nebo<\/p>\n\n\n\n<p>- pokud se otev\u0159e oblast p\u016fsobnosti z\u00e1kona o odpov\u011bdnosti za \u0161kodu zp\u016fsobenou vadou v\u00fdrobku.<\/p>\n\n\n\n<p>Informace o p\u0159\u00edpadn\u00fdch dal\u0161\u00edch z\u00e1ruk\u00e1ch a jejich p\u0159esn\u00fdch podm\u00ednk\u00e1ch naleznete u v\u00fdrobku a na zvl\u00e1\u0161tn\u00edch informa\u010dn\u00edch str\u00e1nk\u00e1ch v internetov\u00e9m obchod\u011b.<\/p>\n\n\n\n<p>10. ODPOV\u011aDNOST<\/p>\n\n\n\n<p>V\u017edy odpov\u00edd\u00e1me bez omezen\u00ed za n\u00e1roky zalo\u017een\u00e9 na \u0161kod\u00e1ch zp\u016fsoben\u00fdch n\u00e1mi, na\u0161imi pr\u00e1vn\u00edmi z\u00e1stupci nebo zprost\u0159edkovateli.<\/p>\n\n\n\n<p>- v p\u0159\u00edpad\u011b \u00fajmy na \u017eivot\u011b, zdrav\u00ed nebo t\u011ble.<\/p>\n\n\n\n<p>- v p\u0159\u00edpad\u011b \u00famysln\u00e9ho nebo hrub\u011b nedbal\u00e9ho poru\u0161en\u00ed povinnost\u00ed.<\/p>\n\n\n\n<p>- pro p\u0159\u00edsliby z\u00e1ruky, pokud byly dohodnuty, nebo<\/p>\n\n\n\n<p>- pokud se otev\u0159e oblast p\u016fsobnosti z\u00e1kona o odpov\u011bdnosti za \u0161kodu zp\u016fsobenou vadou v\u00fdrobku.<\/p>\n\n\n\n<p>V p\u0159\u00edpad\u011b poru\u0161en\u00ed podstatn\u00fdch smluvn\u00edch povinnost\u00ed, jejich\u017e spln\u011bn\u00ed je nezbytn\u00e9 pro \u0159\u00e1dn\u00e9 pln\u011bn\u00ed smlouvy a na jejich\u017e dodr\u017een\u00ed m\u016f\u017ee smluvn\u00ed partner pravideln\u011b spol\u00e9hat (kardin\u00e1ln\u00ed povinnosti) z d\u016fvodu lehk\u00e9 nedbalosti na na\u0161\u00ed stran\u011b, na\u0161ich pr\u00e1vn\u00edch z\u00e1stupc\u016f nebo zprost\u0159edkovatel\u016f, je v\u00fd\u0161e odpov\u011bdnosti omezena na \u0161kodu p\u0159edv\u00eddatelnou v dob\u011b uzav\u0159en\u00ed smlouvy, jej\u00ed\u017e vznik je t\u0159eba obvykle o\u010dek\u00e1vat.<\/p>\n\n\n\n<p>Jinak jsou n\u00e1roky na n\u00e1hradu \u0161kody vylou\u010deny.<\/p>\n\n\n\n<p>11. \u0158E\u0160EN\u00cd SPOR\u016e<\/p>\n\n\n\n<p>Evropsk\u00e1 komise poskytuje platformu pro online \u0159e\u0161en\u00ed spor\u016f (OS), kterou najdete zde. Nejsme povinni ani ochotni \u00fa\u010dastnit se \u0159\u00edzen\u00ed o \u0159e\u0161en\u00ed spor\u016f p\u0159ed rozhod\u010d\u00ed komis\u00ed pro spot\u0159ebitele.<\/p>\n\n\n\n<p>12. OCHRANA NEZLETIL\u00ddCH<\/p>\n\n\n\n<p>Pokud va\u0161e objedn\u00e1vka obsahuje zbo\u017e\u00ed, jeho\u017e prodej podl\u00e9h\u00e1 v\u011bkov\u00e9mu omezen\u00ed, pou\u017e\u00edv\u00e1me spolehliv\u00fd postup zahrnuj\u00edc\u00ed kontrolu toto\u017enosti a v\u011bku, abychom se ujistili, \u017ee z\u00e1kazn\u00edk dos\u00e1hl po\u017eadovan\u00e9ho minim\u00e1ln\u00edho v\u011bku. Doru\u010dovatel p\u0159ed\u00e1 zbo\u017e\u00ed a\u017e po proveden\u00ed kontroly v\u011bku a pouze z\u00e1kazn\u00edkovi osobn\u011b.<\/p>\n\n\n\n<p>13. V\u0160EOBECN\u00c9<\/p>\n\n\n\n<p>Vzhled v\u00fdrobk\u016f se m\u016f\u017ee li\u0161it od vyobrazen\u00fdch fotografi\u00ed.&nbsp;<\/p>\n\n\n\n<p>14. Z\u00c1V\u011aRE\u010cN\u00c1 USTANOVEN\u00cd<\/p>\n\n\n\n<p>Pokud jste podnikatel, plat\u00ed n\u011bmeck\u00e9 pr\u00e1vo s vylou\u010den\u00edm \u00damluvy OSN o smlouv\u00e1ch o mezin\u00e1rodn\u00ed koupi zbo\u017e\u00ed.<\/p>","protected":false},"excerpt":{"rendered":"<p>1. GELTUNGSBEREICH F\u00fcr alle Bestellungen \u00fcber unseren Online-Shop durch Verbraucher und Unternehmer gelten die nachfolgenden AGB. Verbraucher ist jede nat\u00fcrliche Person, die ein Rechtsgesch\u00e4ft zu Zwecken abschlie\u00dft, die \u00fcberwiegend weder ihrer gewerblichen noch ihrer selbst\u00e4ndigen beruflichen T\u00e4tigkeit zugerechnet werden k\u00f6nnen. Unternehmer ist eine nat\u00fcrliche oder juristische Person oder eine rechtsf\u00e4hige Personengesellschaft, die bei Abschluss eines [&hellip;]<\/p>\n","protected":false},"author":1,"featured_media":0,"parent":0,"menu_order":0,"comment_status":"closed","ping_status":"closed","template":"","meta":{"_uf_show_specific_survey":0,"_uf_disable_surveys":false,"footnotes":""},"class_list":["post-265","page","type-page","status-publish","hentry"],"aioseo_notices":[],"_links":{"self":[{"href":"https:\/\/mueller-wrh.de\/cs\/wp-json\/wp\/v2\/pages\/265","targetHints":{"allow":["GET"]}}],"collection":[{"href":"https:\/\/mueller-wrh.de\/cs\/wp-json\/wp\/v2\/pages"}],"about":[{"href":"https:\/\/mueller-wrh.de\/cs\/wp-json\/wp\/v2\/types\/page"}],"author":[{"embeddable":true,"href":"https:\/\/mueller-wrh.de\/cs\/wp-json\/wp\/v2\/users\/1"}],"replies":[{"embeddable":true,"href":"https:\/\/mueller-wrh.de\/cs\/wp-json\/wp\/v2\/comments?post=265"}],"version-history":[{"count":1,"href":"https:\/\/mueller-wrh.de\/cs\/wp-json\/wp\/v2\/pages\/265\/revisions"}],"predecessor-version":[{"id":738,"href":"https:\/\/mueller-wrh.de\/cs\/wp-json\/wp\/v2\/pages\/265\/revisions\/738"}],"wp:attachment":[{"href":"https:\/\/mueller-wrh.de\/cs\/wp-json\/wp\/v2\/media?parent=265"}],"curies":[{"name":"wp","href":"https:\/\/api.w.org\/{rel}","templated":true}]}}