{"id":263,"date":"2024-11-16T12:31:43","date_gmt":"2024-11-16T12:31:43","guid":{"rendered":"https:\/\/mueller-wrh.de\/impressum\/"},"modified":"2025-09-05T11:53:03","modified_gmt":"2025-09-05T11:53:03","slug":"impressum","status":"publish","type":"page","link":"https:\/\/mueller-wrh.de\/cs\/impressum\/","title":{"rendered":"Otisk"},"content":{"rendered":"<p>Informace podle \u00a7 5 TMG<\/p>\n<p>M\u00fcller Werkzeugmaschinen Robotik &amp; Handelshaus e.K.<\/p>\n<p>Kancel\u00e1\u0159:<\/p>\n<p>Turmstrasse 1<\/p>\n<p>72351 Geislingen<\/p>\n<p>Lo\u017eisko:<\/p>\n<p>V Hubu 10<\/p>\n<p>76307 Karlovy Vary<\/p>\n<p>DI\u010c: DE194044973<\/p>\n<p>Kontakt:<\/p>\n<p>Telefon: <a href=\"tel:+49 (0) 7428 9188869\">+49 (0) 7428 9188869<\/a><\/p>\n<p>Mobiln\u00ed za\u0159\u00edzen\u00ed: <a href=\"tel:+49 (0) 151 61553657\">+49 (0) 151 61553657<\/a><\/p>\n<p>E-mail: office@mueller-wrh.de<\/p>\n<p>Z\u00e1pis do obchodn\u00edho rejst\u0159\u00edku:<\/p>\n<p>Rejst\u0159\u00edkov\u00fd soud M\u00edstn\u00ed soud Stuttgart<\/p>\n<p>Obchodn\u00ed rejst\u0159\u00edk: HRA 737211<\/p>\n<p>Odpov\u011bdnost za obsah podle \u00a7 55 odst. 2 RStV<\/p>\n<p>Rolf M\u00fcller<\/p>\n<p>Turmstrasse 1<\/p>\n<p>72351 Geislingen<\/p>\n<p>\u0158e\u0161en\u00ed spor\u016f<\/p>\n<p>Evropsk\u00e1 komise poskytuje platformu pro online \u0159e\u0161en\u00ed spor\u016f (OS): https:\/\/ec.europa.eu\/consumers\/odr.<\/p>\n<p>Na\u0161i e-mailovou adresu najdete v pr\u00e1vn\u00edm upozorn\u011bn\u00ed v\u00fd\u0161e.<\/p>\n<p>Nejsme ochotni ani povinni \u00fa\u010dastnit se \u0159\u00edzen\u00ed o \u0159e\u0161en\u00ed spor\u016f p\u0159ed spot\u0159ebitelskou rozhod\u010d\u00ed komis\u00ed.<\/p>\n<p>Odpov\u011bdnost za obsah<\/p>\n<p>Jako poskytovatel slu\u017eeb jsme v souladu s \u00a7 7 odst. 1 TMG (n\u011bmeck\u00fd z\u00e1kon o telem\u00e9di\u00edch) a obecn\u00fdmi pr\u00e1vn\u00edmi p\u0159edpisy odpov\u011bdn\u00ed za vlastn\u00ed obsah t\u011bchto str\u00e1nek. Podle \u00a7\u00a7 8 a\u017e 10 TMG v\u0161ak nejsme jako poskytovatel slu\u017eeb povinni sledovat p\u0159en\u00e1\u0161en\u00e9 nebo ukl\u00e1dan\u00e9 informace t\u0159et\u00edch stran ani vy\u0161et\u0159ovat okolnosti, kter\u00e9 nazna\u010duj\u00ed nez\u00e1konnou \u010dinnost.<\/p>\n<p>Povinnosti odstranit nebo zablokovat pou\u017e\u00edv\u00e1n\u00ed informac\u00ed v souladu s obecn\u00fdmi pr\u00e1vn\u00edmi p\u0159edpisy t\u00edm nejsou dot\u010deny. Odpov\u011bdnost v tomto ohledu je v\u0161ak mo\u017en\u00e1 a\u017e od okam\u017eiku, kdy se dozv\u00edme o konkr\u00e9tn\u00edm poru\u0161en\u00ed. Jakmile se o takov\u00e9m poru\u0161en\u00ed dozv\u00edme, okam\u017eit\u011b tento obsah odstran\u00edme.<\/p>\n<p>Odpov\u011bdnost za odkazy<\/p>\n<p>Na\u0161e webov\u00e9 str\u00e1nky obsahuj\u00ed odkazy na extern\u00ed webov\u00e9 str\u00e1nky t\u0159et\u00edch stran, na jejich\u017e obsah nem\u00e1me \u017e\u00e1dn\u00fd vliv. Proto nem\u016f\u017eeme p\u0159evz\u00edt \u017e\u00e1dnou odpov\u011bdnost za tento obsah t\u0159et\u00edch stran. Za obsah odkazovan\u00fdch str\u00e1nek je v\u017edy odpov\u011bdn\u00fd p\u0159\u00edslu\u0161n\u00fd poskytovatel nebo provozovatel str\u00e1nek. Odkazovan\u00e9 str\u00e1nky byly v dob\u011b odkazov\u00e1n\u00ed zkontrolov\u00e1ny z hlediska mo\u017en\u00e9ho poru\u0161en\u00ed pr\u00e1vn\u00edch p\u0159edpis\u016f. Nez\u00e1konn\u00fd obsah nebyl v dob\u011b odkazov\u00e1n\u00ed rozpozn\u00e1n.<\/p>\n<p>Trval\u00e9 sledov\u00e1n\u00ed obsahu odkazovan\u00fdch str\u00e1nek v\u0161ak nen\u00ed rozumn\u00e9 bez konkr\u00e9tn\u00edch d\u016fkaz\u016f o protipr\u00e1vn\u00edm jedn\u00e1n\u00ed. Pokud se dozv\u00edme o jak\u00e9mkoli poru\u0161en\u00ed pr\u00e1vn\u00edch p\u0159edpis\u016f, okam\u017eit\u011b takov\u00e9 odkazy odstran\u00edme.<\/p>\n<p>Autorsk\u00e1 pr\u00e1va<\/p>\n<p>Obsah a d\u00edla vytvo\u0159en\u00e1 provozovateli str\u00e1nek na t\u011bchto str\u00e1nk\u00e1ch podl\u00e9haj\u00ed n\u011bmeck\u00e9mu autorsk\u00e9mu pr\u00e1vu. Kop\u00edrov\u00e1n\u00ed, zpracov\u00e1n\u00ed, \u0161\u00ed\u0159en\u00ed a jak\u00fdkoli zp\u016fsob vyu\u017eit\u00ed nad r\u00e1mec autorsk\u00e9ho pr\u00e1va vy\u017eaduje p\u00edsemn\u00fd souhlas p\u0159\u00edslu\u0161n\u00e9ho autora nebo tv\u016frce. Stahov\u00e1n\u00ed a kop\u00edrov\u00e1n\u00ed t\u011bchto str\u00e1nek je povoleno pouze pro soukrom\u00e9, nekomer\u010dn\u00ed pou\u017eit\u00ed.<\/p>\n<p>Pokud obsah t\u011bchto str\u00e1nek nebyl vytvo\u0159en provozovatelem, jsou respektov\u00e1na autorsk\u00e1 pr\u00e1va t\u0159et\u00edch stran. Zejm\u00e9na obsah t\u0159et\u00edch stran je takto ozna\u010den. Pokud se p\u0159esto dozv\u00edte o poru\u0161en\u00ed autorsk\u00fdch pr\u00e1v, informujte n\u00e1s o tom. Pokud se o poru\u0161en\u00ed autorsk\u00fdch pr\u00e1v dozv\u00edme, neprodlen\u011b takov\u00fd obsah odstran\u00edme.<\/p>","protected":false},"excerpt":{"rendered":"<p>Angaben gem\u00e4\u00df \u00a7 5 TMG M\u00fcller Werkzeugmaschinen Robotik &amp; Handelshaus e.K. Office: Turmstra\u00dfe 1 72351 Geislingen Lager: Auf der Hub 10 76307 Karlsbad Ust.-Id-Nr.: DE194044973 Kontakt: Telefon: +49 (0) 7428 9188869 Mobilt.: +49 (0) 151 61553657 E-Mail: office@mueller-wrh.de Handelsregistereintrag: Registergericht Amtsgericht Stuttgart Handelsregister: HRA 737211 Verantwortlich f\u00fcr den Inhalt nach \u00a7 55 Abs. 2 RStV [&hellip;]<\/p>\n","protected":false},"author":1,"featured_media":0,"parent":0,"menu_order":0,"comment_status":"closed","ping_status":"closed","template":"","meta":{"_uf_show_specific_survey":0,"_uf_disable_surveys":false,"footnotes":""},"class_list":["post-263","page","type-page","status-publish","hentry"],"aioseo_notices":[],"_links":{"self":[{"href":"https:\/\/mueller-wrh.de\/cs\/wp-json\/wp\/v2\/pages\/263","targetHints":{"allow":["GET"]}}],"collection":[{"href":"https:\/\/mueller-wrh.de\/cs\/wp-json\/wp\/v2\/pages"}],"about":[{"href":"https:\/\/mueller-wrh.de\/cs\/wp-json\/wp\/v2\/types\/page"}],"author":[{"embeddable":true,"href":"https:\/\/mueller-wrh.de\/cs\/wp-json\/wp\/v2\/users\/1"}],"replies":[{"embeddable":true,"href":"https:\/\/mueller-wrh.de\/cs\/wp-json\/wp\/v2\/comments?post=263"}],"version-history":[{"count":3,"href":"https:\/\/mueller-wrh.de\/cs\/wp-json\/wp\/v2\/pages\/263\/revisions"}],"predecessor-version":[{"id":3923,"href":"https:\/\/mueller-wrh.de\/cs\/wp-json\/wp\/v2\/pages\/263\/revisions\/3923"}],"wp:attachment":[{"href":"https:\/\/mueller-wrh.de\/cs\/wp-json\/wp\/v2\/media?parent=263"}],"curies":[{"name":"wp","href":"https:\/\/api.w.org\/{rel}","templated":true}]}}